{"id":2142,"date":"2017-03-29T12:29:49","date_gmt":"2017-03-29T10:29:49","guid":{"rendered":"http:\/\/www.paramente.net\/produkt\/mainzer-dom-ornat-2002\/"},"modified":"2017-07-20T10:14:22","modified_gmt":"2017-07-20T08:14:22","slug":"mainzer-dom-ornat-2002","status":"publish","type":"product","link":"https:\/\/www.paramente.net\/nl\/product\/mainzer-dom-ornat-2002\/","title":{"rendered":"Regalia van de kathedraal van Mainz 2002"},"content":{"rendered":"<p>Misgewaden voor de kathedraal van Mainz gebaseerd op ontwerpen van Claus Kilian en Raphael Seitz<\/p>\n<p>Volgens de wens van de oprichter moeten deze gewaden zeer discreet een stukje Mainz-geschiedenis of de kerkgeschiedenis van Mainz vertegenwoordigen en gebeurtenissen die even belangrijk waren en zijn voor Mainz, de geschiedenis van de stad en de kerk.<\/p>\n<p><span style=\"color: #b80404;\"><strong>Rood, de kleur van bloed! <\/strong><\/span>Deze gewaden staan voor Mainz, die christen wordt; de Mainz van de martelaarskerk van de eerste eeuwen, in de Romeinse en Frankische tijd. St. Stephan, eerste martelaar van het christendom en tweede beschermheer van de kathedraal, die St. Alban (overleden rond 406) en St. Bonifatius (overleden 754), aartsbisschop in Mainz en &quot;Apostel van de Duitsers &amp; #8220;, afgebeeld.<\/p>\n<p><span style=\"color: #856b05;\">Wit (goud), de kleur van vreugde!<\/span> Deze gewaden staan voor de \u201cGolden Mainz &amp; #8220; (aurea moguntia). Ze laten St. Martinus von Tours (overleden 397), patroonheilige van de kathedraal en het bisdom Mainz, aartsbisschop Hrabanus Maurus (overleden 856), de &quot;leraar van Duitsland &amp; #8220;&quot;, en aartsbisschop Willigis (overleden 1011), de bouwer van de kathedraal<\/p>\n<p><span style=\"color: #044f02;\">Groen, de kleur van hoop!<\/span> Deze gewaden staan voor de hoopvolle, nieuw bloeiende Mainz. Significante cijfers in de kerkgeschiedenis van Mainze &amp; #8211; de abdis Hildegard von Bingen (overleden 1179), de jezu\u00efet Petrus Canisius (overleden 1597) en bisschop Emmanuel Freiherr von Ketteler (overleden 1877) &amp; #8211; zijn getoond.<\/p>\n<p><span style=\"color: #660636;\">Violet, de kleur van berouw en verdriet!<\/span> Deze gewaden staan voor de rouwende, de boetvaardige, de hoopvolle, de nieuw opkomende Mainz. De paastijd van boete (vasten) wordt volledig gevormd door deze kleur: door bekering (bekering) en door doop (doopherinnering) zou de mens nieuw moeten worden.<br \/>\nViolet en zwart zijn ook de kleuren van rouw; ze worden gebruikt in de liturgie voor de overledene (begrafenis \/ requiem) en op Allerzielen, de herdenkingsdag van alle overledenen (2 november). Tegen deze achtergrond zijn de paarse gewaden van de regalia van de kathedraal van Mainz te zien. \u201cHerdenking is het begin van redding &amp; #8220; zegt een Joods spreekwoord, en deze gewaden willen in herinnering brengen: gebeurtenissen en mensen die veel inwoners van Mainz zich nog herinneren omdat ze deze keer zelf hebben meegemaakt! De herinnering houdt het verlangen naar vrede wakker en wekt de bereidheid tot bekering.<br \/>\nDe gewaden tonen de zalig verklaarde paus Johannes XXIII, de karmeliet die zich bekeerde van het jodendom tot het katholicisme en Edith Stein (zr. Theresia Benedicta van het kruis) vermoord in 1942 in de gaskamer van Birkenau &amp; #8211; en een vrouw &quot;zonder naam &amp; #8220;.<br \/>\nEen extra individueel kledingstuk herdenkt de vernietiging van Mainz in de Tweede Wereldoorlog op 27 februari 1945.<\/p>\n<p>&nbsp;<\/p>\n<p>&nbsp;<\/p>","protected":false},"excerpt":{"rendered":"<p>Messgew\u00e4nder f\u00fcr den Mainzer Dom nach Entw\u00fcrfen von Claus Kilian und Raphael Seitz Dem Wunsch des Stifters entsprechend sollten diese Gew\u00e4nder sehr dezent ein St\u00fcck Mainzer Geschichte bzw. Mainzer Kirchengeschichte darstellen Ziel war es den Gew\u00e4ndern in ihrer liturgischen Farbgebung (wei\u00df, gr\u00fcn, rot, violett) Menschen und Ereignisse einer fast 2000-j\u00e4hrigen wechselhaften Geschichte zuzuordnen: Menschen und&hellip;<\/p>","protected":false},"featured_media":2200,"comment_status":"closed","ping_status":"closed","template":"","meta":[],"product_brand":[],"product_cat":[639],"product_tag":[738,418,723,605,729,606,621,101,679,612,609,608,674,95,815,99,795,607,100,151,610,675,794,793,98,816,673,96,604],"class_list":{"0":"post-2142","1":"product","2":"type-product","3":"status-publish","4":"has-post-thumbnail","6":"product_cat-ornate","7":"product_tag-chormantel","8":"product_tag-claus-kilian","9":"product_tag-dalmatik","10":"product_tag-festgewand","11":"product_tag-festornat","12":"product_tag-gewand","13":"product_tag-gewebt","14":"product_tag-handgewebt","15":"product_tag-handgewebte-seide","16":"product_tag-handstickerei","17":"product_tag-handwebstoff","18":"product_tag-hauptgewand","19":"product_tag-japangold","20":"product_tag-kasel","21":"product_tag-mainz","22":"product_tag-messgewand","23":"product_tag-mitra","24":"product_tag-ornat","25":"product_tag-priestergewand","26":"product_tag-raphael-seitz","27":"product_tag-reine-seide","28":"product_tag-reinseidenfutter","29":"product_tag-segennsvelum","30":"product_tag-segensvelum","31":"product_tag-seide","32":"product_tag-stephan","33":"product_tag-twist","34":"product_tag-weiss","35":"product_tag-weisse-kasel","36":"entry","37":"has-media","39":"first","40":"instock","41":"taxable","42":"shipping-taxable","43":"purchasable","44":"product-type-simple"},"yoast_head":"<!-- This site is optimized with the Yoast SEO plugin v27.4 - https:\/\/yoast.com\/product\/yoast-seo-wordpress\/ -->\n<title>Mainzer Dom-Ornat 2002 - Clemens Jansen &amp; Co<\/title>\n<meta name=\"robots\" content=\"index, follow, max-snippet:-1, max-image-preview:large, max-video-preview:-1\" \/>\n<link rel=\"canonical\" href=\"https:\/\/www.paramente.net\/nl\/product\/mainzer-dom-ornat-2002\/\" \/>\n<meta property=\"og:locale\" content=\"nl_NL\" \/>\n<meta property=\"og:type\" content=\"article\" \/>\n<meta property=\"og:title\" content=\"Mainzer Dom-Ornat 2002 - Clemens Jansen &amp; Co\" \/>\n<meta property=\"og:description\" content=\"Messgew\u00e4nder f\u00fcr den Mainzer Dom nach Entw\u00fcrfen von Claus Kilian und Raphael Seitz Dem Wunsch des Stifters entsprechend sollten diese Gew\u00e4nder sehr dezent ein St\u00fcck Mainzer Geschichte bzw. Mainzer Kirchengeschichte darstellen Ziel war es den Gew\u00e4ndern in ihrer liturgischen Farbgebung (wei\u00df, gr\u00fcn, rot, violett) Menschen und Ereignisse einer fast 2000-j\u00e4hrigen wechselhaften Geschichte zuzuordnen: Menschen und&hellip;\" \/>\n<meta property=\"og:url\" content=\"https:\/\/www.paramente.net\/nl\/product\/mainzer-dom-ornat-2002\/\" \/>\n<meta property=\"og:site_name\" content=\"Clemens Jansen &amp; Co\" \/>\n<meta property=\"article:modified_time\" content=\"2017-07-20T08:14:22+00:00\" \/>\n<meta property=\"og:image\" content=\"https:\/\/www.paramente.net\/wp-content\/uploads\/2017\/03\/Stephanus-1.jpg\" \/>\n\t<meta property=\"og:image:width\" content=\"450\" \/>\n\t<meta property=\"og:image:height\" content=\"700\" \/>\n\t<meta property=\"og:image:type\" content=\"image\/jpeg\" \/>\n<meta name=\"twitter:card\" content=\"summary_large_image\" \/>\n<meta name=\"twitter:label1\" content=\"Verwachte leestijd\" \/>\n\t<meta name=\"twitter:data1\" content=\"2 minuten\" \/>\n<script type=\"application\/ld+json\" class=\"yoast-schema-graph\">{\"@context\":\"https:\\\/\\\/schema.org\",\"@graph\":[{\"@type\":\"WebPage\",\"@id\":\"https:\\\/\\\/www.paramente.net\\\/produkt\\\/mainzer-dom-ornat-2002\\\/\",\"url\":\"https:\\\/\\\/www.paramente.net\\\/produkt\\\/mainzer-dom-ornat-2002\\\/\",\"name\":\"Mainzer Dom-Ornat 2002 - Clemens Jansen &amp; Co\",\"isPartOf\":{\"@id\":\"https:\\\/\\\/www.paramente.net\\\/#website\"},\"primaryImageOfPage\":{\"@id\":\"https:\\\/\\\/www.paramente.net\\\/produkt\\\/mainzer-dom-ornat-2002\\\/#primaryimage\"},\"image\":{\"@id\":\"https:\\\/\\\/www.paramente.net\\\/produkt\\\/mainzer-dom-ornat-2002\\\/#primaryimage\"},\"thumbnailUrl\":\"https:\\\/\\\/www.paramente.net\\\/wp-content\\\/uploads\\\/2017\\\/03\\\/Stephanus-1.jpg\",\"datePublished\":\"2017-03-29T10:29:49+00:00\",\"dateModified\":\"2017-07-20T08:14:22+00:00\",\"breadcrumb\":{\"@id\":\"https:\\\/\\\/www.paramente.net\\\/produkt\\\/mainzer-dom-ornat-2002\\\/#breadcrumb\"},\"inLanguage\":\"nl-NL\",\"potentialAction\":[{\"@type\":\"ReadAction\",\"target\":[\"https:\\\/\\\/www.paramente.net\\\/produkt\\\/mainzer-dom-ornat-2002\\\/\"]}]},{\"@type\":\"ImageObject\",\"inLanguage\":\"nl-NL\",\"@id\":\"https:\\\/\\\/www.paramente.net\\\/produkt\\\/mainzer-dom-ornat-2002\\\/#primaryimage\",\"url\":\"https:\\\/\\\/www.paramente.net\\\/wp-content\\\/uploads\\\/2017\\\/03\\\/Stephanus-1.jpg\",\"contentUrl\":\"https:\\\/\\\/www.paramente.net\\\/wp-content\\\/uploads\\\/2017\\\/03\\\/Stephanus-1.jpg\",\"width\":450,\"height\":700},{\"@type\":\"BreadcrumbList\",\"@id\":\"https:\\\/\\\/www.paramente.net\\\/produkt\\\/mainzer-dom-ornat-2002\\\/#breadcrumb\",\"itemListElement\":[{\"@type\":\"ListItem\",\"position\":1,\"name\":\"Startseite\",\"item\":\"https:\\\/\\\/www.paramente.net\\\/\"},{\"@type\":\"ListItem\",\"position\":2,\"name\":\"Katalog\",\"item\":\"https:\\\/\\\/www.paramente.net\\\/katalog\\\/\"},{\"@type\":\"ListItem\",\"position\":3,\"name\":\"Mainzer Dom-Ornat 2002\"}]},{\"@type\":\"WebSite\",\"@id\":\"https:\\\/\\\/www.paramente.net\\\/#website\",\"url\":\"https:\\\/\\\/www.paramente.net\\\/\",\"name\":\"Clemens Jansen & Co\",\"description\":\"Hersteller und Lieferant f\u00fcr individuellen Kirchenbedarf\",\"publisher\":{\"@id\":\"https:\\\/\\\/www.paramente.net\\\/#organization\"},\"potentialAction\":[{\"@type\":\"SearchAction\",\"target\":{\"@type\":\"EntryPoint\",\"urlTemplate\":\"https:\\\/\\\/www.paramente.net\\\/?s={search_term_string}\"},\"query-input\":{\"@type\":\"PropertyValueSpecification\",\"valueRequired\":true,\"valueName\":\"search_term_string\"}}],\"inLanguage\":\"nl-NL\"},{\"@type\":\"Organization\",\"@id\":\"https:\\\/\\\/www.paramente.net\\\/#organization\",\"name\":\"Clemens Jansen & Co\",\"url\":\"https:\\\/\\\/www.paramente.net\\\/\",\"logo\":{\"@type\":\"ImageObject\",\"inLanguage\":\"nl-NL\",\"@id\":\"https:\\\/\\\/www.paramente.net\\\/#\\\/schema\\\/logo\\\/image\\\/\",\"url\":\"https:\\\/\\\/www.paramente.net\\\/wp-content\\\/uploads\\\/2016\\\/11\\\/paramente-logo.png\",\"contentUrl\":\"https:\\\/\\\/www.paramente.net\\\/wp-content\\\/uploads\\\/2016\\\/11\\\/paramente-logo.png\",\"width\":162,\"height\":162,\"caption\":\"Clemens Jansen & Co\"},\"image\":{\"@id\":\"https:\\\/\\\/www.paramente.net\\\/#\\\/schema\\\/logo\\\/image\\\/\"}}]}<\/script>\n<!-- \/ Yoast SEO plugin. -->","yoast_head_json":{"title":"Kathedraal van Mainz Regalia 2002 - Clemens Jansen &amp; Co","robots":{"index":"index","follow":"follow","max-snippet":"max-snippet:-1","max-image-preview":"max-image-preview:large","max-video-preview":"max-video-preview:-1"},"canonical":"https:\/\/www.paramente.net\/nl\/product\/mainzer-dom-ornat-2002\/","og_locale":"nl_NL","og_type":"article","og_title":"Mainzer Dom-Ornat 2002 - Clemens Jansen &amp; Co","og_description":"Messgew\u00e4nder f\u00fcr den Mainzer Dom nach Entw\u00fcrfen von Claus Kilian und Raphael Seitz Dem Wunsch des Stifters entsprechend sollten diese Gew\u00e4nder sehr dezent ein St\u00fcck Mainzer Geschichte bzw. Mainzer Kirchengeschichte darstellen Ziel war es den Gew\u00e4ndern in ihrer liturgischen Farbgebung (wei\u00df, gr\u00fcn, rot, violett) Menschen und Ereignisse einer fast 2000-j\u00e4hrigen wechselhaften Geschichte zuzuordnen: Menschen und&hellip;","og_url":"https:\/\/www.paramente.net\/nl\/product\/mainzer-dom-ornat-2002\/","og_site_name":"Clemens Jansen &amp; Co","article_modified_time":"2017-07-20T08:14:22+00:00","og_image":[{"width":450,"height":700,"url":"https:\/\/www.paramente.net\/wp-content\/uploads\/2017\/03\/Stephanus-1.jpg","type":"image\/jpeg"}],"twitter_card":"summary_large_image","twitter_misc":{"Verwachte leestijd":"2 minuten"},"schema":{"@context":"https:\/\/schema.org","@graph":[{"@type":"WebPage","@id":"https:\/\/www.paramente.net\/produkt\/mainzer-dom-ornat-2002\/","url":"https:\/\/www.paramente.net\/produkt\/mainzer-dom-ornat-2002\/","name":"Kathedraal van Mainz Regalia 2002 - Clemens Jansen &amp; Co","isPartOf":{"@id":"https:\/\/www.paramente.net\/#website"},"primaryImageOfPage":{"@id":"https:\/\/www.paramente.net\/produkt\/mainzer-dom-ornat-2002\/#primaryimage"},"image":{"@id":"https:\/\/www.paramente.net\/produkt\/mainzer-dom-ornat-2002\/#primaryimage"},"thumbnailUrl":"https:\/\/www.paramente.net\/wp-content\/uploads\/2017\/03\/Stephanus-1.jpg","datePublished":"2017-03-29T10:29:49+00:00","dateModified":"2017-07-20T08:14:22+00:00","breadcrumb":{"@id":"https:\/\/www.paramente.net\/produkt\/mainzer-dom-ornat-2002\/#breadcrumb"},"inLanguage":"nl-NL","potentialAction":[{"@type":"ReadAction","target":["https:\/\/www.paramente.net\/produkt\/mainzer-dom-ornat-2002\/"]}]},{"@type":"ImageObject","inLanguage":"nl-NL","@id":"https:\/\/www.paramente.net\/produkt\/mainzer-dom-ornat-2002\/#primaryimage","url":"https:\/\/www.paramente.net\/wp-content\/uploads\/2017\/03\/Stephanus-1.jpg","contentUrl":"https:\/\/www.paramente.net\/wp-content\/uploads\/2017\/03\/Stephanus-1.jpg","width":450,"height":700},{"@type":"BreadcrumbList","@id":"https:\/\/www.paramente.net\/produkt\/mainzer-dom-ornat-2002\/#breadcrumb","itemListElement":[{"@type":"ListItem","position":1,"name":"Startseite","item":"https:\/\/www.paramente.net\/"},{"@type":"ListItem","position":2,"name":"Katalog","item":"https:\/\/www.paramente.net\/katalog\/"},{"@type":"ListItem","position":3,"name":"Mainzer Dom-Ornat 2002"}]},{"@type":"WebSite","@id":"https:\/\/www.paramente.net\/#website","url":"https:\/\/www.paramente.net\/","name":"Clemens Jansen &amp; Co","description":"Fabrikant en leverancier voor individuele kerkbehoeften","publisher":{"@id":"https:\/\/www.paramente.net\/#organization"},"potentialAction":[{"@type":"SearchAction","target":{"@type":"EntryPoint","urlTemplate":"https:\/\/www.paramente.net\/?s={search_term_string}"},"query-input":{"@type":"PropertyValueSpecification","valueRequired":true,"valueName":"search_term_string"}}],"inLanguage":"nl-NL"},{"@type":"Organization","@id":"https:\/\/www.paramente.net\/#organization","name":"Clemens Jansen &amp; Co","url":"https:\/\/www.paramente.net\/","logo":{"@type":"ImageObject","inLanguage":"nl-NL","@id":"https:\/\/www.paramente.net\/#\/schema\/logo\/image\/","url":"https:\/\/www.paramente.net\/wp-content\/uploads\/2016\/11\/paramente-logo.png","contentUrl":"https:\/\/www.paramente.net\/wp-content\/uploads\/2016\/11\/paramente-logo.png","width":162,"height":162,"caption":"Clemens Jansen & Co"},"image":{"@id":"https:\/\/www.paramente.net\/#\/schema\/logo\/image\/"}}]}},"_links":{"self":[{"href":"https:\/\/www.paramente.net\/nl\/wp-json\/wp\/v2\/product\/2142","targetHints":{"allow":["GET"]}}],"collection":[{"href":"https:\/\/www.paramente.net\/nl\/wp-json\/wp\/v2\/product"}],"about":[{"href":"https:\/\/www.paramente.net\/nl\/wp-json\/wp\/v2\/types\/product"}],"replies":[{"embeddable":true,"href":"https:\/\/www.paramente.net\/nl\/wp-json\/wp\/v2\/comments?post=2142"}],"wp:featuredmedia":[{"embeddable":true,"href":"https:\/\/www.paramente.net\/nl\/wp-json\/wp\/v2\/media\/2200"}],"wp:attachment":[{"href":"https:\/\/www.paramente.net\/nl\/wp-json\/wp\/v2\/media?parent=2142"}],"wp:term":[{"taxonomy":"product_brand","embeddable":true,"href":"https:\/\/www.paramente.net\/nl\/wp-json\/wp\/v2\/product_brand?post=2142"},{"taxonomy":"product_cat","embeddable":true,"href":"https:\/\/www.paramente.net\/nl\/wp-json\/wp\/v2\/product_cat?post=2142"},{"taxonomy":"product_tag","embeddable":true,"href":"https:\/\/www.paramente.net\/nl\/wp-json\/wp\/v2\/product_tag?post=2142"}],"curies":[{"name":"wp","href":"https:\/\/api.w.org\/{rel}","templated":true}]}}