{"id":3622,"date":"2020-12-20T12:09:44","date_gmt":"2020-12-20T10:09:44","guid":{"rendered":"https:\/\/www.paramente.net\/?page_id=3622"},"modified":"2023-04-24T09:28:12","modified_gmt":"2023-04-24T07:28:12","slug":"bistumsornat-erzbistum-hamburg","status":"publish","type":"page","link":"https:\/\/www.paramente.net\/nl\/bistumsornat-erzbistum-hamburg\/","title":{"rendered":"Bisdom gewaad van het aartsbisdom Hamburg"},"content":{"rendered":"<div class=\"wpb-content-wrapper\"><div class=\"vc_row wpb_row vc_row-fluid\"><div class=\"wpb_column vc_column_container vc_col-sm-12\"><div class=\"vc_column-inner\"><div class=\"wpb_wrapper\">\n\t<div class=\"wpb_text_column wpb_content_element\" >\n\t\t<div class=\"wpb_wrapper\">\n\t\t\t<h2>Bisdom kleed<\/h2>\n<h2>Uniforme kazuifels en dalmatieken voor alle priesters en diakens van het aartsbisdom Hamburg<\/h2>\n\n\t\t<\/div>\n\t<\/div>\n<\/div><\/div><\/div><\/div><div class=\"vc_row wpb_row vc_row-fluid\"><div class=\"wpb_column vc_column_container vc_col-sm-6\"><div class=\"vc_column-inner\"><div class=\"wpb_wrapper\">\n\t<div  class=\"wpb_single_image wpb_content_element vc_align_ wpb_content_element\">\n\t\t\n\t\t<figure class=\"wpb_wrapper vc_figure\">\n\t\t\t<div class=\"vc_single_image-wrapper   vc_box_border_grey\"><img loading=\"lazy\" decoding=\"async\" width=\"450\" height=\"700\" src=\"https:\/\/www.paramente.net\/wp-content\/uploads\/2020\/12\/Kasel-ohne-Futter-2.jpg\" class=\"vc_single_image-img attachment-full\" alt=\"\" title=\"Kazuifel zonder voering (2)\" srcset=\"https:\/\/www.paramente.net\/wp-content\/uploads\/2020\/12\/Kasel-ohne-Futter-2.jpg 450w, https:\/\/www.paramente.net\/wp-content\/uploads\/2020\/12\/Kasel-ohne-Futter-2-193x300.jpg 193w, https:\/\/www.paramente.net\/wp-content\/uploads\/2020\/12\/Kasel-ohne-Futter-2-8x12.jpg 8w, https:\/\/www.paramente.net\/wp-content\/uploads\/2020\/12\/Kasel-ohne-Futter-2-300x467.jpg 300w\" sizes=\"auto, (max-width: 450px) 100vw, 450px\" \/><\/div>\n\t\t<\/figure>\n\t<\/div>\n<\/div><\/div><\/div><div class=\"wpb_column vc_column_container vc_col-sm-6\"><div class=\"vc_column-inner\"><div class=\"wpb_wrapper\">\n\t<div class=\"wpb_text_column wpb_content_element\" >\n\t\t<div class=\"wpb_wrapper\">\n\t\t\t<p><span style=\"font-size: 16px;\">Het dioceesgewaad voor het aartsbisdom Hamburg vormt de basis voor een uniforme concelebratie in het hele bisdom. De hele pastorie en alle diakenen moeten in staat worden gesteld om de Heilige Mis te vieren met uniforme kazuifels en dalmatieken op parochie-, parochie-, regionaal of bisdomsniveau. Dankzij de gedecentraliseerde opslag van elk individu wordt beschikbaarheid op alle niveaus bereikt.<\/span><\/p>\n<p><span style=\"font-size: 16px;\">Tenzij er een feestelijke gelegenheid is, draagt de hoofdvierder de kazuifel in de kleur van de dag. Het is voor de concelebranten mogelijk om het bisdomskleed op elk moment te dragen. Het dioceesgewaad maakt de liturgisch gestandaardiseerde concelebratie mogelijk. Het uniforme kledingstuk maakt concelebratie een nog beter uiterlijk teken van de eenheid van het priesterschap en de kerk.<\/span><\/p>\n\n\t\t<\/div>\n\t<\/div>\n\n\t<div class=\"wpb_text_column wpb_content_element\" >\n\t\t<div class=\"wpb_wrapper\">\n\t\t\t<p>De paraments zijn gemaakt van een wasbare en kreukherstellende mix van Trevira \/ wol. Het ontwerp is gerealiseerd in een textielprint en als centrale balk op het basismateriaal aangebracht.<\/p>\n\n\t\t<\/div>\n\t<\/div>\n<\/div><\/div><\/div><\/div><div class=\"vc_row wpb_row vc_row-fluid\"><div class=\"wpb_column vc_column_container vc_col-sm-6\"><div class=\"vc_column-inner\"><div class=\"wpb_wrapper\">\n\t<div class=\"wpb_text_column wpb_content_element\" >\n\t\t<div class=\"wpb_wrapper\">\n\t\t\t<p><span style=\"font-size: 16px;\">Het ontwerp werd gerealiseerd door onze kunstenaar Marcel Schulthei\u00df MA in een uitgebreide digitaal herziene handgetekende schets.<\/span><\/p>\n<p><span style=\"font-size: 16px;\">Op de voorkant van de mantel bevindt zich een bewerking van het kruis door de beeldhouwer Max Faller (1927-2012), dat bij de oprichting werd geschonken aan het aartsbisdom Hamburg en dat regelmatig wordt gedragen om in en uit te trekken bij de plechtige pauselijke diensten in de Mariakathedraal. Op de achterkant is St. Ansgar met de huidige St. Mary&#039;s Cathedral.<\/span><\/p>\n\n\t\t<\/div>\n\t<\/div>\n<div class=\"vc_row wpb_row vc_inner vc_row-fluid\"><div class=\"wpb_column vc_column_container vc_col-sm-6\"><div class=\"vc_column-inner\"><div class=\"wpb_wrapper\">\n\t<div  class=\"wpb_single_image wpb_content_element vc_align_ wpb_content_element\">\n\t\t\n\t\t<figure class=\"wpb_wrapper vc_figure\">\n\t\t\t<div class=\"vc_single_image-wrapper   vc_box_border_grey\"><img loading=\"lazy\" decoding=\"async\" width=\"450\" height=\"700\" src=\"https:\/\/www.paramente.net\/wp-content\/uploads\/2020\/12\/Details-1.jpg\" class=\"vc_single_image-img attachment-full\" alt=\"\" title=\"Gegevens (1)\" srcset=\"https:\/\/www.paramente.net\/wp-content\/uploads\/2020\/12\/Details-1.jpg 450w, https:\/\/www.paramente.net\/wp-content\/uploads\/2020\/12\/Details-1-193x300.jpg 193w, https:\/\/www.paramente.net\/wp-content\/uploads\/2020\/12\/Details-1-8x12.jpg 8w, https:\/\/www.paramente.net\/wp-content\/uploads\/2020\/12\/Details-1-300x467.jpg 300w\" sizes=\"auto, (max-width: 450px) 100vw, 450px\" \/><\/div>\n\t\t<\/figure>\n\t<\/div>\n<\/div><\/div><\/div><div class=\"wpb_column vc_column_container vc_col-sm-6\"><div class=\"vc_column-inner\"><div class=\"wpb_wrapper\">\n\t<div  class=\"wpb_single_image wpb_content_element vc_align_ wpb_content_element\">\n\t\t\n\t\t<figure class=\"wpb_wrapper vc_figure\">\n\t\t\t<div class=\"vc_single_image-wrapper   vc_box_border_grey\"><img loading=\"lazy\" decoding=\"async\" width=\"450\" height=\"700\" src=\"https:\/\/www.paramente.net\/wp-content\/uploads\/2020\/12\/Details-2.jpg\" class=\"vc_single_image-img attachment-full\" alt=\"\" title=\"Gegevens (2)\" srcset=\"https:\/\/www.paramente.net\/wp-content\/uploads\/2020\/12\/Details-2.jpg 450w, https:\/\/www.paramente.net\/wp-content\/uploads\/2020\/12\/Details-2-193x300.jpg 193w, https:\/\/www.paramente.net\/wp-content\/uploads\/2020\/12\/Details-2-8x12.jpg 8w, https:\/\/www.paramente.net\/wp-content\/uploads\/2020\/12\/Details-2-300x467.jpg 300w\" sizes=\"auto, (max-width: 450px) 100vw, 450px\" \/><\/div>\n\t\t<\/figure>\n\t<\/div>\n<\/div><\/div><\/div><\/div><\/div><\/div><\/div><div class=\"wpb_column vc_column_container vc_col-sm-6\"><div class=\"vc_column-inner\"><div class=\"wpb_wrapper\">\n\t<div  class=\"wpb_single_image wpb_content_element vc_align_ wpb_content_element\">\n\t\t\n\t\t<figure class=\"wpb_wrapper vc_figure\">\n\t\t\t<div class=\"vc_single_image-wrapper   vc_box_border_grey\"><img loading=\"lazy\" decoding=\"async\" width=\"450\" height=\"700\" src=\"https:\/\/www.paramente.net\/wp-content\/uploads\/2020\/12\/Kasel-ohne-Futter-1.jpg\" class=\"vc_single_image-img attachment-full\" alt=\"\" title=\"Kazuifel zonder voering (1)\" srcset=\"https:\/\/www.paramente.net\/wp-content\/uploads\/2020\/12\/Kasel-ohne-Futter-1.jpg 450w, https:\/\/www.paramente.net\/wp-content\/uploads\/2020\/12\/Kasel-ohne-Futter-1-193x300.jpg 193w, https:\/\/www.paramente.net\/wp-content\/uploads\/2020\/12\/Kasel-ohne-Futter-1-8x12.jpg 8w, https:\/\/www.paramente.net\/wp-content\/uploads\/2020\/12\/Kasel-ohne-Futter-1-300x467.jpg 300w\" sizes=\"auto, (max-width: 450px) 100vw, 450px\" \/><\/div>\n\t\t<\/figure>\n\t<\/div>\n<\/div><\/div><\/div><\/div><div class=\"vc_row wpb_row vc_row-fluid\"><div class=\"wpb_column vc_column_container vc_col-sm-6\"><div class=\"vc_column-inner\"><div class=\"wpb_wrapper\">\n\t<div  class=\"wpb_single_image wpb_content_element vc_align_ wpb_content_element\">\n\t\t\n\t\t<figure class=\"wpb_wrapper vc_figure\">\n\t\t\t<div class=\"vc_single_image-wrapper   vc_box_border_grey\"><img loading=\"lazy\" decoding=\"async\" width=\"450\" height=\"700\" src=\"https:\/\/www.paramente.net\/wp-content\/uploads\/2021\/01\/Namensschild-2.jpg\" class=\"vc_single_image-img attachment-full\" alt=\"\" title=\"Naamplaatje (2)\" srcset=\"https:\/\/www.paramente.net\/wp-content\/uploads\/2021\/01\/Namensschild-2.jpg 450w, https:\/\/www.paramente.net\/wp-content\/uploads\/2021\/01\/Namensschild-2-193x300.jpg 193w, https:\/\/www.paramente.net\/wp-content\/uploads\/2021\/01\/Namensschild-2-8x12.jpg 8w, https:\/\/www.paramente.net\/wp-content\/uploads\/2021\/01\/Namensschild-2-300x467.jpg 300w\" sizes=\"auto, (max-width: 450px) 100vw, 450px\" \/><\/div>\n\t\t<\/figure>\n\t<\/div>\n<\/div><\/div><\/div><div class=\"wpb_column vc_column_container vc_col-sm-6\"><div class=\"vc_column-inner\"><div class=\"wpb_wrapper\">\n\t<div class=\"wpb_text_column wpb_content_element\" >\n\t\t<div class=\"wpb_wrapper\">\n\t\t\t<h2>Individualiteit ondanks grote hoeveelheden<\/h2>\n<p><span style=\"font-size: 16px;\">Een van de eerste idee\u00ebn was om elk kledingstuk te voorzien van een naamplaatje voor de drager. Na een eerste afweging met de gebruikelijke geweven labels werd duidelijk dat dit zou eindigen in een verzameling borden die niet erg aansprekend zouden zijn. Zo ontstond het idee om het bord op dezelfde manier te printen als de stokjes. Voor de priesters en diakenen werden individuele tekens gemaakt die de mantel personaliseren.<\/span><\/p>\n<h1><\/h1>\n\n\t\t<\/div>\n\t<\/div>\n<\/div><\/div><\/div><\/div><div class=\"vc_row wpb_row vc_row-fluid\"><div class=\"wpb_column vc_column_container vc_col-sm-12\"><div class=\"vc_column-inner\"><div class=\"wpb_wrapper\">\n\t<div class=\"wpb_text_column wpb_content_element\" >\n\t\t<div class=\"wpb_wrapper\">\n\t\t\t<p><span style=\"font-size: 16px;\">De dalmatieken zijn klassiek ontworpen met clave-strepen. Materiaal en afwerking zijn identiek aan de kazuifel.<\/span><\/p>\n\n\t\t<\/div>\n\t<\/div>\n<\/div><\/div><\/div><\/div><div class=\"vc_row wpb_row vc_row-fluid\"><div class=\"wpb_column vc_column_container vc_col-sm-6\"><div class=\"vc_column-inner\"><div class=\"wpb_wrapper\">\n\t<div  class=\"wpb_single_image wpb_content_element vc_align_ wpb_content_element\">\n\t\t\n\t\t<figure class=\"wpb_wrapper vc_figure\">\n\t\t\t<div class=\"vc_single_image-wrapper   vc_box_border_grey\"><img loading=\"lazy\" decoding=\"async\" width=\"450\" height=\"700\" src=\"https:\/\/www.paramente.net\/wp-content\/uploads\/2020\/12\/Dalmatik-ohne-Futter-1.jpg\" class=\"vc_single_image-img attachment-full\" alt=\"\" title=\"Dalmatik zonder voering (1)\" srcset=\"https:\/\/www.paramente.net\/wp-content\/uploads\/2020\/12\/Dalmatik-ohne-Futter-1.jpg 450w, https:\/\/www.paramente.net\/wp-content\/uploads\/2020\/12\/Dalmatik-ohne-Futter-1-193x300.jpg 193w, https:\/\/www.paramente.net\/wp-content\/uploads\/2020\/12\/Dalmatik-ohne-Futter-1-8x12.jpg 8w, https:\/\/www.paramente.net\/wp-content\/uploads\/2020\/12\/Dalmatik-ohne-Futter-1-300x467.jpg 300w\" sizes=\"auto, (max-width: 450px) 100vw, 450px\" \/><\/div>\n\t\t<\/figure>\n\t<\/div>\n<\/div><\/div><\/div><div class=\"wpb_column vc_column_container vc_col-sm-6\"><div class=\"vc_column-inner\"><div class=\"wpb_wrapper\">\n\t<div  class=\"wpb_single_image wpb_content_element vc_align_ wpb_content_element\">\n\t\t\n\t\t<figure class=\"wpb_wrapper vc_figure\">\n\t\t\t<div class=\"vc_single_image-wrapper   vc_box_border_grey\"><img loading=\"lazy\" decoding=\"async\" width=\"450\" height=\"700\" src=\"https:\/\/www.paramente.net\/wp-content\/uploads\/2020\/12\/Dalmatik-ohne-Futter-2.jpg\" class=\"vc_single_image-img attachment-full\" alt=\"\" title=\"Dalmatik zonder voering (2)\" srcset=\"https:\/\/www.paramente.net\/wp-content\/uploads\/2020\/12\/Dalmatik-ohne-Futter-2.jpg 450w, https:\/\/www.paramente.net\/wp-content\/uploads\/2020\/12\/Dalmatik-ohne-Futter-2-193x300.jpg 193w, https:\/\/www.paramente.net\/wp-content\/uploads\/2020\/12\/Dalmatik-ohne-Futter-2-8x12.jpg 8w, https:\/\/www.paramente.net\/wp-content\/uploads\/2020\/12\/Dalmatik-ohne-Futter-2-300x467.jpg 300w\" sizes=\"auto, (max-width: 450px) 100vw, 450px\" \/><\/div>\n\t\t<\/figure>\n\t<\/div>\n<\/div><\/div><\/div><\/div>\n<\/div>","protected":false},"excerpt":{"rendered":"Bistumsornat einheitliche Kaseln und Dalmatiken f\u00fcr alle Priester und Diakone des Erzbistums Hamburg Der Bistumsornat f\u00fcr das Erzbistum Hamburg ist die Grundlage f\u00fcr eine einheitliche Konzelebration im gesamten Bistum. Dem gesamten Presbyterium und allen Diakonen soll erm\u00f6glicht werden sowohl auf Gemeinde-, Pfarrei-, Regional-, oder Bistumsebene die Heilige Messe mit einheitlichen Kaseln und Dalmatiken zu zelebrieren.&hellip;","protected":false},"author":2,"featured_media":0,"parent":0,"menu_order":0,"comment_status":"closed","ping_status":"closed","template":"","meta":{"footnotes":""},"class_list":["post-3622","page","type-page","status-publish","hentry","entry","no-media"],"yoast_head":"<!-- This site is optimized with the Yoast SEO plugin v27.4 - https:\/\/yoast.com\/product\/yoast-seo-wordpress\/ -->\n<title>Bistumsornat Erzbistum Hamburg - Clemens Jansen &amp; Co<\/title>\n<meta name=\"robots\" content=\"index, follow, max-snippet:-1, max-image-preview:large, max-video-preview:-1\" \/>\n<link rel=\"canonical\" href=\"https:\/\/www.paramente.net\/nl\/bistumsornat-erzbistum-hamburg\/\" \/>\n<meta property=\"og:locale\" content=\"nl_NL\" \/>\n<meta property=\"og:type\" content=\"article\" \/>\n<meta property=\"og:title\" content=\"Bistumsornat Erzbistum Hamburg - Clemens Jansen &amp; Co\" \/>\n<meta property=\"og:url\" content=\"https:\/\/www.paramente.net\/nl\/bistumsornat-erzbistum-hamburg\/\" \/>\n<meta property=\"og:site_name\" content=\"Clemens Jansen &amp; Co\" \/>\n<meta property=\"article:modified_time\" content=\"2023-04-24T07:28:12+00:00\" \/>\n<meta name=\"twitter:card\" content=\"summary_large_image\" \/>\n<meta name=\"twitter:label1\" content=\"Verwachte leestijd\" \/>\n\t<meta name=\"twitter:data1\" content=\"2 minuten\" \/>\n<script type=\"application\/ld+json\" class=\"yoast-schema-graph\">{\"@context\":\"https:\\\/\\\/schema.org\",\"@graph\":[{\"@type\":\"WebPage\",\"@id\":\"https:\\\/\\\/www.paramente.net\\\/bistumsornat-erzbistum-hamburg\\\/\",\"url\":\"https:\\\/\\\/www.paramente.net\\\/bistumsornat-erzbistum-hamburg\\\/\",\"name\":\"Bistumsornat Erzbistum Hamburg - Clemens Jansen &amp; Co\",\"isPartOf\":{\"@id\":\"https:\\\/\\\/www.paramente.net\\\/#website\"},\"datePublished\":\"2020-12-20T10:09:44+00:00\",\"dateModified\":\"2023-04-24T07:28:12+00:00\",\"breadcrumb\":{\"@id\":\"https:\\\/\\\/www.paramente.net\\\/bistumsornat-erzbistum-hamburg\\\/#breadcrumb\"},\"inLanguage\":\"nl-NL\",\"potentialAction\":[{\"@type\":\"ReadAction\",\"target\":[\"https:\\\/\\\/www.paramente.net\\\/bistumsornat-erzbistum-hamburg\\\/\"]}]},{\"@type\":\"BreadcrumbList\",\"@id\":\"https:\\\/\\\/www.paramente.net\\\/bistumsornat-erzbistum-hamburg\\\/#breadcrumb\",\"itemListElement\":[{\"@type\":\"ListItem\",\"position\":1,\"name\":\"Startseite\",\"item\":\"https:\\\/\\\/www.paramente.net\\\/\"},{\"@type\":\"ListItem\",\"position\":2,\"name\":\"Bistumsornat Erzbistum Hamburg\"}]},{\"@type\":\"WebSite\",\"@id\":\"https:\\\/\\\/www.paramente.net\\\/#website\",\"url\":\"https:\\\/\\\/www.paramente.net\\\/\",\"name\":\"Clemens Jansen & Co\",\"description\":\"Hersteller und Lieferant f\u00fcr individuellen Kirchenbedarf\",\"publisher\":{\"@id\":\"https:\\\/\\\/www.paramente.net\\\/#organization\"},\"potentialAction\":[{\"@type\":\"SearchAction\",\"target\":{\"@type\":\"EntryPoint\",\"urlTemplate\":\"https:\\\/\\\/www.paramente.net\\\/?s={search_term_string}\"},\"query-input\":{\"@type\":\"PropertyValueSpecification\",\"valueRequired\":true,\"valueName\":\"search_term_string\"}}],\"inLanguage\":\"nl-NL\"},{\"@type\":\"Organization\",\"@id\":\"https:\\\/\\\/www.paramente.net\\\/#organization\",\"name\":\"Clemens Jansen & Co\",\"url\":\"https:\\\/\\\/www.paramente.net\\\/\",\"logo\":{\"@type\":\"ImageObject\",\"inLanguage\":\"nl-NL\",\"@id\":\"https:\\\/\\\/www.paramente.net\\\/#\\\/schema\\\/logo\\\/image\\\/\",\"url\":\"https:\\\/\\\/www.paramente.net\\\/wp-content\\\/uploads\\\/2016\\\/11\\\/paramente-logo.png\",\"contentUrl\":\"https:\\\/\\\/www.paramente.net\\\/wp-content\\\/uploads\\\/2016\\\/11\\\/paramente-logo.png\",\"width\":162,\"height\":162,\"caption\":\"Clemens Jansen & Co\"},\"image\":{\"@id\":\"https:\\\/\\\/www.paramente.net\\\/#\\\/schema\\\/logo\\\/image\\\/\"}}]}<\/script>\n<!-- \/ Yoast SEO plugin. -->","yoast_head_json":{"title":"Bisdomskleed van het aartsbisdom Hamburg - Clemens Jansen &amp; Co","robots":{"index":"index","follow":"follow","max-snippet":"max-snippet:-1","max-image-preview":"max-image-preview:large","max-video-preview":"max-video-preview:-1"},"canonical":"https:\/\/www.paramente.net\/nl\/bistumsornat-erzbistum-hamburg\/","og_locale":"nl_NL","og_type":"article","og_title":"Bistumsornat Erzbistum Hamburg - Clemens Jansen &amp; Co","og_url":"https:\/\/www.paramente.net\/nl\/bistumsornat-erzbistum-hamburg\/","og_site_name":"Clemens Jansen &amp; Co","article_modified_time":"2023-04-24T07:28:12+00:00","twitter_card":"summary_large_image","twitter_misc":{"Verwachte leestijd":"2 minuten"},"schema":{"@context":"https:\/\/schema.org","@graph":[{"@type":"WebPage","@id":"https:\/\/www.paramente.net\/bistumsornat-erzbistum-hamburg\/","url":"https:\/\/www.paramente.net\/bistumsornat-erzbistum-hamburg\/","name":"Bisdomskleed van het aartsbisdom Hamburg - Clemens Jansen &amp; Co","isPartOf":{"@id":"https:\/\/www.paramente.net\/#website"},"datePublished":"2020-12-20T10:09:44+00:00","dateModified":"2023-04-24T07:28:12+00:00","breadcrumb":{"@id":"https:\/\/www.paramente.net\/bistumsornat-erzbistum-hamburg\/#breadcrumb"},"inLanguage":"nl-NL","potentialAction":[{"@type":"ReadAction","target":["https:\/\/www.paramente.net\/bistumsornat-erzbistum-hamburg\/"]}]},{"@type":"BreadcrumbList","@id":"https:\/\/www.paramente.net\/bistumsornat-erzbistum-hamburg\/#breadcrumb","itemListElement":[{"@type":"ListItem","position":1,"name":"Startseite","item":"https:\/\/www.paramente.net\/"},{"@type":"ListItem","position":2,"name":"Bistumsornat Erzbistum Hamburg"}]},{"@type":"WebSite","@id":"https:\/\/www.paramente.net\/#website","url":"https:\/\/www.paramente.net\/","name":"Clemens Jansen &amp; Co","description":"Fabrikant en leverancier voor individuele kerkbehoeften","publisher":{"@id":"https:\/\/www.paramente.net\/#organization"},"potentialAction":[{"@type":"SearchAction","target":{"@type":"EntryPoint","urlTemplate":"https:\/\/www.paramente.net\/?s={search_term_string}"},"query-input":{"@type":"PropertyValueSpecification","valueRequired":true,"valueName":"search_term_string"}}],"inLanguage":"nl-NL"},{"@type":"Organization","@id":"https:\/\/www.paramente.net\/#organization","name":"Clemens Jansen &amp; Co","url":"https:\/\/www.paramente.net\/","logo":{"@type":"ImageObject","inLanguage":"nl-NL","@id":"https:\/\/www.paramente.net\/#\/schema\/logo\/image\/","url":"https:\/\/www.paramente.net\/wp-content\/uploads\/2016\/11\/paramente-logo.png","contentUrl":"https:\/\/www.paramente.net\/wp-content\/uploads\/2016\/11\/paramente-logo.png","width":162,"height":162,"caption":"Clemens Jansen & Co"},"image":{"@id":"https:\/\/www.paramente.net\/#\/schema\/logo\/image\/"}}]}},"_links":{"self":[{"href":"https:\/\/www.paramente.net\/nl\/wp-json\/wp\/v2\/pages\/3622","targetHints":{"allow":["GET"]}}],"collection":[{"href":"https:\/\/www.paramente.net\/nl\/wp-json\/wp\/v2\/pages"}],"about":[{"href":"https:\/\/www.paramente.net\/nl\/wp-json\/wp\/v2\/types\/page"}],"author":[{"embeddable":true,"href":"https:\/\/www.paramente.net\/nl\/wp-json\/wp\/v2\/users\/2"}],"replies":[{"embeddable":true,"href":"https:\/\/www.paramente.net\/nl\/wp-json\/wp\/v2\/comments?post=3622"}],"version-history":[{"count":5,"href":"https:\/\/www.paramente.net\/nl\/wp-json\/wp\/v2\/pages\/3622\/revisions"}],"predecessor-version":[{"id":3721,"href":"https:\/\/www.paramente.net\/nl\/wp-json\/wp\/v2\/pages\/3622\/revisions\/3721"}],"wp:attachment":[{"href":"https:\/\/www.paramente.net\/nl\/wp-json\/wp\/v2\/media?parent=3622"}],"curies":[{"name":"wp","href":"https:\/\/api.w.org\/{rel}","templated":true}]}}