{"id":1899,"date":"2016-11-27T03:10:25","date_gmt":"2016-11-27T01:10:25","guid":{"rendered":"http:\/\/neu.paramente.net\/?page_id=1899"},"modified":"2020-09-18T10:57:17","modified_gmt":"2020-09-18T08:57:17","slug":"reinigung","status":"publish","type":"page","link":"https:\/\/www.paramente.net\/nl\/reinigung\/","title":{"rendered":"Reiniging en reparatie"},"content":{"rendered":"<div class=\"wpb-content-wrapper\"><div class=\"vc_row wpb_row vc_row-fluid\"><div class=\"wpb_column vc_column_container vc_col-sm-12\"><div class=\"vc_column-inner\"><div class=\"wpb_wrapper\">\n\t<div class=\"wpb_text_column wpb_content_element\" >\n\t\t<div class=\"wpb_wrapper\">\n\t\t\t<h2>Reiniging en reparatie van liturgische gewaden<\/h2>\n\n\t\t<\/div>\n\t<\/div>\n<\/div><\/div><\/div><\/div><div class=\"vc_row wpb_row vc_row-fluid\"><div class=\"wpb_column vc_column_container vc_col-sm-12\"><div class=\"vc_column-inner\"><div class=\"wpb_wrapper\">\n\t<div class=\"wpb_text_column wpb_content_element\" >\n\t\t<div class=\"wpb_wrapper\">\n\t\t\t<p><span style=\"font-size: 18px;\">Liturgische gewaden zijn meestal gemaakt van hoogwaardige stoffen en materialen die speciale zorg vereisen.<\/span><\/p>\n<p><span style=\"font-size: 18px;\">Stomerij wordt voor elk kledingstuk afzonderlijk uitgevoerd, zodat stoffen en borduursels niet tegen elkaar kunnen schuren. Om de mechanische belasting zo laag mogelijk te houden, worden ze niet geworpen, maar slechts licht bewogen.<\/span><\/p>\n<p><span style=\"font-size: 18px;\">Sommige vlekken kunnen niet worden verwijderd met het normale reinigingsproces en vereisen een speciale behandeling, die gedeeltelijk wordt uitgevoerd. Het is mogelijk dat sommige onzuiverheden niet meer verwijderd kunnen worden. Deze hebben meestal te lang in de stof gezeten of zijn al verkeerd behandeld en zijn dus verholpen (vaak met gladgestreken wasvlekken).<\/span><\/p>\n\n\t\t<\/div>\n\t<\/div>\n\n\t<div class=\"wpb_text_column wpb_content_element\" >\n\t\t<div class=\"wpb_wrapper\">\n\t\t\t<h2 class=\"p1\"><span class=\"s1\">Reinigingsproces<\/span><\/h2>\n\n\t\t<\/div>\n\t<\/div>\n\n<div class=\"vc_grid-container-wrapper vc_clearfix vc_grid-animation-none\">\n\t<div class=\"vc_grid-container vc_clearfix wpb_content_element vc_media_grid vc_custom_1489892522704\" data-initial-loading-animation=\"none\" data-vc-grid-settings=\"{&quot;page_id&quot;:1899,&quot;style&quot;:&quot;all&quot;,&quot;action&quot;:&quot;vc_get_vc_grid_data&quot;,&quot;shortcode_id&quot;:&quot;1600419411968-24d2571ca2e564665d042573163f14f4-9&quot;,&quot;tag&quot;:&quot;vc_media_grid&quot;}\" data-vc-request=\"https:\/\/www.paramente.net\/wp-admin\/admin-ajax.php\" data-vc-post-id=\"1899\" data-vc-public-nonce=\"8ea44eb671\">\n\t\t\n\t<\/div>\n<\/div>\n\t<div class=\"wpb_text_column wpb_content_element\" >\n\t\t<div class=\"wpb_wrapper\">\n\t\t\t<h2>reparatie<\/h2>\n<p><span style=\"font-size: 18px;\">Na het schoonmaken worden de kledingstukken volledig nagekeken en gecontroleerd in ons atelier en worden de nodige reparaties uitgevoerd.<\/span><\/p>\n<p><span style=\"font-size: 18px;\">Deze omvatten de volgende algemene taken:<\/span><\/p>\n<ul>\n<li><span style=\"font-size: 18px;\">Corrigeer, plak en versier de voering<\/span><\/li>\n<li><span style=\"font-size: 18px;\">Werk in een nekkoord van binnenuit of vervang de oude (om verkleurde of versleten plekken op de halslijn en de voering te verwijderen)<\/span><\/li>\n<li><span style=\"font-size: 18px;\">Vervang de kraag of rits<\/span><\/li>\n<li><span style=\"font-size: 18px;\">Verwijder de kraag en ritsen<\/span><\/li>\n<li><span style=\"font-size: 18px;\">Werk rondom smaller om een versleten rand te verwijderen<\/span><\/li>\n<li><span style=\"font-size: 18px;\">Bevestig borduurmotieven en applicaties en voeg ze toe<\/span><\/li>\n<li><span style=\"font-size: 18px;\">Herwerk en versterk naden<\/span><\/li>\n<li><span style=\"font-size: 18px;\">enzovoort\u2026.<\/span><\/li>\n<\/ul>\n<p><span style=\"font-size: 18px;\">De benodigde werkzaamheden worden in rekening gebracht op basis van de inspanning. Het is moeilijk om dit voor het schoonmaken te berekenen, aangezien sommige reparaties pas zichtbaar worden na het schoonmaken.<\/span><\/p>\n<p><span style=\"font-size: 18px;\">De meeste paramenten zijn van zo&#039;n hoge kwaliteit gemaakt dat de moeite de moeite waard is. Staat de inspanning niet in verhouding tot de kwaliteit, dan zullen wij u hierop wijzen.<\/span><\/p>\n\n\t\t<\/div>\n\t<\/div>\n<\/div><\/div><\/div><\/div><div class=\"vc_row wpb_row vc_row-fluid\"><div class=\"wpb_column vc_column_container vc_col-sm-6\"><div class=\"vc_column-inner\"><div class=\"wpb_wrapper\">\n\t<div class=\"wpb_text_column wpb_content_element vc_custom_1519224798443\" >\n\t\t<div class=\"wpb_wrapper\">\n\t\t\t<h2>Eerder<\/h2>\n\n\t\t<\/div>\n\t<\/div>\n\n<div class=\"vc_grid-container-wrapper vc_clearfix vc_grid-animation-fadeIn\">\n\t<div class=\"vc_grid-container vc_clearfix wpb_content_element vc_media_grid\" data-initial-loading-animation=\"fadeIn\" data-vc-grid-settings=\"{&quot;page_id&quot;:1899,&quot;style&quot;:&quot;all&quot;,&quot;action&quot;:&quot;vc_get_vc_grid_data&quot;,&quot;shortcode_id&quot;:&quot;1600419412157-05b56e2ca7be92d45673c39c1c550bf4-9&quot;,&quot;tag&quot;:&quot;vc_media_grid&quot;}\" data-vc-request=\"https:\/\/www.paramente.net\/wp-admin\/admin-ajax.php\" data-vc-post-id=\"1899\" data-vc-public-nonce=\"8ea44eb671\">\n\t\t\n\t<\/div>\n<\/div><\/div><\/div><\/div><div class=\"wpb_column vc_column_container vc_col-sm-6\"><div class=\"vc_column-inner\"><div class=\"wpb_wrapper\">\n\t<div class=\"wpb_text_column wpb_content_element vc_custom_1519224831041\" >\n\t\t<div class=\"wpb_wrapper\">\n\t\t\t<h2>later<\/h2>\n\n\t\t<\/div>\n\t<\/div>\n\n<div class=\"vc_grid-container-wrapper vc_clearfix vc_grid-animation-fadeIn\">\n\t<div class=\"vc_grid-container vc_clearfix wpb_content_element vc_media_grid\" data-initial-loading-animation=\"fadeIn\" data-vc-grid-settings=\"{&quot;page_id&quot;:1899,&quot;style&quot;:&quot;all&quot;,&quot;action&quot;:&quot;vc_get_vc_grid_data&quot;,&quot;shortcode_id&quot;:&quot;1600419412285-d5bd5a84f06d444ae41bfeb6bdbc9020-3&quot;,&quot;tag&quot;:&quot;vc_media_grid&quot;}\" data-vc-request=\"https:\/\/www.paramente.net\/wp-admin\/admin-ajax.php\" data-vc-post-id=\"1899\" data-vc-public-nonce=\"8ea44eb671\">\n\t\t\n\t<\/div>\n<\/div><\/div><\/div><\/div><\/div><div class=\"vc_row wpb_row vc_row-fluid\"><div class=\"wpb_column vc_column_container vc_col-sm-12\"><div class=\"vc_column-inner\"><div class=\"wpb_wrapper\">\n\t<div class=\"wpb_text_column wpb_content_element\" >\n\t\t<div class=\"wpb_wrapper\">\n\t\t\t<h2>Verkeerd behandelde paramenten<\/h2>\n<p><span style=\"font-size: 18px;\">Deze witte kazuifel werd gewassen en daardoor ernstig beschadigd. De toepassingsgebieden zijn binnengelopen, het handgenaaide Japanse goud is vernietigd. Het basismateriaal van pure zijde is gekrompen en heeft zijn afwerking en gevoel verloren<\/span><\/p>\n<p><span style=\"font-size: 18px;\">Tijdens een reinigingsproces kreeg het basismateriaal een nieuwe afwerking en een lotusweefselbeschermende afwerking. Het gebroken Japanse goud werd volledig verwijderd en weer met de hand vastgenaaid. De toepassingsgebieden werden zo goed mogelijk gladgestreken. Ten slotte werd de mantel opnieuw bekleed met pure zijde en volledig opnieuw genaaid. Op deze manier kon de meest waardevolle kazuifel van de parochie bijna volledig in zijn oorspronkelijke staat worden hersteld.<\/span><\/p>\n\n\t\t<\/div>\n\t<\/div>\n<div class=\"vc_row wpb_row vc_inner vc_row-fluid\"><div class=\"wpb_column vc_column_container vc_col-sm-6\"><div class=\"vc_column-inner\"><div class=\"wpb_wrapper\">\n\t<div class=\"wpb_text_column wpb_content_element vc_custom_1519224798443\" >\n\t\t<div class=\"wpb_wrapper\">\n\t\t\t<h2>Eerder<\/h2>\n\n\t\t<\/div>\n\t<\/div>\n\n<div class=\"vc_grid-container-wrapper vc_clearfix vc_grid-animation-fadeIn\">\n\t<div class=\"vc_grid-container vc_clearfix wpb_content_element vc_media_grid\" data-initial-loading-animation=\"fadeIn\" data-vc-grid-settings=\"{&quot;page_id&quot;:1899,&quot;style&quot;:&quot;all&quot;,&quot;action&quot;:&quot;vc_get_vc_grid_data&quot;,&quot;shortcode_id&quot;:&quot;1600419412564-60d2ef967273605ce8e99fd8d272b497-10&quot;,&quot;tag&quot;:&quot;vc_media_grid&quot;}\" data-vc-request=\"https:\/\/www.paramente.net\/wp-admin\/admin-ajax.php\" data-vc-post-id=\"1899\" data-vc-public-nonce=\"8ea44eb671\">\n\t\t\n\t<\/div>\n<\/div><\/div><\/div><\/div><div class=\"wpb_column vc_column_container vc_col-sm-6\"><div class=\"vc_column-inner\"><div class=\"wpb_wrapper\">\n\t<div class=\"wpb_text_column wpb_content_element vc_custom_1519224831041\" >\n\t\t<div class=\"wpb_wrapper\">\n\t\t\t<h2>later<\/h2>\n\n\t\t<\/div>\n\t<\/div>\n\n<div class=\"vc_grid-container-wrapper vc_clearfix vc_grid-animation-fadeIn\">\n\t<div class=\"vc_grid-container vc_clearfix wpb_content_element vc_media_grid\" data-initial-loading-animation=\"fadeIn\" data-vc-grid-settings=\"{&quot;page_id&quot;:1899,&quot;style&quot;:&quot;all&quot;,&quot;action&quot;:&quot;vc_get_vc_grid_data&quot;,&quot;shortcode_id&quot;:&quot;1600419412687-c189d54db80836b4172e7dd364b1323d-4&quot;,&quot;tag&quot;:&quot;vc_media_grid&quot;}\" data-vc-request=\"https:\/\/www.paramente.net\/wp-admin\/admin-ajax.php\" data-vc-post-id=\"1899\" data-vc-public-nonce=\"8ea44eb671\">\n\t\t\n\t<\/div>\n<\/div><\/div><\/div><\/div><\/div><\/div><\/div><\/div><\/div>\n<\/div>","protected":false},"excerpt":{"rendered":"Reinigung und Reparatur liturgischer Gew\u00e4nder Liturgische Gew\u00e4nder sind meist aus hochwertigen Stoffen und Materialien gefertigt, die einer besonderen Pflege bed\u00fcrfen. Die chemische Reinigung erfolgt f\u00fcr jedes Gewand einzeln, so dass sich Stoffe und Stickereien nicht gegenseitig aufreiben k\u00f6nnen. Um die mechanische Belastung so gering wie m\u00f6glich zu halten werden sie nicht geschleudert, sondern nur leicht&hellip;","protected":false},"author":1,"featured_media":0,"parent":0,"menu_order":0,"comment_status":"closed","ping_status":"closed","template":"","meta":{"footnotes":""},"class_list":["post-1899","page","type-page","status-publish","hentry","entry","no-media"],"yoast_head":"<!-- This site is optimized with the Yoast SEO plugin v27.5 - https:\/\/yoast.com\/product\/yoast-seo-wordpress\/ -->\n<title>Reinigung und Reparatur - Clemens Jansen &amp; Co<\/title>\n<meta name=\"robots\" content=\"index, follow, max-snippet:-1, max-image-preview:large, max-video-preview:-1\" \/>\n<link rel=\"canonical\" href=\"https:\/\/www.paramente.net\/nl\/reinigung\/\" \/>\n<meta property=\"og:locale\" content=\"nl_NL\" \/>\n<meta property=\"og:type\" content=\"article\" \/>\n<meta property=\"og:title\" content=\"Reinigung und Reparatur - Clemens Jansen &amp; Co\" \/>\n<meta property=\"og:url\" content=\"https:\/\/www.paramente.net\/nl\/reinigung\/\" \/>\n<meta property=\"og:site_name\" content=\"Clemens Jansen &amp; Co\" \/>\n<meta property=\"article:modified_time\" content=\"2020-09-18T08:57:17+00:00\" \/>\n<meta name=\"twitter:card\" content=\"summary_large_image\" \/>\n<meta name=\"twitter:label1\" content=\"Verwachte leestijd\" \/>\n\t<meta name=\"twitter:data1\" content=\"3 minuten\" \/>\n<script type=\"application\/ld+json\" class=\"yoast-schema-graph\">{\"@context\":\"https:\\\/\\\/schema.org\",\"@graph\":[{\"@type\":\"WebPage\",\"@id\":\"https:\\\/\\\/www.paramente.net\\\/reinigung\\\/\",\"url\":\"https:\\\/\\\/www.paramente.net\\\/reinigung\\\/\",\"name\":\"Reinigung und Reparatur - Clemens Jansen &amp; Co\",\"isPartOf\":{\"@id\":\"https:\\\/\\\/www.paramente.net\\\/#website\"},\"datePublished\":\"2016-11-27T01:10:25+00:00\",\"dateModified\":\"2020-09-18T08:57:17+00:00\",\"breadcrumb\":{\"@id\":\"https:\\\/\\\/www.paramente.net\\\/reinigung\\\/#breadcrumb\"},\"inLanguage\":\"nl-NL\",\"potentialAction\":[{\"@type\":\"ReadAction\",\"target\":[\"https:\\\/\\\/www.paramente.net\\\/reinigung\\\/\"]}]},{\"@type\":\"BreadcrumbList\",\"@id\":\"https:\\\/\\\/www.paramente.net\\\/reinigung\\\/#breadcrumb\",\"itemListElement\":[{\"@type\":\"ListItem\",\"position\":1,\"name\":\"Startseite\",\"item\":\"https:\\\/\\\/www.paramente.net\\\/\"},{\"@type\":\"ListItem\",\"position\":2,\"name\":\"Reinigung und Reparatur\"}]},{\"@type\":\"WebSite\",\"@id\":\"https:\\\/\\\/www.paramente.net\\\/#website\",\"url\":\"https:\\\/\\\/www.paramente.net\\\/\",\"name\":\"Clemens Jansen & Co\",\"description\":\"Hersteller und Lieferant f\u00fcr individuellen Kirchenbedarf\",\"publisher\":{\"@id\":\"https:\\\/\\\/www.paramente.net\\\/#organization\"},\"potentialAction\":[{\"@type\":\"SearchAction\",\"target\":{\"@type\":\"EntryPoint\",\"urlTemplate\":\"https:\\\/\\\/www.paramente.net\\\/?s={search_term_string}\"},\"query-input\":{\"@type\":\"PropertyValueSpecification\",\"valueRequired\":true,\"valueName\":\"search_term_string\"}}],\"inLanguage\":\"nl-NL\"},{\"@type\":\"Organization\",\"@id\":\"https:\\\/\\\/www.paramente.net\\\/#organization\",\"name\":\"Clemens Jansen & Co\",\"url\":\"https:\\\/\\\/www.paramente.net\\\/\",\"logo\":{\"@type\":\"ImageObject\",\"inLanguage\":\"nl-NL\",\"@id\":\"https:\\\/\\\/www.paramente.net\\\/#\\\/schema\\\/logo\\\/image\\\/\",\"url\":\"https:\\\/\\\/www.paramente.net\\\/wp-content\\\/uploads\\\/2016\\\/11\\\/paramente-logo.png\",\"contentUrl\":\"https:\\\/\\\/www.paramente.net\\\/wp-content\\\/uploads\\\/2016\\\/11\\\/paramente-logo.png\",\"width\":162,\"height\":162,\"caption\":\"Clemens Jansen & Co\"},\"image\":{\"@id\":\"https:\\\/\\\/www.paramente.net\\\/#\\\/schema\\\/logo\\\/image\\\/\"}}]}<\/script>\n<!-- \/ Yoast SEO plugin. -->","yoast_head_json":{"title":"Reiniging en reparatie - Clemens Jansen &amp; Co","robots":{"index":"index","follow":"follow","max-snippet":"max-snippet:-1","max-image-preview":"max-image-preview:large","max-video-preview":"max-video-preview:-1"},"canonical":"https:\/\/www.paramente.net\/nl\/reinigung\/","og_locale":"nl_NL","og_type":"article","og_title":"Reinigung und Reparatur - Clemens Jansen &amp; Co","og_url":"https:\/\/www.paramente.net\/nl\/reinigung\/","og_site_name":"Clemens Jansen &amp; Co","article_modified_time":"2020-09-18T08:57:17+00:00","twitter_card":"summary_large_image","twitter_misc":{"Verwachte leestijd":"3 minuten"},"schema":{"@context":"https:\/\/schema.org","@graph":[{"@type":"WebPage","@id":"https:\/\/www.paramente.net\/reinigung\/","url":"https:\/\/www.paramente.net\/reinigung\/","name":"Reiniging en reparatie - Clemens Jansen &amp; Co","isPartOf":{"@id":"https:\/\/www.paramente.net\/#website"},"datePublished":"2016-11-27T01:10:25+00:00","dateModified":"2020-09-18T08:57:17+00:00","breadcrumb":{"@id":"https:\/\/www.paramente.net\/reinigung\/#breadcrumb"},"inLanguage":"nl-NL","potentialAction":[{"@type":"ReadAction","target":["https:\/\/www.paramente.net\/reinigung\/"]}]},{"@type":"BreadcrumbList","@id":"https:\/\/www.paramente.net\/reinigung\/#breadcrumb","itemListElement":[{"@type":"ListItem","position":1,"name":"Startseite","item":"https:\/\/www.paramente.net\/"},{"@type":"ListItem","position":2,"name":"Reinigung und Reparatur"}]},{"@type":"WebSite","@id":"https:\/\/www.paramente.net\/#website","url":"https:\/\/www.paramente.net\/","name":"Clemens Jansen &amp; Co","description":"Fabrikant en leverancier voor individuele kerkbehoeften","publisher":{"@id":"https:\/\/www.paramente.net\/#organization"},"potentialAction":[{"@type":"SearchAction","target":{"@type":"EntryPoint","urlTemplate":"https:\/\/www.paramente.net\/?s={search_term_string}"},"query-input":{"@type":"PropertyValueSpecification","valueRequired":true,"valueName":"search_term_string"}}],"inLanguage":"nl-NL"},{"@type":"Organization","@id":"https:\/\/www.paramente.net\/#organization","name":"Clemens Jansen &amp; Co","url":"https:\/\/www.paramente.net\/","logo":{"@type":"ImageObject","inLanguage":"nl-NL","@id":"https:\/\/www.paramente.net\/#\/schema\/logo\/image\/","url":"https:\/\/www.paramente.net\/wp-content\/uploads\/2016\/11\/paramente-logo.png","contentUrl":"https:\/\/www.paramente.net\/wp-content\/uploads\/2016\/11\/paramente-logo.png","width":162,"height":162,"caption":"Clemens Jansen & Co"},"image":{"@id":"https:\/\/www.paramente.net\/#\/schema\/logo\/image\/"}}]}},"_links":{"self":[{"href":"https:\/\/www.paramente.net\/nl\/wp-json\/wp\/v2\/pages\/1899","targetHints":{"allow":["GET"]}}],"collection":[{"href":"https:\/\/www.paramente.net\/nl\/wp-json\/wp\/v2\/pages"}],"about":[{"href":"https:\/\/www.paramente.net\/nl\/wp-json\/wp\/v2\/types\/page"}],"author":[{"embeddable":true,"href":"https:\/\/www.paramente.net\/nl\/wp-json\/wp\/v2\/users\/1"}],"replies":[{"embeddable":true,"href":"https:\/\/www.paramente.net\/nl\/wp-json\/wp\/v2\/comments?post=1899"}],"version-history":[{"count":5,"href":"https:\/\/www.paramente.net\/nl\/wp-json\/wp\/v2\/pages\/1899\/revisions"}],"predecessor-version":[{"id":3394,"href":"https:\/\/www.paramente.net\/nl\/wp-json\/wp\/v2\/pages\/1899\/revisions\/3394"}],"wp:attachment":[{"href":"https:\/\/www.paramente.net\/nl\/wp-json\/wp\/v2\/media?parent=1899"}],"curies":[{"name":"wp","href":"https:\/\/api.w.org\/{rel}","templated":true}]}}