{"id":4681,"date":"2023-02-18T18:37:27","date_gmt":"2023-02-18T16:37:27","guid":{"rendered":"https:\/\/www.paramente.net\/?post_type=product&#038;p=4681"},"modified":"2023-02-18T18:40:01","modified_gmt":"2023-02-18T16:40:01","slug":"goslar-2","status":"publish","type":"product","link":"https:\/\/www.paramente.net\/it\/prodotto\/goslar-2\/","title":{"rendered":"Goslar 2"},"content":{"rendered":"","protected":false},"excerpt":{"rendered":"","protected":false},"featured_media":4682,"comment_status":"closed","ping_status":"closed","template":"","meta":[],"product_brand":[],"product_cat":[89],"product_tag":[613,418,605,606,621,101,612,609,608,674,95,99,607,100,610,675,98,673,96,604,812,1017],"class_list":{"0":"post-4681","1":"product","2":"type-product","3":"status-publish","4":"has-post-thumbnail","6":"product_cat-weiss","7":"product_tag-applikationen","8":"product_tag-claus-kilian","9":"product_tag-festgewand","10":"product_tag-gewand","11":"product_tag-gewebt","12":"product_tag-handgewebt","13":"product_tag-handstickerei","14":"product_tag-handwebstoff","15":"product_tag-hauptgewand","16":"product_tag-japangold","17":"product_tag-kasel","18":"product_tag-messgewand","19":"product_tag-ornat","20":"product_tag-priestergewand","21":"product_tag-reine-seide","22":"product_tag-reinseidenfutter","23":"product_tag-seide","24":"product_tag-twist","25":"product_tag-weiss","26":"product_tag-weisse-kasel","27":"product_tag-weisses-gewand","28":"product_tag-weisses-messgewand","29":"entry","30":"has-media","32":"first","33":"instock","34":"taxable","35":"shipping-taxable","36":"purchasable","37":"product-type-simple"},"yoast_head":"<!-- This site is optimized with the Yoast SEO plugin v27.4 - https:\/\/yoast.com\/product\/yoast-seo-wordpress\/ -->\n<title>Goslar 2 - Clemens Jansen &amp; Co<\/title>\n<meta name=\"robots\" content=\"index, follow, max-snippet:-1, max-image-preview:large, max-video-preview:-1\" \/>\n<link rel=\"canonical\" href=\"https:\/\/www.paramente.net\/it\/prodotto\/goslar-2\/\" \/>\n<meta property=\"og:locale\" content=\"it_IT\" \/>\n<meta property=\"og:type\" content=\"article\" \/>\n<meta property=\"og:title\" content=\"Goslar 2 - Clemens Jansen &amp; Co\" \/>\n<meta property=\"og:url\" content=\"https:\/\/www.paramente.net\/it\/prodotto\/goslar-2\/\" \/>\n<meta property=\"og:site_name\" content=\"Clemens Jansen &amp; Co\" \/>\n<meta property=\"article:modified_time\" content=\"2023-02-18T16:40:01+00:00\" \/>\n<meta property=\"og:image\" content=\"https:\/\/www.paramente.net\/wp-content\/uploads\/2023\/02\/Goslar-2-1.jpg\" \/>\n\t<meta property=\"og:image:width\" content=\"450\" \/>\n\t<meta property=\"og:image:height\" content=\"700\" \/>\n\t<meta property=\"og:image:type\" content=\"image\/jpeg\" \/>\n<meta name=\"twitter:card\" content=\"summary_large_image\" \/>\n<script type=\"application\/ld+json\" class=\"yoast-schema-graph\">{\"@context\":\"https:\\\/\\\/schema.org\",\"@graph\":[{\"@type\":\"WebPage\",\"@id\":\"https:\\\/\\\/www.paramente.net\\\/produkt\\\/goslar-2\\\/\",\"url\":\"https:\\\/\\\/www.paramente.net\\\/produkt\\\/goslar-2\\\/\",\"name\":\"Goslar 2 - Clemens Jansen &amp; Co\",\"isPartOf\":{\"@id\":\"https:\\\/\\\/www.paramente.net\\\/#website\"},\"primaryImageOfPage\":{\"@id\":\"https:\\\/\\\/www.paramente.net\\\/produkt\\\/goslar-2\\\/#primaryimage\"},\"image\":{\"@id\":\"https:\\\/\\\/www.paramente.net\\\/produkt\\\/goslar-2\\\/#primaryimage\"},\"thumbnailUrl\":\"https:\\\/\\\/www.paramente.net\\\/wp-content\\\/uploads\\\/2023\\\/02\\\/Goslar-2-1.jpg\",\"datePublished\":\"2023-02-18T16:37:27+00:00\",\"dateModified\":\"2023-02-18T16:40:01+00:00\",\"breadcrumb\":{\"@id\":\"https:\\\/\\\/www.paramente.net\\\/produkt\\\/goslar-2\\\/#breadcrumb\"},\"inLanguage\":\"it-IT\",\"potentialAction\":[{\"@type\":\"ReadAction\",\"target\":[\"https:\\\/\\\/www.paramente.net\\\/produkt\\\/goslar-2\\\/\"]}]},{\"@type\":\"ImageObject\",\"inLanguage\":\"it-IT\",\"@id\":\"https:\\\/\\\/www.paramente.net\\\/produkt\\\/goslar-2\\\/#primaryimage\",\"url\":\"https:\\\/\\\/www.paramente.net\\\/wp-content\\\/uploads\\\/2023\\\/02\\\/Goslar-2-1.jpg\",\"contentUrl\":\"https:\\\/\\\/www.paramente.net\\\/wp-content\\\/uploads\\\/2023\\\/02\\\/Goslar-2-1.jpg\",\"width\":450,\"height\":700,\"caption\":\"Claus Kilian Festgewand Gewand gewebt handgewebt Handstickerei Handwebstoff Hauptgewand Japangold Kasel Messgewand Ornat Priestergewand reine Seide Reinseidenfutter Seide twist wei\u00df wei\u00dfe Kasel wei\u00dfes Gewand wei\u00dfes messgewand Applikationen Applikation in reiner Seide\"},{\"@type\":\"BreadcrumbList\",\"@id\":\"https:\\\/\\\/www.paramente.net\\\/produkt\\\/goslar-2\\\/#breadcrumb\",\"itemListElement\":[{\"@type\":\"ListItem\",\"position\":1,\"name\":\"Startseite\",\"item\":\"https:\\\/\\\/www.paramente.net\\\/\"},{\"@type\":\"ListItem\",\"position\":2,\"name\":\"Katalog\",\"item\":\"https:\\\/\\\/www.paramente.net\\\/katalog\\\/\"},{\"@type\":\"ListItem\",\"position\":3,\"name\":\"Goslar 2\"}]},{\"@type\":\"WebSite\",\"@id\":\"https:\\\/\\\/www.paramente.net\\\/#website\",\"url\":\"https:\\\/\\\/www.paramente.net\\\/\",\"name\":\"Clemens Jansen & Co\",\"description\":\"Hersteller und Lieferant f\u00fcr individuellen Kirchenbedarf\",\"publisher\":{\"@id\":\"https:\\\/\\\/www.paramente.net\\\/#organization\"},\"potentialAction\":[{\"@type\":\"SearchAction\",\"target\":{\"@type\":\"EntryPoint\",\"urlTemplate\":\"https:\\\/\\\/www.paramente.net\\\/?s={search_term_string}\"},\"query-input\":{\"@type\":\"PropertyValueSpecification\",\"valueRequired\":true,\"valueName\":\"search_term_string\"}}],\"inLanguage\":\"it-IT\"},{\"@type\":\"Organization\",\"@id\":\"https:\\\/\\\/www.paramente.net\\\/#organization\",\"name\":\"Clemens Jansen & Co\",\"url\":\"https:\\\/\\\/www.paramente.net\\\/\",\"logo\":{\"@type\":\"ImageObject\",\"inLanguage\":\"it-IT\",\"@id\":\"https:\\\/\\\/www.paramente.net\\\/#\\\/schema\\\/logo\\\/image\\\/\",\"url\":\"https:\\\/\\\/www.paramente.net\\\/wp-content\\\/uploads\\\/2016\\\/11\\\/paramente-logo.png\",\"contentUrl\":\"https:\\\/\\\/www.paramente.net\\\/wp-content\\\/uploads\\\/2016\\\/11\\\/paramente-logo.png\",\"width\":162,\"height\":162,\"caption\":\"Clemens Jansen & Co\"},\"image\":{\"@id\":\"https:\\\/\\\/www.paramente.net\\\/#\\\/schema\\\/logo\\\/image\\\/\"}}]}<\/script>\n<!-- \/ Yoast SEO plugin. -->","yoast_head_json":{"title":"Goslar 2 - Clemens Jansen &amp; Co","robots":{"index":"index","follow":"follow","max-snippet":"max-snippet:-1","max-image-preview":"max-image-preview:large","max-video-preview":"max-video-preview:-1"},"canonical":"https:\/\/www.paramente.net\/it\/prodotto\/goslar-2\/","og_locale":"it_IT","og_type":"article","og_title":"Goslar 2 - Clemens Jansen &amp; Co","og_url":"https:\/\/www.paramente.net\/it\/prodotto\/goslar-2\/","og_site_name":"Clemens Jansen &amp; Co","article_modified_time":"2023-02-18T16:40:01+00:00","og_image":[{"width":450,"height":700,"url":"https:\/\/www.paramente.net\/wp-content\/uploads\/2023\/02\/Goslar-2-1.jpg","type":"image\/jpeg"}],"twitter_card":"summary_large_image","schema":{"@context":"https:\/\/schema.org","@graph":[{"@type":"WebPage","@id":"https:\/\/www.paramente.net\/produkt\/goslar-2\/","url":"https:\/\/www.paramente.net\/produkt\/goslar-2\/","name":"Goslar 2 - Clemens Jansen &amp; Co","isPartOf":{"@id":"https:\/\/www.paramente.net\/#website"},"primaryImageOfPage":{"@id":"https:\/\/www.paramente.net\/produkt\/goslar-2\/#primaryimage"},"image":{"@id":"https:\/\/www.paramente.net\/produkt\/goslar-2\/#primaryimage"},"thumbnailUrl":"https:\/\/www.paramente.net\/wp-content\/uploads\/2023\/02\/Goslar-2-1.jpg","datePublished":"2023-02-18T16:37:27+00:00","dateModified":"2023-02-18T16:40:01+00:00","breadcrumb":{"@id":"https:\/\/www.paramente.net\/produkt\/goslar-2\/#breadcrumb"},"inLanguage":"it-IT","potentialAction":[{"@type":"ReadAction","target":["https:\/\/www.paramente.net\/produkt\/goslar-2\/"]}]},{"@type":"ImageObject","inLanguage":"it-IT","@id":"https:\/\/www.paramente.net\/produkt\/goslar-2\/#primaryimage","url":"https:\/\/www.paramente.net\/wp-content\/uploads\/2023\/02\/Goslar-2-1.jpg","contentUrl":"https:\/\/www.paramente.net\/wp-content\/uploads\/2023\/02\/Goslar-2-1.jpg","width":450,"height":700,"caption":"Claus Kilian Festgewand Gewand gewebt handgewebt Handstickerei Handwebstoff Hauptgewand Japangold Kasel Messgewand Ornat Priestergewand reine Seide Reinseidenfutter Seide twist wei\u00df wei\u00dfe Kasel wei\u00dfes Gewand wei\u00dfes messgewand Applikationen Applikation in reiner Seide"},{"@type":"BreadcrumbList","@id":"https:\/\/www.paramente.net\/produkt\/goslar-2\/#breadcrumb","itemListElement":[{"@type":"ListItem","position":1,"name":"Startseite","item":"https:\/\/www.paramente.net\/"},{"@type":"ListItem","position":2,"name":"Katalog","item":"https:\/\/www.paramente.net\/katalog\/"},{"@type":"ListItem","position":3,"name":"Goslar 2"}]},{"@type":"WebSite","@id":"https:\/\/www.paramente.net\/#website","url":"https:\/\/www.paramente.net\/","name":"Clemens Jansen &amp; Co","description":"Produttore e fornitore per le singole esigenze della chiesa","publisher":{"@id":"https:\/\/www.paramente.net\/#organization"},"potentialAction":[{"@type":"SearchAction","target":{"@type":"EntryPoint","urlTemplate":"https:\/\/www.paramente.net\/?s={search_term_string}"},"query-input":{"@type":"PropertyValueSpecification","valueRequired":true,"valueName":"search_term_string"}}],"inLanguage":"it-IT"},{"@type":"Organization","@id":"https:\/\/www.paramente.net\/#organization","name":"Clemens Jansen &amp; Co","url":"https:\/\/www.paramente.net\/","logo":{"@type":"ImageObject","inLanguage":"it-IT","@id":"https:\/\/www.paramente.net\/#\/schema\/logo\/image\/","url":"https:\/\/www.paramente.net\/wp-content\/uploads\/2016\/11\/paramente-logo.png","contentUrl":"https:\/\/www.paramente.net\/wp-content\/uploads\/2016\/11\/paramente-logo.png","width":162,"height":162,"caption":"Clemens Jansen & Co"},"image":{"@id":"https:\/\/www.paramente.net\/#\/schema\/logo\/image\/"}}]}},"_links":{"self":[{"href":"https:\/\/www.paramente.net\/it\/wp-json\/wp\/v2\/product\/4681","targetHints":{"allow":["GET"]}}],"collection":[{"href":"https:\/\/www.paramente.net\/it\/wp-json\/wp\/v2\/product"}],"about":[{"href":"https:\/\/www.paramente.net\/it\/wp-json\/wp\/v2\/types\/product"}],"replies":[{"embeddable":true,"href":"https:\/\/www.paramente.net\/it\/wp-json\/wp\/v2\/comments?post=4681"}],"wp:featuredmedia":[{"embeddable":true,"href":"https:\/\/www.paramente.net\/it\/wp-json\/wp\/v2\/media\/4682"}],"wp:attachment":[{"href":"https:\/\/www.paramente.net\/it\/wp-json\/wp\/v2\/media?parent=4681"}],"wp:term":[{"taxonomy":"product_brand","embeddable":true,"href":"https:\/\/www.paramente.net\/it\/wp-json\/wp\/v2\/product_brand?post=4681"},{"taxonomy":"product_cat","embeddable":true,"href":"https:\/\/www.paramente.net\/it\/wp-json\/wp\/v2\/product_cat?post=4681"},{"taxonomy":"product_tag","embeddable":true,"href":"https:\/\/www.paramente.net\/it\/wp-json\/wp\/v2\/product_tag?post=4681"}],"curies":[{"name":"wp","href":"https:\/\/api.w.org\/{rel}","templated":true}]}}