{"id":3622,"date":"2020-12-20T12:09:44","date_gmt":"2020-12-20T10:09:44","guid":{"rendered":"https:\/\/www.paramente.net\/?page_id=3622"},"modified":"2023-04-24T09:28:12","modified_gmt":"2023-04-24T07:28:12","slug":"bistumsornat-erzbistum-hamburg","status":"publish","type":"page","link":"https:\/\/www.paramente.net\/it\/bistumsornat-erzbistum-hamburg\/","title":{"rendered":"Veste della diocesi dell&#039;arcidiocesi di Amburgo"},"content":{"rendered":"<div class=\"wpb-content-wrapper\"><div class=\"vc_row wpb_row vc_row-fluid\"><div class=\"wpb_column vc_column_container vc_col-sm-12\"><div class=\"vc_column-inner\"><div class=\"wpb_wrapper\">\n\t<div class=\"wpb_text_column wpb_content_element\" >\n\t\t<div class=\"wpb_wrapper\">\n\t\t\t<h2>Abito diocesi<\/h2>\n<h2>Casule e dalmatiche uniformi per tutti i sacerdoti e diaconi dell&#039;Arcidiocesi di Amburgo<\/h2>\n\n\t\t<\/div>\n\t<\/div>\n<\/div><\/div><\/div><\/div><div class=\"vc_row wpb_row vc_row-fluid\"><div class=\"wpb_column vc_column_container vc_col-sm-6\"><div class=\"vc_column-inner\"><div class=\"wpb_wrapper\">\n\t<div  class=\"wpb_single_image wpb_content_element vc_align_ wpb_content_element\">\n\t\t\n\t\t<figure class=\"wpb_wrapper vc_figure\">\n\t\t\t<div class=\"vc_single_image-wrapper   vc_box_border_grey\"><img loading=\"lazy\" decoding=\"async\" width=\"450\" height=\"700\" src=\"https:\/\/www.paramente.net\/wp-content\/uploads\/2020\/12\/Kasel-ohne-Futter-2.jpg\" class=\"vc_single_image-img attachment-full\" alt=\"\" title=\"Casula sfoderata (2)\" srcset=\"https:\/\/www.paramente.net\/wp-content\/uploads\/2020\/12\/Kasel-ohne-Futter-2.jpg 450w, https:\/\/www.paramente.net\/wp-content\/uploads\/2020\/12\/Kasel-ohne-Futter-2-193x300.jpg 193w, https:\/\/www.paramente.net\/wp-content\/uploads\/2020\/12\/Kasel-ohne-Futter-2-8x12.jpg 8w, https:\/\/www.paramente.net\/wp-content\/uploads\/2020\/12\/Kasel-ohne-Futter-2-300x467.jpg 300w\" sizes=\"auto, (max-width: 450px) 100vw, 450px\" \/><\/div>\n\t\t<\/figure>\n\t<\/div>\n<\/div><\/div><\/div><div class=\"wpb_column vc_column_container vc_col-sm-6\"><div class=\"vc_column-inner\"><div class=\"wpb_wrapper\">\n\t<div class=\"wpb_text_column wpb_content_element\" >\n\t\t<div class=\"wpb_wrapper\">\n\t\t\t<p><span style=\"font-size: 16px;\">La veste diocesana dell&#039;Arcidiocesi di Amburgo \u00e8 la base per una concelebrazione uniforme in tutta la diocesi. L&#039;intero presbiterio e tutti i diaconi dovrebbero essere abilitati a celebrare la Santa Messa con pianete e dalmatiche uniformi a livello parrocchiale, parrocchiale, regionale o diocesano. Grazie allo stoccaggio decentralizzato di ogni individuo, la disponibilit\u00e0 \u00e8 raggiunta a tutti i livelli.<\/span><\/p>\n<p><span style=\"font-size: 16px;\">A meno che non ci sia un&#039;occasione festiva, il celebrante principale indossa la casula del colore del giorno. \u00c8 possibile per i concelebranti indossare la veste diocesana in qualsiasi momento. L&#039;abito diocesano consente la concelebrazione liturgicamente standardizzata. L&#039;abito dell&#039;uniforme rende la concelebrazione un segno esteriore ancora migliore dell&#039;unit\u00e0 del sacerdozio e della Chiesa.<\/span><\/p>\n\n\t\t<\/div>\n\t<\/div>\n\n\t<div class=\"wpb_text_column wpb_content_element\" >\n\t\t<div class=\"wpb_wrapper\">\n\t\t\t<p>I paramenti sono stati realizzati con una miscela lavabile e antipiega di Trevira \/ lana. Il disegno \u00e8 stato realizzato in una stampa tessile e applicato al materiale di base come una barra centrale.<\/p>\n\n\t\t<\/div>\n\t<\/div>\n<\/div><\/div><\/div><\/div><div class=\"vc_row wpb_row vc_row-fluid\"><div class=\"wpb_column vc_column_container vc_col-sm-6\"><div class=\"vc_column-inner\"><div class=\"wpb_wrapper\">\n\t<div class=\"wpb_text_column wpb_content_element\" >\n\t\t<div class=\"wpb_wrapper\">\n\t\t\t<p><span style=\"font-size: 16px;\">Il design \u00e8 stato realizzato dal nostro artista Marcel Schulthei\u00df MA in un elaborato progetto disegnato a mano rivisto digitalmente.<\/span><\/p>\n<p><span style=\"font-size: 16px;\">Sulla parte anteriore della veste c&#039;\u00e8 un adattamento della croce dello scultore Max Faller (1927-2012), che fu donata all&#039;arcidiocesi di Amburgo quando fu fondata e che viene regolarmente indossata per entrare e uscire alle solenni funzioni pontificie nella cattedrale di Santa Maria. Sul retro c&#039;\u00e8 St. Ansgar con l&#039;odierna Cattedrale di Santa Maria.<\/span><\/p>\n\n\t\t<\/div>\n\t<\/div>\n<div class=\"vc_row wpb_row vc_inner vc_row-fluid\"><div class=\"wpb_column vc_column_container vc_col-sm-6\"><div class=\"vc_column-inner\"><div class=\"wpb_wrapper\">\n\t<div  class=\"wpb_single_image wpb_content_element vc_align_ wpb_content_element\">\n\t\t\n\t\t<figure class=\"wpb_wrapper vc_figure\">\n\t\t\t<div class=\"vc_single_image-wrapper   vc_box_border_grey\"><img loading=\"lazy\" decoding=\"async\" width=\"450\" height=\"700\" src=\"https:\/\/www.paramente.net\/wp-content\/uploads\/2020\/12\/Details-1.jpg\" class=\"vc_single_image-img attachment-full\" alt=\"\" title=\"Dettagli (1)\" srcset=\"https:\/\/www.paramente.net\/wp-content\/uploads\/2020\/12\/Details-1.jpg 450w, https:\/\/www.paramente.net\/wp-content\/uploads\/2020\/12\/Details-1-193x300.jpg 193w, https:\/\/www.paramente.net\/wp-content\/uploads\/2020\/12\/Details-1-8x12.jpg 8w, https:\/\/www.paramente.net\/wp-content\/uploads\/2020\/12\/Details-1-300x467.jpg 300w\" sizes=\"auto, (max-width: 450px) 100vw, 450px\" \/><\/div>\n\t\t<\/figure>\n\t<\/div>\n<\/div><\/div><\/div><div class=\"wpb_column vc_column_container vc_col-sm-6\"><div class=\"vc_column-inner\"><div class=\"wpb_wrapper\">\n\t<div  class=\"wpb_single_image wpb_content_element vc_align_ wpb_content_element\">\n\t\t\n\t\t<figure class=\"wpb_wrapper vc_figure\">\n\t\t\t<div class=\"vc_single_image-wrapper   vc_box_border_grey\"><img loading=\"lazy\" decoding=\"async\" width=\"450\" height=\"700\" src=\"https:\/\/www.paramente.net\/wp-content\/uploads\/2020\/12\/Details-2.jpg\" class=\"vc_single_image-img attachment-full\" alt=\"\" title=\"Dettagli (2)\" srcset=\"https:\/\/www.paramente.net\/wp-content\/uploads\/2020\/12\/Details-2.jpg 450w, https:\/\/www.paramente.net\/wp-content\/uploads\/2020\/12\/Details-2-193x300.jpg 193w, https:\/\/www.paramente.net\/wp-content\/uploads\/2020\/12\/Details-2-8x12.jpg 8w, https:\/\/www.paramente.net\/wp-content\/uploads\/2020\/12\/Details-2-300x467.jpg 300w\" sizes=\"auto, (max-width: 450px) 100vw, 450px\" \/><\/div>\n\t\t<\/figure>\n\t<\/div>\n<\/div><\/div><\/div><\/div><\/div><\/div><\/div><div class=\"wpb_column vc_column_container vc_col-sm-6\"><div class=\"vc_column-inner\"><div class=\"wpb_wrapper\">\n\t<div  class=\"wpb_single_image wpb_content_element vc_align_ wpb_content_element\">\n\t\t\n\t\t<figure class=\"wpb_wrapper vc_figure\">\n\t\t\t<div class=\"vc_single_image-wrapper   vc_box_border_grey\"><img loading=\"lazy\" decoding=\"async\" width=\"450\" height=\"700\" src=\"https:\/\/www.paramente.net\/wp-content\/uploads\/2020\/12\/Kasel-ohne-Futter-1.jpg\" class=\"vc_single_image-img attachment-full\" alt=\"\" title=\"Casula sfoderata (1)\" srcset=\"https:\/\/www.paramente.net\/wp-content\/uploads\/2020\/12\/Kasel-ohne-Futter-1.jpg 450w, https:\/\/www.paramente.net\/wp-content\/uploads\/2020\/12\/Kasel-ohne-Futter-1-193x300.jpg 193w, https:\/\/www.paramente.net\/wp-content\/uploads\/2020\/12\/Kasel-ohne-Futter-1-8x12.jpg 8w, https:\/\/www.paramente.net\/wp-content\/uploads\/2020\/12\/Kasel-ohne-Futter-1-300x467.jpg 300w\" sizes=\"auto, (max-width: 450px) 100vw, 450px\" \/><\/div>\n\t\t<\/figure>\n\t<\/div>\n<\/div><\/div><\/div><\/div><div class=\"vc_row wpb_row vc_row-fluid\"><div class=\"wpb_column vc_column_container vc_col-sm-6\"><div class=\"vc_column-inner\"><div class=\"wpb_wrapper\">\n\t<div  class=\"wpb_single_image wpb_content_element vc_align_ wpb_content_element\">\n\t\t\n\t\t<figure class=\"wpb_wrapper vc_figure\">\n\t\t\t<div class=\"vc_single_image-wrapper   vc_box_border_grey\"><img loading=\"lazy\" decoding=\"async\" width=\"450\" height=\"700\" src=\"https:\/\/www.paramente.net\/wp-content\/uploads\/2021\/01\/Namensschild-2.jpg\" class=\"vc_single_image-img attachment-full\" alt=\"\" title=\"Targhetta nominativa (2)\" srcset=\"https:\/\/www.paramente.net\/wp-content\/uploads\/2021\/01\/Namensschild-2.jpg 450w, https:\/\/www.paramente.net\/wp-content\/uploads\/2021\/01\/Namensschild-2-193x300.jpg 193w, https:\/\/www.paramente.net\/wp-content\/uploads\/2021\/01\/Namensschild-2-8x12.jpg 8w, https:\/\/www.paramente.net\/wp-content\/uploads\/2021\/01\/Namensschild-2-300x467.jpg 300w\" sizes=\"auto, (max-width: 450px) 100vw, 450px\" \/><\/div>\n\t\t<\/figure>\n\t<\/div>\n<\/div><\/div><\/div><div class=\"wpb_column vc_column_container vc_col-sm-6\"><div class=\"vc_column-inner\"><div class=\"wpb_wrapper\">\n\t<div class=\"wpb_text_column wpb_content_element\" >\n\t\t<div class=\"wpb_wrapper\">\n\t\t\t<h2>Individualit\u00e0 nonostante grandi quantit\u00e0<\/h2>\n<p><span style=\"font-size: 16px;\">Una delle prime idee \u00e8 stata quella di dotare ogni capo di abbigliamento di un&#039;etichetta con il nome per chi lo indossa. Dopo le prime considerazioni con le solite etichette tessute, \u00e8 apparso chiaro che questo sarebbe finito in un insieme di segni poco accattivanti. Cos\u00ec \u00e8 nata l&#039;idea di stampare il segno utilizzando la stessa tecnica dei bastoncini. Per i sacerdoti e i diaconi sono stati creati segni individuali che personalizzano la veste.<\/span><\/p>\n<h1><\/h1>\n\n\t\t<\/div>\n\t<\/div>\n<\/div><\/div><\/div><\/div><div class=\"vc_row wpb_row vc_row-fluid\"><div class=\"wpb_column vc_column_container vc_col-sm-12\"><div class=\"vc_column-inner\"><div class=\"wpb_wrapper\">\n\t<div class=\"wpb_text_column wpb_content_element\" >\n\t\t<div class=\"wpb_wrapper\">\n\t\t\t<p><span style=\"font-size: 16px;\">Le dalmatiche hanno un design classico con strisce clave. Materiale e lavorazione sono identici alla casula.<\/span><\/p>\n\n\t\t<\/div>\n\t<\/div>\n<\/div><\/div><\/div><\/div><div class=\"vc_row wpb_row vc_row-fluid\"><div class=\"wpb_column vc_column_container vc_col-sm-6\"><div class=\"vc_column-inner\"><div class=\"wpb_wrapper\">\n\t<div  class=\"wpb_single_image wpb_content_element vc_align_ wpb_content_element\">\n\t\t\n\t\t<figure class=\"wpb_wrapper vc_figure\">\n\t\t\t<div class=\"vc_single_image-wrapper   vc_box_border_grey\"><img loading=\"lazy\" decoding=\"async\" width=\"450\" height=\"700\" src=\"https:\/\/www.paramente.net\/wp-content\/uploads\/2020\/12\/Dalmatik-ohne-Futter-1.jpg\" class=\"vc_single_image-img attachment-full\" alt=\"\" title=\"Dalmatik senza fodera (1)\" srcset=\"https:\/\/www.paramente.net\/wp-content\/uploads\/2020\/12\/Dalmatik-ohne-Futter-1.jpg 450w, https:\/\/www.paramente.net\/wp-content\/uploads\/2020\/12\/Dalmatik-ohne-Futter-1-193x300.jpg 193w, https:\/\/www.paramente.net\/wp-content\/uploads\/2020\/12\/Dalmatik-ohne-Futter-1-8x12.jpg 8w, https:\/\/www.paramente.net\/wp-content\/uploads\/2020\/12\/Dalmatik-ohne-Futter-1-300x467.jpg 300w\" sizes=\"auto, (max-width: 450px) 100vw, 450px\" \/><\/div>\n\t\t<\/figure>\n\t<\/div>\n<\/div><\/div><\/div><div class=\"wpb_column vc_column_container vc_col-sm-6\"><div class=\"vc_column-inner\"><div class=\"wpb_wrapper\">\n\t<div  class=\"wpb_single_image wpb_content_element vc_align_ wpb_content_element\">\n\t\t\n\t\t<figure class=\"wpb_wrapper vc_figure\">\n\t\t\t<div class=\"vc_single_image-wrapper   vc_box_border_grey\"><img loading=\"lazy\" decoding=\"async\" width=\"450\" height=\"700\" src=\"https:\/\/www.paramente.net\/wp-content\/uploads\/2020\/12\/Dalmatik-ohne-Futter-2.jpg\" class=\"vc_single_image-img attachment-full\" alt=\"\" title=\"Dalmatik senza fodera (2)\" srcset=\"https:\/\/www.paramente.net\/wp-content\/uploads\/2020\/12\/Dalmatik-ohne-Futter-2.jpg 450w, https:\/\/www.paramente.net\/wp-content\/uploads\/2020\/12\/Dalmatik-ohne-Futter-2-193x300.jpg 193w, https:\/\/www.paramente.net\/wp-content\/uploads\/2020\/12\/Dalmatik-ohne-Futter-2-8x12.jpg 8w, https:\/\/www.paramente.net\/wp-content\/uploads\/2020\/12\/Dalmatik-ohne-Futter-2-300x467.jpg 300w\" sizes=\"auto, (max-width: 450px) 100vw, 450px\" \/><\/div>\n\t\t<\/figure>\n\t<\/div>\n<\/div><\/div><\/div><\/div>\n<\/div>","protected":false},"excerpt":{"rendered":"Bistumsornat einheitliche Kaseln und Dalmatiken f\u00fcr alle Priester und Diakone des Erzbistums Hamburg Der Bistumsornat f\u00fcr das Erzbistum Hamburg ist die Grundlage f\u00fcr eine einheitliche Konzelebration im gesamten Bistum. Dem gesamten Presbyterium und allen Diakonen soll erm\u00f6glicht werden sowohl auf Gemeinde-, Pfarrei-, Regional-, oder Bistumsebene die Heilige Messe mit einheitlichen Kaseln und Dalmatiken zu zelebrieren.&hellip;","protected":false},"author":2,"featured_media":0,"parent":0,"menu_order":0,"comment_status":"closed","ping_status":"closed","template":"","meta":{"footnotes":""},"class_list":["post-3622","page","type-page","status-publish","hentry","entry","no-media"],"yoast_head":"<!-- This site is optimized with the Yoast SEO plugin v27.4 - https:\/\/yoast.com\/product\/yoast-seo-wordpress\/ -->\n<title>Bistumsornat Erzbistum Hamburg - Clemens Jansen &amp; Co<\/title>\n<meta name=\"robots\" content=\"index, follow, max-snippet:-1, max-image-preview:large, max-video-preview:-1\" \/>\n<link rel=\"canonical\" href=\"https:\/\/www.paramente.net\/it\/bistumsornat-erzbistum-hamburg\/\" \/>\n<meta property=\"og:locale\" content=\"it_IT\" \/>\n<meta property=\"og:type\" content=\"article\" \/>\n<meta property=\"og:title\" content=\"Bistumsornat Erzbistum Hamburg - Clemens Jansen &amp; Co\" \/>\n<meta property=\"og:url\" content=\"https:\/\/www.paramente.net\/it\/bistumsornat-erzbistum-hamburg\/\" \/>\n<meta property=\"og:site_name\" content=\"Clemens Jansen &amp; Co\" \/>\n<meta property=\"article:modified_time\" content=\"2023-04-24T07:28:12+00:00\" \/>\n<meta name=\"twitter:card\" content=\"summary_large_image\" \/>\n<meta name=\"twitter:label1\" content=\"Tempo di lettura stimato\" \/>\n\t<meta name=\"twitter:data1\" content=\"2 minuti\" \/>\n<script type=\"application\/ld+json\" class=\"yoast-schema-graph\">{\"@context\":\"https:\\\/\\\/schema.org\",\"@graph\":[{\"@type\":\"WebPage\",\"@id\":\"https:\\\/\\\/www.paramente.net\\\/bistumsornat-erzbistum-hamburg\\\/\",\"url\":\"https:\\\/\\\/www.paramente.net\\\/bistumsornat-erzbistum-hamburg\\\/\",\"name\":\"Bistumsornat Erzbistum Hamburg - Clemens Jansen &amp; Co\",\"isPartOf\":{\"@id\":\"https:\\\/\\\/www.paramente.net\\\/#website\"},\"datePublished\":\"2020-12-20T10:09:44+00:00\",\"dateModified\":\"2023-04-24T07:28:12+00:00\",\"breadcrumb\":{\"@id\":\"https:\\\/\\\/www.paramente.net\\\/bistumsornat-erzbistum-hamburg\\\/#breadcrumb\"},\"inLanguage\":\"it-IT\",\"potentialAction\":[{\"@type\":\"ReadAction\",\"target\":[\"https:\\\/\\\/www.paramente.net\\\/bistumsornat-erzbistum-hamburg\\\/\"]}]},{\"@type\":\"BreadcrumbList\",\"@id\":\"https:\\\/\\\/www.paramente.net\\\/bistumsornat-erzbistum-hamburg\\\/#breadcrumb\",\"itemListElement\":[{\"@type\":\"ListItem\",\"position\":1,\"name\":\"Startseite\",\"item\":\"https:\\\/\\\/www.paramente.net\\\/\"},{\"@type\":\"ListItem\",\"position\":2,\"name\":\"Bistumsornat Erzbistum Hamburg\"}]},{\"@type\":\"WebSite\",\"@id\":\"https:\\\/\\\/www.paramente.net\\\/#website\",\"url\":\"https:\\\/\\\/www.paramente.net\\\/\",\"name\":\"Clemens Jansen & Co\",\"description\":\"Hersteller und Lieferant f\u00fcr individuellen Kirchenbedarf\",\"publisher\":{\"@id\":\"https:\\\/\\\/www.paramente.net\\\/#organization\"},\"potentialAction\":[{\"@type\":\"SearchAction\",\"target\":{\"@type\":\"EntryPoint\",\"urlTemplate\":\"https:\\\/\\\/www.paramente.net\\\/?s={search_term_string}\"},\"query-input\":{\"@type\":\"PropertyValueSpecification\",\"valueRequired\":true,\"valueName\":\"search_term_string\"}}],\"inLanguage\":\"it-IT\"},{\"@type\":\"Organization\",\"@id\":\"https:\\\/\\\/www.paramente.net\\\/#organization\",\"name\":\"Clemens Jansen & Co\",\"url\":\"https:\\\/\\\/www.paramente.net\\\/\",\"logo\":{\"@type\":\"ImageObject\",\"inLanguage\":\"it-IT\",\"@id\":\"https:\\\/\\\/www.paramente.net\\\/#\\\/schema\\\/logo\\\/image\\\/\",\"url\":\"https:\\\/\\\/www.paramente.net\\\/wp-content\\\/uploads\\\/2016\\\/11\\\/paramente-logo.png\",\"contentUrl\":\"https:\\\/\\\/www.paramente.net\\\/wp-content\\\/uploads\\\/2016\\\/11\\\/paramente-logo.png\",\"width\":162,\"height\":162,\"caption\":\"Clemens Jansen & Co\"},\"image\":{\"@id\":\"https:\\\/\\\/www.paramente.net\\\/#\\\/schema\\\/logo\\\/image\\\/\"}}]}<\/script>\n<!-- \/ Yoast SEO plugin. -->","yoast_head_json":{"title":"Abito diocesi dell&#039;arcidiocesi di Amburgo - Clemens Jansen &amp; Co","robots":{"index":"index","follow":"follow","max-snippet":"max-snippet:-1","max-image-preview":"max-image-preview:large","max-video-preview":"max-video-preview:-1"},"canonical":"https:\/\/www.paramente.net\/it\/bistumsornat-erzbistum-hamburg\/","og_locale":"it_IT","og_type":"article","og_title":"Bistumsornat Erzbistum Hamburg - Clemens Jansen &amp; Co","og_url":"https:\/\/www.paramente.net\/it\/bistumsornat-erzbistum-hamburg\/","og_site_name":"Clemens Jansen &amp; Co","article_modified_time":"2023-04-24T07:28:12+00:00","twitter_card":"summary_large_image","twitter_misc":{"Tempo di lettura stimato":"2 minuti"},"schema":{"@context":"https:\/\/schema.org","@graph":[{"@type":"WebPage","@id":"https:\/\/www.paramente.net\/bistumsornat-erzbistum-hamburg\/","url":"https:\/\/www.paramente.net\/bistumsornat-erzbistum-hamburg\/","name":"Abito diocesi dell&#039;arcidiocesi di Amburgo - Clemens Jansen &amp; Co","isPartOf":{"@id":"https:\/\/www.paramente.net\/#website"},"datePublished":"2020-12-20T10:09:44+00:00","dateModified":"2023-04-24T07:28:12+00:00","breadcrumb":{"@id":"https:\/\/www.paramente.net\/bistumsornat-erzbistum-hamburg\/#breadcrumb"},"inLanguage":"it-IT","potentialAction":[{"@type":"ReadAction","target":["https:\/\/www.paramente.net\/bistumsornat-erzbistum-hamburg\/"]}]},{"@type":"BreadcrumbList","@id":"https:\/\/www.paramente.net\/bistumsornat-erzbistum-hamburg\/#breadcrumb","itemListElement":[{"@type":"ListItem","position":1,"name":"Startseite","item":"https:\/\/www.paramente.net\/"},{"@type":"ListItem","position":2,"name":"Bistumsornat Erzbistum Hamburg"}]},{"@type":"WebSite","@id":"https:\/\/www.paramente.net\/#website","url":"https:\/\/www.paramente.net\/","name":"Clemens Jansen &amp; Co","description":"Produttore e fornitore per le singole esigenze della chiesa","publisher":{"@id":"https:\/\/www.paramente.net\/#organization"},"potentialAction":[{"@type":"SearchAction","target":{"@type":"EntryPoint","urlTemplate":"https:\/\/www.paramente.net\/?s={search_term_string}"},"query-input":{"@type":"PropertyValueSpecification","valueRequired":true,"valueName":"search_term_string"}}],"inLanguage":"it-IT"},{"@type":"Organization","@id":"https:\/\/www.paramente.net\/#organization","name":"Clemens Jansen &amp; Co","url":"https:\/\/www.paramente.net\/","logo":{"@type":"ImageObject","inLanguage":"it-IT","@id":"https:\/\/www.paramente.net\/#\/schema\/logo\/image\/","url":"https:\/\/www.paramente.net\/wp-content\/uploads\/2016\/11\/paramente-logo.png","contentUrl":"https:\/\/www.paramente.net\/wp-content\/uploads\/2016\/11\/paramente-logo.png","width":162,"height":162,"caption":"Clemens Jansen & Co"},"image":{"@id":"https:\/\/www.paramente.net\/#\/schema\/logo\/image\/"}}]}},"_links":{"self":[{"href":"https:\/\/www.paramente.net\/it\/wp-json\/wp\/v2\/pages\/3622","targetHints":{"allow":["GET"]}}],"collection":[{"href":"https:\/\/www.paramente.net\/it\/wp-json\/wp\/v2\/pages"}],"about":[{"href":"https:\/\/www.paramente.net\/it\/wp-json\/wp\/v2\/types\/page"}],"author":[{"embeddable":true,"href":"https:\/\/www.paramente.net\/it\/wp-json\/wp\/v2\/users\/2"}],"replies":[{"embeddable":true,"href":"https:\/\/www.paramente.net\/it\/wp-json\/wp\/v2\/comments?post=3622"}],"version-history":[{"count":5,"href":"https:\/\/www.paramente.net\/it\/wp-json\/wp\/v2\/pages\/3622\/revisions"}],"predecessor-version":[{"id":3721,"href":"https:\/\/www.paramente.net\/it\/wp-json\/wp\/v2\/pages\/3622\/revisions\/3721"}],"wp:attachment":[{"href":"https:\/\/www.paramente.net\/it\/wp-json\/wp\/v2\/media?parent=3622"}],"curies":[{"name":"wp","href":"https:\/\/api.w.org\/{rel}","templated":true}]}}