{"id":2684,"date":"2018-07-13T15:35:02","date_gmt":"2018-07-13T13:35:02","guid":{"rendered":"https:\/\/www.paramente.net\/?page_id=2684"},"modified":"2018-07-13T15:46:40","modified_gmt":"2018-07-13T13:46:40","slug":"restaurierung-paramente","status":"publish","type":"page","link":"https:\/\/www.paramente.net\/it\/restaurierung-paramente\/","title":{"rendered":"Restauro di paramenti"},"content":{"rendered":"<div class=\"wpb-content-wrapper\"><div class=\"vc_row wpb_row vc_row-fluid\"><div class=\"wpb_column vc_column_container vc_col-sm-12\"><div class=\"vc_column-inner\"><div class=\"wpb_wrapper\"><\/div><\/div><\/div>\n\t<div class=\"wpb_text_column wpb_content_element\" >\n\t\t<div class=\"wpb_wrapper\">\n\t\t\t<div class=\"vc_row wpb_row vc_row-fluid\"><\/div><div class=\"wpb_column vc_column_container vc_col-sm-12\"><div class=\"vc_column-inner\"><div class=\"wpb_wrapper\"><\/div><\/div><\/div>\n\t<div class=\"wpb_text_column wpb_content_element\" >\n\t\t<div class=\"wpb_wrapper\">\n\t\t\t\n\t\t<\/div>\n\t<\/div>\n<h2>casula barocca<\/h2>\n<p><span style=\"font-size: 18px;\">Durante un precedente restauro, queste bacchette sono state trasferite da una casula al taglio di violino basso a una casula nel taglio odierno. Per compensare la differenza di lunghezza tra i tagli, un pezzo \u00e8 stato attaccato all&#039;asta anteriore. Alla barra trasversale sul retro, le rappresentazioni evangelistiche della barra trasversale sono state tagliate e attaccate in basso per l&#039;estensione. Le barre sono state trasferite in un broccato sintetico.<\/span><\/p>\n<p><span style=\"font-size: 18px;\">L&#039;obiettivo ora era quello di tornare al taglio di violino basso originale. A tale scopo, le barre sono state completamente tagliate e il cerchio non originale \u00e8 stato rimosso. L&#039;intero ricamo \u00e8 stato controllato, fissato e integrato. I medaglioni degli evangelisti rimossi sono stati inseriti nella lista d&#039;oro e il personale della croce originale \u00e8 stato restaurato. Infine, le bacchette sono state collocate su una nuova casula in damasco contemporaneo nel taglio violino basso e foderata in raso di cotone.<\/span><\/p>\n<h2>In precedenza<\/h2>\n<p>&nbsp;<\/p>\n\n\t\t<\/div>\n\t<\/div>\n<\/div>\n<div class=\"vc_grid-container-wrapper vc_clearfix vc_grid-animation-none\">\n\t<div class=\"vc_grid-container vc_clearfix wpb_content_element vc_media_grid\" data-initial-loading-animation=\"none\" data-vc-grid-settings=\"{&quot;page_id&quot;:2684,&quot;style&quot;:&quot;all&quot;,&quot;action&quot;:&quot;vc_get_vc_grid_data&quot;,&quot;shortcode_id&quot;:&quot;1531489563513-eddd5c806556b653171a56b4fd0d5b01-3&quot;,&quot;tag&quot;:&quot;vc_media_grid&quot;}\" data-vc-request=\"https:\/\/www.paramente.net\/wp-admin\/admin-ajax.php\" data-vc-post-id=\"2684\" data-vc-public-nonce=\"dfbebac44a\">\n\t\t\n\t<\/div>\n<\/div>\n\t<div class=\"wpb_text_column wpb_content_element vc_custom_1519227114225\" >\n\t\t<div class=\"wpb_wrapper\">\n\t\t\t<div class=\"vc_row wpb_row vc_row-fluid\"><\/div><div class=\"wpb_column vc_column_container vc_col-sm-12\"><div class=\"vc_column-inner\"><div class=\"wpb_wrapper\"><\/div><\/div><\/div>\n\t<div class=\"wpb_text_column wpb_content_element\" >\n\t\t<div class=\"wpb_wrapper\">\n\t\t\t\n\t\t<\/div>\n\t<\/div>\n<h2>dopo<\/h2>\n\n\t\t<\/div>\n\t<\/div>\n\n<div class=\"vc_grid-container-wrapper vc_clearfix vc_grid-animation-fadeIn\">\n\t<div class=\"vc_grid-container vc_clearfix wpb_content_element vc_media_grid vc_custom_1483015671996\" data-initial-loading-animation=\"fadeIn\" data-vc-grid-settings=\"{&quot;page_id&quot;:2684,&quot;style&quot;:&quot;all&quot;,&quot;action&quot;:&quot;vc_get_vc_grid_data&quot;,&quot;shortcode_id&quot;:&quot;1531489563555-ff8980414a6dd6105d832a8779bf648b-6&quot;,&quot;tag&quot;:&quot;vc_media_grid&quot;}\" data-vc-request=\"https:\/\/www.paramente.net\/wp-admin\/admin-ajax.php\" data-vc-post-id=\"2684\" data-vc-public-nonce=\"dfbebac44a\">\n\t\t\n\t<\/div>\n<\/div>\n<\/div>","protected":false},"excerpt":{"rendered":"Bassgeige Diese St\u00e4be wurden bei einer vorherigen Restaurierung von einer Kasel in Bassgeigenschnitt auf eine Kasel im heutigen Schnitt \u00fcbertragen. Um den L\u00e4ngenunterschied der Schnitte auszugleichen wurde am Vorderstab ein St\u00fcck angesetzt. Beim Kreuzstab der R\u00fcckseite wurden die Evangelistendarstellungen des Querstabs abgetrennt und unten angesetzt zur Verl\u00e4ngerung. Die St\u00e4be wurden auf einen synthetischen Brokat \u00fcbertragen.&hellip;","protected":false},"author":2,"featured_media":0,"parent":0,"menu_order":0,"comment_status":"closed","ping_status":"closed","template":"","meta":{"footnotes":""},"class_list":["post-2684","page","type-page","status-publish","hentry","entry","no-media"],"yoast_head":"<!-- This site is optimized with the Yoast SEO plugin v27.5 - https:\/\/yoast.com\/product\/yoast-seo-wordpress\/ -->\n<title>Restaurierung Paramente - Clemens Jansen &amp; Co<\/title>\n<meta name=\"robots\" content=\"index, follow, max-snippet:-1, max-image-preview:large, max-video-preview:-1\" \/>\n<link rel=\"canonical\" href=\"https:\/\/www.paramente.net\/it\/restaurierung-paramente\/\" \/>\n<meta property=\"og:locale\" content=\"it_IT\" \/>\n<meta property=\"og:type\" content=\"article\" \/>\n<meta property=\"og:title\" content=\"Restaurierung Paramente - Clemens Jansen &amp; Co\" \/>\n<meta property=\"og:url\" content=\"https:\/\/www.paramente.net\/it\/restaurierung-paramente\/\" \/>\n<meta property=\"og:site_name\" content=\"Clemens Jansen &amp; Co\" \/>\n<meta property=\"article:modified_time\" content=\"2018-07-13T13:46:40+00:00\" \/>\n<meta name=\"twitter:card\" content=\"summary_large_image\" \/>\n<meta name=\"twitter:label1\" content=\"Tempo di lettura stimato\" \/>\n\t<meta name=\"twitter:data1\" content=\"1 minuto\" \/>\n<script type=\"application\/ld+json\" class=\"yoast-schema-graph\">{\"@context\":\"https:\\\/\\\/schema.org\",\"@graph\":[{\"@type\":\"WebPage\",\"@id\":\"https:\\\/\\\/www.paramente.net\\\/restaurierung-paramente\\\/\",\"url\":\"https:\\\/\\\/www.paramente.net\\\/restaurierung-paramente\\\/\",\"name\":\"Restaurierung Paramente - Clemens Jansen &amp; Co\",\"isPartOf\":{\"@id\":\"https:\\\/\\\/www.paramente.net\\\/#website\"},\"datePublished\":\"2018-07-13T13:35:02+00:00\",\"dateModified\":\"2018-07-13T13:46:40+00:00\",\"breadcrumb\":{\"@id\":\"https:\\\/\\\/www.paramente.net\\\/restaurierung-paramente\\\/#breadcrumb\"},\"inLanguage\":\"it-IT\",\"potentialAction\":[{\"@type\":\"ReadAction\",\"target\":[\"https:\\\/\\\/www.paramente.net\\\/restaurierung-paramente\\\/\"]}]},{\"@type\":\"BreadcrumbList\",\"@id\":\"https:\\\/\\\/www.paramente.net\\\/restaurierung-paramente\\\/#breadcrumb\",\"itemListElement\":[{\"@type\":\"ListItem\",\"position\":1,\"name\":\"Startseite\",\"item\":\"https:\\\/\\\/www.paramente.net\\\/\"},{\"@type\":\"ListItem\",\"position\":2,\"name\":\"Restaurierung Paramente\"}]},{\"@type\":\"WebSite\",\"@id\":\"https:\\\/\\\/www.paramente.net\\\/#website\",\"url\":\"https:\\\/\\\/www.paramente.net\\\/\",\"name\":\"Clemens Jansen & Co\",\"description\":\"Hersteller und Lieferant f\u00fcr individuellen Kirchenbedarf\",\"publisher\":{\"@id\":\"https:\\\/\\\/www.paramente.net\\\/#organization\"},\"potentialAction\":[{\"@type\":\"SearchAction\",\"target\":{\"@type\":\"EntryPoint\",\"urlTemplate\":\"https:\\\/\\\/www.paramente.net\\\/?s={search_term_string}\"},\"query-input\":{\"@type\":\"PropertyValueSpecification\",\"valueRequired\":true,\"valueName\":\"search_term_string\"}}],\"inLanguage\":\"it-IT\"},{\"@type\":\"Organization\",\"@id\":\"https:\\\/\\\/www.paramente.net\\\/#organization\",\"name\":\"Clemens Jansen & Co\",\"url\":\"https:\\\/\\\/www.paramente.net\\\/\",\"logo\":{\"@type\":\"ImageObject\",\"inLanguage\":\"it-IT\",\"@id\":\"https:\\\/\\\/www.paramente.net\\\/#\\\/schema\\\/logo\\\/image\\\/\",\"url\":\"https:\\\/\\\/www.paramente.net\\\/wp-content\\\/uploads\\\/2016\\\/11\\\/paramente-logo.png\",\"contentUrl\":\"https:\\\/\\\/www.paramente.net\\\/wp-content\\\/uploads\\\/2016\\\/11\\\/paramente-logo.png\",\"width\":162,\"height\":162,\"caption\":\"Clemens Jansen & Co\"},\"image\":{\"@id\":\"https:\\\/\\\/www.paramente.net\\\/#\\\/schema\\\/logo\\\/image\\\/\"}}]}<\/script>\n<!-- \/ Yoast SEO plugin. -->","yoast_head_json":{"title":"Restauro di paramenti - Clemens Jansen &amp; Co","robots":{"index":"index","follow":"follow","max-snippet":"max-snippet:-1","max-image-preview":"max-image-preview:large","max-video-preview":"max-video-preview:-1"},"canonical":"https:\/\/www.paramente.net\/it\/restaurierung-paramente\/","og_locale":"it_IT","og_type":"article","og_title":"Restaurierung Paramente - Clemens Jansen &amp; Co","og_url":"https:\/\/www.paramente.net\/it\/restaurierung-paramente\/","og_site_name":"Clemens Jansen &amp; Co","article_modified_time":"2018-07-13T13:46:40+00:00","twitter_card":"summary_large_image","twitter_misc":{"Tempo di lettura stimato":"1 minuto"},"schema":{"@context":"https:\/\/schema.org","@graph":[{"@type":"WebPage","@id":"https:\/\/www.paramente.net\/restaurierung-paramente\/","url":"https:\/\/www.paramente.net\/restaurierung-paramente\/","name":"Restauro di paramenti - Clemens Jansen &amp; Co","isPartOf":{"@id":"https:\/\/www.paramente.net\/#website"},"datePublished":"2018-07-13T13:35:02+00:00","dateModified":"2018-07-13T13:46:40+00:00","breadcrumb":{"@id":"https:\/\/www.paramente.net\/restaurierung-paramente\/#breadcrumb"},"inLanguage":"it-IT","potentialAction":[{"@type":"ReadAction","target":["https:\/\/www.paramente.net\/restaurierung-paramente\/"]}]},{"@type":"BreadcrumbList","@id":"https:\/\/www.paramente.net\/restaurierung-paramente\/#breadcrumb","itemListElement":[{"@type":"ListItem","position":1,"name":"Startseite","item":"https:\/\/www.paramente.net\/"},{"@type":"ListItem","position":2,"name":"Restaurierung Paramente"}]},{"@type":"WebSite","@id":"https:\/\/www.paramente.net\/#website","url":"https:\/\/www.paramente.net\/","name":"Clemens Jansen &amp; Co","description":"Produttore e fornitore per le singole esigenze della chiesa","publisher":{"@id":"https:\/\/www.paramente.net\/#organization"},"potentialAction":[{"@type":"SearchAction","target":{"@type":"EntryPoint","urlTemplate":"https:\/\/www.paramente.net\/?s={search_term_string}"},"query-input":{"@type":"PropertyValueSpecification","valueRequired":true,"valueName":"search_term_string"}}],"inLanguage":"it-IT"},{"@type":"Organization","@id":"https:\/\/www.paramente.net\/#organization","name":"Clemens Jansen &amp; Co","url":"https:\/\/www.paramente.net\/","logo":{"@type":"ImageObject","inLanguage":"it-IT","@id":"https:\/\/www.paramente.net\/#\/schema\/logo\/image\/","url":"https:\/\/www.paramente.net\/wp-content\/uploads\/2016\/11\/paramente-logo.png","contentUrl":"https:\/\/www.paramente.net\/wp-content\/uploads\/2016\/11\/paramente-logo.png","width":162,"height":162,"caption":"Clemens Jansen & Co"},"image":{"@id":"https:\/\/www.paramente.net\/#\/schema\/logo\/image\/"}}]}},"_links":{"self":[{"href":"https:\/\/www.paramente.net\/it\/wp-json\/wp\/v2\/pages\/2684","targetHints":{"allow":["GET"]}}],"collection":[{"href":"https:\/\/www.paramente.net\/it\/wp-json\/wp\/v2\/pages"}],"about":[{"href":"https:\/\/www.paramente.net\/it\/wp-json\/wp\/v2\/types\/page"}],"author":[{"embeddable":true,"href":"https:\/\/www.paramente.net\/it\/wp-json\/wp\/v2\/users\/2"}],"replies":[{"embeddable":true,"href":"https:\/\/www.paramente.net\/it\/wp-json\/wp\/v2\/comments?post=2684"}],"version-history":[{"count":5,"href":"https:\/\/www.paramente.net\/it\/wp-json\/wp\/v2\/pages\/2684\/revisions"}],"predecessor-version":[{"id":2694,"href":"https:\/\/www.paramente.net\/it\/wp-json\/wp\/v2\/pages\/2684\/revisions\/2694"}],"wp:attachment":[{"href":"https:\/\/www.paramente.net\/it\/wp-json\/wp\/v2\/media?parent=2684"}],"curies":[{"name":"wp","href":"https:\/\/api.w.org\/{rel}","templated":true}]}}