{"id":1905,"date":"2016-11-27T03:24:40","date_gmt":"2016-11-27T01:24:40","guid":{"rendered":"http:\/\/neu.paramente.net\/?page_id=1905"},"modified":"2022-03-29T16:32:08","modified_gmt":"2022-03-29T14:32:08","slug":"ludwig-schaffrath","status":"publish","type":"page","link":"https:\/\/www.paramente.net\/it\/ludwig-schaffrath\/","title":{"rendered":"Ludwig Schaffrath"},"content":{"rendered":"<p><span style=\"font-size: 18px;\"><strong><span style=\"color: #8e1022;\">1924<\/span><\/strong><\/span><br \/>\n<span style=\"font-size: 18px;\"> nato ad Alsdorf<\/span><\/p>\n<p><span style=\"color: #8e1022; font-size: 18px;\"><strong>1946-47<\/strong> <\/span><br \/>\n<span style=\"font-size: 18px;\"> Schl\u00fcterschule a Nienborg Heek<\/span><\/p>\n<p><span style=\"color: #8e1022; font-size: 18px;\"><strong>1947-54<\/strong> <\/span><br \/>\n<span style=\"font-size: 18px;\"> Attivit\u00e0 di insegnamento come assistente e lavoro come dipendente del Prof. Anton Wendling presso la Rheinisch-Westf\u00e4lische Techn. Hochschule Aachen, dipartimento di architettura, cattedra di disegno a mano libera<\/span><\/p>\n<p><span style=\"font-size: 18px;\"><strong><span style=\"color: #8e1022;\">1975<\/span><\/strong><\/span><br \/>\n<span style=\"font-size: 18px;\"> Docente alla Burleighfield House di Loudwater, in Inghilterra, alla guida della master class; Docente su invito del British Craft Council in Inghilterra, Galles e Scozia<\/span><\/p>\n<p><span style=\"font-size: 18px;\"><strong><span style=\"color: #8e1022;\">1976-88<\/span> <\/strong><\/span><br \/>\n<span style=\"font-size: 18px;\"> Docente a Berkeley e Pilchuk, docente negli Stati Uniti<\/span><\/p>\n<p><span style=\"font-size: 18px;\"><strong><span style=\"color: #8e1022;\">1981<\/span><\/strong><\/span><br \/>\n<span style=\"font-size: 18px;\"> Docente presso l&#039;Universit\u00e0 di Adelaide e il Caulfield Institute of Technology di Melbourne; Tiene lezioni in Australia su invito del Goethe-Institut e del Crafts Board of Australia Council<\/span><\/p>\n<p><span style=\"font-size: 18px;\"><strong><span style=\"color: #8e1022;\">1981-84, 1997<\/span> <\/strong><\/span><br \/>\n<span style=\"font-size: 18px;\"> Insegnamento a Tokyo, Kyoto, Okinawa, Osaka; Tenendo conferenze in Giappone<\/span><\/p>\n<p><span style=\"font-size: 18px;\"><strong><span style=\"color: #8e1022;\">1985-93<\/span> <\/strong><\/span><br \/>\n<span style=\"font-size: 18px;\"> Professore all&#039;Accademia statale di belle arti di Stoccarda.<\/span><\/p>\n<p><span style=\"font-size: 18px;\"><strong><span style=\"color: #8e1022;\">1993 -2011<\/span> <\/strong><\/span><br \/>\n<span style=\"font-size: 18px;\"> Libero professionista ad Alsorf.<\/span><\/p>\n<p><span style=\"font-size: 18px; color: #8e1022;\"><strong>\u2020 2011<\/strong><\/span><\/p>","protected":false},"excerpt":{"rendered":"<p>1924 nato ad Alsdorf 1946-47 Schl\u00fcterschule a Nienborg &amp; #8211; Heek 1947-54 incarico di insegnante come assistente del Prof. Anton Wendling presso la Rheinisch-Westf\u00e4lische Techn. Hochschule Aachen, dipartimento di architettura, cattedra di disegno a mano libera 1975 incarico di insegnante presso Burleighfield House a Loudwater, Inghilterra, capo della classe di specializzazione; Lezioni su invito del British Craft Council in Inghilterra, Galles e Scozia...<\/p>","protected":false},"author":1,"featured_media":0,"parent":0,"menu_order":0,"comment_status":"closed","ping_status":"closed","template":"","meta":{"footnotes":""},"class_list":["post-1905","page","type-page","status-publish","hentry","entry","no-media"],"yoast_head":"<!-- This site is optimized with the Yoast SEO plugin v27.4 - https:\/\/yoast.com\/product\/yoast-seo-wordpress\/ -->\n<title>Ludwig Schaffrath - Clemens Jansen &amp; Co<\/title>\n<meta name=\"robots\" content=\"index, follow, max-snippet:-1, max-image-preview:large, max-video-preview:-1\" \/>\n<link rel=\"canonical\" href=\"https:\/\/www.paramente.net\/it\/ludwig-schaffrath\/\" \/>\n<meta property=\"og:locale\" content=\"it_IT\" \/>\n<meta property=\"og:type\" content=\"article\" \/>\n<meta property=\"og:title\" content=\"Ludwig Schaffrath - Clemens Jansen &amp; Co\" \/>\n<meta property=\"og:description\" content=\"1924 geboren in Alsdorf 1946-47 Schl\u00fcterschule in Nienborg &#8211; Heek 1947-54 Lehrt\u00e4tigkeit als Assistent und T\u00e4tigkeit als Mitarbeiter von Prof. Anton Wendling an der Rheinisch-Westf\u00e4lischen Techn. Hochschule Aachen, Architekturabteilung, Lehrstuhl f\u00fcr Freihandzeichnen 1975 Lehrt\u00e4tigkeit am Burleighfield House in Loudwater, England, Leitung der Master-class; Vortragst\u00e4tigkeit auf Einladung des British Craft Council in England, Wales und Schottland&hellip;\" \/>\n<meta property=\"og:url\" content=\"https:\/\/www.paramente.net\/it\/ludwig-schaffrath\/\" \/>\n<meta property=\"og:site_name\" content=\"Clemens Jansen &amp; Co\" \/>\n<meta property=\"article:modified_time\" content=\"2022-03-29T14:32:08+00:00\" \/>\n<meta name=\"twitter:card\" content=\"summary_large_image\" \/>\n<meta name=\"twitter:label1\" content=\"Tempo di lettura stimato\" \/>\n\t<meta name=\"twitter:data1\" content=\"1 minuto\" \/>\n<script type=\"application\/ld+json\" class=\"yoast-schema-graph\">{\"@context\":\"https:\\\/\\\/schema.org\",\"@graph\":[{\"@type\":\"WebPage\",\"@id\":\"https:\\\/\\\/www.paramente.net\\\/ludwig-schaffrath\\\/\",\"url\":\"https:\\\/\\\/www.paramente.net\\\/ludwig-schaffrath\\\/\",\"name\":\"Ludwig Schaffrath - Clemens Jansen &amp; Co\",\"isPartOf\":{\"@id\":\"https:\\\/\\\/www.paramente.net\\\/#website\"},\"datePublished\":\"2016-11-27T01:24:40+00:00\",\"dateModified\":\"2022-03-29T14:32:08+00:00\",\"breadcrumb\":{\"@id\":\"https:\\\/\\\/www.paramente.net\\\/ludwig-schaffrath\\\/#breadcrumb\"},\"inLanguage\":\"it-IT\",\"potentialAction\":[{\"@type\":\"ReadAction\",\"target\":[\"https:\\\/\\\/www.paramente.net\\\/ludwig-schaffrath\\\/\"]}]},{\"@type\":\"BreadcrumbList\",\"@id\":\"https:\\\/\\\/www.paramente.net\\\/ludwig-schaffrath\\\/#breadcrumb\",\"itemListElement\":[{\"@type\":\"ListItem\",\"position\":1,\"name\":\"Startseite\",\"item\":\"https:\\\/\\\/www.paramente.net\\\/\"},{\"@type\":\"ListItem\",\"position\":2,\"name\":\"Ludwig Schaffrath\"}]},{\"@type\":\"WebSite\",\"@id\":\"https:\\\/\\\/www.paramente.net\\\/#website\",\"url\":\"https:\\\/\\\/www.paramente.net\\\/\",\"name\":\"Clemens Jansen & Co\",\"description\":\"Hersteller und Lieferant f\u00fcr individuellen Kirchenbedarf\",\"publisher\":{\"@id\":\"https:\\\/\\\/www.paramente.net\\\/#organization\"},\"potentialAction\":[{\"@type\":\"SearchAction\",\"target\":{\"@type\":\"EntryPoint\",\"urlTemplate\":\"https:\\\/\\\/www.paramente.net\\\/?s={search_term_string}\"},\"query-input\":{\"@type\":\"PropertyValueSpecification\",\"valueRequired\":true,\"valueName\":\"search_term_string\"}}],\"inLanguage\":\"it-IT\"},{\"@type\":\"Organization\",\"@id\":\"https:\\\/\\\/www.paramente.net\\\/#organization\",\"name\":\"Clemens Jansen & Co\",\"url\":\"https:\\\/\\\/www.paramente.net\\\/\",\"logo\":{\"@type\":\"ImageObject\",\"inLanguage\":\"it-IT\",\"@id\":\"https:\\\/\\\/www.paramente.net\\\/#\\\/schema\\\/logo\\\/image\\\/\",\"url\":\"https:\\\/\\\/www.paramente.net\\\/wp-content\\\/uploads\\\/2016\\\/11\\\/paramente-logo.png\",\"contentUrl\":\"https:\\\/\\\/www.paramente.net\\\/wp-content\\\/uploads\\\/2016\\\/11\\\/paramente-logo.png\",\"width\":162,\"height\":162,\"caption\":\"Clemens Jansen & Co\"},\"image\":{\"@id\":\"https:\\\/\\\/www.paramente.net\\\/#\\\/schema\\\/logo\\\/image\\\/\"}}]}<\/script>\n<!-- \/ Yoast SEO plugin. -->","yoast_head_json":{"title":"Ludwig Schaffrath - Clemens Jansen &amp; Co","robots":{"index":"index","follow":"follow","max-snippet":"max-snippet:-1","max-image-preview":"max-image-preview:large","max-video-preview":"max-video-preview:-1"},"canonical":"https:\/\/www.paramente.net\/it\/ludwig-schaffrath\/","og_locale":"it_IT","og_type":"article","og_title":"Ludwig Schaffrath - Clemens Jansen &amp; Co","og_description":"1924 geboren in Alsdorf 1946-47 Schl\u00fcterschule in Nienborg &#8211; Heek 1947-54 Lehrt\u00e4tigkeit als Assistent und T\u00e4tigkeit als Mitarbeiter von Prof. Anton Wendling an der Rheinisch-Westf\u00e4lischen Techn. Hochschule Aachen, Architekturabteilung, Lehrstuhl f\u00fcr Freihandzeichnen 1975 Lehrt\u00e4tigkeit am Burleighfield House in Loudwater, England, Leitung der Master-class; Vortragst\u00e4tigkeit auf Einladung des British Craft Council in England, Wales und Schottland&hellip;","og_url":"https:\/\/www.paramente.net\/it\/ludwig-schaffrath\/","og_site_name":"Clemens Jansen &amp; Co","article_modified_time":"2022-03-29T14:32:08+00:00","twitter_card":"summary_large_image","twitter_misc":{"Tempo di lettura stimato":"1 minuto"},"schema":{"@context":"https:\/\/schema.org","@graph":[{"@type":"WebPage","@id":"https:\/\/www.paramente.net\/ludwig-schaffrath\/","url":"https:\/\/www.paramente.net\/ludwig-schaffrath\/","name":"Ludwig Schaffrath - Clemens Jansen &amp; Co","isPartOf":{"@id":"https:\/\/www.paramente.net\/#website"},"datePublished":"2016-11-27T01:24:40+00:00","dateModified":"2022-03-29T14:32:08+00:00","breadcrumb":{"@id":"https:\/\/www.paramente.net\/ludwig-schaffrath\/#breadcrumb"},"inLanguage":"it-IT","potentialAction":[{"@type":"ReadAction","target":["https:\/\/www.paramente.net\/ludwig-schaffrath\/"]}]},{"@type":"BreadcrumbList","@id":"https:\/\/www.paramente.net\/ludwig-schaffrath\/#breadcrumb","itemListElement":[{"@type":"ListItem","position":1,"name":"Startseite","item":"https:\/\/www.paramente.net\/"},{"@type":"ListItem","position":2,"name":"Ludwig Schaffrath"}]},{"@type":"WebSite","@id":"https:\/\/www.paramente.net\/#website","url":"https:\/\/www.paramente.net\/","name":"Clemens Jansen &amp; Co","description":"Produttore e fornitore per le singole esigenze della chiesa","publisher":{"@id":"https:\/\/www.paramente.net\/#organization"},"potentialAction":[{"@type":"SearchAction","target":{"@type":"EntryPoint","urlTemplate":"https:\/\/www.paramente.net\/?s={search_term_string}"},"query-input":{"@type":"PropertyValueSpecification","valueRequired":true,"valueName":"search_term_string"}}],"inLanguage":"it-IT"},{"@type":"Organization","@id":"https:\/\/www.paramente.net\/#organization","name":"Clemens Jansen &amp; Co","url":"https:\/\/www.paramente.net\/","logo":{"@type":"ImageObject","inLanguage":"it-IT","@id":"https:\/\/www.paramente.net\/#\/schema\/logo\/image\/","url":"https:\/\/www.paramente.net\/wp-content\/uploads\/2016\/11\/paramente-logo.png","contentUrl":"https:\/\/www.paramente.net\/wp-content\/uploads\/2016\/11\/paramente-logo.png","width":162,"height":162,"caption":"Clemens Jansen & Co"},"image":{"@id":"https:\/\/www.paramente.net\/#\/schema\/logo\/image\/"}}]}},"_links":{"self":[{"href":"https:\/\/www.paramente.net\/it\/wp-json\/wp\/v2\/pages\/1905","targetHints":{"allow":["GET"]}}],"collection":[{"href":"https:\/\/www.paramente.net\/it\/wp-json\/wp\/v2\/pages"}],"about":[{"href":"https:\/\/www.paramente.net\/it\/wp-json\/wp\/v2\/types\/page"}],"author":[{"embeddable":true,"href":"https:\/\/www.paramente.net\/it\/wp-json\/wp\/v2\/users\/1"}],"replies":[{"embeddable":true,"href":"https:\/\/www.paramente.net\/it\/wp-json\/wp\/v2\/comments?post=1905"}],"version-history":[{"count":4,"href":"https:\/\/www.paramente.net\/it\/wp-json\/wp\/v2\/pages\/1905\/revisions"}],"predecessor-version":[{"id":4286,"href":"https:\/\/www.paramente.net\/it\/wp-json\/wp\/v2\/pages\/1905\/revisions\/4286"}],"wp:attachment":[{"href":"https:\/\/www.paramente.net\/it\/wp-json\/wp\/v2\/media?parent=1905"}],"curies":[{"name":"wp","href":"https:\/\/api.w.org\/{rel}","templated":true}]}}