{"id":1899,"date":"2016-11-27T03:10:25","date_gmt":"2016-11-27T01:10:25","guid":{"rendered":"http:\/\/neu.paramente.net\/?page_id=1899"},"modified":"2020-09-18T10:57:17","modified_gmt":"2020-09-18T08:57:17","slug":"reinigung","status":"publish","type":"page","link":"https:\/\/www.paramente.net\/it\/reinigung\/","title":{"rendered":"Pulizia e riparazione"},"content":{"rendered":"<div class=\"wpb-content-wrapper\"><div class=\"vc_row wpb_row vc_row-fluid\"><div class=\"wpb_column vc_column_container vc_col-sm-12\"><div class=\"vc_column-inner\"><div class=\"wpb_wrapper\">\n\t<div class=\"wpb_text_column wpb_content_element\" >\n\t\t<div class=\"wpb_wrapper\">\n\t\t\t<h2>Purificazione e riparazione dei paramenti liturgici<\/h2>\n\n\t\t<\/div>\n\t<\/div>\n<\/div><\/div><\/div><\/div><div class=\"vc_row wpb_row vc_row-fluid\"><div class=\"wpb_column vc_column_container vc_col-sm-12\"><div class=\"vc_column-inner\"><div class=\"wpb_wrapper\">\n\t<div class=\"wpb_text_column wpb_content_element\" >\n\t\t<div class=\"wpb_wrapper\">\n\t\t\t<p><span style=\"font-size: 18px;\">I paramenti liturgici sono per lo pi\u00f9 realizzati con tessuti e materiali di alta qualit\u00e0 che richiedono cure speciali.<\/span><\/p>\n<p><span style=\"font-size: 18px;\">Il lavaggio a secco viene eseguito individualmente per ogni capo, in modo che tessuti e ricami non possano sfregare l&#039;uno contro l&#039;altro. Per mantenere il carico meccanico il pi\u00f9 basso possibile, non vengono lanciati, ma solo spostati leggermente.<\/span><\/p>\n<p><span style=\"font-size: 18px;\">Alcune macchie non possono essere rimosse con il normale processo di pulizia e richiedono un trattamento speciale, che viene eseguito parzialmente. \u00c8 possibile che alcune impurit\u00e0 non possano pi\u00f9 essere rimosse. Questi di solito sono rimasti nel tessuto per troppo tempo o sono gi\u00e0 stati trattati in modo errato e sono stati quindi riparati (molto spesso con macchie di cera stirate).<\/span><\/p>\n\n\t\t<\/div>\n\t<\/div>\n\n\t<div class=\"wpb_text_column wpb_content_element\" >\n\t\t<div class=\"wpb_wrapper\">\n\t\t\t<h2 class=\"p1\"><span class=\"s1\">Processo di pulizia<\/span><\/h2>\n\n\t\t<\/div>\n\t<\/div>\n\n<div class=\"vc_grid-container-wrapper vc_clearfix vc_grid-animation-none\">\n\t<div class=\"vc_grid-container vc_clearfix wpb_content_element vc_media_grid vc_custom_1489892522704\" data-initial-loading-animation=\"none\" data-vc-grid-settings=\"{&quot;page_id&quot;:1899,&quot;style&quot;:&quot;all&quot;,&quot;action&quot;:&quot;vc_get_vc_grid_data&quot;,&quot;shortcode_id&quot;:&quot;1600419411968-24d2571ca2e564665d042573163f14f4-9&quot;,&quot;tag&quot;:&quot;vc_media_grid&quot;}\" data-vc-request=\"https:\/\/www.paramente.net\/wp-admin\/admin-ajax.php\" data-vc-post-id=\"1899\" data-vc-public-nonce=\"dfbebac44a\">\n\t\t\n\t<\/div>\n<\/div>\n\t<div class=\"wpb_text_column wpb_content_element\" >\n\t\t<div class=\"wpb_wrapper\">\n\t\t\t<h2>riparazione<\/h2>\n<p><span style=\"font-size: 18px;\">Dopo la pulizia, i capi vengono completamente controllati e controllati nel nostro atelier e vengono effettuate le riparazioni necessarie.<\/span><\/p>\n<p><span style=\"font-size: 18px;\">Questi includono le seguenti attivit\u00e0 comuni:<\/span><\/p>\n<ul>\n<li><span style=\"font-size: 18px;\">Correggere, pinzare e decorare la fodera<\/span><\/li>\n<li><span style=\"font-size: 18px;\">Lavorare una sottoveste dall&#039;interno o sostituire quella vecchia (per rimuovere le aree scolorite o usurate sulla scollatura e sulla fodera)<\/span><\/li>\n<li><span style=\"font-size: 18px;\">Rinnova il colletto o la cerniera<\/span><\/li>\n<li><span style=\"font-size: 18px;\">Rimuovi il colletto e le cerniere<\/span><\/li>\n<li><span style=\"font-size: 18px;\">Lavorare pi\u00f9 stretto tutt&#039;intorno per rimuovere un bordo usurato<\/span><\/li>\n<li><span style=\"font-size: 18px;\">Attacca e aggiungi ricami e applicazioni<\/span><\/li>\n<li><span style=\"font-size: 18px;\">Rielabora e rinforza le cuciture<\/span><\/li>\n<li><span style=\"font-size: 18px;\">eccetera\u2026.<\/span><\/li>\n<\/ul>\n<p><span style=\"font-size: 18px;\">Il lavoro necessario verr\u00e0 addebitato in base allo sforzo. \u00c8 difficile calcolarlo prima della pulizia, poich\u00e9 alcune riparazioni diventano visibili solo dopo la pulizia.<\/span><\/p>\n<p><span style=\"font-size: 18px;\">La maggior parte dei paramenti sono fatti di una qualit\u00e0 cos\u00ec alta che ne vale la pena. Se lo sforzo non \u00e8 proporzionato alla qualit\u00e0, lo segnaleremo.<\/span><\/p>\n\n\t\t<\/div>\n\t<\/div>\n<\/div><\/div><\/div><\/div><div class=\"vc_row wpb_row vc_row-fluid\"><div class=\"wpb_column vc_column_container vc_col-sm-6\"><div class=\"vc_column-inner\"><div class=\"wpb_wrapper\">\n\t<div class=\"wpb_text_column wpb_content_element vc_custom_1519224798443\" >\n\t\t<div class=\"wpb_wrapper\">\n\t\t\t<h2>In precedenza<\/h2>\n\n\t\t<\/div>\n\t<\/div>\n\n<div class=\"vc_grid-container-wrapper vc_clearfix vc_grid-animation-fadeIn\">\n\t<div class=\"vc_grid-container vc_clearfix wpb_content_element vc_media_grid\" data-initial-loading-animation=\"fadeIn\" data-vc-grid-settings=\"{&quot;page_id&quot;:1899,&quot;style&quot;:&quot;all&quot;,&quot;action&quot;:&quot;vc_get_vc_grid_data&quot;,&quot;shortcode_id&quot;:&quot;1600419412157-05b56e2ca7be92d45673c39c1c550bf4-9&quot;,&quot;tag&quot;:&quot;vc_media_grid&quot;}\" data-vc-request=\"https:\/\/www.paramente.net\/wp-admin\/admin-ajax.php\" data-vc-post-id=\"1899\" data-vc-public-nonce=\"dfbebac44a\">\n\t\t\n\t<\/div>\n<\/div><\/div><\/div><\/div><div class=\"wpb_column vc_column_container vc_col-sm-6\"><div class=\"vc_column-inner\"><div class=\"wpb_wrapper\">\n\t<div class=\"wpb_text_column wpb_content_element vc_custom_1519224831041\" >\n\t\t<div class=\"wpb_wrapper\">\n\t\t\t<h2>dopo<\/h2>\n\n\t\t<\/div>\n\t<\/div>\n\n<div class=\"vc_grid-container-wrapper vc_clearfix vc_grid-animation-fadeIn\">\n\t<div class=\"vc_grid-container vc_clearfix wpb_content_element vc_media_grid\" data-initial-loading-animation=\"fadeIn\" data-vc-grid-settings=\"{&quot;page_id&quot;:1899,&quot;style&quot;:&quot;all&quot;,&quot;action&quot;:&quot;vc_get_vc_grid_data&quot;,&quot;shortcode_id&quot;:&quot;1600419412285-d5bd5a84f06d444ae41bfeb6bdbc9020-3&quot;,&quot;tag&quot;:&quot;vc_media_grid&quot;}\" data-vc-request=\"https:\/\/www.paramente.net\/wp-admin\/admin-ajax.php\" data-vc-post-id=\"1899\" data-vc-public-nonce=\"dfbebac44a\">\n\t\t\n\t<\/div>\n<\/div><\/div><\/div><\/div><\/div><div class=\"vc_row wpb_row vc_row-fluid\"><div class=\"wpb_column vc_column_container vc_col-sm-12\"><div class=\"vc_column-inner\"><div class=\"wpb_wrapper\">\n\t<div class=\"wpb_text_column wpb_content_element\" >\n\t\t<div class=\"wpb_wrapper\">\n\t\t\t<h2>Parenti trattati in modo sbagliato<\/h2>\n<p><span style=\"font-size: 18px;\">Questa casula bianca \u00e8 stata lavata e gravemente danneggiata. Le aree di applicazione sono state introdotte, l&#039;oro giapponese cucito a mano \u00e8 stato distrutto. Il materiale di base in pura seta si \u00e8 ristretto e ha perso finitura e consistenza<\/span><\/p>\n<p><span style=\"font-size: 18px;\">In un processo di pulizia, il materiale di base ha ricevuto nuove finiture e una finitura di protezione del tessuto di loto. L&#039;oro giapponese rotto \u00e8 stato completamente rimosso e ricucito a mano. Le aree di applicazione sono state levigate nel miglior modo possibile. Infine, l&#039;abito \u00e8 stato rifoderato con pura seta e completamente ricucito. In questo modo la casula pi\u00f9 pregiata della parrocchia potrebbe essere quasi completamente riportata allo stato originario.<\/span><\/p>\n\n\t\t<\/div>\n\t<\/div>\n<div class=\"vc_row wpb_row vc_inner vc_row-fluid\"><div class=\"wpb_column vc_column_container vc_col-sm-6\"><div class=\"vc_column-inner\"><div class=\"wpb_wrapper\">\n\t<div class=\"wpb_text_column wpb_content_element vc_custom_1519224798443\" >\n\t\t<div class=\"wpb_wrapper\">\n\t\t\t<h2>In precedenza<\/h2>\n\n\t\t<\/div>\n\t<\/div>\n\n<div class=\"vc_grid-container-wrapper vc_clearfix vc_grid-animation-fadeIn\">\n\t<div class=\"vc_grid-container vc_clearfix wpb_content_element vc_media_grid\" data-initial-loading-animation=\"fadeIn\" data-vc-grid-settings=\"{&quot;page_id&quot;:1899,&quot;style&quot;:&quot;all&quot;,&quot;action&quot;:&quot;vc_get_vc_grid_data&quot;,&quot;shortcode_id&quot;:&quot;1600419412564-60d2ef967273605ce8e99fd8d272b497-10&quot;,&quot;tag&quot;:&quot;vc_media_grid&quot;}\" data-vc-request=\"https:\/\/www.paramente.net\/wp-admin\/admin-ajax.php\" data-vc-post-id=\"1899\" data-vc-public-nonce=\"dfbebac44a\">\n\t\t\n\t<\/div>\n<\/div><\/div><\/div><\/div><div class=\"wpb_column vc_column_container vc_col-sm-6\"><div class=\"vc_column-inner\"><div class=\"wpb_wrapper\">\n\t<div class=\"wpb_text_column wpb_content_element vc_custom_1519224831041\" >\n\t\t<div class=\"wpb_wrapper\">\n\t\t\t<h2>dopo<\/h2>\n\n\t\t<\/div>\n\t<\/div>\n\n<div class=\"vc_grid-container-wrapper vc_clearfix vc_grid-animation-fadeIn\">\n\t<div class=\"vc_grid-container vc_clearfix wpb_content_element vc_media_grid\" data-initial-loading-animation=\"fadeIn\" data-vc-grid-settings=\"{&quot;page_id&quot;:1899,&quot;style&quot;:&quot;all&quot;,&quot;action&quot;:&quot;vc_get_vc_grid_data&quot;,&quot;shortcode_id&quot;:&quot;1600419412687-c189d54db80836b4172e7dd364b1323d-4&quot;,&quot;tag&quot;:&quot;vc_media_grid&quot;}\" data-vc-request=\"https:\/\/www.paramente.net\/wp-admin\/admin-ajax.php\" data-vc-post-id=\"1899\" data-vc-public-nonce=\"dfbebac44a\">\n\t\t\n\t<\/div>\n<\/div><\/div><\/div><\/div><\/div><\/div><\/div><\/div><\/div>\n<\/div>","protected":false},"excerpt":{"rendered":"Reinigung und Reparatur liturgischer Gew\u00e4nder Liturgische Gew\u00e4nder sind meist aus hochwertigen Stoffen und Materialien gefertigt, die einer besonderen Pflege bed\u00fcrfen. Die chemische Reinigung erfolgt f\u00fcr jedes Gewand einzeln, so dass sich Stoffe und Stickereien nicht gegenseitig aufreiben k\u00f6nnen. Um die mechanische Belastung so gering wie m\u00f6glich zu halten werden sie nicht geschleudert, sondern nur leicht&hellip;","protected":false},"author":1,"featured_media":0,"parent":0,"menu_order":0,"comment_status":"closed","ping_status":"closed","template":"","meta":{"footnotes":""},"class_list":["post-1899","page","type-page","status-publish","hentry","entry","no-media"],"yoast_head":"<!-- This site is optimized with the Yoast SEO plugin v27.5 - https:\/\/yoast.com\/product\/yoast-seo-wordpress\/ -->\n<title>Reinigung und Reparatur - Clemens Jansen &amp; Co<\/title>\n<meta name=\"robots\" content=\"index, follow, max-snippet:-1, max-image-preview:large, max-video-preview:-1\" \/>\n<link rel=\"canonical\" href=\"https:\/\/www.paramente.net\/it\/reinigung\/\" \/>\n<meta property=\"og:locale\" content=\"it_IT\" \/>\n<meta property=\"og:type\" content=\"article\" \/>\n<meta property=\"og:title\" content=\"Reinigung und Reparatur - Clemens Jansen &amp; Co\" \/>\n<meta property=\"og:url\" content=\"https:\/\/www.paramente.net\/it\/reinigung\/\" \/>\n<meta property=\"og:site_name\" content=\"Clemens Jansen &amp; Co\" \/>\n<meta property=\"article:modified_time\" content=\"2020-09-18T08:57:17+00:00\" \/>\n<meta name=\"twitter:card\" content=\"summary_large_image\" \/>\n<meta name=\"twitter:label1\" content=\"Tempo di lettura stimato\" \/>\n\t<meta name=\"twitter:data1\" content=\"3 minuti\" \/>\n<script type=\"application\/ld+json\" class=\"yoast-schema-graph\">{\"@context\":\"https:\\\/\\\/schema.org\",\"@graph\":[{\"@type\":\"WebPage\",\"@id\":\"https:\\\/\\\/www.paramente.net\\\/reinigung\\\/\",\"url\":\"https:\\\/\\\/www.paramente.net\\\/reinigung\\\/\",\"name\":\"Reinigung und Reparatur - Clemens Jansen &amp; Co\",\"isPartOf\":{\"@id\":\"https:\\\/\\\/www.paramente.net\\\/#website\"},\"datePublished\":\"2016-11-27T01:10:25+00:00\",\"dateModified\":\"2020-09-18T08:57:17+00:00\",\"breadcrumb\":{\"@id\":\"https:\\\/\\\/www.paramente.net\\\/reinigung\\\/#breadcrumb\"},\"inLanguage\":\"it-IT\",\"potentialAction\":[{\"@type\":\"ReadAction\",\"target\":[\"https:\\\/\\\/www.paramente.net\\\/reinigung\\\/\"]}]},{\"@type\":\"BreadcrumbList\",\"@id\":\"https:\\\/\\\/www.paramente.net\\\/reinigung\\\/#breadcrumb\",\"itemListElement\":[{\"@type\":\"ListItem\",\"position\":1,\"name\":\"Startseite\",\"item\":\"https:\\\/\\\/www.paramente.net\\\/\"},{\"@type\":\"ListItem\",\"position\":2,\"name\":\"Reinigung und Reparatur\"}]},{\"@type\":\"WebSite\",\"@id\":\"https:\\\/\\\/www.paramente.net\\\/#website\",\"url\":\"https:\\\/\\\/www.paramente.net\\\/\",\"name\":\"Clemens Jansen & Co\",\"description\":\"Hersteller und Lieferant f\u00fcr individuellen Kirchenbedarf\",\"publisher\":{\"@id\":\"https:\\\/\\\/www.paramente.net\\\/#organization\"},\"potentialAction\":[{\"@type\":\"SearchAction\",\"target\":{\"@type\":\"EntryPoint\",\"urlTemplate\":\"https:\\\/\\\/www.paramente.net\\\/?s={search_term_string}\"},\"query-input\":{\"@type\":\"PropertyValueSpecification\",\"valueRequired\":true,\"valueName\":\"search_term_string\"}}],\"inLanguage\":\"it-IT\"},{\"@type\":\"Organization\",\"@id\":\"https:\\\/\\\/www.paramente.net\\\/#organization\",\"name\":\"Clemens Jansen & Co\",\"url\":\"https:\\\/\\\/www.paramente.net\\\/\",\"logo\":{\"@type\":\"ImageObject\",\"inLanguage\":\"it-IT\",\"@id\":\"https:\\\/\\\/www.paramente.net\\\/#\\\/schema\\\/logo\\\/image\\\/\",\"url\":\"https:\\\/\\\/www.paramente.net\\\/wp-content\\\/uploads\\\/2016\\\/11\\\/paramente-logo.png\",\"contentUrl\":\"https:\\\/\\\/www.paramente.net\\\/wp-content\\\/uploads\\\/2016\\\/11\\\/paramente-logo.png\",\"width\":162,\"height\":162,\"caption\":\"Clemens Jansen & Co\"},\"image\":{\"@id\":\"https:\\\/\\\/www.paramente.net\\\/#\\\/schema\\\/logo\\\/image\\\/\"}}]}<\/script>\n<!-- \/ Yoast SEO plugin. -->","yoast_head_json":{"title":"Pulizia e riparazione - Clemens Jansen &amp; Co","robots":{"index":"index","follow":"follow","max-snippet":"max-snippet:-1","max-image-preview":"max-image-preview:large","max-video-preview":"max-video-preview:-1"},"canonical":"https:\/\/www.paramente.net\/it\/reinigung\/","og_locale":"it_IT","og_type":"article","og_title":"Reinigung und Reparatur - Clemens Jansen &amp; Co","og_url":"https:\/\/www.paramente.net\/it\/reinigung\/","og_site_name":"Clemens Jansen &amp; Co","article_modified_time":"2020-09-18T08:57:17+00:00","twitter_card":"summary_large_image","twitter_misc":{"Tempo di lettura stimato":"3 minuti"},"schema":{"@context":"https:\/\/schema.org","@graph":[{"@type":"WebPage","@id":"https:\/\/www.paramente.net\/reinigung\/","url":"https:\/\/www.paramente.net\/reinigung\/","name":"Pulizia e riparazione - Clemens Jansen &amp; Co","isPartOf":{"@id":"https:\/\/www.paramente.net\/#website"},"datePublished":"2016-11-27T01:10:25+00:00","dateModified":"2020-09-18T08:57:17+00:00","breadcrumb":{"@id":"https:\/\/www.paramente.net\/reinigung\/#breadcrumb"},"inLanguage":"it-IT","potentialAction":[{"@type":"ReadAction","target":["https:\/\/www.paramente.net\/reinigung\/"]}]},{"@type":"BreadcrumbList","@id":"https:\/\/www.paramente.net\/reinigung\/#breadcrumb","itemListElement":[{"@type":"ListItem","position":1,"name":"Startseite","item":"https:\/\/www.paramente.net\/"},{"@type":"ListItem","position":2,"name":"Reinigung und Reparatur"}]},{"@type":"WebSite","@id":"https:\/\/www.paramente.net\/#website","url":"https:\/\/www.paramente.net\/","name":"Clemens Jansen &amp; Co","description":"Produttore e fornitore per le singole esigenze della chiesa","publisher":{"@id":"https:\/\/www.paramente.net\/#organization"},"potentialAction":[{"@type":"SearchAction","target":{"@type":"EntryPoint","urlTemplate":"https:\/\/www.paramente.net\/?s={search_term_string}"},"query-input":{"@type":"PropertyValueSpecification","valueRequired":true,"valueName":"search_term_string"}}],"inLanguage":"it-IT"},{"@type":"Organization","@id":"https:\/\/www.paramente.net\/#organization","name":"Clemens Jansen &amp; Co","url":"https:\/\/www.paramente.net\/","logo":{"@type":"ImageObject","inLanguage":"it-IT","@id":"https:\/\/www.paramente.net\/#\/schema\/logo\/image\/","url":"https:\/\/www.paramente.net\/wp-content\/uploads\/2016\/11\/paramente-logo.png","contentUrl":"https:\/\/www.paramente.net\/wp-content\/uploads\/2016\/11\/paramente-logo.png","width":162,"height":162,"caption":"Clemens Jansen & Co"},"image":{"@id":"https:\/\/www.paramente.net\/#\/schema\/logo\/image\/"}}]}},"_links":{"self":[{"href":"https:\/\/www.paramente.net\/it\/wp-json\/wp\/v2\/pages\/1899","targetHints":{"allow":["GET"]}}],"collection":[{"href":"https:\/\/www.paramente.net\/it\/wp-json\/wp\/v2\/pages"}],"about":[{"href":"https:\/\/www.paramente.net\/it\/wp-json\/wp\/v2\/types\/page"}],"author":[{"embeddable":true,"href":"https:\/\/www.paramente.net\/it\/wp-json\/wp\/v2\/users\/1"}],"replies":[{"embeddable":true,"href":"https:\/\/www.paramente.net\/it\/wp-json\/wp\/v2\/comments?post=1899"}],"version-history":[{"count":5,"href":"https:\/\/www.paramente.net\/it\/wp-json\/wp\/v2\/pages\/1899\/revisions"}],"predecessor-version":[{"id":3394,"href":"https:\/\/www.paramente.net\/it\/wp-json\/wp\/v2\/pages\/1899\/revisions\/3394"}],"wp:attachment":[{"href":"https:\/\/www.paramente.net\/it\/wp-json\/wp\/v2\/media?parent=1899"}],"curies":[{"name":"wp","href":"https:\/\/api.w.org\/{rel}","templated":true}]}}