{"id":1786,"date":"2016-10-25T03:22:56","date_gmt":"2016-10-25T01:22:56","guid":{"rendered":"http:\/\/neu.paramente.net\/?page_id=1786"},"modified":"2016-11-07T08:42:20","modified_gmt":"2016-11-07T06:42:20","slug":"impressum","status":"publish","type":"page","link":"https:\/\/www.paramente.net\/it\/impressum\/","title":{"rendered":"impronta"},"content":{"rendered":"<h2>Secondo \u00a7 5 TMG:<\/h2>\n<p>Sebastian Hermanns<br \/>\nClemens Jansen + Co.<br \/>\nSchmiedstrasse 10<br \/>\n52062 Aachen\n<\/p>\n<h2>Contatto:<\/h2>\n<table>\n<tr>\n<td>Telefono:<\/td>\n<td>0241\/32250<\/td>\n<\/tr>\n<tr>\n<td>Fax:<\/td>\n<td>0241\/403673<\/td>\n<\/tr>\n<tr>\n<td>E-mail:<\/td>\n<td>service@paramente.net<\/td>\n<\/tr>\n<\/table>\n<h2>Iscrizione al registro:<\/h2>\n<p>Iscrizione nel registro di commercio. <br \/>Tribunale del registro: tribunale distrettuale di Aquisgrana <br \/>Numero di registro: HRA312<\/p>\n<h2>ID fiscale:<\/h2>\n<p>Numero di identificazione dell&#039;imposta sulle vendite secondo \u00a727 una legge sull&#039;imposta sulle vendite:<br \/>\nDE293404117<\/p>\n<\/p>\n<p>Fonte: <em><a href=\"https:\/\/www.e-recht24.de\/impressum-generator.html\">https:\/\/www.e-recht24.de<\/a><\/em><\/p>\n<h1>Disclaimer<\/h1>\n<p><strong>Responsabilit\u00e0 per i contenuti<\/strong><\/p>\n<p>In qualit\u00e0 di fornitore di servizi, siamo responsabili dei nostri contenuti su queste pagine in conformit\u00e0 con la legge generale ai sensi dell&#039;articolo 7 (1) della legge tedesca sui media. Ai sensi dei \u00a7\u00a7 da 8 a 10 TMG, in qualit\u00e0 di fornitore di servizi, non siamo obbligati a monitorare le informazioni di terzi trasmesse o memorizzate oa indagare su circostanze che indicano attivit\u00e0 illegali. Gli obblighi di rimuovere o bloccare l&#039;uso delle informazioni in conformit\u00e0 con le leggi generali rimangono inalterati. La responsabilit\u00e0 in tal senso \u00e8 possibile solo dal momento in cui veniamo a conoscenza di una specifica violazione legale. Non appena veniamo a conoscenza di tali violazioni legali, rimuoveremo immediatamente questo contenuto.<\/p>\n<p><strong>Responsabilit\u00e0 per i link<\/strong><\/p>\n<p>La nostra offerta contiene collegamenti a siti Web di terzi esterni, sui cui contenuti non abbiamo alcuna influenza. Pertanto, non possiamo accettare alcuna responsabilit\u00e0 per questo contenuto di terze parti. Il rispettivo fornitore o gestore delle pagine \u00e8 sempre responsabile del contenuto delle pagine collegate. Le pagine collegate sono state controllate per possibili violazioni legali nel momento in cui sono state collegate. Nessun contenuto illegale \u00e8 stato trovato al momento della creazione del collegamento. Tuttavia, il monitoraggio permanente del contenuto delle pagine collegate non \u00e8 ragionevole senza prove concrete di una violazione della legge. Se veniamo a conoscenza di violazioni legali, rimuoveremo immediatamente tali collegamenti.<\/p>\n<p><strong>diritto d&#039;autore<\/strong><\/p>\n<p>Il contenuto e le opere su queste pagine create dal gestore del sito web sono soggetti alla legge tedesca sul diritto d&#039;autore. La riproduzione, elaborazione, distribuzione e qualsiasi tipo di sfruttamento al di fuori dei limiti della legge sul diritto d&#039;autore richiedono il consenso scritto del rispettivo autore o creatore. Download e copie di questo sito Web sono consentiti solo per uso privato e non commerciale. Nella misura in cui il contenuto di questo sito non \u00e8 stato creato dall&#039;operatore, vengono rispettati i diritti d&#039;autore di terzi. In particolare i contenuti di terze parti sono contrassegnati come tali. Se tuttavia dovessi venire a conoscenza di una violazione del copyright, ti chiediamo di informarci di conseguenza. Non appena veniamo a conoscenza di violazioni legali, rimuoveremo immediatamente tali contenuti.<\/p><\/p>","protected":false},"excerpt":{"rendered":"<p>Angaben gem\u00e4\u00df \u00a7 5 TMG: Sebastian Hermanns Clemens Jansen + Co. Schmiedstra\u00dfe 10 52062 Aachen Kontakt: Telefon: 0241\/32250 Telefax: 0241\/403673 E-Mail: service@paramente.net Registereintrag: Eintragung im Handelsregister. Registergericht:Amtsgericht Aachen Registernummer: HRA312 Umsatzsteuer-ID: Umsatzsteuer-Identifikationsnummer gem\u00e4\u00df \u00a727 a Umsatzsteuergesetz: DE293404117 Quelle: https:\/\/www.e-recht24.de Haftungsausschluss (Disclaimer) Haftung f\u00fcr Inhalte Als Diensteanbieter sind wir gem\u00e4\u00df \u00a7 7 Abs.1 TMG f\u00fcr eigene&hellip;<\/p>","protected":false},"author":1,"featured_media":0,"parent":0,"menu_order":0,"comment_status":"closed","ping_status":"closed","template":"","meta":{"footnotes":""},"class_list":["post-1786","page","type-page","status-publish","hentry","entry","no-media"],"yoast_head":"<!-- This site is optimized with the Yoast SEO plugin v27.5 - https:\/\/yoast.com\/product\/yoast-seo-wordpress\/ -->\n<title>Impressum - Clemens Jansen &amp; Co<\/title>\n<meta name=\"robots\" content=\"index, follow, max-snippet:-1, max-image-preview:large, max-video-preview:-1\" \/>\n<link rel=\"canonical\" href=\"https:\/\/www.paramente.net\/it\/impressum\/\" \/>\n<meta property=\"og:locale\" content=\"it_IT\" \/>\n<meta property=\"og:type\" content=\"article\" \/>\n<meta property=\"og:title\" content=\"Impressum - Clemens Jansen &amp; Co\" \/>\n<meta property=\"og:description\" content=\"Angaben gem\u00e4\u00df \u00a7 5 TMG: Sebastian Hermanns Clemens Jansen + Co. Schmiedstra\u00dfe 10 52062 Aachen Kontakt: Telefon: 0241\/32250 Telefax: 0241\/403673 E-Mail: service@paramente.net Registereintrag: Eintragung im Handelsregister. Registergericht:Amtsgericht Aachen Registernummer: HRA312 Umsatzsteuer-ID: Umsatzsteuer-Identifikationsnummer gem\u00e4\u00df \u00a727 a Umsatzsteuergesetz: DE293404117 Quelle: https:\/\/www.e-recht24.de Haftungsausschluss (Disclaimer) Haftung f\u00fcr Inhalte Als Diensteanbieter sind wir gem\u00e4\u00df \u00a7 7 Abs.1 TMG f\u00fcr eigene&hellip;\" \/>\n<meta property=\"og:url\" content=\"https:\/\/www.paramente.net\/it\/impressum\/\" \/>\n<meta property=\"og:site_name\" content=\"Clemens Jansen &amp; Co\" \/>\n<meta property=\"article:modified_time\" content=\"2016-11-07T06:42:20+00:00\" \/>\n<meta name=\"twitter:card\" content=\"summary_large_image\" \/>\n<meta name=\"twitter:label1\" content=\"Tempo di lettura stimato\" \/>\n\t<meta name=\"twitter:data1\" content=\"2 minuti\" \/>\n<script type=\"application\/ld+json\" class=\"yoast-schema-graph\">{\"@context\":\"https:\\\/\\\/schema.org\",\"@graph\":[{\"@type\":\"WebPage\",\"@id\":\"https:\\\/\\\/www.paramente.net\\\/impressum\\\/\",\"url\":\"https:\\\/\\\/www.paramente.net\\\/impressum\\\/\",\"name\":\"Impressum - Clemens Jansen &amp; Co\",\"isPartOf\":{\"@id\":\"https:\\\/\\\/www.paramente.net\\\/#website\"},\"datePublished\":\"2016-10-25T01:22:56+00:00\",\"dateModified\":\"2016-11-07T06:42:20+00:00\",\"breadcrumb\":{\"@id\":\"https:\\\/\\\/www.paramente.net\\\/impressum\\\/#breadcrumb\"},\"inLanguage\":\"it-IT\",\"potentialAction\":[{\"@type\":\"ReadAction\",\"target\":[\"https:\\\/\\\/www.paramente.net\\\/impressum\\\/\"]}]},{\"@type\":\"BreadcrumbList\",\"@id\":\"https:\\\/\\\/www.paramente.net\\\/impressum\\\/#breadcrumb\",\"itemListElement\":[{\"@type\":\"ListItem\",\"position\":1,\"name\":\"Startseite\",\"item\":\"https:\\\/\\\/www.paramente.net\\\/\"},{\"@type\":\"ListItem\",\"position\":2,\"name\":\"Impressum\"}]},{\"@type\":\"WebSite\",\"@id\":\"https:\\\/\\\/www.paramente.net\\\/#website\",\"url\":\"https:\\\/\\\/www.paramente.net\\\/\",\"name\":\"Clemens Jansen & Co\",\"description\":\"Hersteller und Lieferant f\u00fcr individuellen Kirchenbedarf\",\"publisher\":{\"@id\":\"https:\\\/\\\/www.paramente.net\\\/#organization\"},\"potentialAction\":[{\"@type\":\"SearchAction\",\"target\":{\"@type\":\"EntryPoint\",\"urlTemplate\":\"https:\\\/\\\/www.paramente.net\\\/?s={search_term_string}\"},\"query-input\":{\"@type\":\"PropertyValueSpecification\",\"valueRequired\":true,\"valueName\":\"search_term_string\"}}],\"inLanguage\":\"it-IT\"},{\"@type\":\"Organization\",\"@id\":\"https:\\\/\\\/www.paramente.net\\\/#organization\",\"name\":\"Clemens Jansen & Co\",\"url\":\"https:\\\/\\\/www.paramente.net\\\/\",\"logo\":{\"@type\":\"ImageObject\",\"inLanguage\":\"it-IT\",\"@id\":\"https:\\\/\\\/www.paramente.net\\\/#\\\/schema\\\/logo\\\/image\\\/\",\"url\":\"https:\\\/\\\/www.paramente.net\\\/wp-content\\\/uploads\\\/2016\\\/11\\\/paramente-logo.png\",\"contentUrl\":\"https:\\\/\\\/www.paramente.net\\\/wp-content\\\/uploads\\\/2016\\\/11\\\/paramente-logo.png\",\"width\":162,\"height\":162,\"caption\":\"Clemens Jansen & Co\"},\"image\":{\"@id\":\"https:\\\/\\\/www.paramente.net\\\/#\\\/schema\\\/logo\\\/image\\\/\"}}]}<\/script>\n<!-- \/ Yoast SEO plugin. -->","yoast_head_json":{"title":"Impronta - Clemens Jansen &amp; Co","robots":{"index":"index","follow":"follow","max-snippet":"max-snippet:-1","max-image-preview":"max-image-preview:large","max-video-preview":"max-video-preview:-1"},"canonical":"https:\/\/www.paramente.net\/it\/impressum\/","og_locale":"it_IT","og_type":"article","og_title":"Impressum - Clemens Jansen &amp; Co","og_description":"Angaben gem\u00e4\u00df \u00a7 5 TMG: Sebastian Hermanns Clemens Jansen + Co. Schmiedstra\u00dfe 10 52062 Aachen Kontakt: Telefon: 0241\/32250 Telefax: 0241\/403673 E-Mail: service@paramente.net Registereintrag: Eintragung im Handelsregister. Registergericht:Amtsgericht Aachen Registernummer: HRA312 Umsatzsteuer-ID: Umsatzsteuer-Identifikationsnummer gem\u00e4\u00df \u00a727 a Umsatzsteuergesetz: DE293404117 Quelle: https:\/\/www.e-recht24.de Haftungsausschluss (Disclaimer) Haftung f\u00fcr Inhalte Als Diensteanbieter sind wir gem\u00e4\u00df \u00a7 7 Abs.1 TMG f\u00fcr eigene&hellip;","og_url":"https:\/\/www.paramente.net\/it\/impressum\/","og_site_name":"Clemens Jansen &amp; Co","article_modified_time":"2016-11-07T06:42:20+00:00","twitter_card":"summary_large_image","twitter_misc":{"Tempo di lettura stimato":"2 minuti"},"schema":{"@context":"https:\/\/schema.org","@graph":[{"@type":"WebPage","@id":"https:\/\/www.paramente.net\/impressum\/","url":"https:\/\/www.paramente.net\/impressum\/","name":"Impronta - Clemens Jansen &amp; Co","isPartOf":{"@id":"https:\/\/www.paramente.net\/#website"},"datePublished":"2016-10-25T01:22:56+00:00","dateModified":"2016-11-07T06:42:20+00:00","breadcrumb":{"@id":"https:\/\/www.paramente.net\/impressum\/#breadcrumb"},"inLanguage":"it-IT","potentialAction":[{"@type":"ReadAction","target":["https:\/\/www.paramente.net\/impressum\/"]}]},{"@type":"BreadcrumbList","@id":"https:\/\/www.paramente.net\/impressum\/#breadcrumb","itemListElement":[{"@type":"ListItem","position":1,"name":"Startseite","item":"https:\/\/www.paramente.net\/"},{"@type":"ListItem","position":2,"name":"Impressum"}]},{"@type":"WebSite","@id":"https:\/\/www.paramente.net\/#website","url":"https:\/\/www.paramente.net\/","name":"Clemens Jansen &amp; Co","description":"Produttore e fornitore per le singole esigenze della chiesa","publisher":{"@id":"https:\/\/www.paramente.net\/#organization"},"potentialAction":[{"@type":"SearchAction","target":{"@type":"EntryPoint","urlTemplate":"https:\/\/www.paramente.net\/?s={search_term_string}"},"query-input":{"@type":"PropertyValueSpecification","valueRequired":true,"valueName":"search_term_string"}}],"inLanguage":"it-IT"},{"@type":"Organization","@id":"https:\/\/www.paramente.net\/#organization","name":"Clemens Jansen &amp; Co","url":"https:\/\/www.paramente.net\/","logo":{"@type":"ImageObject","inLanguage":"it-IT","@id":"https:\/\/www.paramente.net\/#\/schema\/logo\/image\/","url":"https:\/\/www.paramente.net\/wp-content\/uploads\/2016\/11\/paramente-logo.png","contentUrl":"https:\/\/www.paramente.net\/wp-content\/uploads\/2016\/11\/paramente-logo.png","width":162,"height":162,"caption":"Clemens Jansen & Co"},"image":{"@id":"https:\/\/www.paramente.net\/#\/schema\/logo\/image\/"}}]}},"_links":{"self":[{"href":"https:\/\/www.paramente.net\/it\/wp-json\/wp\/v2\/pages\/1786","targetHints":{"allow":["GET"]}}],"collection":[{"href":"https:\/\/www.paramente.net\/it\/wp-json\/wp\/v2\/pages"}],"about":[{"href":"https:\/\/www.paramente.net\/it\/wp-json\/wp\/v2\/types\/page"}],"author":[{"embeddable":true,"href":"https:\/\/www.paramente.net\/it\/wp-json\/wp\/v2\/users\/1"}],"replies":[{"embeddable":true,"href":"https:\/\/www.paramente.net\/it\/wp-json\/wp\/v2\/comments?post=1786"}],"version-history":[{"count":5,"href":"https:\/\/www.paramente.net\/it\/wp-json\/wp\/v2\/pages\/1786\/revisions"}],"predecessor-version":[{"id":1792,"href":"https:\/\/www.paramente.net\/it\/wp-json\/wp\/v2\/pages\/1786\/revisions\/1792"}],"wp:attachment":[{"href":"https:\/\/www.paramente.net\/it\/wp-json\/wp\/v2\/media?parent=1786"}],"curies":[{"name":"wp","href":"https:\/\/api.w.org\/{rel}","templated":true}]}}