{"id":3174,"date":"2020-04-25T15:58:30","date_gmt":"2020-04-25T13:58:30","guid":{"rendered":"https:\/\/www.paramente.net\/?post_type=product&#038;p=3174"},"modified":"2023-01-07T13:10:30","modified_gmt":"2023-01-07T11:10:30","slug":"godorf-mit-kapuze","status":"publish","type":"product","link":"https:\/\/www.paramente.net\/fr\/produit\/godorf-mit-kapuze\/","title":{"rendered":"Godorf avec capuche"},"content":{"rendered":"<p><span style=\"font-size: 18px;\">Notre gamme de v\u00eatements pour les services liturgiques comprend une vari\u00e9t\u00e9 de diff\u00e9rentes coupes, mat\u00e9riaux et options de conception. Les diff\u00e9rents services entra\u00eenent des exigences diff\u00e9rentes pour le v\u00eatement. Il est \u00e9galement important de prendre en compte les exigences liturgiques et les besoins des porteurs. Nous serions heureux d\u2019en discuter avec vous lors d\u2019un entretien personnel. Un petit aper\u00e7u des possibilit\u00e9s peut \u00eatre trouv\u00e9 dans cette cat\u00e9gorie. Veuillez nous contacter pour une consultation sans engagement.<\/span><\/p>","protected":false},"excerpt":{"rendered":"<p><span style=\"font-size: 18px;\">V\u00eatement simple avec une coupe raglan. Cette robe est tir\u00e9e sur la t\u00eate. Diff\u00e9rentes variantes de cols possibles \u00e0 l&#039;encolure.<\/span><\/p>","protected":false},"featured_media":3175,"comment_status":"closed","ping_status":"closed","template":"","meta":[],"product_brand":[],"product_cat":[968],"product_tag":[969,982,971,980,981,977,974,976,975,985,978,979,973,970,953,983,984,972],"class_list":{"0":"post-3174","1":"product","2":"type-product","3":"status-publish","4":"has-post-thumbnail","6":"product_cat-gewaender-fuer-liturgische-dienste","7":"product_tag-beerdigungsgewand","8":"product_tag-celebrationsgewand","9":"product_tag-celebrationsgewnd","10":"product_tag-kantoren","11":"product_tag-kantorengewand","12":"product_tag-kommunionhelfer","13":"product_tag-laiengewand","14":"product_tag-laienhelfer","15":"product_tag-laienhelfergewand","16":"product_tag-leiter-wortgottesfeier","17":"product_tag-lektoren","18":"product_tag-lektorengewand","19":"product_tag-mantelalbe","20":"product_tag-mantelgewand","21":"product_tag-tunika","22":"product_tag-wortgottesdienst","23":"product_tag-wortgottesfeier","24":"product_tag-zelerationsgewand","25":"entry","26":"has-media","28":"first","29":"instock","30":"taxable","31":"shipping-taxable","32":"purchasable","33":"product-type-simple"},"yoast_head":"<!-- This site is optimized with the Yoast SEO plugin v27.4 - https:\/\/yoast.com\/product\/yoast-seo-wordpress\/ -->\n<title>Godorf mit Kapuze - Clemens Jansen &amp; Co<\/title>\n<meta name=\"robots\" content=\"index, follow, max-snippet:-1, max-image-preview:large, max-video-preview:-1\" \/>\n<link rel=\"canonical\" href=\"https:\/\/www.paramente.net\/fr\/produit\/godorf-mit-kapuze\/\" \/>\n<meta property=\"og:locale\" content=\"fr_FR\" \/>\n<meta property=\"og:type\" content=\"article\" \/>\n<meta property=\"og:title\" content=\"Godorf mit Kapuze - Clemens Jansen &amp; Co\" \/>\n<meta property=\"og:description\" content=\"Schlichtes Gewand im Raglan-Schnitt. Dieses Gewand wird \u00fcber den Kopf gezogen. Am Halsausschnitt verschiedene Kragenvarianten m\u00f6glich.\" \/>\n<meta property=\"og:url\" content=\"https:\/\/www.paramente.net\/fr\/produit\/godorf-mit-kapuze\/\" \/>\n<meta property=\"og:site_name\" content=\"Clemens Jansen &amp; Co\" \/>\n<meta property=\"article:modified_time\" content=\"2023-01-07T11:10:30+00:00\" \/>\n<meta property=\"og:image\" content=\"https:\/\/www.paramente.net\/wp-content\/uploads\/2020\/04\/Godorf-mit-Kapuze-1.jpg\" \/>\n\t<meta property=\"og:image:width\" content=\"450\" \/>\n\t<meta property=\"og:image:height\" content=\"700\" \/>\n\t<meta property=\"og:image:type\" content=\"image\/jpeg\" \/>\n<meta name=\"twitter:card\" content=\"summary_large_image\" \/>\n<meta name=\"twitter:label1\" content=\"Dur\u00e9e de lecture estim\u00e9e\" \/>\n\t<meta name=\"twitter:data1\" content=\"1 minute\" \/>\n<script type=\"application\/ld+json\" class=\"yoast-schema-graph\">{\"@context\":\"https:\\\/\\\/schema.org\",\"@graph\":[{\"@type\":\"WebPage\",\"@id\":\"https:\\\/\\\/www.paramente.net\\\/produkt\\\/godorf-mit-kapuze\\\/\",\"url\":\"https:\\\/\\\/www.paramente.net\\\/produkt\\\/godorf-mit-kapuze\\\/\",\"name\":\"Godorf mit Kapuze - Clemens Jansen &amp; Co\",\"isPartOf\":{\"@id\":\"https:\\\/\\\/www.paramente.net\\\/#website\"},\"primaryImageOfPage\":{\"@id\":\"https:\\\/\\\/www.paramente.net\\\/produkt\\\/godorf-mit-kapuze\\\/#primaryimage\"},\"image\":{\"@id\":\"https:\\\/\\\/www.paramente.net\\\/produkt\\\/godorf-mit-kapuze\\\/#primaryimage\"},\"thumbnailUrl\":\"https:\\\/\\\/www.paramente.net\\\/wp-content\\\/uploads\\\/2020\\\/04\\\/Godorf-mit-Kapuze-1.jpg\",\"datePublished\":\"2020-04-25T13:58:30+00:00\",\"dateModified\":\"2023-01-07T11:10:30+00:00\",\"breadcrumb\":{\"@id\":\"https:\\\/\\\/www.paramente.net\\\/produkt\\\/godorf-mit-kapuze\\\/#breadcrumb\"},\"inLanguage\":\"fr-FR\",\"potentialAction\":[{\"@type\":\"ReadAction\",\"target\":[\"https:\\\/\\\/www.paramente.net\\\/produkt\\\/godorf-mit-kapuze\\\/\"]}]},{\"@type\":\"ImageObject\",\"inLanguage\":\"fr-FR\",\"@id\":\"https:\\\/\\\/www.paramente.net\\\/produkt\\\/godorf-mit-kapuze\\\/#primaryimage\",\"url\":\"https:\\\/\\\/www.paramente.net\\\/wp-content\\\/uploads\\\/2020\\\/04\\\/Godorf-mit-Kapuze-1.jpg\",\"contentUrl\":\"https:\\\/\\\/www.paramente.net\\\/wp-content\\\/uploads\\\/2020\\\/04\\\/Godorf-mit-Kapuze-1.jpg\",\"width\":450,\"height\":700},{\"@type\":\"BreadcrumbList\",\"@id\":\"https:\\\/\\\/www.paramente.net\\\/produkt\\\/godorf-mit-kapuze\\\/#breadcrumb\",\"itemListElement\":[{\"@type\":\"ListItem\",\"position\":1,\"name\":\"Startseite\",\"item\":\"https:\\\/\\\/www.paramente.net\\\/\"},{\"@type\":\"ListItem\",\"position\":2,\"name\":\"Katalog\",\"item\":\"https:\\\/\\\/www.paramente.net\\\/katalog\\\/\"},{\"@type\":\"ListItem\",\"position\":3,\"name\":\"Godorf mit Kapuze\"}]},{\"@type\":\"WebSite\",\"@id\":\"https:\\\/\\\/www.paramente.net\\\/#website\",\"url\":\"https:\\\/\\\/www.paramente.net\\\/\",\"name\":\"Clemens Jansen & Co\",\"description\":\"Hersteller und Lieferant f\u00fcr individuellen Kirchenbedarf\",\"publisher\":{\"@id\":\"https:\\\/\\\/www.paramente.net\\\/#organization\"},\"potentialAction\":[{\"@type\":\"SearchAction\",\"target\":{\"@type\":\"EntryPoint\",\"urlTemplate\":\"https:\\\/\\\/www.paramente.net\\\/?s={search_term_string}\"},\"query-input\":{\"@type\":\"PropertyValueSpecification\",\"valueRequired\":true,\"valueName\":\"search_term_string\"}}],\"inLanguage\":\"fr-FR\"},{\"@type\":\"Organization\",\"@id\":\"https:\\\/\\\/www.paramente.net\\\/#organization\",\"name\":\"Clemens Jansen & Co\",\"url\":\"https:\\\/\\\/www.paramente.net\\\/\",\"logo\":{\"@type\":\"ImageObject\",\"inLanguage\":\"fr-FR\",\"@id\":\"https:\\\/\\\/www.paramente.net\\\/#\\\/schema\\\/logo\\\/image\\\/\",\"url\":\"https:\\\/\\\/www.paramente.net\\\/wp-content\\\/uploads\\\/2016\\\/11\\\/paramente-logo.png\",\"contentUrl\":\"https:\\\/\\\/www.paramente.net\\\/wp-content\\\/uploads\\\/2016\\\/11\\\/paramente-logo.png\",\"width\":162,\"height\":162,\"caption\":\"Clemens Jansen & Co\"},\"image\":{\"@id\":\"https:\\\/\\\/www.paramente.net\\\/#\\\/schema\\\/logo\\\/image\\\/\"}}]}<\/script>\n<!-- \/ Yoast SEO plugin. -->","yoast_head_json":{"title":"Godorf mit Kapuze - Clemens Jansen &amp; Co","robots":{"index":"index","follow":"follow","max-snippet":"max-snippet:-1","max-image-preview":"max-image-preview:large","max-video-preview":"max-video-preview:-1"},"canonical":"https:\/\/www.paramente.net\/fr\/produit\/godorf-mit-kapuze\/","og_locale":"fr_FR","og_type":"article","og_title":"Godorf mit Kapuze - Clemens Jansen &amp; Co","og_description":"Schlichtes Gewand im Raglan-Schnitt. Dieses Gewand wird \u00fcber den Kopf gezogen. Am Halsausschnitt verschiedene Kragenvarianten m\u00f6glich.","og_url":"https:\/\/www.paramente.net\/fr\/produit\/godorf-mit-kapuze\/","og_site_name":"Clemens Jansen &amp; Co","article_modified_time":"2023-01-07T11:10:30+00:00","og_image":[{"width":450,"height":700,"url":"https:\/\/www.paramente.net\/wp-content\/uploads\/2020\/04\/Godorf-mit-Kapuze-1.jpg","type":"image\/jpeg"}],"twitter_card":"summary_large_image","twitter_misc":{"Dur\u00e9e de lecture estim\u00e9e":"1 minute"},"schema":{"@context":"https:\/\/schema.org","@graph":[{"@type":"WebPage","@id":"https:\/\/www.paramente.net\/produkt\/godorf-mit-kapuze\/","url":"https:\/\/www.paramente.net\/produkt\/godorf-mit-kapuze\/","name":"Godorf mit Kapuze - Clemens Jansen &amp; Co","isPartOf":{"@id":"https:\/\/www.paramente.net\/#website"},"primaryImageOfPage":{"@id":"https:\/\/www.paramente.net\/produkt\/godorf-mit-kapuze\/#primaryimage"},"image":{"@id":"https:\/\/www.paramente.net\/produkt\/godorf-mit-kapuze\/#primaryimage"},"thumbnailUrl":"https:\/\/www.paramente.net\/wp-content\/uploads\/2020\/04\/Godorf-mit-Kapuze-1.jpg","datePublished":"2020-04-25T13:58:30+00:00","dateModified":"2023-01-07T11:10:30+00:00","breadcrumb":{"@id":"https:\/\/www.paramente.net\/produkt\/godorf-mit-kapuze\/#breadcrumb"},"inLanguage":"fr-FR","potentialAction":[{"@type":"ReadAction","target":["https:\/\/www.paramente.net\/produkt\/godorf-mit-kapuze\/"]}]},{"@type":"ImageObject","inLanguage":"fr-FR","@id":"https:\/\/www.paramente.net\/produkt\/godorf-mit-kapuze\/#primaryimage","url":"https:\/\/www.paramente.net\/wp-content\/uploads\/2020\/04\/Godorf-mit-Kapuze-1.jpg","contentUrl":"https:\/\/www.paramente.net\/wp-content\/uploads\/2020\/04\/Godorf-mit-Kapuze-1.jpg","width":450,"height":700},{"@type":"BreadcrumbList","@id":"https:\/\/www.paramente.net\/produkt\/godorf-mit-kapuze\/#breadcrumb","itemListElement":[{"@type":"ListItem","position":1,"name":"Startseite","item":"https:\/\/www.paramente.net\/"},{"@type":"ListItem","position":2,"name":"Katalog","item":"https:\/\/www.paramente.net\/katalog\/"},{"@type":"ListItem","position":3,"name":"Godorf mit Kapuze"}]},{"@type":"WebSite","@id":"https:\/\/www.paramente.net\/#website","url":"https:\/\/www.paramente.net\/","name":"Clemens Jansen &amp; Co","description":"Fabricant et fournisseur pour les besoins individuels de l&#039;\u00e9glise","publisher":{"@id":"https:\/\/www.paramente.net\/#organization"},"potentialAction":[{"@type":"SearchAction","target":{"@type":"EntryPoint","urlTemplate":"https:\/\/www.paramente.net\/?s={search_term_string}"},"query-input":{"@type":"PropertyValueSpecification","valueRequired":true,"valueName":"search_term_string"}}],"inLanguage":"fr-FR"},{"@type":"Organization","@id":"https:\/\/www.paramente.net\/#organization","name":"Clemens Jansen &amp; Co","url":"https:\/\/www.paramente.net\/","logo":{"@type":"ImageObject","inLanguage":"fr-FR","@id":"https:\/\/www.paramente.net\/#\/schema\/logo\/image\/","url":"https:\/\/www.paramente.net\/wp-content\/uploads\/2016\/11\/paramente-logo.png","contentUrl":"https:\/\/www.paramente.net\/wp-content\/uploads\/2016\/11\/paramente-logo.png","width":162,"height":162,"caption":"Clemens Jansen & Co"},"image":{"@id":"https:\/\/www.paramente.net\/#\/schema\/logo\/image\/"}}]}},"_links":{"self":[{"href":"https:\/\/www.paramente.net\/fr\/wp-json\/wp\/v2\/product\/3174","targetHints":{"allow":["GET"]}}],"collection":[{"href":"https:\/\/www.paramente.net\/fr\/wp-json\/wp\/v2\/product"}],"about":[{"href":"https:\/\/www.paramente.net\/fr\/wp-json\/wp\/v2\/types\/product"}],"replies":[{"embeddable":true,"href":"https:\/\/www.paramente.net\/fr\/wp-json\/wp\/v2\/comments?post=3174"}],"wp:featuredmedia":[{"embeddable":true,"href":"https:\/\/www.paramente.net\/fr\/wp-json\/wp\/v2\/media\/3175"}],"wp:attachment":[{"href":"https:\/\/www.paramente.net\/fr\/wp-json\/wp\/v2\/media?parent=3174"}],"wp:term":[{"taxonomy":"product_brand","embeddable":true,"href":"https:\/\/www.paramente.net\/fr\/wp-json\/wp\/v2\/product_brand?post=3174"},{"taxonomy":"product_cat","embeddable":true,"href":"https:\/\/www.paramente.net\/fr\/wp-json\/wp\/v2\/product_cat?post=3174"},{"taxonomy":"product_tag","embeddable":true,"href":"https:\/\/www.paramente.net\/fr\/wp-json\/wp\/v2\/product_tag?post=3174"}],"curies":[{"name":"wp","href":"https:\/\/api.w.org\/{rel}","templated":true}]}}