{"id":3622,"date":"2020-12-20T12:09:44","date_gmt":"2020-12-20T10:09:44","guid":{"rendered":"https:\/\/www.paramente.net\/?page_id=3622"},"modified":"2023-04-24T09:28:12","modified_gmt":"2023-04-24T07:28:12","slug":"bistumsornat-erzbistum-hamburg","status":"publish","type":"page","link":"https:\/\/www.paramente.net\/fr\/bistumsornat-erzbistum-hamburg\/","title":{"rendered":"Robe dioc\u00e8se de l&#039;archidioc\u00e8se de Hambourg"},"content":{"rendered":"<div class=\"wpb-content-wrapper\"><div class=\"vc_row wpb_row vc_row-fluid\"><div class=\"wpb_column vc_column_container vc_col-sm-12\"><div class=\"vc_column-inner\"><div class=\"wpb_wrapper\">\n\t<div class=\"wpb_text_column wpb_content_element\" >\n\t\t<div class=\"wpb_wrapper\">\n\t\t\t<h2>Robe du dioc\u00e8se<\/h2>\n<h2>Chasubles et dalmatiques uniformes pour tous les pr\u00eatres et diacres de l&#039;archidioc\u00e8se de Hambourg<\/h2>\n\n\t\t<\/div>\n\t<\/div>\n<\/div><\/div><\/div><\/div><div class=\"vc_row wpb_row vc_row-fluid\"><div class=\"wpb_column vc_column_container vc_col-sm-6\"><div class=\"vc_column-inner\"><div class=\"wpb_wrapper\">\n\t<div  class=\"wpb_single_image wpb_content_element vc_align_ wpb_content_element\">\n\t\t\n\t\t<figure class=\"wpb_wrapper vc_figure\">\n\t\t\t<div class=\"vc_single_image-wrapper   vc_box_border_grey\"><img loading=\"lazy\" decoding=\"async\" width=\"450\" height=\"700\" src=\"https:\/\/www.paramente.net\/wp-content\/uploads\/2020\/12\/Kasel-ohne-Futter-2.jpg\" class=\"vc_single_image-img attachment-full\" alt=\"\" title=\"Chasuble sans doublure (2)\" srcset=\"https:\/\/www.paramente.net\/wp-content\/uploads\/2020\/12\/Kasel-ohne-Futter-2.jpg 450w, https:\/\/www.paramente.net\/wp-content\/uploads\/2020\/12\/Kasel-ohne-Futter-2-193x300.jpg 193w, https:\/\/www.paramente.net\/wp-content\/uploads\/2020\/12\/Kasel-ohne-Futter-2-8x12.jpg 8w, https:\/\/www.paramente.net\/wp-content\/uploads\/2020\/12\/Kasel-ohne-Futter-2-300x467.jpg 300w\" sizes=\"auto, (max-width: 450px) 100vw, 450px\" \/><\/div>\n\t\t<\/figure>\n\t<\/div>\n<\/div><\/div><\/div><div class=\"wpb_column vc_column_container vc_col-sm-6\"><div class=\"vc_column-inner\"><div class=\"wpb_wrapper\">\n\t<div class=\"wpb_text_column wpb_content_element\" >\n\t\t<div class=\"wpb_wrapper\">\n\t\t\t<p><span style=\"font-size: 16px;\">La robe du dioc\u00e8se de l&#039;archidioc\u00e8se de Hambourg est la base d&#039;une conc\u00e9l\u00e9bration uniforme dans tout le dioc\u00e8se. L&#039;ensemble du presbyt\u00e8re et tous les diacres devraient pouvoir c\u00e9l\u00e9brer la messe avec des chasubles uniformes et des dalmatiques au niveau de la paroisse, de la paroisse, de la r\u00e9gion ou du dioc\u00e8se. Gr\u00e2ce au stockage d\u00e9centralis\u00e9 de chaque individu, la disponibilit\u00e9 est assur\u00e9e \u00e0 tous les niveaux.<\/span><\/p>\n<p><span style=\"font-size: 16px;\">Sauf occasion festive, le c\u00e9l\u00e9brant principal porte la chasuble dans la couleur du jour. Il est possible pour les conc\u00e9l\u00e9brants de porter la robe du dioc\u00e8se \u00e0 tout moment. La robe du dioc\u00e8se permet la conc\u00e9l\u00e9bration normalis\u00e9e liturgiquement. Le v\u00eatement uniforme fait de la conc\u00e9l\u00e9bration un signe ext\u00e9rieur encore meilleur de l&#039;unit\u00e9 de la pr\u00eatrise et de l&#039;\u00c9glise.<\/span><\/p>\n\n\t\t<\/div>\n\t<\/div>\n\n\t<div class=\"wpb_text_column wpb_content_element\" >\n\t\t<div class=\"wpb_wrapper\">\n\t\t\t<p>Les \u00e9l\u00e9ments ont \u00e9t\u00e9 fabriqu\u00e9s \u00e0 partir d&#039;un m\u00e9lange lavable et infroissable de Trevira \/ laine. Le design a \u00e9t\u00e9 r\u00e9alis\u00e9 dans une impression textile et appliqu\u00e9 au mat\u00e9riau de base comme une barre centrale.<\/p>\n\n\t\t<\/div>\n\t<\/div>\n<\/div><\/div><\/div><\/div><div class=\"vc_row wpb_row vc_row-fluid\"><div class=\"wpb_column vc_column_container vc_col-sm-6\"><div class=\"vc_column-inner\"><div class=\"wpb_wrapper\">\n\t<div class=\"wpb_text_column wpb_content_element\" >\n\t\t<div class=\"wpb_wrapper\">\n\t\t\t<p><span style=\"font-size: 16px;\">Le design a \u00e9t\u00e9 r\u00e9alis\u00e9 par notre artiste Marcel Schulthei\u00df MA dans un projet \u00e9labor\u00e9 \u00e0 la main, r\u00e9vis\u00e9 num\u00e9riquement.<\/span><\/p>\n<p><span style=\"font-size: 16px;\">Sur le devant de la robe, il y a une adaptation de la croix du sculpteur Max Faller (1927-2012), qui a \u00e9t\u00e9 donn\u00e9e \u00e0 l&#039;archidioc\u00e8se de Hambourg lors de sa fondation et qui est r\u00e9guli\u00e8rement transport\u00e9e dans et hors des services pontificaux solennels de la cath\u00e9drale Sainte-Marie. Au revers se trouve Saint-Ansgar avec l&#039;actuelle cath\u00e9drale Sainte-Marie.<\/span><\/p>\n\n\t\t<\/div>\n\t<\/div>\n<div class=\"vc_row wpb_row vc_inner vc_row-fluid\"><div class=\"wpb_column vc_column_container vc_col-sm-6\"><div class=\"vc_column-inner\"><div class=\"wpb_wrapper\">\n\t<div  class=\"wpb_single_image wpb_content_element vc_align_ wpb_content_element\">\n\t\t\n\t\t<figure class=\"wpb_wrapper vc_figure\">\n\t\t\t<div class=\"vc_single_image-wrapper   vc_box_border_grey\"><img loading=\"lazy\" decoding=\"async\" width=\"450\" height=\"700\" src=\"https:\/\/www.paramente.net\/wp-content\/uploads\/2020\/12\/Details-1.jpg\" class=\"vc_single_image-img attachment-full\" alt=\"\" title=\"D\u00e9tails (1)\" srcset=\"https:\/\/www.paramente.net\/wp-content\/uploads\/2020\/12\/Details-1.jpg 450w, https:\/\/www.paramente.net\/wp-content\/uploads\/2020\/12\/Details-1-193x300.jpg 193w, https:\/\/www.paramente.net\/wp-content\/uploads\/2020\/12\/Details-1-8x12.jpg 8w, https:\/\/www.paramente.net\/wp-content\/uploads\/2020\/12\/Details-1-300x467.jpg 300w\" sizes=\"auto, (max-width: 450px) 100vw, 450px\" \/><\/div>\n\t\t<\/figure>\n\t<\/div>\n<\/div><\/div><\/div><div class=\"wpb_column vc_column_container vc_col-sm-6\"><div class=\"vc_column-inner\"><div class=\"wpb_wrapper\">\n\t<div  class=\"wpb_single_image wpb_content_element vc_align_ wpb_content_element\">\n\t\t\n\t\t<figure class=\"wpb_wrapper vc_figure\">\n\t\t\t<div class=\"vc_single_image-wrapper   vc_box_border_grey\"><img loading=\"lazy\" decoding=\"async\" width=\"450\" height=\"700\" src=\"https:\/\/www.paramente.net\/wp-content\/uploads\/2020\/12\/Details-2.jpg\" class=\"vc_single_image-img attachment-full\" alt=\"\" title=\"D\u00e9tails (2)\" srcset=\"https:\/\/www.paramente.net\/wp-content\/uploads\/2020\/12\/Details-2.jpg 450w, https:\/\/www.paramente.net\/wp-content\/uploads\/2020\/12\/Details-2-193x300.jpg 193w, https:\/\/www.paramente.net\/wp-content\/uploads\/2020\/12\/Details-2-8x12.jpg 8w, https:\/\/www.paramente.net\/wp-content\/uploads\/2020\/12\/Details-2-300x467.jpg 300w\" sizes=\"auto, (max-width: 450px) 100vw, 450px\" \/><\/div>\n\t\t<\/figure>\n\t<\/div>\n<\/div><\/div><\/div><\/div><\/div><\/div><\/div><div class=\"wpb_column vc_column_container vc_col-sm-6\"><div class=\"vc_column-inner\"><div class=\"wpb_wrapper\">\n\t<div  class=\"wpb_single_image wpb_content_element vc_align_ wpb_content_element\">\n\t\t\n\t\t<figure class=\"wpb_wrapper vc_figure\">\n\t\t\t<div class=\"vc_single_image-wrapper   vc_box_border_grey\"><img loading=\"lazy\" decoding=\"async\" width=\"450\" height=\"700\" src=\"https:\/\/www.paramente.net\/wp-content\/uploads\/2020\/12\/Kasel-ohne-Futter-1.jpg\" class=\"vc_single_image-img attachment-full\" alt=\"\" title=\"Chasuble sans doublure (1)\" srcset=\"https:\/\/www.paramente.net\/wp-content\/uploads\/2020\/12\/Kasel-ohne-Futter-1.jpg 450w, https:\/\/www.paramente.net\/wp-content\/uploads\/2020\/12\/Kasel-ohne-Futter-1-193x300.jpg 193w, https:\/\/www.paramente.net\/wp-content\/uploads\/2020\/12\/Kasel-ohne-Futter-1-8x12.jpg 8w, https:\/\/www.paramente.net\/wp-content\/uploads\/2020\/12\/Kasel-ohne-Futter-1-300x467.jpg 300w\" sizes=\"auto, (max-width: 450px) 100vw, 450px\" \/><\/div>\n\t\t<\/figure>\n\t<\/div>\n<\/div><\/div><\/div><\/div><div class=\"vc_row wpb_row vc_row-fluid\"><div class=\"wpb_column vc_column_container vc_col-sm-6\"><div class=\"vc_column-inner\"><div class=\"wpb_wrapper\">\n\t<div  class=\"wpb_single_image wpb_content_element vc_align_ wpb_content_element\">\n\t\t\n\t\t<figure class=\"wpb_wrapper vc_figure\">\n\t\t\t<div class=\"vc_single_image-wrapper   vc_box_border_grey\"><img loading=\"lazy\" decoding=\"async\" width=\"450\" height=\"700\" src=\"https:\/\/www.paramente.net\/wp-content\/uploads\/2021\/01\/Namensschild-2.jpg\" class=\"vc_single_image-img attachment-full\" alt=\"\" title=\"Porte-nom (2)\" srcset=\"https:\/\/www.paramente.net\/wp-content\/uploads\/2021\/01\/Namensschild-2.jpg 450w, https:\/\/www.paramente.net\/wp-content\/uploads\/2021\/01\/Namensschild-2-193x300.jpg 193w, https:\/\/www.paramente.net\/wp-content\/uploads\/2021\/01\/Namensschild-2-8x12.jpg 8w, https:\/\/www.paramente.net\/wp-content\/uploads\/2021\/01\/Namensschild-2-300x467.jpg 300w\" sizes=\"auto, (max-width: 450px) 100vw, 450px\" \/><\/div>\n\t\t<\/figure>\n\t<\/div>\n<\/div><\/div><\/div><div class=\"wpb_column vc_column_container vc_col-sm-6\"><div class=\"vc_column-inner\"><div class=\"wpb_wrapper\">\n\t<div class=\"wpb_text_column wpb_content_element\" >\n\t\t<div class=\"wpb_wrapper\">\n\t\t\t<h2>Individualit\u00e9 malgr\u00e9 de grandes quantit\u00e9s<\/h2>\n<p><span style=\"font-size: 16px;\">L&#039;une des premi\u00e8res id\u00e9es a \u00e9t\u00e9 de fournir \u00e0 chaque v\u00eatement une \u00e9tiquette de nom pour le porteur. Apr\u00e8s des premi\u00e8res consid\u00e9rations avec les \u00e9tiquettes tiss\u00e9es habituelles, il est devenu clair que cela aboutirait \u00e0 une collection de signes qui ne seraient pas tr\u00e8s attrayants. L&#039;id\u00e9e est donc venue d&#039;imprimer le signe en utilisant la m\u00eame technique que les b\u00e2tons. Pour les pr\u00eatres et les diacres, des signes individuels ont \u00e9t\u00e9 cr\u00e9\u00e9s pour personnaliser la robe.<\/span><\/p>\n<h1><\/h1>\n\n\t\t<\/div>\n\t<\/div>\n<\/div><\/div><\/div><\/div><div class=\"vc_row wpb_row vc_row-fluid\"><div class=\"wpb_column vc_column_container vc_col-sm-12\"><div class=\"vc_column-inner\"><div class=\"wpb_wrapper\">\n\t<div class=\"wpb_text_column wpb_content_element\" >\n\t\t<div class=\"wpb_wrapper\">\n\t\t\t<p><span style=\"font-size: 16px;\">Les dalmatiques sont con\u00e7us de mani\u00e8re classique avec des rayures claves. Le mat\u00e9riau et la fabrication sont identiques \u00e0 la chasuble.<\/span><\/p>\n\n\t\t<\/div>\n\t<\/div>\n<\/div><\/div><\/div><\/div><div class=\"vc_row wpb_row vc_row-fluid\"><div class=\"wpb_column vc_column_container vc_col-sm-6\"><div class=\"vc_column-inner\"><div class=\"wpb_wrapper\">\n\t<div  class=\"wpb_single_image wpb_content_element vc_align_ wpb_content_element\">\n\t\t\n\t\t<figure class=\"wpb_wrapper vc_figure\">\n\t\t\t<div class=\"vc_single_image-wrapper   vc_box_border_grey\"><img loading=\"lazy\" decoding=\"async\" width=\"450\" height=\"700\" src=\"https:\/\/www.paramente.net\/wp-content\/uploads\/2020\/12\/Dalmatik-ohne-Futter-1.jpg\" class=\"vc_single_image-img attachment-full\" alt=\"\" title=\"Dalmatik sans doublure (1)\" srcset=\"https:\/\/www.paramente.net\/wp-content\/uploads\/2020\/12\/Dalmatik-ohne-Futter-1.jpg 450w, https:\/\/www.paramente.net\/wp-content\/uploads\/2020\/12\/Dalmatik-ohne-Futter-1-193x300.jpg 193w, https:\/\/www.paramente.net\/wp-content\/uploads\/2020\/12\/Dalmatik-ohne-Futter-1-8x12.jpg 8w, https:\/\/www.paramente.net\/wp-content\/uploads\/2020\/12\/Dalmatik-ohne-Futter-1-300x467.jpg 300w\" sizes=\"auto, (max-width: 450px) 100vw, 450px\" \/><\/div>\n\t\t<\/figure>\n\t<\/div>\n<\/div><\/div><\/div><div class=\"wpb_column vc_column_container vc_col-sm-6\"><div class=\"vc_column-inner\"><div class=\"wpb_wrapper\">\n\t<div  class=\"wpb_single_image wpb_content_element vc_align_ wpb_content_element\">\n\t\t\n\t\t<figure class=\"wpb_wrapper vc_figure\">\n\t\t\t<div class=\"vc_single_image-wrapper   vc_box_border_grey\"><img loading=\"lazy\" decoding=\"async\" width=\"450\" height=\"700\" src=\"https:\/\/www.paramente.net\/wp-content\/uploads\/2020\/12\/Dalmatik-ohne-Futter-2.jpg\" class=\"vc_single_image-img attachment-full\" alt=\"\" title=\"Dalmatik sans doublure (2)\" srcset=\"https:\/\/www.paramente.net\/wp-content\/uploads\/2020\/12\/Dalmatik-ohne-Futter-2.jpg 450w, https:\/\/www.paramente.net\/wp-content\/uploads\/2020\/12\/Dalmatik-ohne-Futter-2-193x300.jpg 193w, https:\/\/www.paramente.net\/wp-content\/uploads\/2020\/12\/Dalmatik-ohne-Futter-2-8x12.jpg 8w, https:\/\/www.paramente.net\/wp-content\/uploads\/2020\/12\/Dalmatik-ohne-Futter-2-300x467.jpg 300w\" sizes=\"auto, (max-width: 450px) 100vw, 450px\" \/><\/div>\n\t\t<\/figure>\n\t<\/div>\n<\/div><\/div><\/div><\/div>\n<\/div>","protected":false},"excerpt":{"rendered":"Bistumsornat einheitliche Kaseln und Dalmatiken f\u00fcr alle Priester und Diakone des Erzbistums Hamburg Der Bistumsornat f\u00fcr das Erzbistum Hamburg ist die Grundlage f\u00fcr eine einheitliche Konzelebration im gesamten Bistum. Dem gesamten Presbyterium und allen Diakonen soll erm\u00f6glicht werden sowohl auf Gemeinde-, Pfarrei-, Regional-, oder Bistumsebene die Heilige Messe mit einheitlichen Kaseln und Dalmatiken zu zelebrieren.&hellip;","protected":false},"author":2,"featured_media":0,"parent":0,"menu_order":0,"comment_status":"closed","ping_status":"closed","template":"","meta":{"footnotes":""},"class_list":["post-3622","page","type-page","status-publish","hentry","entry","no-media"],"yoast_head":"<!-- This site is optimized with the Yoast SEO plugin v27.4 - https:\/\/yoast.com\/product\/yoast-seo-wordpress\/ -->\n<title>Bistumsornat Erzbistum Hamburg - Clemens Jansen &amp; Co<\/title>\n<meta name=\"robots\" content=\"index, follow, max-snippet:-1, max-image-preview:large, max-video-preview:-1\" \/>\n<link rel=\"canonical\" href=\"https:\/\/www.paramente.net\/fr\/bistumsornat-erzbistum-hamburg\/\" \/>\n<meta property=\"og:locale\" content=\"fr_FR\" \/>\n<meta property=\"og:type\" content=\"article\" \/>\n<meta property=\"og:title\" content=\"Bistumsornat Erzbistum Hamburg - Clemens Jansen &amp; Co\" \/>\n<meta property=\"og:url\" content=\"https:\/\/www.paramente.net\/fr\/bistumsornat-erzbistum-hamburg\/\" \/>\n<meta property=\"og:site_name\" content=\"Clemens Jansen &amp; Co\" \/>\n<meta property=\"article:modified_time\" content=\"2023-04-24T07:28:12+00:00\" \/>\n<meta name=\"twitter:card\" content=\"summary_large_image\" \/>\n<meta name=\"twitter:label1\" content=\"Dur\u00e9e de lecture estim\u00e9e\" \/>\n\t<meta name=\"twitter:data1\" content=\"2 minutes\" \/>\n<script type=\"application\/ld+json\" class=\"yoast-schema-graph\">{\"@context\":\"https:\\\/\\\/schema.org\",\"@graph\":[{\"@type\":\"WebPage\",\"@id\":\"https:\\\/\\\/www.paramente.net\\\/bistumsornat-erzbistum-hamburg\\\/\",\"url\":\"https:\\\/\\\/www.paramente.net\\\/bistumsornat-erzbistum-hamburg\\\/\",\"name\":\"Bistumsornat Erzbistum Hamburg - Clemens Jansen &amp; Co\",\"isPartOf\":{\"@id\":\"https:\\\/\\\/www.paramente.net\\\/#website\"},\"datePublished\":\"2020-12-20T10:09:44+00:00\",\"dateModified\":\"2023-04-24T07:28:12+00:00\",\"breadcrumb\":{\"@id\":\"https:\\\/\\\/www.paramente.net\\\/bistumsornat-erzbistum-hamburg\\\/#breadcrumb\"},\"inLanguage\":\"fr-FR\",\"potentialAction\":[{\"@type\":\"ReadAction\",\"target\":[\"https:\\\/\\\/www.paramente.net\\\/bistumsornat-erzbistum-hamburg\\\/\"]}]},{\"@type\":\"BreadcrumbList\",\"@id\":\"https:\\\/\\\/www.paramente.net\\\/bistumsornat-erzbistum-hamburg\\\/#breadcrumb\",\"itemListElement\":[{\"@type\":\"ListItem\",\"position\":1,\"name\":\"Startseite\",\"item\":\"https:\\\/\\\/www.paramente.net\\\/\"},{\"@type\":\"ListItem\",\"position\":2,\"name\":\"Bistumsornat Erzbistum Hamburg\"}]},{\"@type\":\"WebSite\",\"@id\":\"https:\\\/\\\/www.paramente.net\\\/#website\",\"url\":\"https:\\\/\\\/www.paramente.net\\\/\",\"name\":\"Clemens Jansen & Co\",\"description\":\"Hersteller und Lieferant f\u00fcr individuellen Kirchenbedarf\",\"publisher\":{\"@id\":\"https:\\\/\\\/www.paramente.net\\\/#organization\"},\"potentialAction\":[{\"@type\":\"SearchAction\",\"target\":{\"@type\":\"EntryPoint\",\"urlTemplate\":\"https:\\\/\\\/www.paramente.net\\\/?s={search_term_string}\"},\"query-input\":{\"@type\":\"PropertyValueSpecification\",\"valueRequired\":true,\"valueName\":\"search_term_string\"}}],\"inLanguage\":\"fr-FR\"},{\"@type\":\"Organization\",\"@id\":\"https:\\\/\\\/www.paramente.net\\\/#organization\",\"name\":\"Clemens Jansen & Co\",\"url\":\"https:\\\/\\\/www.paramente.net\\\/\",\"logo\":{\"@type\":\"ImageObject\",\"inLanguage\":\"fr-FR\",\"@id\":\"https:\\\/\\\/www.paramente.net\\\/#\\\/schema\\\/logo\\\/image\\\/\",\"url\":\"https:\\\/\\\/www.paramente.net\\\/wp-content\\\/uploads\\\/2016\\\/11\\\/paramente-logo.png\",\"contentUrl\":\"https:\\\/\\\/www.paramente.net\\\/wp-content\\\/uploads\\\/2016\\\/11\\\/paramente-logo.png\",\"width\":162,\"height\":162,\"caption\":\"Clemens Jansen & Co\"},\"image\":{\"@id\":\"https:\\\/\\\/www.paramente.net\\\/#\\\/schema\\\/logo\\\/image\\\/\"}}]}<\/script>\n<!-- \/ Yoast SEO plugin. -->","yoast_head_json":{"title":"Robe dioc\u00e8se de l&#039;archidioc\u00e8se de Hambourg - Clemens Jansen &amp; Co","robots":{"index":"index","follow":"follow","max-snippet":"max-snippet:-1","max-image-preview":"max-image-preview:large","max-video-preview":"max-video-preview:-1"},"canonical":"https:\/\/www.paramente.net\/fr\/bistumsornat-erzbistum-hamburg\/","og_locale":"fr_FR","og_type":"article","og_title":"Bistumsornat Erzbistum Hamburg - Clemens Jansen &amp; Co","og_url":"https:\/\/www.paramente.net\/fr\/bistumsornat-erzbistum-hamburg\/","og_site_name":"Clemens Jansen &amp; Co","article_modified_time":"2023-04-24T07:28:12+00:00","twitter_card":"summary_large_image","twitter_misc":{"Dur\u00e9e de lecture estim\u00e9e":"2 minutes"},"schema":{"@context":"https:\/\/schema.org","@graph":[{"@type":"WebPage","@id":"https:\/\/www.paramente.net\/bistumsornat-erzbistum-hamburg\/","url":"https:\/\/www.paramente.net\/bistumsornat-erzbistum-hamburg\/","name":"Robe dioc\u00e8se de l&#039;archidioc\u00e8se de Hambourg - Clemens Jansen &amp; Co","isPartOf":{"@id":"https:\/\/www.paramente.net\/#website"},"datePublished":"2020-12-20T10:09:44+00:00","dateModified":"2023-04-24T07:28:12+00:00","breadcrumb":{"@id":"https:\/\/www.paramente.net\/bistumsornat-erzbistum-hamburg\/#breadcrumb"},"inLanguage":"fr-FR","potentialAction":[{"@type":"ReadAction","target":["https:\/\/www.paramente.net\/bistumsornat-erzbistum-hamburg\/"]}]},{"@type":"BreadcrumbList","@id":"https:\/\/www.paramente.net\/bistumsornat-erzbistum-hamburg\/#breadcrumb","itemListElement":[{"@type":"ListItem","position":1,"name":"Startseite","item":"https:\/\/www.paramente.net\/"},{"@type":"ListItem","position":2,"name":"Bistumsornat Erzbistum Hamburg"}]},{"@type":"WebSite","@id":"https:\/\/www.paramente.net\/#website","url":"https:\/\/www.paramente.net\/","name":"Clemens Jansen &amp; Co","description":"Fabricant et fournisseur pour les besoins individuels de l&#039;\u00e9glise","publisher":{"@id":"https:\/\/www.paramente.net\/#organization"},"potentialAction":[{"@type":"SearchAction","target":{"@type":"EntryPoint","urlTemplate":"https:\/\/www.paramente.net\/?s={search_term_string}"},"query-input":{"@type":"PropertyValueSpecification","valueRequired":true,"valueName":"search_term_string"}}],"inLanguage":"fr-FR"},{"@type":"Organization","@id":"https:\/\/www.paramente.net\/#organization","name":"Clemens Jansen &amp; Co","url":"https:\/\/www.paramente.net\/","logo":{"@type":"ImageObject","inLanguage":"fr-FR","@id":"https:\/\/www.paramente.net\/#\/schema\/logo\/image\/","url":"https:\/\/www.paramente.net\/wp-content\/uploads\/2016\/11\/paramente-logo.png","contentUrl":"https:\/\/www.paramente.net\/wp-content\/uploads\/2016\/11\/paramente-logo.png","width":162,"height":162,"caption":"Clemens Jansen & Co"},"image":{"@id":"https:\/\/www.paramente.net\/#\/schema\/logo\/image\/"}}]}},"_links":{"self":[{"href":"https:\/\/www.paramente.net\/fr\/wp-json\/wp\/v2\/pages\/3622","targetHints":{"allow":["GET"]}}],"collection":[{"href":"https:\/\/www.paramente.net\/fr\/wp-json\/wp\/v2\/pages"}],"about":[{"href":"https:\/\/www.paramente.net\/fr\/wp-json\/wp\/v2\/types\/page"}],"author":[{"embeddable":true,"href":"https:\/\/www.paramente.net\/fr\/wp-json\/wp\/v2\/users\/2"}],"replies":[{"embeddable":true,"href":"https:\/\/www.paramente.net\/fr\/wp-json\/wp\/v2\/comments?post=3622"}],"version-history":[{"count":5,"href":"https:\/\/www.paramente.net\/fr\/wp-json\/wp\/v2\/pages\/3622\/revisions"}],"predecessor-version":[{"id":3721,"href":"https:\/\/www.paramente.net\/fr\/wp-json\/wp\/v2\/pages\/3622\/revisions\/3721"}],"wp:attachment":[{"href":"https:\/\/www.paramente.net\/fr\/wp-json\/wp\/v2\/media?parent=3622"}],"curies":[{"name":"wp","href":"https:\/\/api.w.org\/{rel}","templated":true}]}}