{"id":3290,"date":"2020-05-02T15:06:22","date_gmt":"2020-05-02T13:06:22","guid":{"rendered":"https:\/\/www.paramente.net\/?page_id=3290"},"modified":"2020-05-04T15:06:44","modified_gmt":"2020-05-04T13:06:44","slug":"restaurierung-fahnen","status":"publish","type":"page","link":"https:\/\/www.paramente.net\/fr\/restaurierung-fahnen\/","title":{"rendered":"Drapeaux de restauration"},"content":{"rendered":"<div class=\"wpb-content-wrapper\"><div class=\"vc_row wpb_row vc_row-fluid\"><div class=\"wpb_column vc_column_container vc_col-sm-12\"><div class=\"vc_column-inner\"><div class=\"wpb_wrapper\">\n\t<div class=\"wpb_text_column wpb_content_element\" >\n\t\t<div class=\"wpb_wrapper\">\n\t\t\t<h2>Drapeaux d'\u00e9glise, de carnaval et de club<\/h2>\n<p><span style=\"font-size: 18px;\">Les drapeaux sont g\u00e9n\u00e9ralement de tr\u00e8s haute qualit\u00e9 et pr\u00e9cieux. M\u00eame les drapeaux tr\u00e8s endommag\u00e9s peuvent \u00eatre restaur\u00e9s, comme le montre la restauration pr\u00e9sent\u00e9e ici.<\/span><\/p>\n<p><strong><span style=\"font-size: 18px;\">\u00c9tat du drapeau avant la restauration:<\/span><\/strong><\/p>\n<p><span style=\"font-size: 18px;\">Les mat\u00e9riaux de base sont tr\u00e8s us\u00e9s et pr\u00e9sentent des fissures et des trous. La broderie est l\u00e2che \u00e0 de nombreux endroits ou il manque des pi\u00e8ces. Comme d&#039;habitude avec un drapeau de cet \u00e2ge, les deux feuilles du drapeau sont fortement d\u00e9form\u00e9es. Les bordures, boucles et franges sont irr\u00e9m\u00e9diablement endommag\u00e9es.<\/span><\/p>\n<p><strong><span style=\"font-size: 18px;\">Mesures de restauration:<\/span><\/strong><\/p>\n<p><span style=\"font-size: 18px;\">Le drapeau est compl\u00e8tement s\u00e9par\u00e9 les uns des autres, toutes les bordures et franges sont supprim\u00e9es. Toutes les broderies sont retravaill\u00e9es \u00e0 la main, les fils l\u00e2ches sont s\u00e9curis\u00e9s, les fils manquants sont ajout\u00e9s. Les mat\u00e9riaux de base des feuilles de drapeau sont compl\u00e8tement enroul\u00e9s pour la s\u00e9curit\u00e9. Pour ce faire, le mat\u00e9riau de base est recouvert de d\u00e9chirures puis enti\u00e8rement brod\u00e9 avec une machine \u00e0 broder \u00e0 main (tambouriseuse). Les carr\u00e9s d&#039;angle ont \u00e9t\u00e9 brod\u00e9s sur un nouveau mat\u00e9riau de base bas\u00e9 sur le mod\u00e8le d&#039;origine. <\/span><\/p>\n<p><span style=\"font-size: 18px;\">Apr\u00e8s ce travail tr\u00e8s \u00e9labor\u00e9, le drapeau entier avec de nouvelles bordures, franges et boucles est cousu \u00e0 partir de z\u00e9ro. \u00c0 l&#039;int\u00e9rieur des drapeaux sont fournis de nouveaux s\u00e9parateurs interm\u00e9diaires en ortie de coton.<\/span><\/p>\n\n\t\t<\/div>\n\t<\/div>\n<div class=\"vc_row wpb_row vc_inner vc_row-fluid\"><div class=\"wpb_column vc_column_container vc_col-sm-6\"><div class=\"vc_column-inner\"><div class=\"wpb_wrapper\">\n\t<div class=\"wpb_text_column wpb_content_element\" >\n\t\t<div class=\"wpb_wrapper\">\n\t\t\t<h2>Pr\u00e9c\u00e9demment<\/h2>\n\n\t\t<\/div>\n\t<\/div>\n\n<div class=\"vc_grid-container-wrapper vc_clearfix vc_grid-animation-fadeIn\">\n\t<div class=\"vc_grid-container vc_clearfix wpb_content_element vc_media_grid\" data-initial-loading-animation=\"fadeIn\" data-vc-grid-settings=\"{&quot;page_id&quot;:3290,&quot;style&quot;:&quot;all&quot;,&quot;action&quot;:&quot;vc_get_vc_grid_data&quot;,&quot;shortcode_id&quot;:&quot;1588584958387-1cbff45f626dff493cea14e1c70452f4-9&quot;,&quot;tag&quot;:&quot;vc_media_grid&quot;}\" data-vc-request=\"https:\/\/www.paramente.net\/wp-admin\/admin-ajax.php\" data-vc-post-id=\"3290\" data-vc-public-nonce=\"8ea44eb671\">\n\t\t\n\t<\/div>\n<\/div><\/div><\/div><\/div><div class=\"wpb_column vc_column_container vc_col-sm-6\"><div class=\"vc_column-inner\"><div class=\"wpb_wrapper\">\n\t<div class=\"wpb_text_column wpb_content_element\" >\n\t\t<div class=\"wpb_wrapper\">\n\t\t\t<h2>plus tard<\/h2>\n\n\t\t<\/div>\n\t<\/div>\n\n<div class=\"vc_grid-container-wrapper vc_clearfix vc_grid-animation-fadeIn\">\n\t<div class=\"vc_grid-container vc_clearfix wpb_content_element vc_media_grid\" data-initial-loading-animation=\"fadeIn\" data-vc-grid-settings=\"{&quot;page_id&quot;:3290,&quot;style&quot;:&quot;all&quot;,&quot;action&quot;:&quot;vc_get_vc_grid_data&quot;,&quot;shortcode_id&quot;:&quot;1588584958436-ce758247cace45a7d79a30c07e09b035-0&quot;,&quot;tag&quot;:&quot;vc_media_grid&quot;}\" data-vc-request=\"https:\/\/www.paramente.net\/wp-admin\/admin-ajax.php\" data-vc-post-id=\"3290\" data-vc-public-nonce=\"8ea44eb671\">\n\t\t\n\t<\/div>\n<\/div><\/div><\/div><\/div><\/div><\/div><\/div><\/div><\/div>\n<\/div>","protected":false},"excerpt":{"rendered":"Sch\u00fctzen-, Kirchen-, Karnevals- und Vereinsfahnen. Fahnen sind meist sehr hochwertig und wertvoll gestaltet. Auch sehr stark besch\u00e4digte Fahnen k\u00f6nnen restauriert werden, wie die hier dargestellte Restaurierung zeigt. Zustand der Fahne vor der Restaurierung: Die Grundstoffe sind stark verschlissen und weisen Risse und L\u00f6cher auf.\u00a0 Die Stickerei ist an vielen Stellen lose oder es gibt Fehlstellen.&hellip;","protected":false},"author":2,"featured_media":0,"parent":0,"menu_order":0,"comment_status":"closed","ping_status":"closed","template":"","meta":{"footnotes":""},"class_list":["post-3290","page","type-page","status-publish","hentry","entry","no-media"],"yoast_head":"<!-- This site is optimized with the Yoast SEO plugin v27.5 - https:\/\/yoast.com\/product\/yoast-seo-wordpress\/ -->\n<title>Restaurierung Fahnen - Clemens Jansen &amp; Co<\/title>\n<meta name=\"robots\" content=\"index, follow, max-snippet:-1, max-image-preview:large, max-video-preview:-1\" \/>\n<link rel=\"canonical\" href=\"https:\/\/www.paramente.net\/fr\/restaurierung-fahnen\/\" \/>\n<meta property=\"og:locale\" content=\"fr_FR\" \/>\n<meta property=\"og:type\" content=\"article\" \/>\n<meta property=\"og:title\" content=\"Restaurierung Fahnen - Clemens Jansen &amp; Co\" \/>\n<meta property=\"og:url\" content=\"https:\/\/www.paramente.net\/fr\/restaurierung-fahnen\/\" \/>\n<meta property=\"og:site_name\" content=\"Clemens Jansen &amp; Co\" \/>\n<meta property=\"article:modified_time\" content=\"2020-05-04T13:06:44+00:00\" \/>\n<meta name=\"twitter:card\" content=\"summary_large_image\" \/>\n<meta name=\"twitter:label1\" content=\"Dur\u00e9e de lecture estim\u00e9e\" \/>\n\t<meta name=\"twitter:data1\" content=\"1 minute\" \/>\n<script type=\"application\/ld+json\" class=\"yoast-schema-graph\">{\"@context\":\"https:\\\/\\\/schema.org\",\"@graph\":[{\"@type\":\"WebPage\",\"@id\":\"https:\\\/\\\/www.paramente.net\\\/restaurierung-fahnen\\\/\",\"url\":\"https:\\\/\\\/www.paramente.net\\\/restaurierung-fahnen\\\/\",\"name\":\"Restaurierung Fahnen - Clemens Jansen &amp; Co\",\"isPartOf\":{\"@id\":\"https:\\\/\\\/www.paramente.net\\\/#website\"},\"datePublished\":\"2020-05-02T13:06:22+00:00\",\"dateModified\":\"2020-05-04T13:06:44+00:00\",\"breadcrumb\":{\"@id\":\"https:\\\/\\\/www.paramente.net\\\/restaurierung-fahnen\\\/#breadcrumb\"},\"inLanguage\":\"fr-FR\",\"potentialAction\":[{\"@type\":\"ReadAction\",\"target\":[\"https:\\\/\\\/www.paramente.net\\\/restaurierung-fahnen\\\/\"]}]},{\"@type\":\"BreadcrumbList\",\"@id\":\"https:\\\/\\\/www.paramente.net\\\/restaurierung-fahnen\\\/#breadcrumb\",\"itemListElement\":[{\"@type\":\"ListItem\",\"position\":1,\"name\":\"Startseite\",\"item\":\"https:\\\/\\\/www.paramente.net\\\/\"},{\"@type\":\"ListItem\",\"position\":2,\"name\":\"Restaurierung Fahnen\"}]},{\"@type\":\"WebSite\",\"@id\":\"https:\\\/\\\/www.paramente.net\\\/#website\",\"url\":\"https:\\\/\\\/www.paramente.net\\\/\",\"name\":\"Clemens Jansen & Co\",\"description\":\"Hersteller und Lieferant f\u00fcr individuellen Kirchenbedarf\",\"publisher\":{\"@id\":\"https:\\\/\\\/www.paramente.net\\\/#organization\"},\"potentialAction\":[{\"@type\":\"SearchAction\",\"target\":{\"@type\":\"EntryPoint\",\"urlTemplate\":\"https:\\\/\\\/www.paramente.net\\\/?s={search_term_string}\"},\"query-input\":{\"@type\":\"PropertyValueSpecification\",\"valueRequired\":true,\"valueName\":\"search_term_string\"}}],\"inLanguage\":\"fr-FR\"},{\"@type\":\"Organization\",\"@id\":\"https:\\\/\\\/www.paramente.net\\\/#organization\",\"name\":\"Clemens Jansen & Co\",\"url\":\"https:\\\/\\\/www.paramente.net\\\/\",\"logo\":{\"@type\":\"ImageObject\",\"inLanguage\":\"fr-FR\",\"@id\":\"https:\\\/\\\/www.paramente.net\\\/#\\\/schema\\\/logo\\\/image\\\/\",\"url\":\"https:\\\/\\\/www.paramente.net\\\/wp-content\\\/uploads\\\/2016\\\/11\\\/paramente-logo.png\",\"contentUrl\":\"https:\\\/\\\/www.paramente.net\\\/wp-content\\\/uploads\\\/2016\\\/11\\\/paramente-logo.png\",\"width\":162,\"height\":162,\"caption\":\"Clemens Jansen & Co\"},\"image\":{\"@id\":\"https:\\\/\\\/www.paramente.net\\\/#\\\/schema\\\/logo\\\/image\\\/\"}}]}<\/script>\n<!-- \/ Yoast SEO plugin. -->","yoast_head_json":{"title":"Restauration de drapeaux - Clemens Jansen &amp; Co","robots":{"index":"index","follow":"follow","max-snippet":"max-snippet:-1","max-image-preview":"max-image-preview:large","max-video-preview":"max-video-preview:-1"},"canonical":"https:\/\/www.paramente.net\/fr\/restaurierung-fahnen\/","og_locale":"fr_FR","og_type":"article","og_title":"Restaurierung Fahnen - Clemens Jansen &amp; Co","og_url":"https:\/\/www.paramente.net\/fr\/restaurierung-fahnen\/","og_site_name":"Clemens Jansen &amp; Co","article_modified_time":"2020-05-04T13:06:44+00:00","twitter_card":"summary_large_image","twitter_misc":{"Dur\u00e9e de lecture estim\u00e9e":"1 minute"},"schema":{"@context":"https:\/\/schema.org","@graph":[{"@type":"WebPage","@id":"https:\/\/www.paramente.net\/restaurierung-fahnen\/","url":"https:\/\/www.paramente.net\/restaurierung-fahnen\/","name":"Restauration de drapeaux - Clemens Jansen &amp; Co","isPartOf":{"@id":"https:\/\/www.paramente.net\/#website"},"datePublished":"2020-05-02T13:06:22+00:00","dateModified":"2020-05-04T13:06:44+00:00","breadcrumb":{"@id":"https:\/\/www.paramente.net\/restaurierung-fahnen\/#breadcrumb"},"inLanguage":"fr-FR","potentialAction":[{"@type":"ReadAction","target":["https:\/\/www.paramente.net\/restaurierung-fahnen\/"]}]},{"@type":"BreadcrumbList","@id":"https:\/\/www.paramente.net\/restaurierung-fahnen\/#breadcrumb","itemListElement":[{"@type":"ListItem","position":1,"name":"Startseite","item":"https:\/\/www.paramente.net\/"},{"@type":"ListItem","position":2,"name":"Restaurierung Fahnen"}]},{"@type":"WebSite","@id":"https:\/\/www.paramente.net\/#website","url":"https:\/\/www.paramente.net\/","name":"Clemens Jansen &amp; Co","description":"Fabricant et fournisseur pour les besoins individuels de l&#039;\u00e9glise","publisher":{"@id":"https:\/\/www.paramente.net\/#organization"},"potentialAction":[{"@type":"SearchAction","target":{"@type":"EntryPoint","urlTemplate":"https:\/\/www.paramente.net\/?s={search_term_string}"},"query-input":{"@type":"PropertyValueSpecification","valueRequired":true,"valueName":"search_term_string"}}],"inLanguage":"fr-FR"},{"@type":"Organization","@id":"https:\/\/www.paramente.net\/#organization","name":"Clemens Jansen &amp; Co","url":"https:\/\/www.paramente.net\/","logo":{"@type":"ImageObject","inLanguage":"fr-FR","@id":"https:\/\/www.paramente.net\/#\/schema\/logo\/image\/","url":"https:\/\/www.paramente.net\/wp-content\/uploads\/2016\/11\/paramente-logo.png","contentUrl":"https:\/\/www.paramente.net\/wp-content\/uploads\/2016\/11\/paramente-logo.png","width":162,"height":162,"caption":"Clemens Jansen & Co"},"image":{"@id":"https:\/\/www.paramente.net\/#\/schema\/logo\/image\/"}}]}},"_links":{"self":[{"href":"https:\/\/www.paramente.net\/fr\/wp-json\/wp\/v2\/pages\/3290","targetHints":{"allow":["GET"]}}],"collection":[{"href":"https:\/\/www.paramente.net\/fr\/wp-json\/wp\/v2\/pages"}],"about":[{"href":"https:\/\/www.paramente.net\/fr\/wp-json\/wp\/v2\/types\/page"}],"author":[{"embeddable":true,"href":"https:\/\/www.paramente.net\/fr\/wp-json\/wp\/v2\/users\/2"}],"replies":[{"embeddable":true,"href":"https:\/\/www.paramente.net\/fr\/wp-json\/wp\/v2\/comments?post=3290"}],"version-history":[{"count":5,"href":"https:\/\/www.paramente.net\/fr\/wp-json\/wp\/v2\/pages\/3290\/revisions"}],"predecessor-version":[{"id":3339,"href":"https:\/\/www.paramente.net\/fr\/wp-json\/wp\/v2\/pages\/3290\/revisions\/3339"}],"wp:attachment":[{"href":"https:\/\/www.paramente.net\/fr\/wp-json\/wp\/v2\/media?parent=3290"}],"curies":[{"name":"wp","href":"https:\/\/api.w.org\/{rel}","templated":true}]}}