{"id":2741,"date":"2018-09-25T11:11:34","date_gmt":"2018-09-25T09:11:34","guid":{"rendered":"https:\/\/www.paramente.net\/?page_id=2741"},"modified":"2018-09-25T11:16:45","modified_gmt":"2018-09-25T09:16:45","slug":"lotus-gewebeschutzausruestung","status":"publish","type":"page","link":"https:\/\/www.paramente.net\/fr\/lotus-gewebeschutzausruestung\/","title":{"rendered":"\u00c9quipement de protection en tissu Lotus"},"content":{"rendered":"<div class=\"wpb-content-wrapper\"><div class=\"vc_row wpb_row vc_row-fluid\"><div class=\"wpb_column vc_column_container vc_col-sm-12\"><div class=\"vc_column-inner\"><div class=\"wpb_wrapper\">\n\t<div class=\"wpb_text_column wpb_content_element\" >\n\t\t<div class=\"wpb_wrapper\">\n\t\t\t<h1 class=\"bg\"><strong>Nouveau et exclusif<\/strong><\/h1>\n<h2>\u00c9quipement de protection en tissu Lotus<\/h2>\n<p><iframe loading=\"lazy\" src=\"https:\/\/www.youtube.com\/embed\/V2nFgSxJWjE?rel=0\" width=\"560\" height=\"315\" frameborder=\"0\" allowfullscreen=\"allowfullscreen\" data-mce-fragment=\"1\"><\/iframe><\/p>\n\n\t\t<\/div>\n\t<\/div>\n\n\t<div class=\"wpb_text_column wpb_content_element\" >\n\t\t<div class=\"wpb_wrapper\">\n\t\t\t<p><span style=\"font-size: 18px;\">Pour prot\u00e9ger les tissus de haute qualit\u00e9, les membres de notre soci\u00e9t\u00e9 sont \u00e9quip\u00e9s d&#039;un \u00e9quipement de protection de tissu de lotus, qui offre les propri\u00e9t\u00e9s suivantes:<\/span><\/p>\n<p><span style=\"font-size: 18px;\">\u2022 Excellente r\u00e9sistance \u00e0 l&#039;eau et \u00e0 la salet\u00e9<\/span><\/p>\n<p><span style=\"font-size: 18px;\">\u2022 Un film protecteur recouvre chaque fibre et emp\u00eache la salet\u00e9 et les taches de se coincer dans le tissu<\/span><\/p>\n<p><span style=\"font-size: 18px;\">\u2022 La respirabilit\u00e9 du tissu n&#039;est pas alt\u00e9r\u00e9e<\/span><\/p>\n<p><span style=\"font-size: 18px;\">\u2022 bonne r\u00e9cup\u00e9ration des plis des textiles<\/span><\/p>\n<p><span style=\"font-size: 18px;\">\u2022 Fluor r\u00e9duit gr\u00e2ce \u00e0 des polym\u00e8res hautement ramifi\u00e9s<\/span><\/p>\n<p><span style=\"font-size: 18px;\">De cette mani\u00e8re, les taches de vin, les taches d&#039;eau sur les soies et bien d&#039;autres salissures peuvent \u00eatre \u00e9vit\u00e9es. Cela \u00e9vite le nettoyage, emp\u00eache les taches qui ne peuvent pas \u00eatre enlev\u00e9es et augmente la dur\u00e9e de vie du param\u00e8tre.<\/span><\/p>\n<p><span style=\"font-size: 18px;\">Nous pouvons fournir \u00e0 tous les paraments cet \u00e9quipement de protection en tissu de lotus.<\/span><\/p>\n<p>&nbsp;<\/p>\n\n\t\t<\/div>\n\t<\/div>\n<\/div><\/div><\/div><\/div>\n<\/div>","protected":false},"excerpt":{"rendered":"Neu und Exklusiv Lotus-Gewebeschutzausr\u00fcstung Zum Schutz der hochwertigen Gewebe werden Paramente aus unserem Hause mit einer Lotus-Gewebeschutzausr\u00fcstung versehen, die folgende Eigenschaften bietet: \u2022\u00a0herausragende Wasser- und Schmutzabweisung \u2022 ein Schutzfilm ummantelt jede einzelne Faser und verhindert so, dass sich Schmutz und Flecken im Gewebe festsetzen \u2022 die Atmungsaktivit\u00e4t des Gewebes wird nicht beeintr\u00e4chtigt \u2022 gute Knittererholung&hellip;","protected":false},"author":2,"featured_media":0,"parent":0,"menu_order":0,"comment_status":"closed","ping_status":"closed","template":"","meta":{"footnotes":""},"class_list":["post-2741","page","type-page","status-publish","hentry","entry","no-media"],"yoast_head":"<!-- This site is optimized with the Yoast SEO plugin v27.5 - https:\/\/yoast.com\/product\/yoast-seo-wordpress\/ -->\n<title>Lotus-Gewebeschutzausr\u00fcstung - Clemens Jansen &amp; Co<\/title>\n<meta name=\"robots\" content=\"index, follow, max-snippet:-1, max-image-preview:large, max-video-preview:-1\" \/>\n<link rel=\"canonical\" href=\"https:\/\/www.paramente.net\/fr\/lotus-gewebeschutzausruestung\/\" \/>\n<meta property=\"og:locale\" content=\"fr_FR\" \/>\n<meta property=\"og:type\" content=\"article\" \/>\n<meta property=\"og:title\" content=\"Lotus-Gewebeschutzausr\u00fcstung - Clemens Jansen &amp; Co\" \/>\n<meta property=\"og:url\" content=\"https:\/\/www.paramente.net\/fr\/lotus-gewebeschutzausruestung\/\" \/>\n<meta property=\"og:site_name\" content=\"Clemens Jansen &amp; Co\" \/>\n<meta property=\"article:modified_time\" content=\"2018-09-25T09:16:45+00:00\" \/>\n<meta name=\"twitter:card\" content=\"summary_large_image\" \/>\n<meta name=\"twitter:label1\" content=\"Dur\u00e9e de lecture estim\u00e9e\" \/>\n\t<meta name=\"twitter:data1\" content=\"1 minute\" \/>\n<script type=\"application\/ld+json\" class=\"yoast-schema-graph\">{\"@context\":\"https:\\\/\\\/schema.org\",\"@graph\":[{\"@type\":\"WebPage\",\"@id\":\"https:\\\/\\\/www.paramente.net\\\/lotus-gewebeschutzausruestung\\\/\",\"url\":\"https:\\\/\\\/www.paramente.net\\\/lotus-gewebeschutzausruestung\\\/\",\"name\":\"Lotus-Gewebeschutzausr\u00fcstung - Clemens Jansen &amp; Co\",\"isPartOf\":{\"@id\":\"https:\\\/\\\/www.paramente.net\\\/#website\"},\"datePublished\":\"2018-09-25T09:11:34+00:00\",\"dateModified\":\"2018-09-25T09:16:45+00:00\",\"breadcrumb\":{\"@id\":\"https:\\\/\\\/www.paramente.net\\\/lotus-gewebeschutzausruestung\\\/#breadcrumb\"},\"inLanguage\":\"fr-FR\",\"potentialAction\":[{\"@type\":\"ReadAction\",\"target\":[\"https:\\\/\\\/www.paramente.net\\\/lotus-gewebeschutzausruestung\\\/\"]}]},{\"@type\":\"BreadcrumbList\",\"@id\":\"https:\\\/\\\/www.paramente.net\\\/lotus-gewebeschutzausruestung\\\/#breadcrumb\",\"itemListElement\":[{\"@type\":\"ListItem\",\"position\":1,\"name\":\"Startseite\",\"item\":\"https:\\\/\\\/www.paramente.net\\\/\"},{\"@type\":\"ListItem\",\"position\":2,\"name\":\"Lotus-Gewebeschutzausr\u00fcstung\"}]},{\"@type\":\"WebSite\",\"@id\":\"https:\\\/\\\/www.paramente.net\\\/#website\",\"url\":\"https:\\\/\\\/www.paramente.net\\\/\",\"name\":\"Clemens Jansen & Co\",\"description\":\"Hersteller und Lieferant f\u00fcr individuellen Kirchenbedarf\",\"publisher\":{\"@id\":\"https:\\\/\\\/www.paramente.net\\\/#organization\"},\"potentialAction\":[{\"@type\":\"SearchAction\",\"target\":{\"@type\":\"EntryPoint\",\"urlTemplate\":\"https:\\\/\\\/www.paramente.net\\\/?s={search_term_string}\"},\"query-input\":{\"@type\":\"PropertyValueSpecification\",\"valueRequired\":true,\"valueName\":\"search_term_string\"}}],\"inLanguage\":\"fr-FR\"},{\"@type\":\"Organization\",\"@id\":\"https:\\\/\\\/www.paramente.net\\\/#organization\",\"name\":\"Clemens Jansen & Co\",\"url\":\"https:\\\/\\\/www.paramente.net\\\/\",\"logo\":{\"@type\":\"ImageObject\",\"inLanguage\":\"fr-FR\",\"@id\":\"https:\\\/\\\/www.paramente.net\\\/#\\\/schema\\\/logo\\\/image\\\/\",\"url\":\"https:\\\/\\\/www.paramente.net\\\/wp-content\\\/uploads\\\/2016\\\/11\\\/paramente-logo.png\",\"contentUrl\":\"https:\\\/\\\/www.paramente.net\\\/wp-content\\\/uploads\\\/2016\\\/11\\\/paramente-logo.png\",\"width\":162,\"height\":162,\"caption\":\"Clemens Jansen & Co\"},\"image\":{\"@id\":\"https:\\\/\\\/www.paramente.net\\\/#\\\/schema\\\/logo\\\/image\\\/\"}}]}<\/script>\n<!-- \/ Yoast SEO plugin. -->","yoast_head_json":{"title":"\u00c9quipement de protection des tissus Lotus - Clemens Jansen &amp; Co","robots":{"index":"index","follow":"follow","max-snippet":"max-snippet:-1","max-image-preview":"max-image-preview:large","max-video-preview":"max-video-preview:-1"},"canonical":"https:\/\/www.paramente.net\/fr\/lotus-gewebeschutzausruestung\/","og_locale":"fr_FR","og_type":"article","og_title":"Lotus-Gewebeschutzausr\u00fcstung - Clemens Jansen &amp; Co","og_url":"https:\/\/www.paramente.net\/fr\/lotus-gewebeschutzausruestung\/","og_site_name":"Clemens Jansen &amp; Co","article_modified_time":"2018-09-25T09:16:45+00:00","twitter_card":"summary_large_image","twitter_misc":{"Dur\u00e9e de lecture estim\u00e9e":"1 minute"},"schema":{"@context":"https:\/\/schema.org","@graph":[{"@type":"WebPage","@id":"https:\/\/www.paramente.net\/lotus-gewebeschutzausruestung\/","url":"https:\/\/www.paramente.net\/lotus-gewebeschutzausruestung\/","name":"\u00c9quipement de protection des tissus Lotus - Clemens Jansen &amp; Co","isPartOf":{"@id":"https:\/\/www.paramente.net\/#website"},"datePublished":"2018-09-25T09:11:34+00:00","dateModified":"2018-09-25T09:16:45+00:00","breadcrumb":{"@id":"https:\/\/www.paramente.net\/lotus-gewebeschutzausruestung\/#breadcrumb"},"inLanguage":"fr-FR","potentialAction":[{"@type":"ReadAction","target":["https:\/\/www.paramente.net\/lotus-gewebeschutzausruestung\/"]}]},{"@type":"BreadcrumbList","@id":"https:\/\/www.paramente.net\/lotus-gewebeschutzausruestung\/#breadcrumb","itemListElement":[{"@type":"ListItem","position":1,"name":"Startseite","item":"https:\/\/www.paramente.net\/"},{"@type":"ListItem","position":2,"name":"Lotus-Gewebeschutzausr\u00fcstung"}]},{"@type":"WebSite","@id":"https:\/\/www.paramente.net\/#website","url":"https:\/\/www.paramente.net\/","name":"Clemens Jansen &amp; Co","description":"Fabricant et fournisseur pour les besoins individuels de l&#039;\u00e9glise","publisher":{"@id":"https:\/\/www.paramente.net\/#organization"},"potentialAction":[{"@type":"SearchAction","target":{"@type":"EntryPoint","urlTemplate":"https:\/\/www.paramente.net\/?s={search_term_string}"},"query-input":{"@type":"PropertyValueSpecification","valueRequired":true,"valueName":"search_term_string"}}],"inLanguage":"fr-FR"},{"@type":"Organization","@id":"https:\/\/www.paramente.net\/#organization","name":"Clemens Jansen &amp; Co","url":"https:\/\/www.paramente.net\/","logo":{"@type":"ImageObject","inLanguage":"fr-FR","@id":"https:\/\/www.paramente.net\/#\/schema\/logo\/image\/","url":"https:\/\/www.paramente.net\/wp-content\/uploads\/2016\/11\/paramente-logo.png","contentUrl":"https:\/\/www.paramente.net\/wp-content\/uploads\/2016\/11\/paramente-logo.png","width":162,"height":162,"caption":"Clemens Jansen & Co"},"image":{"@id":"https:\/\/www.paramente.net\/#\/schema\/logo\/image\/"}}]}},"_links":{"self":[{"href":"https:\/\/www.paramente.net\/fr\/wp-json\/wp\/v2\/pages\/2741","targetHints":{"allow":["GET"]}}],"collection":[{"href":"https:\/\/www.paramente.net\/fr\/wp-json\/wp\/v2\/pages"}],"about":[{"href":"https:\/\/www.paramente.net\/fr\/wp-json\/wp\/v2\/types\/page"}],"author":[{"embeddable":true,"href":"https:\/\/www.paramente.net\/fr\/wp-json\/wp\/v2\/users\/2"}],"replies":[{"embeddable":true,"href":"https:\/\/www.paramente.net\/fr\/wp-json\/wp\/v2\/comments?post=2741"}],"version-history":[{"count":2,"href":"https:\/\/www.paramente.net\/fr\/wp-json\/wp\/v2\/pages\/2741\/revisions"}],"predecessor-version":[{"id":2743,"href":"https:\/\/www.paramente.net\/fr\/wp-json\/wp\/v2\/pages\/2741\/revisions\/2743"}],"wp:attachment":[{"href":"https:\/\/www.paramente.net\/fr\/wp-json\/wp\/v2\/media?parent=2741"}],"curies":[{"name":"wp","href":"https:\/\/api.w.org\/{rel}","templated":true}]}}