{"id":2282,"date":"2018-02-22T18:45:47","date_gmt":"2018-02-22T16:45:47","guid":{"rendered":"http:\/\/www.paramente.net\/?page_id=2282"},"modified":"2020-09-29T14:14:54","modified_gmt":"2020-09-29T12:14:54","slug":"primizkaseln","status":"publish","type":"page","link":"https:\/\/www.paramente.net\/fr\/primizkaseln\/","title":{"rendered":"Chasuble pour la premi\u00e8re messe"},"content":{"rendered":"<div class=\"wpb-content-wrapper\"><div class=\"vc_row wpb_row vc_row-fluid\"><div class=\"wpb_column vc_column_container vc_col-sm-4\"><div class=\"vc_column-inner\"><div class=\"wpb_wrapper\">\n\t<div  class=\"wpb_single_image wpb_content_element vc_align_ wpb_content_element\">\n\t\t\n\t\t<figure class=\"wpb_wrapper vc_figure\">\n\t\t\t<div class=\"vc_single_image-wrapper   vc_box_border_grey\"><img loading=\"lazy\" decoding=\"async\" width=\"1000\" height=\"1000\" src=\"https:\/\/www.paramente.net\/wp-content\/uploads\/2018\/02\/Primizgewand-Neubrandenburg-5.jpg\" class=\"vc_single_image-img attachment-full\" alt=\"\" title=\"Primizgewand-Neubrandenburg- (5)\" srcset=\"https:\/\/www.paramente.net\/wp-content\/uploads\/2018\/02\/Primizgewand-Neubrandenburg-5.jpg 1000w, https:\/\/www.paramente.net\/wp-content\/uploads\/2018\/02\/Primizgewand-Neubrandenburg-5-150x150.jpg 150w, https:\/\/www.paramente.net\/wp-content\/uploads\/2018\/02\/Primizgewand-Neubrandenburg-5-300x300.jpg 300w, https:\/\/www.paramente.net\/wp-content\/uploads\/2018\/02\/Primizgewand-Neubrandenburg-5-768x768.jpg 768w, https:\/\/www.paramente.net\/wp-content\/uploads\/2018\/02\/Primizgewand-Neubrandenburg-5-600x600.jpg 600w, https:\/\/www.paramente.net\/wp-content\/uploads\/2018\/02\/Primizgewand-Neubrandenburg-5-100x100.jpg 100w\" sizes=\"auto, (max-width: 1000px) 100vw, 1000px\" \/><\/div>\n\t\t<\/figure>\n\t<\/div>\n<\/div><\/div><\/div><div class=\"wpb_column vc_column_container vc_col-sm-4\"><div class=\"vc_column-inner\"><div class=\"wpb_wrapper\">\n\t<div class=\"wpb_text_column wpb_content_element\" >\n\t\t<div class=\"wpb_wrapper\">\n\t\t\t<p><span style=\"font-size: 18px;\">La confection d&#039;un primizegown est un processus sp\u00e9cial. La production peut \u00eatre mise en \u0153uvre selon des mod\u00e8les, des brouillons propres aux brouillons d&#039;artiste. Il n&#039;y a pratiquement aucune limite \u00e0 l&#039;individualit\u00e9. Au cours de l&#039;histoire de notre entreprise, un certain nombre de robes primaires ont quitt\u00e9 notre maison. Par respect pour ces bijoux personnels de nos clients, nous ne souhaitons pas les publier sur notre site Internet.<\/span><\/p>\n\n\t\t<\/div>\n\t<\/div>\n<\/div><\/div><\/div><div class=\"wpb_column vc_column_container vc_col-sm-4\"><div class=\"vc_column-inner\"><div class=\"wpb_wrapper\">\n\t<div  class=\"wpb_single_image wpb_content_element vc_align_ wpb_content_element\">\n\t\t\n\t\t<figure class=\"wpb_wrapper vc_figure\">\n\t\t\t<div class=\"vc_single_image-wrapper   vc_box_border_grey\"><img loading=\"lazy\" decoding=\"async\" width=\"1000\" height=\"1000\" src=\"https:\/\/www.paramente.net\/wp-content\/uploads\/2018\/02\/Primizgewand-Neubrandenburg-6.jpg\" class=\"vc_single_image-img attachment-full\" alt=\"\" title=\"Primizgewand-Neubrandenburg- (6)\" srcset=\"https:\/\/www.paramente.net\/wp-content\/uploads\/2018\/02\/Primizgewand-Neubrandenburg-6.jpg 1000w, https:\/\/www.paramente.net\/wp-content\/uploads\/2018\/02\/Primizgewand-Neubrandenburg-6-150x150.jpg 150w, https:\/\/www.paramente.net\/wp-content\/uploads\/2018\/02\/Primizgewand-Neubrandenburg-6-300x300.jpg 300w, https:\/\/www.paramente.net\/wp-content\/uploads\/2018\/02\/Primizgewand-Neubrandenburg-6-768x768.jpg 768w, https:\/\/www.paramente.net\/wp-content\/uploads\/2018\/02\/Primizgewand-Neubrandenburg-6-600x600.jpg 600w, https:\/\/www.paramente.net\/wp-content\/uploads\/2018\/02\/Primizgewand-Neubrandenburg-6-100x100.jpg 100w\" sizes=\"auto, (max-width: 1000px) 100vw, 1000px\" \/><\/div>\n\t\t<\/figure>\n\t<\/div>\n<\/div><\/div><\/div><\/div><div class=\"vc_row wpb_row vc_row-fluid\"><div class=\"wpb_column vc_column_container vc_col-sm-8\"><div class=\"vc_column-inner\"><div class=\"wpb_wrapper\">\n\t<div class=\"wpb_text_column wpb_content_element\" >\n\t\t<div class=\"wpb_wrapper\">\n\t\t\t<h2><strong>Rapport d&#039;exp\u00e9rience<\/strong><\/h2>\n<p><span style=\"font-size: 18px;\">En tant que petit \"pas-encore-diacre\", je suis venu dans la boutique de M. Hermann pour me renseigner sur un v\u00eatement de primaut\u00e9. Alors qu'on m'a montr\u00e9 ce qu'est une chasuble dans d'autres magasins (vous pouvez \u00e0 peine le croire - j'avais d\u00e9j\u00e0 vu l'un ou l'autre auparavant), la question de M. Hermanns \u00e9tait: \u00abQu'as-tu imagin\u00e9? Avez-vous d\u00e9j\u00e0 une id\u00e9e? \" Oh oui je l'ai fait. Je voulais avoir une robe qui accompagne ma premi\u00e8re phrase. Et je ne voulais pas seulement savoir par moi-m\u00eame que cela correspond au dicton ou devoir l'expliquer aux autres pendant longtemps, mais je voulais que cela attire imm\u00e9diatement l'attention de ceux qui ont vu ce v\u00eatement.<\/span><\/p>\n<p><span style=\"font-size: 18px;\">Je ne suis pas un profi. Je n&#039;ai jamais cousu plus d&#039;un bouton et je ne suis donc pas apte \u00e0 dire exactement \u00e0 un tailleur et \u00e0 un artiste quelles sont mes id\u00e9es. Avec M. Hermanns, c&#039;\u00e9tait une approche constante de ce que j&#039;avais en t\u00eate, en tenant compte de toutes les choses que je n&#039;avais pas envisag\u00e9es auparavant. De la coupe du peignoir \u00e0 la taille, la forme et l&#039;ajustement du motif au choix de la couleur et du tissu, j&#039;ai pu m&#039;appuyer sur son professionnalisme et sa longue exp\u00e9rience.<\/span><\/p>\n<p><span style=\"font-size: 18px;\">Apr\u00e8s presque six mois de travail sur le motif, o\u00f9 il y avait un \u00e9change anim\u00e9 entre M. Hermanns, l&#039;artiste, M. Schultheiss et moi, nous en sommes venus de plus en plus \u00e0 ce que j&#039;avais en t\u00eate.<\/span><\/p>\n<p><span style=\"font-size: 18px;\">Le r\u00e9sultat n&#039;est pas seulement impressionnant. Il <em>est<\/em> exactement ce que j&#039;ai imagin\u00e9 et j&#039;aime porter ce v\u00eatement. Un grand merci \u00e0 M. Hermanns et \u00e0 son \u00e9quipe!<\/span><\/p>\n<p><span style=\"font-size: 18px;\">Au fait: avez-vous une id\u00e9e de la premi\u00e8re phrase?<\/span><\/p>\n<p><span style=\"font-size: 18px;\"><em>De m\u00eame que le cerf aspire \u00e0 de l&#039;eau fra\u00eeche, Dieu aspire \u00e0 vous. (Ps 42,2)<\/em><\/span><\/p>\n<p><span style=\"font-size: 18px;\"><em>Aum\u00f4nier Georg Taubitz<\/em><\/span><\/p>\n\n\t\t<\/div>\n\t<\/div>\n<\/div><\/div><\/div><div class=\"wpb_column vc_column_container vc_col-sm-4\"><div class=\"vc_column-inner\"><div class=\"wpb_wrapper\">\n\t<div  class=\"wpb_single_image wpb_content_element vc_align_ wpb_content_element\">\n\t\t\n\t\t<figure class=\"wpb_wrapper vc_figure\">\n\t\t\t<div class=\"vc_single_image-wrapper   vc_box_border_grey\"><img loading=\"lazy\" decoding=\"async\" width=\"450\" height=\"700\" src=\"https:\/\/www.paramente.net\/wp-content\/uploads\/2018\/02\/Primizgewand-Neubrandenburg-1.jpg\" class=\"vc_single_image-img attachment-full\" alt=\"\" title=\"Primizgewand-Neubrandenburg- (1)\" srcset=\"https:\/\/www.paramente.net\/wp-content\/uploads\/2018\/02\/Primizgewand-Neubrandenburg-1.jpg 450w, https:\/\/www.paramente.net\/wp-content\/uploads\/2018\/02\/Primizgewand-Neubrandenburg-1-300x467.jpg 300w, https:\/\/www.paramente.net\/wp-content\/uploads\/2018\/02\/Primizgewand-Neubrandenburg-1-193x300.jpg 193w\" sizes=\"auto, (max-width: 450px) 100vw, 450px\" \/><\/div>\n\t\t<\/figure>\n\t<\/div>\n<\/div><\/div><\/div><\/div>\n<\/div>","protected":false},"excerpt":{"rendered":"Die Anfertigung eines Primizgewandes ist ein besonderer Prozess. Die Anfertigung kann nach Vorlagen, eigenen Entw\u00fcrfen bis hin zu K\u00fcnstlerentw\u00fcrfen umgesetzt werden. Der Individualit\u00e4t sind kaum Grenzen gesetzt. Im Laufe unserer Firmengeschichte haben etliche Primizgew\u00e4nder unser Haus verlassen. Aus Respekt vor diesen pers\u00f6nlichen Schmuckst\u00fccken unserer Kunden m\u00f6chten wir diese nicht auf unserer Website ver\u00f6ffentlichen. Erfahrungsbericht Als&hellip;","protected":false},"author":2,"featured_media":0,"parent":0,"menu_order":0,"comment_status":"closed","ping_status":"closed","template":"templates\/left-sidebar.php","meta":{"footnotes":""},"class_list":["post-2282","page","type-page","status-publish","hentry","entry","no-media"],"yoast_head":"<!-- This site is optimized with the Yoast SEO plugin v27.4 - https:\/\/yoast.com\/product\/yoast-seo-wordpress\/ -->\n<title>Primizkaseln - Clemens Jansen &amp; Co<\/title>\n<meta name=\"robots\" content=\"index, follow, max-snippet:-1, max-image-preview:large, max-video-preview:-1\" \/>\n<link rel=\"canonical\" href=\"https:\/\/www.paramente.net\/fr\/primizkaseln\/\" \/>\n<meta property=\"og:locale\" content=\"fr_FR\" \/>\n<meta property=\"og:type\" content=\"article\" \/>\n<meta property=\"og:title\" content=\"Primizkaseln - Clemens Jansen &amp; Co\" \/>\n<meta property=\"og:url\" content=\"https:\/\/www.paramente.net\/fr\/primizkaseln\/\" \/>\n<meta property=\"og:site_name\" content=\"Clemens Jansen &amp; Co\" \/>\n<meta property=\"article:modified_time\" content=\"2020-09-29T12:14:54+00:00\" \/>\n<meta name=\"twitter:card\" content=\"summary_large_image\" \/>\n<meta name=\"twitter:label1\" content=\"Dur\u00e9e de lecture estim\u00e9e\" \/>\n\t<meta name=\"twitter:data1\" content=\"2 minutes\" \/>\n<script type=\"application\/ld+json\" class=\"yoast-schema-graph\">{\"@context\":\"https:\\\/\\\/schema.org\",\"@graph\":[{\"@type\":\"WebPage\",\"@id\":\"https:\\\/\\\/www.paramente.net\\\/primizkaseln\\\/\",\"url\":\"https:\\\/\\\/www.paramente.net\\\/primizkaseln\\\/\",\"name\":\"Primizkaseln - Clemens Jansen &amp; Co\",\"isPartOf\":{\"@id\":\"https:\\\/\\\/www.paramente.net\\\/#website\"},\"datePublished\":\"2018-02-22T16:45:47+00:00\",\"dateModified\":\"2020-09-29T12:14:54+00:00\",\"breadcrumb\":{\"@id\":\"https:\\\/\\\/www.paramente.net\\\/primizkaseln\\\/#breadcrumb\"},\"inLanguage\":\"fr-FR\",\"potentialAction\":[{\"@type\":\"ReadAction\",\"target\":[\"https:\\\/\\\/www.paramente.net\\\/primizkaseln\\\/\"]}]},{\"@type\":\"BreadcrumbList\",\"@id\":\"https:\\\/\\\/www.paramente.net\\\/primizkaseln\\\/#breadcrumb\",\"itemListElement\":[{\"@type\":\"ListItem\",\"position\":1,\"name\":\"Startseite\",\"item\":\"https:\\\/\\\/www.paramente.net\\\/\"},{\"@type\":\"ListItem\",\"position\":2,\"name\":\"Primizkaseln\"}]},{\"@type\":\"WebSite\",\"@id\":\"https:\\\/\\\/www.paramente.net\\\/#website\",\"url\":\"https:\\\/\\\/www.paramente.net\\\/\",\"name\":\"Clemens Jansen & Co\",\"description\":\"Hersteller und Lieferant f\u00fcr individuellen Kirchenbedarf\",\"publisher\":{\"@id\":\"https:\\\/\\\/www.paramente.net\\\/#organization\"},\"potentialAction\":[{\"@type\":\"SearchAction\",\"target\":{\"@type\":\"EntryPoint\",\"urlTemplate\":\"https:\\\/\\\/www.paramente.net\\\/?s={search_term_string}\"},\"query-input\":{\"@type\":\"PropertyValueSpecification\",\"valueRequired\":true,\"valueName\":\"search_term_string\"}}],\"inLanguage\":\"fr-FR\"},{\"@type\":\"Organization\",\"@id\":\"https:\\\/\\\/www.paramente.net\\\/#organization\",\"name\":\"Clemens Jansen & Co\",\"url\":\"https:\\\/\\\/www.paramente.net\\\/\",\"logo\":{\"@type\":\"ImageObject\",\"inLanguage\":\"fr-FR\",\"@id\":\"https:\\\/\\\/www.paramente.net\\\/#\\\/schema\\\/logo\\\/image\\\/\",\"url\":\"https:\\\/\\\/www.paramente.net\\\/wp-content\\\/uploads\\\/2016\\\/11\\\/paramente-logo.png\",\"contentUrl\":\"https:\\\/\\\/www.paramente.net\\\/wp-content\\\/uploads\\\/2016\\\/11\\\/paramente-logo.png\",\"width\":162,\"height\":162,\"caption\":\"Clemens Jansen & Co\"},\"image\":{\"@id\":\"https:\\\/\\\/www.paramente.net\\\/#\\\/schema\\\/logo\\\/image\\\/\"}}]}<\/script>\n<!-- \/ Yoast SEO plugin. -->","yoast_head_json":{"title":"Primizkaseln - Clemens Jansen &amp; Co","robots":{"index":"index","follow":"follow","max-snippet":"max-snippet:-1","max-image-preview":"max-image-preview:large","max-video-preview":"max-video-preview:-1"},"canonical":"https:\/\/www.paramente.net\/fr\/primizkaseln\/","og_locale":"fr_FR","og_type":"article","og_title":"Primizkaseln - Clemens Jansen &amp; Co","og_url":"https:\/\/www.paramente.net\/fr\/primizkaseln\/","og_site_name":"Clemens Jansen &amp; Co","article_modified_time":"2020-09-29T12:14:54+00:00","twitter_card":"summary_large_image","twitter_misc":{"Dur\u00e9e de lecture estim\u00e9e":"2 minutes"},"schema":{"@context":"https:\/\/schema.org","@graph":[{"@type":"WebPage","@id":"https:\/\/www.paramente.net\/primizkaseln\/","url":"https:\/\/www.paramente.net\/primizkaseln\/","name":"Primizkaseln - Clemens Jansen &amp; Co","isPartOf":{"@id":"https:\/\/www.paramente.net\/#website"},"datePublished":"2018-02-22T16:45:47+00:00","dateModified":"2020-09-29T12:14:54+00:00","breadcrumb":{"@id":"https:\/\/www.paramente.net\/primizkaseln\/#breadcrumb"},"inLanguage":"fr-FR","potentialAction":[{"@type":"ReadAction","target":["https:\/\/www.paramente.net\/primizkaseln\/"]}]},{"@type":"BreadcrumbList","@id":"https:\/\/www.paramente.net\/primizkaseln\/#breadcrumb","itemListElement":[{"@type":"ListItem","position":1,"name":"Startseite","item":"https:\/\/www.paramente.net\/"},{"@type":"ListItem","position":2,"name":"Primizkaseln"}]},{"@type":"WebSite","@id":"https:\/\/www.paramente.net\/#website","url":"https:\/\/www.paramente.net\/","name":"Clemens Jansen &amp; Co","description":"Fabricant et fournisseur pour les besoins individuels de l&#039;\u00e9glise","publisher":{"@id":"https:\/\/www.paramente.net\/#organization"},"potentialAction":[{"@type":"SearchAction","target":{"@type":"EntryPoint","urlTemplate":"https:\/\/www.paramente.net\/?s={search_term_string}"},"query-input":{"@type":"PropertyValueSpecification","valueRequired":true,"valueName":"search_term_string"}}],"inLanguage":"fr-FR"},{"@type":"Organization","@id":"https:\/\/www.paramente.net\/#organization","name":"Clemens Jansen &amp; Co","url":"https:\/\/www.paramente.net\/","logo":{"@type":"ImageObject","inLanguage":"fr-FR","@id":"https:\/\/www.paramente.net\/#\/schema\/logo\/image\/","url":"https:\/\/www.paramente.net\/wp-content\/uploads\/2016\/11\/paramente-logo.png","contentUrl":"https:\/\/www.paramente.net\/wp-content\/uploads\/2016\/11\/paramente-logo.png","width":162,"height":162,"caption":"Clemens Jansen & Co"},"image":{"@id":"https:\/\/www.paramente.net\/#\/schema\/logo\/image\/"}}]}},"_links":{"self":[{"href":"https:\/\/www.paramente.net\/fr\/wp-json\/wp\/v2\/pages\/2282","targetHints":{"allow":["GET"]}}],"collection":[{"href":"https:\/\/www.paramente.net\/fr\/wp-json\/wp\/v2\/pages"}],"about":[{"href":"https:\/\/www.paramente.net\/fr\/wp-json\/wp\/v2\/types\/page"}],"author":[{"embeddable":true,"href":"https:\/\/www.paramente.net\/fr\/wp-json\/wp\/v2\/users\/2"}],"replies":[{"embeddable":true,"href":"https:\/\/www.paramente.net\/fr\/wp-json\/wp\/v2\/comments?post=2282"}],"version-history":[{"count":5,"href":"https:\/\/www.paramente.net\/fr\/wp-json\/wp\/v2\/pages\/2282\/revisions"}],"predecessor-version":[{"id":3456,"href":"https:\/\/www.paramente.net\/fr\/wp-json\/wp\/v2\/pages\/2282\/revisions\/3456"}],"wp:attachment":[{"href":"https:\/\/www.paramente.net\/fr\/wp-json\/wp\/v2\/media?parent=2282"}],"curies":[{"name":"wp","href":"https:\/\/api.w.org\/{rel}","templated":true}]}}