{"id":1899,"date":"2016-11-27T03:10:25","date_gmt":"2016-11-27T01:10:25","guid":{"rendered":"http:\/\/neu.paramente.net\/?page_id=1899"},"modified":"2020-09-18T10:57:17","modified_gmt":"2020-09-18T08:57:17","slug":"reinigung","status":"publish","type":"page","link":"https:\/\/www.paramente.net\/fr\/reinigung\/","title":{"rendered":"Nettoyage et r\u00e9paration"},"content":{"rendered":"<div class=\"wpb-content-wrapper\"><div class=\"vc_row wpb_row vc_row-fluid\"><div class=\"wpb_column vc_column_container vc_col-sm-12\"><div class=\"vc_column-inner\"><div class=\"wpb_wrapper\">\n\t<div class=\"wpb_text_column wpb_content_element\" >\n\t\t<div class=\"wpb_wrapper\">\n\t\t\t<h2>Purification et r\u00e9paration des v\u00eatements liturgiques<\/h2>\n\n\t\t<\/div>\n\t<\/div>\n<\/div><\/div><\/div><\/div><div class=\"vc_row wpb_row vc_row-fluid\"><div class=\"wpb_column vc_column_container vc_col-sm-12\"><div class=\"vc_column-inner\"><div class=\"wpb_wrapper\">\n\t<div class=\"wpb_text_column wpb_content_element\" >\n\t\t<div class=\"wpb_wrapper\">\n\t\t\t<p><span style=\"font-size: 18px;\">Les v\u00eatements liturgiques sont principalement constitu\u00e9s de tissus et de mat\u00e9riaux de haute qualit\u00e9 qui n\u00e9cessitent un soin particulier.<\/span><\/p>\n<p><span style=\"font-size: 18px;\">Le nettoyage \u00e0 sec est effectu\u00e9 pour chaque v\u00eatement individuellement, afin que les tissus et la broderie ne puissent pas frotter les uns contre les autres. Afin de maintenir la charge m\u00e9canique aussi faible que possible, ils ne sont pas projet\u00e9s, mais seulement l\u00e9g\u00e8rement d\u00e9plac\u00e9s.<\/span><\/p>\n<p><span style=\"font-size: 18px;\">Certaines taches ne peuvent pas \u00eatre \u00e9limin\u00e9es avec le processus de nettoyage normal et n\u00e9cessitent un traitement sp\u00e9cial, qui est partiellement effectu\u00e9. Il est possible que certaines impuret\u00e9s ne puissent plus \u00eatre \u00e9limin\u00e9es. Celles-ci sont g\u00e9n\u00e9ralement rest\u00e9es trop longtemps dans le tissu ou ont d\u00e9j\u00e0 \u00e9t\u00e9 mal trait\u00e9es et ont donc \u00e9t\u00e9 fix\u00e9es (tr\u00e8s souvent avec des taches de cire repass\u00e9es).<\/span><\/p>\n\n\t\t<\/div>\n\t<\/div>\n\n\t<div class=\"wpb_text_column wpb_content_element\" >\n\t\t<div class=\"wpb_wrapper\">\n\t\t\t<h2 class=\"p1\"><span class=\"s1\">Processus de nettoyage<\/span><\/h2>\n\n\t\t<\/div>\n\t<\/div>\n\n<div class=\"vc_grid-container-wrapper vc_clearfix vc_grid-animation-none\">\n\t<div class=\"vc_grid-container vc_clearfix wpb_content_element vc_media_grid vc_custom_1489892522704\" data-initial-loading-animation=\"none\" data-vc-grid-settings=\"{&quot;page_id&quot;:1899,&quot;style&quot;:&quot;all&quot;,&quot;action&quot;:&quot;vc_get_vc_grid_data&quot;,&quot;shortcode_id&quot;:&quot;1600419411968-24d2571ca2e564665d042573163f14f4-9&quot;,&quot;tag&quot;:&quot;vc_media_grid&quot;}\" data-vc-request=\"https:\/\/www.paramente.net\/wp-admin\/admin-ajax.php\" data-vc-post-id=\"1899\" data-vc-public-nonce=\"8ea44eb671\">\n\t\t\n\t<\/div>\n<\/div>\n\t<div class=\"wpb_text_column wpb_content_element\" >\n\t\t<div class=\"wpb_wrapper\">\n\t\t\t<h2>r\u00e9paration<\/h2>\n<p><span style=\"font-size: 18px;\">Apr\u00e8s le nettoyage, les v\u00eatements sont compl\u00e8tement contr\u00f4l\u00e9s et contr\u00f4l\u00e9s dans notre atelier et les r\u00e9parations n\u00e9cessaires sont effectu\u00e9es.<\/span><\/p>\n<p><span style=\"font-size: 18px;\">Celles-ci incluent les t\u00e2ches courantes suivantes:<\/span><\/p>\n<ul>\n<li><span style=\"font-size: 18px;\">Corriger, agrafer et d\u00e9corer la doublure<\/span><\/li>\n<li><span style=\"font-size: 18px;\">Travaillez en slip de cou de l&#039;int\u00e9rieur ou remplacez l&#039;ancien (pour enlever les zones d\u00e9color\u00e9es ou us\u00e9es sur le d\u00e9collet\u00e9 et la doublure)<\/span><\/li>\n<li><span style=\"font-size: 18px;\">Renouveler le col ou la fermeture \u00e9clair<\/span><\/li>\n<li><span style=\"font-size: 18px;\">Retirez le col et les fermetures \u00e9clair<\/span><\/li>\n<li><span style=\"font-size: 18px;\">Travaillez plus \u00e9troit tout autour pour enlever un bord us\u00e9<\/span><\/li>\n<li><span style=\"font-size: 18px;\">Attachez et ajoutez des broderies et des appliqu\u00e9s<\/span><\/li>\n<li><span style=\"font-size: 18px;\">Retravailler et renforcer les coutures<\/span><\/li>\n<li><span style=\"font-size: 18px;\">etc\u2026.<\/span><\/li>\n<\/ul>\n<p><span style=\"font-size: 18px;\">Les travaux n\u00e9cessaires seront factur\u00e9s en fonction de l&#039;effort. Il est difficile de calculer cela avant le nettoyage, car certaines r\u00e9parations ne deviennent visibles qu&#039;apr\u00e8s le nettoyage.<\/span><\/p>\n<p><span style=\"font-size: 18px;\">La plupart des param\u00e8tres sont d&#039;une qualit\u00e9 telle que l&#039;effort en vaut la peine. Si l&#039;effort n&#039;est pas proportionnel \u00e0 la qualit\u00e9, nous le signalerons.<\/span><\/p>\n\n\t\t<\/div>\n\t<\/div>\n<\/div><\/div><\/div><\/div><div class=\"vc_row wpb_row vc_row-fluid\"><div class=\"wpb_column vc_column_container vc_col-sm-6\"><div class=\"vc_column-inner\"><div class=\"wpb_wrapper\">\n\t<div class=\"wpb_text_column wpb_content_element vc_custom_1519224798443\" >\n\t\t<div class=\"wpb_wrapper\">\n\t\t\t<h2>Pr\u00e9c\u00e9demment<\/h2>\n\n\t\t<\/div>\n\t<\/div>\n\n<div class=\"vc_grid-container-wrapper vc_clearfix vc_grid-animation-fadeIn\">\n\t<div class=\"vc_grid-container vc_clearfix wpb_content_element vc_media_grid\" data-initial-loading-animation=\"fadeIn\" data-vc-grid-settings=\"{&quot;page_id&quot;:1899,&quot;style&quot;:&quot;all&quot;,&quot;action&quot;:&quot;vc_get_vc_grid_data&quot;,&quot;shortcode_id&quot;:&quot;1600419412157-05b56e2ca7be92d45673c39c1c550bf4-9&quot;,&quot;tag&quot;:&quot;vc_media_grid&quot;}\" data-vc-request=\"https:\/\/www.paramente.net\/wp-admin\/admin-ajax.php\" data-vc-post-id=\"1899\" data-vc-public-nonce=\"8ea44eb671\">\n\t\t\n\t<\/div>\n<\/div><\/div><\/div><\/div><div class=\"wpb_column vc_column_container vc_col-sm-6\"><div class=\"vc_column-inner\"><div class=\"wpb_wrapper\">\n\t<div class=\"wpb_text_column wpb_content_element vc_custom_1519224831041\" >\n\t\t<div class=\"wpb_wrapper\">\n\t\t\t<h2>plus tard<\/h2>\n\n\t\t<\/div>\n\t<\/div>\n\n<div class=\"vc_grid-container-wrapper vc_clearfix vc_grid-animation-fadeIn\">\n\t<div class=\"vc_grid-container vc_clearfix wpb_content_element vc_media_grid\" data-initial-loading-animation=\"fadeIn\" data-vc-grid-settings=\"{&quot;page_id&quot;:1899,&quot;style&quot;:&quot;all&quot;,&quot;action&quot;:&quot;vc_get_vc_grid_data&quot;,&quot;shortcode_id&quot;:&quot;1600419412285-d5bd5a84f06d444ae41bfeb6bdbc9020-3&quot;,&quot;tag&quot;:&quot;vc_media_grid&quot;}\" data-vc-request=\"https:\/\/www.paramente.net\/wp-admin\/admin-ajax.php\" data-vc-post-id=\"1899\" data-vc-public-nonce=\"8ea44eb671\">\n\t\t\n\t<\/div>\n<\/div><\/div><\/div><\/div><\/div><div class=\"vc_row wpb_row vc_row-fluid\"><div class=\"wpb_column vc_column_container vc_col-sm-12\"><div class=\"vc_column-inner\"><div class=\"wpb_wrapper\">\n\t<div class=\"wpb_text_column wpb_content_element\" >\n\t\t<div class=\"wpb_wrapper\">\n\t\t\t<h2>Param\u00e8tres mal trait\u00e9s<\/h2>\n<p><span style=\"font-size: 18px;\">Cette chasuble blanche a \u00e9t\u00e9 lav\u00e9e et gravement endommag\u00e9e en cons\u00e9quence. Les domaines d&#039;application ont fonctionn\u00e9, l&#039;or japonais cousu \u00e0 la main a \u00e9t\u00e9 d\u00e9truit. Le mat\u00e9riau de base en pure soie a r\u00e9tr\u00e9ci et a perdu sa finition et son toucher<\/span><\/p>\n<p><span style=\"font-size: 18px;\">Lors d&#039;un processus de nettoyage, le mat\u00e9riau de base a re\u00e7u de nouvelles finitions et une finition de protection en tissu de lotus. L&#039;or japonais cass\u00e9 a \u00e9t\u00e9 compl\u00e8tement enlev\u00e9 et recousu \u00e0 la main. Les zones d&#039;application ont \u00e9t\u00e9 liss\u00e9es au mieux. Enfin, la robe a \u00e9t\u00e9 doubl\u00e9e de pure soie et enti\u00e8rement recousue. De cette mani\u00e8re, la chasuble la plus pr\u00e9cieuse de la paroisse pourrait \u00eatre presque enti\u00e8rement restaur\u00e9e dans son \u00e9tat d&#039;origine.<\/span><\/p>\n\n\t\t<\/div>\n\t<\/div>\n<div class=\"vc_row wpb_row vc_inner vc_row-fluid\"><div class=\"wpb_column vc_column_container vc_col-sm-6\"><div class=\"vc_column-inner\"><div class=\"wpb_wrapper\">\n\t<div class=\"wpb_text_column wpb_content_element vc_custom_1519224798443\" >\n\t\t<div class=\"wpb_wrapper\">\n\t\t\t<h2>Pr\u00e9c\u00e9demment<\/h2>\n\n\t\t<\/div>\n\t<\/div>\n\n<div class=\"vc_grid-container-wrapper vc_clearfix vc_grid-animation-fadeIn\">\n\t<div class=\"vc_grid-container vc_clearfix wpb_content_element vc_media_grid\" data-initial-loading-animation=\"fadeIn\" data-vc-grid-settings=\"{&quot;page_id&quot;:1899,&quot;style&quot;:&quot;all&quot;,&quot;action&quot;:&quot;vc_get_vc_grid_data&quot;,&quot;shortcode_id&quot;:&quot;1600419412564-60d2ef967273605ce8e99fd8d272b497-10&quot;,&quot;tag&quot;:&quot;vc_media_grid&quot;}\" data-vc-request=\"https:\/\/www.paramente.net\/wp-admin\/admin-ajax.php\" data-vc-post-id=\"1899\" data-vc-public-nonce=\"8ea44eb671\">\n\t\t\n\t<\/div>\n<\/div><\/div><\/div><\/div><div class=\"wpb_column vc_column_container vc_col-sm-6\"><div class=\"vc_column-inner\"><div class=\"wpb_wrapper\">\n\t<div class=\"wpb_text_column wpb_content_element vc_custom_1519224831041\" >\n\t\t<div class=\"wpb_wrapper\">\n\t\t\t<h2>plus tard<\/h2>\n\n\t\t<\/div>\n\t<\/div>\n\n<div class=\"vc_grid-container-wrapper vc_clearfix vc_grid-animation-fadeIn\">\n\t<div class=\"vc_grid-container vc_clearfix wpb_content_element vc_media_grid\" data-initial-loading-animation=\"fadeIn\" data-vc-grid-settings=\"{&quot;page_id&quot;:1899,&quot;style&quot;:&quot;all&quot;,&quot;action&quot;:&quot;vc_get_vc_grid_data&quot;,&quot;shortcode_id&quot;:&quot;1600419412687-c189d54db80836b4172e7dd364b1323d-4&quot;,&quot;tag&quot;:&quot;vc_media_grid&quot;}\" data-vc-request=\"https:\/\/www.paramente.net\/wp-admin\/admin-ajax.php\" data-vc-post-id=\"1899\" data-vc-public-nonce=\"8ea44eb671\">\n\t\t\n\t<\/div>\n<\/div><\/div><\/div><\/div><\/div><\/div><\/div><\/div><\/div>\n<\/div>","protected":false},"excerpt":{"rendered":"Reinigung und Reparatur liturgischer Gew\u00e4nder Liturgische Gew\u00e4nder sind meist aus hochwertigen Stoffen und Materialien gefertigt, die einer besonderen Pflege bed\u00fcrfen. Die chemische Reinigung erfolgt f\u00fcr jedes Gewand einzeln, so dass sich Stoffe und Stickereien nicht gegenseitig aufreiben k\u00f6nnen. Um die mechanische Belastung so gering wie m\u00f6glich zu halten werden sie nicht geschleudert, sondern nur leicht&hellip;","protected":false},"author":1,"featured_media":0,"parent":0,"menu_order":0,"comment_status":"closed","ping_status":"closed","template":"","meta":{"footnotes":""},"class_list":["post-1899","page","type-page","status-publish","hentry","entry","no-media"],"yoast_head":"<!-- This site is optimized with the Yoast SEO plugin v27.5 - https:\/\/yoast.com\/product\/yoast-seo-wordpress\/ -->\n<title>Reinigung und Reparatur - Clemens Jansen &amp; Co<\/title>\n<meta name=\"robots\" content=\"index, follow, max-snippet:-1, max-image-preview:large, max-video-preview:-1\" \/>\n<link rel=\"canonical\" href=\"https:\/\/www.paramente.net\/fr\/reinigung\/\" \/>\n<meta property=\"og:locale\" content=\"fr_FR\" \/>\n<meta property=\"og:type\" content=\"article\" \/>\n<meta property=\"og:title\" content=\"Reinigung und Reparatur - Clemens Jansen &amp; Co\" \/>\n<meta property=\"og:url\" content=\"https:\/\/www.paramente.net\/fr\/reinigung\/\" \/>\n<meta property=\"og:site_name\" content=\"Clemens Jansen &amp; Co\" \/>\n<meta property=\"article:modified_time\" content=\"2020-09-18T08:57:17+00:00\" \/>\n<meta name=\"twitter:card\" content=\"summary_large_image\" \/>\n<meta name=\"twitter:label1\" content=\"Dur\u00e9e de lecture estim\u00e9e\" \/>\n\t<meta name=\"twitter:data1\" content=\"3 minutes\" \/>\n<script type=\"application\/ld+json\" class=\"yoast-schema-graph\">{\"@context\":\"https:\\\/\\\/schema.org\",\"@graph\":[{\"@type\":\"WebPage\",\"@id\":\"https:\\\/\\\/www.paramente.net\\\/reinigung\\\/\",\"url\":\"https:\\\/\\\/www.paramente.net\\\/reinigung\\\/\",\"name\":\"Reinigung und Reparatur - Clemens Jansen &amp; Co\",\"isPartOf\":{\"@id\":\"https:\\\/\\\/www.paramente.net\\\/#website\"},\"datePublished\":\"2016-11-27T01:10:25+00:00\",\"dateModified\":\"2020-09-18T08:57:17+00:00\",\"breadcrumb\":{\"@id\":\"https:\\\/\\\/www.paramente.net\\\/reinigung\\\/#breadcrumb\"},\"inLanguage\":\"fr-FR\",\"potentialAction\":[{\"@type\":\"ReadAction\",\"target\":[\"https:\\\/\\\/www.paramente.net\\\/reinigung\\\/\"]}]},{\"@type\":\"BreadcrumbList\",\"@id\":\"https:\\\/\\\/www.paramente.net\\\/reinigung\\\/#breadcrumb\",\"itemListElement\":[{\"@type\":\"ListItem\",\"position\":1,\"name\":\"Startseite\",\"item\":\"https:\\\/\\\/www.paramente.net\\\/\"},{\"@type\":\"ListItem\",\"position\":2,\"name\":\"Reinigung und Reparatur\"}]},{\"@type\":\"WebSite\",\"@id\":\"https:\\\/\\\/www.paramente.net\\\/#website\",\"url\":\"https:\\\/\\\/www.paramente.net\\\/\",\"name\":\"Clemens Jansen & Co\",\"description\":\"Hersteller und Lieferant f\u00fcr individuellen Kirchenbedarf\",\"publisher\":{\"@id\":\"https:\\\/\\\/www.paramente.net\\\/#organization\"},\"potentialAction\":[{\"@type\":\"SearchAction\",\"target\":{\"@type\":\"EntryPoint\",\"urlTemplate\":\"https:\\\/\\\/www.paramente.net\\\/?s={search_term_string}\"},\"query-input\":{\"@type\":\"PropertyValueSpecification\",\"valueRequired\":true,\"valueName\":\"search_term_string\"}}],\"inLanguage\":\"fr-FR\"},{\"@type\":\"Organization\",\"@id\":\"https:\\\/\\\/www.paramente.net\\\/#organization\",\"name\":\"Clemens Jansen & Co\",\"url\":\"https:\\\/\\\/www.paramente.net\\\/\",\"logo\":{\"@type\":\"ImageObject\",\"inLanguage\":\"fr-FR\",\"@id\":\"https:\\\/\\\/www.paramente.net\\\/#\\\/schema\\\/logo\\\/image\\\/\",\"url\":\"https:\\\/\\\/www.paramente.net\\\/wp-content\\\/uploads\\\/2016\\\/11\\\/paramente-logo.png\",\"contentUrl\":\"https:\\\/\\\/www.paramente.net\\\/wp-content\\\/uploads\\\/2016\\\/11\\\/paramente-logo.png\",\"width\":162,\"height\":162,\"caption\":\"Clemens Jansen & Co\"},\"image\":{\"@id\":\"https:\\\/\\\/www.paramente.net\\\/#\\\/schema\\\/logo\\\/image\\\/\"}}]}<\/script>\n<!-- \/ Yoast SEO plugin. -->","yoast_head_json":{"title":"Nettoyage et r\u00e9paration - Clemens Jansen &amp; Co","robots":{"index":"index","follow":"follow","max-snippet":"max-snippet:-1","max-image-preview":"max-image-preview:large","max-video-preview":"max-video-preview:-1"},"canonical":"https:\/\/www.paramente.net\/fr\/reinigung\/","og_locale":"fr_FR","og_type":"article","og_title":"Reinigung und Reparatur - Clemens Jansen &amp; Co","og_url":"https:\/\/www.paramente.net\/fr\/reinigung\/","og_site_name":"Clemens Jansen &amp; Co","article_modified_time":"2020-09-18T08:57:17+00:00","twitter_card":"summary_large_image","twitter_misc":{"Dur\u00e9e de lecture estim\u00e9e":"3 minutes"},"schema":{"@context":"https:\/\/schema.org","@graph":[{"@type":"WebPage","@id":"https:\/\/www.paramente.net\/reinigung\/","url":"https:\/\/www.paramente.net\/reinigung\/","name":"Nettoyage et r\u00e9paration - Clemens Jansen &amp; Co","isPartOf":{"@id":"https:\/\/www.paramente.net\/#website"},"datePublished":"2016-11-27T01:10:25+00:00","dateModified":"2020-09-18T08:57:17+00:00","breadcrumb":{"@id":"https:\/\/www.paramente.net\/reinigung\/#breadcrumb"},"inLanguage":"fr-FR","potentialAction":[{"@type":"ReadAction","target":["https:\/\/www.paramente.net\/reinigung\/"]}]},{"@type":"BreadcrumbList","@id":"https:\/\/www.paramente.net\/reinigung\/#breadcrumb","itemListElement":[{"@type":"ListItem","position":1,"name":"Startseite","item":"https:\/\/www.paramente.net\/"},{"@type":"ListItem","position":2,"name":"Reinigung und Reparatur"}]},{"@type":"WebSite","@id":"https:\/\/www.paramente.net\/#website","url":"https:\/\/www.paramente.net\/","name":"Clemens Jansen &amp; Co","description":"Fabricant et fournisseur pour les besoins individuels de l&#039;\u00e9glise","publisher":{"@id":"https:\/\/www.paramente.net\/#organization"},"potentialAction":[{"@type":"SearchAction","target":{"@type":"EntryPoint","urlTemplate":"https:\/\/www.paramente.net\/?s={search_term_string}"},"query-input":{"@type":"PropertyValueSpecification","valueRequired":true,"valueName":"search_term_string"}}],"inLanguage":"fr-FR"},{"@type":"Organization","@id":"https:\/\/www.paramente.net\/#organization","name":"Clemens Jansen &amp; Co","url":"https:\/\/www.paramente.net\/","logo":{"@type":"ImageObject","inLanguage":"fr-FR","@id":"https:\/\/www.paramente.net\/#\/schema\/logo\/image\/","url":"https:\/\/www.paramente.net\/wp-content\/uploads\/2016\/11\/paramente-logo.png","contentUrl":"https:\/\/www.paramente.net\/wp-content\/uploads\/2016\/11\/paramente-logo.png","width":162,"height":162,"caption":"Clemens Jansen & Co"},"image":{"@id":"https:\/\/www.paramente.net\/#\/schema\/logo\/image\/"}}]}},"_links":{"self":[{"href":"https:\/\/www.paramente.net\/fr\/wp-json\/wp\/v2\/pages\/1899","targetHints":{"allow":["GET"]}}],"collection":[{"href":"https:\/\/www.paramente.net\/fr\/wp-json\/wp\/v2\/pages"}],"about":[{"href":"https:\/\/www.paramente.net\/fr\/wp-json\/wp\/v2\/types\/page"}],"author":[{"embeddable":true,"href":"https:\/\/www.paramente.net\/fr\/wp-json\/wp\/v2\/users\/1"}],"replies":[{"embeddable":true,"href":"https:\/\/www.paramente.net\/fr\/wp-json\/wp\/v2\/comments?post=1899"}],"version-history":[{"count":5,"href":"https:\/\/www.paramente.net\/fr\/wp-json\/wp\/v2\/pages\/1899\/revisions"}],"predecessor-version":[{"id":3394,"href":"https:\/\/www.paramente.net\/fr\/wp-json\/wp\/v2\/pages\/1899\/revisions\/3394"}],"wp:attachment":[{"href":"https:\/\/www.paramente.net\/fr\/wp-json\/wp\/v2\/media?parent=1899"}],"curies":[{"name":"wp","href":"https:\/\/api.w.org\/{rel}","templated":true}]}}