{"id":1786,"date":"2016-10-25T03:22:56","date_gmt":"2016-10-25T01:22:56","guid":{"rendered":"http:\/\/neu.paramente.net\/?page_id=1786"},"modified":"2016-11-07T08:42:20","modified_gmt":"2016-11-07T06:42:20","slug":"impressum","status":"publish","type":"page","link":"https:\/\/www.paramente.net\/fr\/impressum\/","title":{"rendered":"imprimer"},"content":{"rendered":"<h2>Selon \u00a7 5 TMG:<\/h2>\n<p>S\u00e9bastien Hermanns<br \/>\nClemens Jansen + Co.<br \/>\nSchmiedstrasse 10<br \/>\n52062 Aix-la-Chapelle\n<\/p>\n<h2>Contact:<\/h2>\n<table>\n<tr>\n<td>T\u00e9l\u00e9phone:<\/td>\n<td>0241\/32250<\/td>\n<\/tr>\n<tr>\n<td>Fax:<\/td>\n<td>0241\/403673<\/td>\n<\/tr>\n<tr>\n<td>Email:<\/td>\n<td>service@paramente.net<\/td>\n<\/tr>\n<\/table>\n<h2>Inscription au registre:<\/h2>\n<p>Inscription au registre du commerce. <br \/>Tribunal d&#039;enregistrement: Tribunal d&#039;instance d&#039;Aix-la-Chapelle <br \/>Num\u00e9ro de registre: HRA312<\/p>\n<h2>Num\u00e9ro d&#039;identification fiscale:<\/h2>\n<p>Num\u00e9ro d&#039;identification de la taxe de vente selon \u00a727 une loi sur la taxe de vente:<br \/>\nDE293404117<\/p>\n<\/p>\n<p>La source: <em><a href=\"https:\/\/www.e-recht24.de\/impressum-generator.html\">https:\/\/www.e-recht24.de<\/a><\/em><\/p>\n<h1>Avertissement<\/h1>\n<p><strong>Responsabilit\u00e9 pour le contenu<\/strong><\/p>\n<p>En tant que fournisseur de services, nous sommes responsables de notre propre contenu sur ces pages conform\u00e9ment \u00e0 la loi g\u00e9n\u00e9rale conform\u00e9ment \u00e0 l&#039;article 7, paragraphe 1 de la loi allemande sur les t\u00e9l\u00e9m\u00e9dias. Selon les \u00a7\u00a7 8 \u00e0 10 TMG, en tant que fournisseur de services, nous ne sommes pas tenus de surveiller les informations de tiers transmises ou stock\u00e9es ou de rechercher des circonstances qui indiquent une activit\u00e9 ill\u00e9gale. Les obligations de supprimer ou de bloquer l&#039;utilisation des informations conform\u00e9ment aux lois g\u00e9n\u00e9rales restent inchang\u00e9es. La responsabilit\u00e9 \u00e0 cet \u00e9gard n&#039;est possible qu&#039;\u00e0 partir du moment o\u00f9 nous prenons connaissance d&#039;une violation de la loi sp\u00e9cifique. Nous supprimerons ce contenu d\u00e8s que nous aurons connaissance de telles violations de la loi.<\/p>\n<p><strong>Responsabilit\u00e9 pour les liens<\/strong><\/p>\n<p>Notre offre contient des liens vers des sites Web tiers externes, sur le contenu desquels nous n&#039;avons aucune influence. Par cons\u00e9quent, nous ne pouvons accepter aucune responsabilit\u00e9 pour ce contenu externe. Le fournisseur ou l&#039;exploitant respectif des pages est toujours responsable du contenu des pages li\u00e9es. Les pages li\u00e9es ont \u00e9t\u00e9 v\u00e9rifi\u00e9es pour d&#039;\u00e9ventuelles violations de la loi au moment o\u00f9 elles ont \u00e9t\u00e9 li\u00e9es. Aucun contenu ill\u00e9gal n&#039;a \u00e9t\u00e9 trouv\u00e9 au moment de la cr\u00e9ation du lien. Cependant, une surveillance permanente du contenu des pages li\u00e9es n&#039;est pas raisonnable sans preuve concr\u00e8te d&#039;une violation de la loi. Si nous prenons connaissance de violations de la loi, nous supprimerons ces liens imm\u00e9diatement.<\/p>\n<p><strong>droits d&#039;auteur<\/strong><\/p>\n<p>Le contenu et les travaux de ces pages cr\u00e9\u00e9s par l&#039;exploitant du site Web sont soumis au droit d&#039;auteur allemand. La duplication, le traitement, la distribution et tout type d&#039;exploitation en dehors des limites du droit d&#039;auteur n\u00e9cessitent le consentement \u00e9crit de l&#039;auteur ou du cr\u00e9ateur respectif. Les t\u00e9l\u00e9chargements et copies de ce site Web ne sont autoris\u00e9s que pour un usage priv\u00e9 et non commercial. Dans la mesure o\u00f9 le contenu de ce site n&#039;a pas \u00e9t\u00e9 cr\u00e9\u00e9 par l&#039;exploitant, les droits d&#039;auteur de tiers sont respect\u00e9s. En particulier, les contenus de tiers sont signal\u00e9s comme tels. Si vous avez n\u00e9anmoins connaissance d&#039;une violation du droit d&#039;auteur, nous vous demanderons de nous en informer. D\u00e8s que nous aurons connaissance de violations de la loi, nous supprimerons imm\u00e9diatement ce contenu.<\/p><\/p>","protected":false},"excerpt":{"rendered":"<p>Angaben gem\u00e4\u00df \u00a7 5 TMG: Sebastian Hermanns Clemens Jansen + Co. Schmiedstra\u00dfe 10 52062 Aachen Kontakt: Telefon: 0241\/32250 Telefax: 0241\/403673 E-Mail: service@paramente.net Registereintrag: Eintragung im Handelsregister. Registergericht:Amtsgericht Aachen Registernummer: HRA312 Umsatzsteuer-ID: Umsatzsteuer-Identifikationsnummer gem\u00e4\u00df \u00a727 a Umsatzsteuergesetz: DE293404117 Quelle: https:\/\/www.e-recht24.de Haftungsausschluss (Disclaimer) Haftung f\u00fcr Inhalte Als Diensteanbieter sind wir gem\u00e4\u00df \u00a7 7 Abs.1 TMG f\u00fcr eigene&hellip;<\/p>","protected":false},"author":1,"featured_media":0,"parent":0,"menu_order":0,"comment_status":"closed","ping_status":"closed","template":"","meta":{"footnotes":""},"class_list":["post-1786","page","type-page","status-publish","hentry","entry","no-media"],"yoast_head":"<!-- This site is optimized with the Yoast SEO plugin v27.5 - https:\/\/yoast.com\/product\/yoast-seo-wordpress\/ -->\n<title>Impressum - Clemens Jansen &amp; Co<\/title>\n<meta name=\"robots\" content=\"index, follow, max-snippet:-1, max-image-preview:large, max-video-preview:-1\" \/>\n<link rel=\"canonical\" href=\"https:\/\/www.paramente.net\/fr\/impressum\/\" \/>\n<meta property=\"og:locale\" content=\"fr_FR\" \/>\n<meta property=\"og:type\" content=\"article\" \/>\n<meta property=\"og:title\" content=\"Impressum - Clemens Jansen &amp; Co\" \/>\n<meta property=\"og:description\" content=\"Angaben gem\u00e4\u00df \u00a7 5 TMG: Sebastian Hermanns Clemens Jansen + Co. Schmiedstra\u00dfe 10 52062 Aachen Kontakt: Telefon: 0241\/32250 Telefax: 0241\/403673 E-Mail: service@paramente.net Registereintrag: Eintragung im Handelsregister. Registergericht:Amtsgericht Aachen Registernummer: HRA312 Umsatzsteuer-ID: Umsatzsteuer-Identifikationsnummer gem\u00e4\u00df \u00a727 a Umsatzsteuergesetz: DE293404117 Quelle: https:\/\/www.e-recht24.de Haftungsausschluss (Disclaimer) Haftung f\u00fcr Inhalte Als Diensteanbieter sind wir gem\u00e4\u00df \u00a7 7 Abs.1 TMG f\u00fcr eigene&hellip;\" \/>\n<meta property=\"og:url\" content=\"https:\/\/www.paramente.net\/fr\/impressum\/\" \/>\n<meta property=\"og:site_name\" content=\"Clemens Jansen &amp; Co\" \/>\n<meta property=\"article:modified_time\" content=\"2016-11-07T06:42:20+00:00\" \/>\n<meta name=\"twitter:card\" content=\"summary_large_image\" \/>\n<meta name=\"twitter:label1\" content=\"Dur\u00e9e de lecture estim\u00e9e\" \/>\n\t<meta name=\"twitter:data1\" content=\"2 minutes\" \/>\n<script type=\"application\/ld+json\" class=\"yoast-schema-graph\">{\"@context\":\"https:\\\/\\\/schema.org\",\"@graph\":[{\"@type\":\"WebPage\",\"@id\":\"https:\\\/\\\/www.paramente.net\\\/impressum\\\/\",\"url\":\"https:\\\/\\\/www.paramente.net\\\/impressum\\\/\",\"name\":\"Impressum - Clemens Jansen &amp; Co\",\"isPartOf\":{\"@id\":\"https:\\\/\\\/www.paramente.net\\\/#website\"},\"datePublished\":\"2016-10-25T01:22:56+00:00\",\"dateModified\":\"2016-11-07T06:42:20+00:00\",\"breadcrumb\":{\"@id\":\"https:\\\/\\\/www.paramente.net\\\/impressum\\\/#breadcrumb\"},\"inLanguage\":\"fr-FR\",\"potentialAction\":[{\"@type\":\"ReadAction\",\"target\":[\"https:\\\/\\\/www.paramente.net\\\/impressum\\\/\"]}]},{\"@type\":\"BreadcrumbList\",\"@id\":\"https:\\\/\\\/www.paramente.net\\\/impressum\\\/#breadcrumb\",\"itemListElement\":[{\"@type\":\"ListItem\",\"position\":1,\"name\":\"Startseite\",\"item\":\"https:\\\/\\\/www.paramente.net\\\/\"},{\"@type\":\"ListItem\",\"position\":2,\"name\":\"Impressum\"}]},{\"@type\":\"WebSite\",\"@id\":\"https:\\\/\\\/www.paramente.net\\\/#website\",\"url\":\"https:\\\/\\\/www.paramente.net\\\/\",\"name\":\"Clemens Jansen & Co\",\"description\":\"Hersteller und Lieferant f\u00fcr individuellen Kirchenbedarf\",\"publisher\":{\"@id\":\"https:\\\/\\\/www.paramente.net\\\/#organization\"},\"potentialAction\":[{\"@type\":\"SearchAction\",\"target\":{\"@type\":\"EntryPoint\",\"urlTemplate\":\"https:\\\/\\\/www.paramente.net\\\/?s={search_term_string}\"},\"query-input\":{\"@type\":\"PropertyValueSpecification\",\"valueRequired\":true,\"valueName\":\"search_term_string\"}}],\"inLanguage\":\"fr-FR\"},{\"@type\":\"Organization\",\"@id\":\"https:\\\/\\\/www.paramente.net\\\/#organization\",\"name\":\"Clemens Jansen & Co\",\"url\":\"https:\\\/\\\/www.paramente.net\\\/\",\"logo\":{\"@type\":\"ImageObject\",\"inLanguage\":\"fr-FR\",\"@id\":\"https:\\\/\\\/www.paramente.net\\\/#\\\/schema\\\/logo\\\/image\\\/\",\"url\":\"https:\\\/\\\/www.paramente.net\\\/wp-content\\\/uploads\\\/2016\\\/11\\\/paramente-logo.png\",\"contentUrl\":\"https:\\\/\\\/www.paramente.net\\\/wp-content\\\/uploads\\\/2016\\\/11\\\/paramente-logo.png\",\"width\":162,\"height\":162,\"caption\":\"Clemens Jansen & Co\"},\"image\":{\"@id\":\"https:\\\/\\\/www.paramente.net\\\/#\\\/schema\\\/logo\\\/image\\\/\"}}]}<\/script>\n<!-- \/ Yoast SEO plugin. -->","yoast_head_json":{"title":"Mentions l\u00e9gales - Clemens Jansen &amp; Co","robots":{"index":"index","follow":"follow","max-snippet":"max-snippet:-1","max-image-preview":"max-image-preview:large","max-video-preview":"max-video-preview:-1"},"canonical":"https:\/\/www.paramente.net\/fr\/impressum\/","og_locale":"fr_FR","og_type":"article","og_title":"Impressum - Clemens Jansen &amp; Co","og_description":"Angaben gem\u00e4\u00df \u00a7 5 TMG: Sebastian Hermanns Clemens Jansen + Co. Schmiedstra\u00dfe 10 52062 Aachen Kontakt: Telefon: 0241\/32250 Telefax: 0241\/403673 E-Mail: service@paramente.net Registereintrag: Eintragung im Handelsregister. Registergericht:Amtsgericht Aachen Registernummer: HRA312 Umsatzsteuer-ID: Umsatzsteuer-Identifikationsnummer gem\u00e4\u00df \u00a727 a Umsatzsteuergesetz: DE293404117 Quelle: https:\/\/www.e-recht24.de Haftungsausschluss (Disclaimer) Haftung f\u00fcr Inhalte Als Diensteanbieter sind wir gem\u00e4\u00df \u00a7 7 Abs.1 TMG f\u00fcr eigene&hellip;","og_url":"https:\/\/www.paramente.net\/fr\/impressum\/","og_site_name":"Clemens Jansen &amp; Co","article_modified_time":"2016-11-07T06:42:20+00:00","twitter_card":"summary_large_image","twitter_misc":{"Dur\u00e9e de lecture estim\u00e9e":"2 minutes"},"schema":{"@context":"https:\/\/schema.org","@graph":[{"@type":"WebPage","@id":"https:\/\/www.paramente.net\/impressum\/","url":"https:\/\/www.paramente.net\/impressum\/","name":"Mentions l\u00e9gales - Clemens Jansen &amp; Co","isPartOf":{"@id":"https:\/\/www.paramente.net\/#website"},"datePublished":"2016-10-25T01:22:56+00:00","dateModified":"2016-11-07T06:42:20+00:00","breadcrumb":{"@id":"https:\/\/www.paramente.net\/impressum\/#breadcrumb"},"inLanguage":"fr-FR","potentialAction":[{"@type":"ReadAction","target":["https:\/\/www.paramente.net\/impressum\/"]}]},{"@type":"BreadcrumbList","@id":"https:\/\/www.paramente.net\/impressum\/#breadcrumb","itemListElement":[{"@type":"ListItem","position":1,"name":"Startseite","item":"https:\/\/www.paramente.net\/"},{"@type":"ListItem","position":2,"name":"Impressum"}]},{"@type":"WebSite","@id":"https:\/\/www.paramente.net\/#website","url":"https:\/\/www.paramente.net\/","name":"Clemens Jansen &amp; Co","description":"Fabricant et fournisseur pour les besoins individuels de l&#039;\u00e9glise","publisher":{"@id":"https:\/\/www.paramente.net\/#organization"},"potentialAction":[{"@type":"SearchAction","target":{"@type":"EntryPoint","urlTemplate":"https:\/\/www.paramente.net\/?s={search_term_string}"},"query-input":{"@type":"PropertyValueSpecification","valueRequired":true,"valueName":"search_term_string"}}],"inLanguage":"fr-FR"},{"@type":"Organization","@id":"https:\/\/www.paramente.net\/#organization","name":"Clemens Jansen &amp; Co","url":"https:\/\/www.paramente.net\/","logo":{"@type":"ImageObject","inLanguage":"fr-FR","@id":"https:\/\/www.paramente.net\/#\/schema\/logo\/image\/","url":"https:\/\/www.paramente.net\/wp-content\/uploads\/2016\/11\/paramente-logo.png","contentUrl":"https:\/\/www.paramente.net\/wp-content\/uploads\/2016\/11\/paramente-logo.png","width":162,"height":162,"caption":"Clemens Jansen & Co"},"image":{"@id":"https:\/\/www.paramente.net\/#\/schema\/logo\/image\/"}}]}},"_links":{"self":[{"href":"https:\/\/www.paramente.net\/fr\/wp-json\/wp\/v2\/pages\/1786","targetHints":{"allow":["GET"]}}],"collection":[{"href":"https:\/\/www.paramente.net\/fr\/wp-json\/wp\/v2\/pages"}],"about":[{"href":"https:\/\/www.paramente.net\/fr\/wp-json\/wp\/v2\/types\/page"}],"author":[{"embeddable":true,"href":"https:\/\/www.paramente.net\/fr\/wp-json\/wp\/v2\/users\/1"}],"replies":[{"embeddable":true,"href":"https:\/\/www.paramente.net\/fr\/wp-json\/wp\/v2\/comments?post=1786"}],"version-history":[{"count":5,"href":"https:\/\/www.paramente.net\/fr\/wp-json\/wp\/v2\/pages\/1786\/revisions"}],"predecessor-version":[{"id":1792,"href":"https:\/\/www.paramente.net\/fr\/wp-json\/wp\/v2\/pages\/1786\/revisions\/1792"}],"wp:attachment":[{"href":"https:\/\/www.paramente.net\/fr\/wp-json\/wp\/v2\/media?parent=1786"}],"curies":[{"name":"wp","href":"https:\/\/api.w.org\/{rel}","templated":true}]}}