{"id":4913,"date":"2023-09-05T19:20:36","date_gmt":"2023-09-05T17:20:36","guid":{"rendered":"https:\/\/www.paramente.net\/?post_type=product&#038;p=4913"},"modified":"2025-01-16T11:12:48","modified_gmt":"2025-01-16T09:12:48","slug":"lindern","status":"publish","type":"product","link":"https:\/\/www.paramente.net\/es\/producto\/lindern\/","title":{"rendered":"Aliviar"},"content":{"rendered":"<p><span style=\"font-size: 18px;\">Nuestra gama de vestimentas para servicios lit\u00fargicos incluye una variedad de diferentes cortes, materiales y opciones de dise\u00f1o. Los diferentes servicios plantean diferentes exigencias a la prenda. Tambi\u00e9n es importante tener en cuenta las demandas lit\u00fargicas y las necesidades de los portadores. Estaremos encantados de discutir esto con usted en una consulta personal. Puede encontrar una peque\u00f1a descripci\u00f3n general de las posibilidades en esta categor\u00eda. Por favor cont\u00e1ctenos para una consulta sin compromiso.<\/span><\/p>","protected":false},"excerpt":{"rendered":"<p><span style=\"font-size: 18px;\">Dieser Schnitt baut auf dem klassischen Talarschnitt auf. Vorne mit Rei\u00dfverschlu\u00df und quer eingearbeitetem Ripsband. Vorne und am Arm mit eingelegten Zierfalten. Hinten mit Gehfalte.<br \/>\n<\/span><\/p>","protected":false},"featured_media":4914,"comment_status":"closed","ping_status":"closed","template":"","meta":[],"product_brand":[],"product_cat":[968],"product_tag":[969,982,971,1312,1311,980,981,977,974,976,975,985,978,979,973,970,1310,953,983,984,972],"class_list":{"0":"post-4913","1":"product","2":"type-product","3":"status-publish","4":"has-post-thumbnail","6":"product_cat-gewaender-fuer-liturgische-dienste","7":"product_tag-beerdigungsgewand","8":"product_tag-celebrationsgewand","9":"product_tag-celebrationsgewnd","10":"product_tag-frauen","11":"product_tag-frauengewand","12":"product_tag-kantoren","13":"product_tag-kantorengewand","14":"product_tag-kommunionhelfer","15":"product_tag-laiengewand","16":"product_tag-laienhelfer","17":"product_tag-laienhelfergewand","18":"product_tag-leiter-wortgottesfeier","19":"product_tag-lektoren","20":"product_tag-lektorengewand","21":"product_tag-mantelalbe","22":"product_tag-mantelgewand","23":"product_tag-talar","24":"product_tag-tunika","25":"product_tag-wortgottesdienst","26":"product_tag-wortgottesfeier","27":"product_tag-zelerationsgewand","28":"entry","29":"has-media","31":"first","32":"instock","33":"taxable","34":"shipping-taxable","35":"purchasable","36":"product-type-simple"},"yoast_head":"<!-- This site is optimized with the Yoast SEO plugin v27.4 - https:\/\/yoast.com\/product\/yoast-seo-wordpress\/ -->\n<title>Lindern - Clemens Jansen &amp; Co<\/title>\n<meta name=\"robots\" content=\"index, follow, max-snippet:-1, max-image-preview:large, max-video-preview:-1\" \/>\n<link rel=\"canonical\" href=\"https:\/\/www.paramente.net\/es\/producto\/lindern\/\" \/>\n<meta property=\"og:locale\" content=\"es_ES\" \/>\n<meta property=\"og:type\" content=\"article\" \/>\n<meta property=\"og:title\" content=\"Lindern - Clemens Jansen &amp; Co\" \/>\n<meta property=\"og:description\" content=\"Dieser Schnitt baut auf dem klassischen Talarschnitt auf. Vorne mit Rei\u00dfverschlu\u00df und quer eingearbeitetem Ripsband. Vorne und am Arm mit eingelegten Zierfalten. Hinten mit Gehfalte.\" \/>\n<meta property=\"og:url\" content=\"https:\/\/www.paramente.net\/es\/producto\/lindern\/\" \/>\n<meta property=\"og:site_name\" content=\"Clemens Jansen &amp; Co\" \/>\n<meta property=\"article:modified_time\" content=\"2025-01-16T09:12:48+00:00\" \/>\n<meta property=\"og:image\" content=\"https:\/\/www.paramente.net\/wp-content\/uploads\/2023\/09\/Lindern-1.jpg\" \/>\n\t<meta property=\"og:image:width\" content=\"450\" \/>\n\t<meta property=\"og:image:height\" content=\"700\" \/>\n\t<meta property=\"og:image:type\" content=\"image\/jpeg\" \/>\n<meta name=\"twitter:card\" content=\"summary_large_image\" \/>\n<meta name=\"twitter:label1\" content=\"Tiempo de lectura\" \/>\n\t<meta name=\"twitter:data1\" content=\"1 minuto\" \/>\n<script type=\"application\/ld+json\" class=\"yoast-schema-graph\">{\"@context\":\"https:\\\/\\\/schema.org\",\"@graph\":[{\"@type\":\"WebPage\",\"@id\":\"https:\\\/\\\/www.paramente.net\\\/produkt\\\/lindern\\\/\",\"url\":\"https:\\\/\\\/www.paramente.net\\\/produkt\\\/lindern\\\/\",\"name\":\"Lindern - Clemens Jansen &amp; Co\",\"isPartOf\":{\"@id\":\"https:\\\/\\\/www.paramente.net\\\/#website\"},\"primaryImageOfPage\":{\"@id\":\"https:\\\/\\\/www.paramente.net\\\/produkt\\\/lindern\\\/#primaryimage\"},\"image\":{\"@id\":\"https:\\\/\\\/www.paramente.net\\\/produkt\\\/lindern\\\/#primaryimage\"},\"thumbnailUrl\":\"https:\\\/\\\/www.paramente.net\\\/wp-content\\\/uploads\\\/2023\\\/09\\\/Lindern-1.jpg\",\"datePublished\":\"2023-09-05T17:20:36+00:00\",\"dateModified\":\"2025-01-16T09:12:48+00:00\",\"breadcrumb\":{\"@id\":\"https:\\\/\\\/www.paramente.net\\\/produkt\\\/lindern\\\/#breadcrumb\"},\"inLanguage\":\"es\",\"potentialAction\":[{\"@type\":\"ReadAction\",\"target\":[\"https:\\\/\\\/www.paramente.net\\\/produkt\\\/lindern\\\/\"]}]},{\"@type\":\"ImageObject\",\"inLanguage\":\"es\",\"@id\":\"https:\\\/\\\/www.paramente.net\\\/produkt\\\/lindern\\\/#primaryimage\",\"url\":\"https:\\\/\\\/www.paramente.net\\\/wp-content\\\/uploads\\\/2023\\\/09\\\/Lindern-1.jpg\",\"contentUrl\":\"https:\\\/\\\/www.paramente.net\\\/wp-content\\\/uploads\\\/2023\\\/09\\\/Lindern-1.jpg\",\"width\":450,\"height\":700},{\"@type\":\"BreadcrumbList\",\"@id\":\"https:\\\/\\\/www.paramente.net\\\/produkt\\\/lindern\\\/#breadcrumb\",\"itemListElement\":[{\"@type\":\"ListItem\",\"position\":1,\"name\":\"Startseite\",\"item\":\"https:\\\/\\\/www.paramente.net\\\/\"},{\"@type\":\"ListItem\",\"position\":2,\"name\":\"Katalog\",\"item\":\"https:\\\/\\\/www.paramente.net\\\/katalog\\\/\"},{\"@type\":\"ListItem\",\"position\":3,\"name\":\"Lindern\"}]},{\"@type\":\"WebSite\",\"@id\":\"https:\\\/\\\/www.paramente.net\\\/#website\",\"url\":\"https:\\\/\\\/www.paramente.net\\\/\",\"name\":\"Clemens Jansen & Co\",\"description\":\"Hersteller und Lieferant f\u00fcr individuellen Kirchenbedarf\",\"publisher\":{\"@id\":\"https:\\\/\\\/www.paramente.net\\\/#organization\"},\"potentialAction\":[{\"@type\":\"SearchAction\",\"target\":{\"@type\":\"EntryPoint\",\"urlTemplate\":\"https:\\\/\\\/www.paramente.net\\\/?s={search_term_string}\"},\"query-input\":{\"@type\":\"PropertyValueSpecification\",\"valueRequired\":true,\"valueName\":\"search_term_string\"}}],\"inLanguage\":\"es\"},{\"@type\":\"Organization\",\"@id\":\"https:\\\/\\\/www.paramente.net\\\/#organization\",\"name\":\"Clemens Jansen & Co\",\"url\":\"https:\\\/\\\/www.paramente.net\\\/\",\"logo\":{\"@type\":\"ImageObject\",\"inLanguage\":\"es\",\"@id\":\"https:\\\/\\\/www.paramente.net\\\/#\\\/schema\\\/logo\\\/image\\\/\",\"url\":\"https:\\\/\\\/www.paramente.net\\\/wp-content\\\/uploads\\\/2016\\\/11\\\/paramente-logo.png\",\"contentUrl\":\"https:\\\/\\\/www.paramente.net\\\/wp-content\\\/uploads\\\/2016\\\/11\\\/paramente-logo.png\",\"width\":162,\"height\":162,\"caption\":\"Clemens Jansen & Co\"},\"image\":{\"@id\":\"https:\\\/\\\/www.paramente.net\\\/#\\\/schema\\\/logo\\\/image\\\/\"}}]}<\/script>\n<!-- \/ Yoast SEO plugin. -->","yoast_head_json":{"title":"Lindern - Clemens Jansen &amp; Co","robots":{"index":"index","follow":"follow","max-snippet":"max-snippet:-1","max-image-preview":"max-image-preview:large","max-video-preview":"max-video-preview:-1"},"canonical":"https:\/\/www.paramente.net\/es\/producto\/lindern\/","og_locale":"es_ES","og_type":"article","og_title":"Lindern - Clemens Jansen &amp; Co","og_description":"Dieser Schnitt baut auf dem klassischen Talarschnitt auf. Vorne mit Rei\u00dfverschlu\u00df und quer eingearbeitetem Ripsband. Vorne und am Arm mit eingelegten Zierfalten. Hinten mit Gehfalte.","og_url":"https:\/\/www.paramente.net\/es\/producto\/lindern\/","og_site_name":"Clemens Jansen &amp; Co","article_modified_time":"2025-01-16T09:12:48+00:00","og_image":[{"width":450,"height":700,"url":"https:\/\/www.paramente.net\/wp-content\/uploads\/2023\/09\/Lindern-1.jpg","type":"image\/jpeg"}],"twitter_card":"summary_large_image","twitter_misc":{"Tiempo de lectura":"1 minuto"},"schema":{"@context":"https:\/\/schema.org","@graph":[{"@type":"WebPage","@id":"https:\/\/www.paramente.net\/produkt\/lindern\/","url":"https:\/\/www.paramente.net\/produkt\/lindern\/","name":"Lindern - Clemens Jansen &amp; Co","isPartOf":{"@id":"https:\/\/www.paramente.net\/#website"},"primaryImageOfPage":{"@id":"https:\/\/www.paramente.net\/produkt\/lindern\/#primaryimage"},"image":{"@id":"https:\/\/www.paramente.net\/produkt\/lindern\/#primaryimage"},"thumbnailUrl":"https:\/\/www.paramente.net\/wp-content\/uploads\/2023\/09\/Lindern-1.jpg","datePublished":"2023-09-05T17:20:36+00:00","dateModified":"2025-01-16T09:12:48+00:00","breadcrumb":{"@id":"https:\/\/www.paramente.net\/produkt\/lindern\/#breadcrumb"},"inLanguage":"es","potentialAction":[{"@type":"ReadAction","target":["https:\/\/www.paramente.net\/produkt\/lindern\/"]}]},{"@type":"ImageObject","inLanguage":"es","@id":"https:\/\/www.paramente.net\/produkt\/lindern\/#primaryimage","url":"https:\/\/www.paramente.net\/wp-content\/uploads\/2023\/09\/Lindern-1.jpg","contentUrl":"https:\/\/www.paramente.net\/wp-content\/uploads\/2023\/09\/Lindern-1.jpg","width":450,"height":700},{"@type":"BreadcrumbList","@id":"https:\/\/www.paramente.net\/produkt\/lindern\/#breadcrumb","itemListElement":[{"@type":"ListItem","position":1,"name":"Startseite","item":"https:\/\/www.paramente.net\/"},{"@type":"ListItem","position":2,"name":"Katalog","item":"https:\/\/www.paramente.net\/katalog\/"},{"@type":"ListItem","position":3,"name":"Lindern"}]},{"@type":"WebSite","@id":"https:\/\/www.paramente.net\/#website","url":"https:\/\/www.paramente.net\/","name":"Clemens Jansen &amp; Co","description":"Fabricante y proveedor para las necesidades individuales de la iglesia.","publisher":{"@id":"https:\/\/www.paramente.net\/#organization"},"potentialAction":[{"@type":"SearchAction","target":{"@type":"EntryPoint","urlTemplate":"https:\/\/www.paramente.net\/?s={search_term_string}"},"query-input":{"@type":"PropertyValueSpecification","valueRequired":true,"valueName":"search_term_string"}}],"inLanguage":"es"},{"@type":"Organization","@id":"https:\/\/www.paramente.net\/#organization","name":"Clemens Jansen &amp; Co","url":"https:\/\/www.paramente.net\/","logo":{"@type":"ImageObject","inLanguage":"es","@id":"https:\/\/www.paramente.net\/#\/schema\/logo\/image\/","url":"https:\/\/www.paramente.net\/wp-content\/uploads\/2016\/11\/paramente-logo.png","contentUrl":"https:\/\/www.paramente.net\/wp-content\/uploads\/2016\/11\/paramente-logo.png","width":162,"height":162,"caption":"Clemens Jansen & Co"},"image":{"@id":"https:\/\/www.paramente.net\/#\/schema\/logo\/image\/"}}]}},"_links":{"self":[{"href":"https:\/\/www.paramente.net\/es\/wp-json\/wp\/v2\/product\/4913","targetHints":{"allow":["GET"]}}],"collection":[{"href":"https:\/\/www.paramente.net\/es\/wp-json\/wp\/v2\/product"}],"about":[{"href":"https:\/\/www.paramente.net\/es\/wp-json\/wp\/v2\/types\/product"}],"replies":[{"embeddable":true,"href":"https:\/\/www.paramente.net\/es\/wp-json\/wp\/v2\/comments?post=4913"}],"wp:featuredmedia":[{"embeddable":true,"href":"https:\/\/www.paramente.net\/es\/wp-json\/wp\/v2\/media\/4914"}],"wp:attachment":[{"href":"https:\/\/www.paramente.net\/es\/wp-json\/wp\/v2\/media?parent=4913"}],"wp:term":[{"taxonomy":"product_brand","embeddable":true,"href":"https:\/\/www.paramente.net\/es\/wp-json\/wp\/v2\/product_brand?post=4913"},{"taxonomy":"product_cat","embeddable":true,"href":"https:\/\/www.paramente.net\/es\/wp-json\/wp\/v2\/product_cat?post=4913"},{"taxonomy":"product_tag","embeddable":true,"href":"https:\/\/www.paramente.net\/es\/wp-json\/wp\/v2\/product_tag?post=4913"}],"curies":[{"name":"wp","href":"https:\/\/api.w.org\/{rel}","templated":true}]}}