{"id":3563,"date":"2020-10-22T13:07:40","date_gmt":"2020-10-22T11:07:40","guid":{"rendered":"https:\/\/www.paramente.net\/?post_type=product&#038;p=3563"},"modified":"2020-10-22T13:20:54","modified_gmt":"2020-10-22T11:20:54","slug":"unsere-liebe-frau-von-aachen-anhaenger-silber-925-vergoldet","status":"publish","type":"product","link":"https:\/\/www.paramente.net\/es\/producto\/unsere-liebe-frau-von-aachen-anhaenger-silber-925-vergoldet\/","title":{"rendered":"Nuestra Se\u00f1ora de Aquisgr\u00e1n, colgante de plata con ba\u00f1o de oro 925"},"content":{"rendered":"","protected":false},"excerpt":{"rendered":"","protected":false},"featured_media":3560,"comment_status":"closed","ping_status":"closed","template":"","meta":[],"product_brand":[],"product_cat":[84],"product_tag":[111,112,113,110,114,115,116,665,117],"class_list":{"0":"post-3563","1":"product","2":"type-product","3":"status-publish","4":"has-post-thumbnail","6":"product_cat-andenken","7":"product_tag-aachen","8":"product_tag-aix-la-chapelle","9":"product_tag-aken","10":"product_tag-bronze","11":"product_tag-charlemagne","12":"product_tag-dom","13":"product_tag-maria","14":"product_tag-oktogon","15":"product_tag-unsere-liebe-frau-von-aachen","16":"entry","17":"has-media","19":"first","20":"instock","21":"taxable","22":"shipping-taxable","23":"purchasable","24":"product-type-simple"},"yoast_head":"<!-- This site is optimized with the Yoast SEO plugin v27.3 - https:\/\/yoast.com\/product\/yoast-seo-wordpress\/ -->\n<title>Unsere Liebe Frau von Aachen, Anh\u00e4nger Silber 925 vergoldet - Clemens Jansen &amp; Co<\/title>\n<meta name=\"robots\" content=\"index, follow, max-snippet:-1, max-image-preview:large, max-video-preview:-1\" \/>\n<link rel=\"canonical\" href=\"https:\/\/www.paramente.net\/es\/producto\/unsere-liebe-frau-von-aachen-anhaenger-silber-925-vergoldet\/\" \/>\n<meta property=\"og:locale\" content=\"es_ES\" \/>\n<meta property=\"og:type\" content=\"article\" \/>\n<meta property=\"og:title\" content=\"Unsere Liebe Frau von Aachen, Anh\u00e4nger Silber 925 vergoldet - Clemens Jansen &amp; Co\" \/>\n<meta property=\"og:url\" content=\"https:\/\/www.paramente.net\/es\/producto\/unsere-liebe-frau-von-aachen-anhaenger-silber-925-vergoldet\/\" \/>\n<meta property=\"og:site_name\" content=\"Clemens Jansen &amp; Co\" \/>\n<meta property=\"article:modified_time\" content=\"2020-10-22T11:20:54+00:00\" \/>\n<meta property=\"og:image\" content=\"https:\/\/www.paramente.net\/wp-content\/uploads\/2020\/10\/Ac-Madonna-silber-vergoldet-1.jpg\" \/>\n\t<meta property=\"og:image:width\" content=\"1000\" \/>\n\t<meta property=\"og:image:height\" content=\"1000\" \/>\n\t<meta property=\"og:image:type\" content=\"image\/jpeg\" \/>\n<meta name=\"twitter:card\" content=\"summary_large_image\" \/>\n<script type=\"application\/ld+json\" class=\"yoast-schema-graph\">{\"@context\":\"https:\\\/\\\/schema.org\",\"@graph\":[{\"@type\":\"WebPage\",\"@id\":\"https:\\\/\\\/www.paramente.net\\\/produkt\\\/unsere-liebe-frau-von-aachen-anhaenger-silber-925-vergoldet\\\/\",\"url\":\"https:\\\/\\\/www.paramente.net\\\/produkt\\\/unsere-liebe-frau-von-aachen-anhaenger-silber-925-vergoldet\\\/\",\"name\":\"Unsere Liebe Frau von Aachen, Anh\u00e4nger Silber 925 vergoldet - Clemens Jansen &amp; Co\",\"isPartOf\":{\"@id\":\"https:\\\/\\\/www.paramente.net\\\/#website\"},\"primaryImageOfPage\":{\"@id\":\"https:\\\/\\\/www.paramente.net\\\/produkt\\\/unsere-liebe-frau-von-aachen-anhaenger-silber-925-vergoldet\\\/#primaryimage\"},\"image\":{\"@id\":\"https:\\\/\\\/www.paramente.net\\\/produkt\\\/unsere-liebe-frau-von-aachen-anhaenger-silber-925-vergoldet\\\/#primaryimage\"},\"thumbnailUrl\":\"https:\\\/\\\/www.paramente.net\\\/wp-content\\\/uploads\\\/2020\\\/10\\\/Ac-Madonna-silber-vergoldet-1.jpg\",\"datePublished\":\"2020-10-22T11:07:40+00:00\",\"dateModified\":\"2020-10-22T11:20:54+00:00\",\"breadcrumb\":{\"@id\":\"https:\\\/\\\/www.paramente.net\\\/produkt\\\/unsere-liebe-frau-von-aachen-anhaenger-silber-925-vergoldet\\\/#breadcrumb\"},\"inLanguage\":\"es\",\"potentialAction\":[{\"@type\":\"ReadAction\",\"target\":[\"https:\\\/\\\/www.paramente.net\\\/produkt\\\/unsere-liebe-frau-von-aachen-anhaenger-silber-925-vergoldet\\\/\"]}]},{\"@type\":\"ImageObject\",\"inLanguage\":\"es\",\"@id\":\"https:\\\/\\\/www.paramente.net\\\/produkt\\\/unsere-liebe-frau-von-aachen-anhaenger-silber-925-vergoldet\\\/#primaryimage\",\"url\":\"https:\\\/\\\/www.paramente.net\\\/wp-content\\\/uploads\\\/2020\\\/10\\\/Ac-Madonna-silber-vergoldet-1.jpg\",\"contentUrl\":\"https:\\\/\\\/www.paramente.net\\\/wp-content\\\/uploads\\\/2020\\\/10\\\/Ac-Madonna-silber-vergoldet-1.jpg\",\"width\":1000,\"height\":1000},{\"@type\":\"BreadcrumbList\",\"@id\":\"https:\\\/\\\/www.paramente.net\\\/produkt\\\/unsere-liebe-frau-von-aachen-anhaenger-silber-925-vergoldet\\\/#breadcrumb\",\"itemListElement\":[{\"@type\":\"ListItem\",\"position\":1,\"name\":\"Startseite\",\"item\":\"https:\\\/\\\/www.paramente.net\\\/\"},{\"@type\":\"ListItem\",\"position\":2,\"name\":\"Katalog\",\"item\":\"https:\\\/\\\/www.paramente.net\\\/katalog\\\/\"},{\"@type\":\"ListItem\",\"position\":3,\"name\":\"Unsere Liebe Frau von Aachen, Anh\u00e4nger Silber 925 vergoldet\"}]},{\"@type\":\"WebSite\",\"@id\":\"https:\\\/\\\/www.paramente.net\\\/#website\",\"url\":\"https:\\\/\\\/www.paramente.net\\\/\",\"name\":\"Clemens Jansen & Co\",\"description\":\"Hersteller und Lieferant f\u00fcr individuellen Kirchenbedarf\",\"publisher\":{\"@id\":\"https:\\\/\\\/www.paramente.net\\\/#organization\"},\"potentialAction\":[{\"@type\":\"SearchAction\",\"target\":{\"@type\":\"EntryPoint\",\"urlTemplate\":\"https:\\\/\\\/www.paramente.net\\\/?s={search_term_string}\"},\"query-input\":{\"@type\":\"PropertyValueSpecification\",\"valueRequired\":true,\"valueName\":\"search_term_string\"}}],\"inLanguage\":\"es\"},{\"@type\":\"Organization\",\"@id\":\"https:\\\/\\\/www.paramente.net\\\/#organization\",\"name\":\"Clemens Jansen & Co\",\"url\":\"https:\\\/\\\/www.paramente.net\\\/\",\"logo\":{\"@type\":\"ImageObject\",\"inLanguage\":\"es\",\"@id\":\"https:\\\/\\\/www.paramente.net\\\/#\\\/schema\\\/logo\\\/image\\\/\",\"url\":\"https:\\\/\\\/www.paramente.net\\\/wp-content\\\/uploads\\\/2016\\\/11\\\/paramente-logo.png\",\"contentUrl\":\"https:\\\/\\\/www.paramente.net\\\/wp-content\\\/uploads\\\/2016\\\/11\\\/paramente-logo.png\",\"width\":162,\"height\":162,\"caption\":\"Clemens Jansen & Co\"},\"image\":{\"@id\":\"https:\\\/\\\/www.paramente.net\\\/#\\\/schema\\\/logo\\\/image\\\/\"}}]}<\/script>\n<!-- \/ Yoast SEO plugin. -->","yoast_head_json":{"title":"Unsere Liebe Frau von Aachen, Anh\u00e4nger Silber 925 vergoldet - Clemens Jansen &amp; Co","robots":{"index":"index","follow":"follow","max-snippet":"max-snippet:-1","max-image-preview":"max-image-preview:large","max-video-preview":"max-video-preview:-1"},"canonical":"https:\/\/www.paramente.net\/es\/producto\/unsere-liebe-frau-von-aachen-anhaenger-silber-925-vergoldet\/","og_locale":"es_ES","og_type":"article","og_title":"Unsere Liebe Frau von Aachen, Anh\u00e4nger Silber 925 vergoldet - Clemens Jansen &amp; Co","og_url":"https:\/\/www.paramente.net\/es\/producto\/unsere-liebe-frau-von-aachen-anhaenger-silber-925-vergoldet\/","og_site_name":"Clemens Jansen &amp; Co","article_modified_time":"2020-10-22T11:20:54+00:00","og_image":[{"width":1000,"height":1000,"url":"https:\/\/www.paramente.net\/wp-content\/uploads\/2020\/10\/Ac-Madonna-silber-vergoldet-1.jpg","type":"image\/jpeg"}],"twitter_card":"summary_large_image","schema":{"@context":"https:\/\/schema.org","@graph":[{"@type":"WebPage","@id":"https:\/\/www.paramente.net\/produkt\/unsere-liebe-frau-von-aachen-anhaenger-silber-925-vergoldet\/","url":"https:\/\/www.paramente.net\/produkt\/unsere-liebe-frau-von-aachen-anhaenger-silber-925-vergoldet\/","name":"Unsere Liebe Frau von Aachen, Anh\u00e4nger Silber 925 vergoldet - Clemens Jansen &amp; Co","isPartOf":{"@id":"https:\/\/www.paramente.net\/#website"},"primaryImageOfPage":{"@id":"https:\/\/www.paramente.net\/produkt\/unsere-liebe-frau-von-aachen-anhaenger-silber-925-vergoldet\/#primaryimage"},"image":{"@id":"https:\/\/www.paramente.net\/produkt\/unsere-liebe-frau-von-aachen-anhaenger-silber-925-vergoldet\/#primaryimage"},"thumbnailUrl":"https:\/\/www.paramente.net\/wp-content\/uploads\/2020\/10\/Ac-Madonna-silber-vergoldet-1.jpg","datePublished":"2020-10-22T11:07:40+00:00","dateModified":"2020-10-22T11:20:54+00:00","breadcrumb":{"@id":"https:\/\/www.paramente.net\/produkt\/unsere-liebe-frau-von-aachen-anhaenger-silber-925-vergoldet\/#breadcrumb"},"inLanguage":"es","potentialAction":[{"@type":"ReadAction","target":["https:\/\/www.paramente.net\/produkt\/unsere-liebe-frau-von-aachen-anhaenger-silber-925-vergoldet\/"]}]},{"@type":"ImageObject","inLanguage":"es","@id":"https:\/\/www.paramente.net\/produkt\/unsere-liebe-frau-von-aachen-anhaenger-silber-925-vergoldet\/#primaryimage","url":"https:\/\/www.paramente.net\/wp-content\/uploads\/2020\/10\/Ac-Madonna-silber-vergoldet-1.jpg","contentUrl":"https:\/\/www.paramente.net\/wp-content\/uploads\/2020\/10\/Ac-Madonna-silber-vergoldet-1.jpg","width":1000,"height":1000},{"@type":"BreadcrumbList","@id":"https:\/\/www.paramente.net\/produkt\/unsere-liebe-frau-von-aachen-anhaenger-silber-925-vergoldet\/#breadcrumb","itemListElement":[{"@type":"ListItem","position":1,"name":"Startseite","item":"https:\/\/www.paramente.net\/"},{"@type":"ListItem","position":2,"name":"Katalog","item":"https:\/\/www.paramente.net\/katalog\/"},{"@type":"ListItem","position":3,"name":"Unsere Liebe Frau von Aachen, Anh\u00e4nger Silber 925 vergoldet"}]},{"@type":"WebSite","@id":"https:\/\/www.paramente.net\/#website","url":"https:\/\/www.paramente.net\/","name":"Clemens Jansen &amp; Co","description":"Fabricante y proveedor para las necesidades individuales de la iglesia.","publisher":{"@id":"https:\/\/www.paramente.net\/#organization"},"potentialAction":[{"@type":"SearchAction","target":{"@type":"EntryPoint","urlTemplate":"https:\/\/www.paramente.net\/?s={search_term_string}"},"query-input":{"@type":"PropertyValueSpecification","valueRequired":true,"valueName":"search_term_string"}}],"inLanguage":"es"},{"@type":"Organization","@id":"https:\/\/www.paramente.net\/#organization","name":"Clemens Jansen &amp; Co","url":"https:\/\/www.paramente.net\/","logo":{"@type":"ImageObject","inLanguage":"es","@id":"https:\/\/www.paramente.net\/#\/schema\/logo\/image\/","url":"https:\/\/www.paramente.net\/wp-content\/uploads\/2016\/11\/paramente-logo.png","contentUrl":"https:\/\/www.paramente.net\/wp-content\/uploads\/2016\/11\/paramente-logo.png","width":162,"height":162,"caption":"Clemens Jansen & Co"},"image":{"@id":"https:\/\/www.paramente.net\/#\/schema\/logo\/image\/"}}]}},"_links":{"self":[{"href":"https:\/\/www.paramente.net\/es\/wp-json\/wp\/v2\/product\/3563","targetHints":{"allow":["GET"]}}],"collection":[{"href":"https:\/\/www.paramente.net\/es\/wp-json\/wp\/v2\/product"}],"about":[{"href":"https:\/\/www.paramente.net\/es\/wp-json\/wp\/v2\/types\/product"}],"replies":[{"embeddable":true,"href":"https:\/\/www.paramente.net\/es\/wp-json\/wp\/v2\/comments?post=3563"}],"wp:featuredmedia":[{"embeddable":true,"href":"https:\/\/www.paramente.net\/es\/wp-json\/wp\/v2\/media\/3560"}],"wp:attachment":[{"href":"https:\/\/www.paramente.net\/es\/wp-json\/wp\/v2\/media?parent=3563"}],"wp:term":[{"taxonomy":"product_brand","embeddable":true,"href":"https:\/\/www.paramente.net\/es\/wp-json\/wp\/v2\/product_brand?post=3563"},{"taxonomy":"product_cat","embeddable":true,"href":"https:\/\/www.paramente.net\/es\/wp-json\/wp\/v2\/product_cat?post=3563"},{"taxonomy":"product_tag","embeddable":true,"href":"https:\/\/www.paramente.net\/es\/wp-json\/wp\/v2\/product_tag?post=3563"}],"curies":[{"name":"wp","href":"https:\/\/api.w.org\/{rel}","templated":true}]}}