{"id":3622,"date":"2020-12-20T12:09:44","date_gmt":"2020-12-20T10:09:44","guid":{"rendered":"https:\/\/www.paramente.net\/?page_id=3622"},"modified":"2023-04-24T09:28:12","modified_gmt":"2023-04-24T07:28:12","slug":"bistumsornat-erzbistum-hamburg","status":"publish","type":"page","link":"https:\/\/www.paramente.net\/es\/bistumsornat-erzbistum-hamburg\/","title":{"rendered":"Regal\u00edas de la di\u00f3cesis Archidi\u00f3cesis de Hamburgo"},"content":{"rendered":"<div class=\"wpb-content-wrapper\"><div class=\"vc_row wpb_row vc_row-fluid\"><div class=\"wpb_column vc_column_container vc_col-sm-12\"><div class=\"vc_column-inner\"><div class=\"wpb_wrapper\">\n\t<div class=\"wpb_text_column wpb_content_element\" >\n\t\t<div class=\"wpb_wrapper\">\n\t\t\t<h2>T\u00fanica de la di\u00f3cesis<\/h2>\n<h2>Casullas y dalm\u00e1ticas uniformes para todos los sacerdotes y di\u00e1conos de la Arquidi\u00f3cesis de Hamburgo<\/h2>\n\n\t\t<\/div>\n\t<\/div>\n<\/div><\/div><\/div><\/div><div class=\"vc_row wpb_row vc_row-fluid\"><div class=\"wpb_column vc_column_container vc_col-sm-6\"><div class=\"vc_column-inner\"><div class=\"wpb_wrapper\">\n\t<div  class=\"wpb_single_image wpb_content_element vc_align_ wpb_content_element\">\n\t\t\n\t\t<figure class=\"wpb_wrapper vc_figure\">\n\t\t\t<div class=\"vc_single_image-wrapper   vc_box_border_grey\"><img loading=\"lazy\" decoding=\"async\" width=\"450\" height=\"700\" src=\"https:\/\/www.paramente.net\/wp-content\/uploads\/2020\/12\/Kasel-ohne-Futter-2.jpg\" class=\"vc_single_image-img attachment-full\" alt=\"\" title=\"Casulla sin forro (2)\" srcset=\"https:\/\/www.paramente.net\/wp-content\/uploads\/2020\/12\/Kasel-ohne-Futter-2.jpg 450w, https:\/\/www.paramente.net\/wp-content\/uploads\/2020\/12\/Kasel-ohne-Futter-2-193x300.jpg 193w, https:\/\/www.paramente.net\/wp-content\/uploads\/2020\/12\/Kasel-ohne-Futter-2-8x12.jpg 8w, https:\/\/www.paramente.net\/wp-content\/uploads\/2020\/12\/Kasel-ohne-Futter-2-300x467.jpg 300w\" sizes=\"auto, (max-width: 450px) 100vw, 450px\" \/><\/div>\n\t\t<\/figure>\n\t<\/div>\n<\/div><\/div><\/div><div class=\"wpb_column vc_column_container vc_col-sm-6\"><div class=\"vc_column-inner\"><div class=\"wpb_wrapper\">\n\t<div class=\"wpb_text_column wpb_content_element\" >\n\t\t<div class=\"wpb_wrapper\">\n\t\t\t<p><span style=\"font-size: 16px;\">La t\u00fanica de la di\u00f3cesis de la Arquidi\u00f3cesis de Hamburgo es la base para una concelebraci\u00f3n uniforme en toda la di\u00f3cesis. Todo el presbiterio y todos los di\u00e1conos deben poder celebrar la Santa Misa con casullas y d\u00e1lmatas uniformes a nivel parroquial, parroquial, regional o diocesano. Gracias al almacenamiento descentralizado de cada individuo, la disponibilidad se logra en todos los niveles.<\/span><\/p>\n<p><span style=\"font-size: 16px;\">A menos que haya una ocasi\u00f3n festiva, el celebrante principal lleva la casulla del color del d\u00eda. Es posible que los concelebrantes usen el manto de la di\u00f3cesis en cualquier momento. El manto de la di\u00f3cesis permite la concelebraci\u00f3n lit\u00fargicamente estandarizada. La vestimenta uniforme hace que la concelebraci\u00f3n sea un signo exterior a\u00fan mejor de la unidad del sacerdocio y la Iglesia.<\/span><\/p>\n\n\t\t<\/div>\n\t<\/div>\n\n\t<div class=\"wpb_text_column wpb_content_element\" >\n\t\t<div class=\"wpb_wrapper\">\n\t\t\t<p>Los paramentos estaban hechos de una mezcla lavable y resistente a las arrugas de Trevira \/ lana. El dise\u00f1o se realiz\u00f3 con un estampado textil y se aplic\u00f3 al material base como barra central.<\/p>\n\n\t\t<\/div>\n\t<\/div>\n<\/div><\/div><\/div><\/div><div class=\"vc_row wpb_row vc_row-fluid\"><div class=\"wpb_column vc_column_container vc_col-sm-6\"><div class=\"vc_column-inner\"><div class=\"wpb_wrapper\">\n\t<div class=\"wpb_text_column wpb_content_element\" >\n\t\t<div class=\"wpb_wrapper\">\n\t\t\t<p><span style=\"font-size: 16px;\">El dise\u00f1o fue realizado por nuestro artista Marcel Schulthei\u00df MA en un elaborado borrador dibujado a mano revisado digitalmente.<\/span><\/p>\n<p><span style=\"font-size: 16px;\">En la parte delantera de la t\u00fanica hay una adaptaci\u00f3n de la cruz del escultor Max Faller (1927-2012), que fue donada a la Archidi\u00f3cesis de Hamburgo cuando se fund\u00f3 y que se lleva regularmente dentro y fuera de los servicios pontificios solemnes en la Catedral de Santa Mar\u00eda. En el reverso est\u00e1 St. Ansgar con la actual Catedral de Santa Mar\u00eda.<\/span><\/p>\n\n\t\t<\/div>\n\t<\/div>\n<div class=\"vc_row wpb_row vc_inner vc_row-fluid\"><div class=\"wpb_column vc_column_container vc_col-sm-6\"><div class=\"vc_column-inner\"><div class=\"wpb_wrapper\">\n\t<div  class=\"wpb_single_image wpb_content_element vc_align_ wpb_content_element\">\n\t\t\n\t\t<figure class=\"wpb_wrapper vc_figure\">\n\t\t\t<div class=\"vc_single_image-wrapper   vc_box_border_grey\"><img loading=\"lazy\" decoding=\"async\" width=\"450\" height=\"700\" src=\"https:\/\/www.paramente.net\/wp-content\/uploads\/2020\/12\/Details-1.jpg\" class=\"vc_single_image-img attachment-full\" alt=\"\" title=\"Detalles (1)\" srcset=\"https:\/\/www.paramente.net\/wp-content\/uploads\/2020\/12\/Details-1.jpg 450w, https:\/\/www.paramente.net\/wp-content\/uploads\/2020\/12\/Details-1-193x300.jpg 193w, https:\/\/www.paramente.net\/wp-content\/uploads\/2020\/12\/Details-1-8x12.jpg 8w, https:\/\/www.paramente.net\/wp-content\/uploads\/2020\/12\/Details-1-300x467.jpg 300w\" sizes=\"auto, (max-width: 450px) 100vw, 450px\" \/><\/div>\n\t\t<\/figure>\n\t<\/div>\n<\/div><\/div><\/div><div class=\"wpb_column vc_column_container vc_col-sm-6\"><div class=\"vc_column-inner\"><div class=\"wpb_wrapper\">\n\t<div  class=\"wpb_single_image wpb_content_element vc_align_ wpb_content_element\">\n\t\t\n\t\t<figure class=\"wpb_wrapper vc_figure\">\n\t\t\t<div class=\"vc_single_image-wrapper   vc_box_border_grey\"><img loading=\"lazy\" decoding=\"async\" width=\"450\" height=\"700\" src=\"https:\/\/www.paramente.net\/wp-content\/uploads\/2020\/12\/Details-2.jpg\" class=\"vc_single_image-img attachment-full\" alt=\"\" title=\"Detalles (2)\" srcset=\"https:\/\/www.paramente.net\/wp-content\/uploads\/2020\/12\/Details-2.jpg 450w, https:\/\/www.paramente.net\/wp-content\/uploads\/2020\/12\/Details-2-193x300.jpg 193w, https:\/\/www.paramente.net\/wp-content\/uploads\/2020\/12\/Details-2-8x12.jpg 8w, https:\/\/www.paramente.net\/wp-content\/uploads\/2020\/12\/Details-2-300x467.jpg 300w\" sizes=\"auto, (max-width: 450px) 100vw, 450px\" \/><\/div>\n\t\t<\/figure>\n\t<\/div>\n<\/div><\/div><\/div><\/div><\/div><\/div><\/div><div class=\"wpb_column vc_column_container vc_col-sm-6\"><div class=\"vc_column-inner\"><div class=\"wpb_wrapper\">\n\t<div  class=\"wpb_single_image wpb_content_element vc_align_ wpb_content_element\">\n\t\t\n\t\t<figure class=\"wpb_wrapper vc_figure\">\n\t\t\t<div class=\"vc_single_image-wrapper   vc_box_border_grey\"><img loading=\"lazy\" decoding=\"async\" width=\"450\" height=\"700\" src=\"https:\/\/www.paramente.net\/wp-content\/uploads\/2020\/12\/Kasel-ohne-Futter-1.jpg\" class=\"vc_single_image-img attachment-full\" alt=\"\" title=\"Casulla sin forro (1)\" srcset=\"https:\/\/www.paramente.net\/wp-content\/uploads\/2020\/12\/Kasel-ohne-Futter-1.jpg 450w, https:\/\/www.paramente.net\/wp-content\/uploads\/2020\/12\/Kasel-ohne-Futter-1-193x300.jpg 193w, https:\/\/www.paramente.net\/wp-content\/uploads\/2020\/12\/Kasel-ohne-Futter-1-8x12.jpg 8w, https:\/\/www.paramente.net\/wp-content\/uploads\/2020\/12\/Kasel-ohne-Futter-1-300x467.jpg 300w\" sizes=\"auto, (max-width: 450px) 100vw, 450px\" \/><\/div>\n\t\t<\/figure>\n\t<\/div>\n<\/div><\/div><\/div><\/div><div class=\"vc_row wpb_row vc_row-fluid\"><div class=\"wpb_column vc_column_container vc_col-sm-6\"><div class=\"vc_column-inner\"><div class=\"wpb_wrapper\">\n\t<div  class=\"wpb_single_image wpb_content_element vc_align_ wpb_content_element\">\n\t\t\n\t\t<figure class=\"wpb_wrapper vc_figure\">\n\t\t\t<div class=\"vc_single_image-wrapper   vc_box_border_grey\"><img loading=\"lazy\" decoding=\"async\" width=\"450\" height=\"700\" src=\"https:\/\/www.paramente.net\/wp-content\/uploads\/2021\/01\/Namensschild-2.jpg\" class=\"vc_single_image-img attachment-full\" alt=\"\" title=\"Etiqueta de nombre (2)\" srcset=\"https:\/\/www.paramente.net\/wp-content\/uploads\/2021\/01\/Namensschild-2.jpg 450w, https:\/\/www.paramente.net\/wp-content\/uploads\/2021\/01\/Namensschild-2-193x300.jpg 193w, https:\/\/www.paramente.net\/wp-content\/uploads\/2021\/01\/Namensschild-2-8x12.jpg 8w, https:\/\/www.paramente.net\/wp-content\/uploads\/2021\/01\/Namensschild-2-300x467.jpg 300w\" sizes=\"auto, (max-width: 450px) 100vw, 450px\" \/><\/div>\n\t\t<\/figure>\n\t<\/div>\n<\/div><\/div><\/div><div class=\"wpb_column vc_column_container vc_col-sm-6\"><div class=\"vc_column-inner\"><div class=\"wpb_wrapper\">\n\t<div class=\"wpb_text_column wpb_content_element\" >\n\t\t<div class=\"wpb_wrapper\">\n\t\t\t<h2>Individualidad a pesar de grandes cantidades<\/h2>\n<p><span style=\"font-size: 16px;\">Una de las primeras ideas fue proporcionar a cada prenda una etiqueta con el nombre del usuario. Despu\u00e9s de las primeras consideraciones con las etiquetas tejidas habituales, qued\u00f3 claro que esto terminar\u00eda en una colecci\u00f3n de carteles que no ser\u00edan atractivos. Entonces surgi\u00f3 la idea de imprimir el cartel utilizando la misma t\u00e9cnica que los palos. Para los sacerdotes y di\u00e1conos, se crearon carteles individuales que personalizan el manto.<\/span><\/p>\n<h1><\/h1>\n\n\t\t<\/div>\n\t<\/div>\n<\/div><\/div><\/div><\/div><div class=\"vc_row wpb_row vc_row-fluid\"><div class=\"wpb_column vc_column_container vc_col-sm-12\"><div class=\"vc_column-inner\"><div class=\"wpb_wrapper\">\n\t<div class=\"wpb_text_column wpb_content_element\" >\n\t\t<div class=\"wpb_wrapper\">\n\t\t\t<p><span style=\"font-size: 16px;\">Las dalm\u00e1ticas tienen un dise\u00f1o cl\u00e1sico con franjas clave. El material y la mano de obra son id\u00e9nticos a la casulla.<\/span><\/p>\n\n\t\t<\/div>\n\t<\/div>\n<\/div><\/div><\/div><\/div><div class=\"vc_row wpb_row vc_row-fluid\"><div class=\"wpb_column vc_column_container vc_col-sm-6\"><div class=\"vc_column-inner\"><div class=\"wpb_wrapper\">\n\t<div  class=\"wpb_single_image wpb_content_element vc_align_ wpb_content_element\">\n\t\t\n\t\t<figure class=\"wpb_wrapper vc_figure\">\n\t\t\t<div class=\"vc_single_image-wrapper   vc_box_border_grey\"><img loading=\"lazy\" decoding=\"async\" width=\"450\" height=\"700\" src=\"https:\/\/www.paramente.net\/wp-content\/uploads\/2020\/12\/Dalmatik-ohne-Futter-1.jpg\" class=\"vc_single_image-img attachment-full\" alt=\"\" title=\"D\u00e1lmata sin forro (1)\" srcset=\"https:\/\/www.paramente.net\/wp-content\/uploads\/2020\/12\/Dalmatik-ohne-Futter-1.jpg 450w, https:\/\/www.paramente.net\/wp-content\/uploads\/2020\/12\/Dalmatik-ohne-Futter-1-193x300.jpg 193w, https:\/\/www.paramente.net\/wp-content\/uploads\/2020\/12\/Dalmatik-ohne-Futter-1-8x12.jpg 8w, https:\/\/www.paramente.net\/wp-content\/uploads\/2020\/12\/Dalmatik-ohne-Futter-1-300x467.jpg 300w\" sizes=\"auto, (max-width: 450px) 100vw, 450px\" \/><\/div>\n\t\t<\/figure>\n\t<\/div>\n<\/div><\/div><\/div><div class=\"wpb_column vc_column_container vc_col-sm-6\"><div class=\"vc_column-inner\"><div class=\"wpb_wrapper\">\n\t<div  class=\"wpb_single_image wpb_content_element vc_align_ wpb_content_element\">\n\t\t\n\t\t<figure class=\"wpb_wrapper vc_figure\">\n\t\t\t<div class=\"vc_single_image-wrapper   vc_box_border_grey\"><img loading=\"lazy\" decoding=\"async\" width=\"450\" height=\"700\" src=\"https:\/\/www.paramente.net\/wp-content\/uploads\/2020\/12\/Dalmatik-ohne-Futter-2.jpg\" class=\"vc_single_image-img attachment-full\" alt=\"\" title=\"D\u00e1lmata sin forro (2)\" srcset=\"https:\/\/www.paramente.net\/wp-content\/uploads\/2020\/12\/Dalmatik-ohne-Futter-2.jpg 450w, https:\/\/www.paramente.net\/wp-content\/uploads\/2020\/12\/Dalmatik-ohne-Futter-2-193x300.jpg 193w, https:\/\/www.paramente.net\/wp-content\/uploads\/2020\/12\/Dalmatik-ohne-Futter-2-8x12.jpg 8w, https:\/\/www.paramente.net\/wp-content\/uploads\/2020\/12\/Dalmatik-ohne-Futter-2-300x467.jpg 300w\" sizes=\"auto, (max-width: 450px) 100vw, 450px\" \/><\/div>\n\t\t<\/figure>\n\t<\/div>\n<\/div><\/div><\/div><\/div>\n<\/div>","protected":false},"excerpt":{"rendered":"Bistumsornat einheitliche Kaseln und Dalmatiken f\u00fcr alle Priester und Diakone des Erzbistums Hamburg Der Bistumsornat f\u00fcr das Erzbistum Hamburg ist die Grundlage f\u00fcr eine einheitliche Konzelebration im gesamten Bistum. Dem gesamten Presbyterium und allen Diakonen soll erm\u00f6glicht werden sowohl auf Gemeinde-, Pfarrei-, Regional-, oder Bistumsebene die Heilige Messe mit einheitlichen Kaseln und Dalmatiken zu zelebrieren.&hellip;","protected":false},"author":2,"featured_media":0,"parent":0,"menu_order":0,"comment_status":"closed","ping_status":"closed","template":"","meta":{"footnotes":""},"class_list":["post-3622","page","type-page","status-publish","hentry","entry","no-media"],"yoast_head":"<!-- This site is optimized with the Yoast SEO plugin v27.4 - https:\/\/yoast.com\/product\/yoast-seo-wordpress\/ -->\n<title>Bistumsornat Erzbistum Hamburg - Clemens Jansen &amp; Co<\/title>\n<meta name=\"robots\" content=\"index, follow, max-snippet:-1, max-image-preview:large, max-video-preview:-1\" \/>\n<link rel=\"canonical\" href=\"https:\/\/www.paramente.net\/es\/bistumsornat-erzbistum-hamburg\/\" \/>\n<meta property=\"og:locale\" content=\"es_ES\" \/>\n<meta property=\"og:type\" content=\"article\" \/>\n<meta property=\"og:title\" content=\"Bistumsornat Erzbistum Hamburg - Clemens Jansen &amp; Co\" \/>\n<meta property=\"og:url\" content=\"https:\/\/www.paramente.net\/es\/bistumsornat-erzbistum-hamburg\/\" \/>\n<meta property=\"og:site_name\" content=\"Clemens Jansen &amp; Co\" \/>\n<meta property=\"article:modified_time\" content=\"2023-04-24T07:28:12+00:00\" \/>\n<meta name=\"twitter:card\" content=\"summary_large_image\" \/>\n<meta name=\"twitter:label1\" content=\"Tiempo de lectura\" \/>\n\t<meta name=\"twitter:data1\" content=\"2 minutos\" \/>\n<script type=\"application\/ld+json\" class=\"yoast-schema-graph\">{\"@context\":\"https:\\\/\\\/schema.org\",\"@graph\":[{\"@type\":\"WebPage\",\"@id\":\"https:\\\/\\\/www.paramente.net\\\/bistumsornat-erzbistum-hamburg\\\/\",\"url\":\"https:\\\/\\\/www.paramente.net\\\/bistumsornat-erzbistum-hamburg\\\/\",\"name\":\"Bistumsornat Erzbistum Hamburg - Clemens Jansen &amp; Co\",\"isPartOf\":{\"@id\":\"https:\\\/\\\/www.paramente.net\\\/#website\"},\"datePublished\":\"2020-12-20T10:09:44+00:00\",\"dateModified\":\"2023-04-24T07:28:12+00:00\",\"breadcrumb\":{\"@id\":\"https:\\\/\\\/www.paramente.net\\\/bistumsornat-erzbistum-hamburg\\\/#breadcrumb\"},\"inLanguage\":\"es\",\"potentialAction\":[{\"@type\":\"ReadAction\",\"target\":[\"https:\\\/\\\/www.paramente.net\\\/bistumsornat-erzbistum-hamburg\\\/\"]}]},{\"@type\":\"BreadcrumbList\",\"@id\":\"https:\\\/\\\/www.paramente.net\\\/bistumsornat-erzbistum-hamburg\\\/#breadcrumb\",\"itemListElement\":[{\"@type\":\"ListItem\",\"position\":1,\"name\":\"Startseite\",\"item\":\"https:\\\/\\\/www.paramente.net\\\/\"},{\"@type\":\"ListItem\",\"position\":2,\"name\":\"Bistumsornat Erzbistum Hamburg\"}]},{\"@type\":\"WebSite\",\"@id\":\"https:\\\/\\\/www.paramente.net\\\/#website\",\"url\":\"https:\\\/\\\/www.paramente.net\\\/\",\"name\":\"Clemens Jansen & Co\",\"description\":\"Hersteller und Lieferant f\u00fcr individuellen Kirchenbedarf\",\"publisher\":{\"@id\":\"https:\\\/\\\/www.paramente.net\\\/#organization\"},\"potentialAction\":[{\"@type\":\"SearchAction\",\"target\":{\"@type\":\"EntryPoint\",\"urlTemplate\":\"https:\\\/\\\/www.paramente.net\\\/?s={search_term_string}\"},\"query-input\":{\"@type\":\"PropertyValueSpecification\",\"valueRequired\":true,\"valueName\":\"search_term_string\"}}],\"inLanguage\":\"es\"},{\"@type\":\"Organization\",\"@id\":\"https:\\\/\\\/www.paramente.net\\\/#organization\",\"name\":\"Clemens Jansen & Co\",\"url\":\"https:\\\/\\\/www.paramente.net\\\/\",\"logo\":{\"@type\":\"ImageObject\",\"inLanguage\":\"es\",\"@id\":\"https:\\\/\\\/www.paramente.net\\\/#\\\/schema\\\/logo\\\/image\\\/\",\"url\":\"https:\\\/\\\/www.paramente.net\\\/wp-content\\\/uploads\\\/2016\\\/11\\\/paramente-logo.png\",\"contentUrl\":\"https:\\\/\\\/www.paramente.net\\\/wp-content\\\/uploads\\\/2016\\\/11\\\/paramente-logo.png\",\"width\":162,\"height\":162,\"caption\":\"Clemens Jansen & Co\"},\"image\":{\"@id\":\"https:\\\/\\\/www.paramente.net\\\/#\\\/schema\\\/logo\\\/image\\\/\"}}]}<\/script>\n<!-- \/ Yoast SEO plugin. -->","yoast_head_json":{"title":"Bistumsornat Erzbistum Hamburg - Clemens Jansen &amp; Co","robots":{"index":"index","follow":"follow","max-snippet":"max-snippet:-1","max-image-preview":"max-image-preview:large","max-video-preview":"max-video-preview:-1"},"canonical":"https:\/\/www.paramente.net\/es\/bistumsornat-erzbistum-hamburg\/","og_locale":"es_ES","og_type":"article","og_title":"Bistumsornat Erzbistum Hamburg - Clemens Jansen &amp; Co","og_url":"https:\/\/www.paramente.net\/es\/bistumsornat-erzbistum-hamburg\/","og_site_name":"Clemens Jansen &amp; Co","article_modified_time":"2023-04-24T07:28:12+00:00","twitter_card":"summary_large_image","twitter_misc":{"Tiempo de lectura":"2 minutos"},"schema":{"@context":"https:\/\/schema.org","@graph":[{"@type":"WebPage","@id":"https:\/\/www.paramente.net\/bistumsornat-erzbistum-hamburg\/","url":"https:\/\/www.paramente.net\/bistumsornat-erzbistum-hamburg\/","name":"Bistumsornat Erzbistum Hamburg - Clemens Jansen &amp; Co","isPartOf":{"@id":"https:\/\/www.paramente.net\/#website"},"datePublished":"2020-12-20T10:09:44+00:00","dateModified":"2023-04-24T07:28:12+00:00","breadcrumb":{"@id":"https:\/\/www.paramente.net\/bistumsornat-erzbistum-hamburg\/#breadcrumb"},"inLanguage":"es","potentialAction":[{"@type":"ReadAction","target":["https:\/\/www.paramente.net\/bistumsornat-erzbistum-hamburg\/"]}]},{"@type":"BreadcrumbList","@id":"https:\/\/www.paramente.net\/bistumsornat-erzbistum-hamburg\/#breadcrumb","itemListElement":[{"@type":"ListItem","position":1,"name":"Startseite","item":"https:\/\/www.paramente.net\/"},{"@type":"ListItem","position":2,"name":"Bistumsornat Erzbistum Hamburg"}]},{"@type":"WebSite","@id":"https:\/\/www.paramente.net\/#website","url":"https:\/\/www.paramente.net\/","name":"Clemens Jansen &amp; Co","description":"Fabricante y proveedor para las necesidades individuales de la iglesia.","publisher":{"@id":"https:\/\/www.paramente.net\/#organization"},"potentialAction":[{"@type":"SearchAction","target":{"@type":"EntryPoint","urlTemplate":"https:\/\/www.paramente.net\/?s={search_term_string}"},"query-input":{"@type":"PropertyValueSpecification","valueRequired":true,"valueName":"search_term_string"}}],"inLanguage":"es"},{"@type":"Organization","@id":"https:\/\/www.paramente.net\/#organization","name":"Clemens Jansen &amp; Co","url":"https:\/\/www.paramente.net\/","logo":{"@type":"ImageObject","inLanguage":"es","@id":"https:\/\/www.paramente.net\/#\/schema\/logo\/image\/","url":"https:\/\/www.paramente.net\/wp-content\/uploads\/2016\/11\/paramente-logo.png","contentUrl":"https:\/\/www.paramente.net\/wp-content\/uploads\/2016\/11\/paramente-logo.png","width":162,"height":162,"caption":"Clemens Jansen & Co"},"image":{"@id":"https:\/\/www.paramente.net\/#\/schema\/logo\/image\/"}}]}},"_links":{"self":[{"href":"https:\/\/www.paramente.net\/es\/wp-json\/wp\/v2\/pages\/3622","targetHints":{"allow":["GET"]}}],"collection":[{"href":"https:\/\/www.paramente.net\/es\/wp-json\/wp\/v2\/pages"}],"about":[{"href":"https:\/\/www.paramente.net\/es\/wp-json\/wp\/v2\/types\/page"}],"author":[{"embeddable":true,"href":"https:\/\/www.paramente.net\/es\/wp-json\/wp\/v2\/users\/2"}],"replies":[{"embeddable":true,"href":"https:\/\/www.paramente.net\/es\/wp-json\/wp\/v2\/comments?post=3622"}],"version-history":[{"count":5,"href":"https:\/\/www.paramente.net\/es\/wp-json\/wp\/v2\/pages\/3622\/revisions"}],"predecessor-version":[{"id":3721,"href":"https:\/\/www.paramente.net\/es\/wp-json\/wp\/v2\/pages\/3622\/revisions\/3721"}],"wp:attachment":[{"href":"https:\/\/www.paramente.net\/es\/wp-json\/wp\/v2\/media?parent=3622"}],"curies":[{"name":"wp","href":"https:\/\/api.w.org\/{rel}","templated":true}]}}