{"id":3290,"date":"2020-05-02T15:06:22","date_gmt":"2020-05-02T13:06:22","guid":{"rendered":"https:\/\/www.paramente.net\/?page_id=3290"},"modified":"2020-05-04T15:06:44","modified_gmt":"2020-05-04T13:06:44","slug":"restaurierung-fahnen","status":"publish","type":"page","link":"https:\/\/www.paramente.net\/es\/restaurierung-fahnen\/","title":{"rendered":"Banderas de restauraci\u00f3n"},"content":{"rendered":"<div class=\"wpb-content-wrapper\"><div class=\"vc_row wpb_row vc_row-fluid\"><div class=\"wpb_column vc_column_container vc_col-sm-12\"><div class=\"vc_column-inner\"><div class=\"wpb_wrapper\">\n\t<div class=\"wpb_text_column wpb_content_element\" >\n\t\t<div class=\"wpb_wrapper\">\n\t\t\t<h2>Banderas d' iglesia, carnaval y club<\/h2>\n<p><span style=\"font-size: 18px;\">Las banderas suelen ser de muy alta calidad y valor. Incluso las banderas muy da\u00f1adas se pueden restaurar, como muestra la restauraci\u00f3n que se muestra aqu\u00ed.<\/span><\/p>\n<p><strong><span style=\"font-size: 18px;\">Estado de la bandera antes de la restauraci\u00f3n:<\/span><\/strong><\/p>\n<p><span style=\"font-size: 18px;\">Los materiales de base est\u00e1n muy gastados y presentan grietas y agujeros. El bordado est\u00e1 suelto en muchos lugares o faltan piezas. Como es habitual en una bandera de esta \u00e9poca, ambas hojas de la bandera est\u00e1n muy deformadas. Los bordes, bucles y flecos est\u00e1n irremediablemente da\u00f1ados.<\/span><\/p>\n<p><strong><span style=\"font-size: 18px;\">Medidas de restauraci\u00f3n:<\/span><\/strong><\/p>\n<p><span style=\"font-size: 18px;\">La bandera est\u00e1 completamente separada una de la otra, se eliminan todos los bordes y franjas. Todo el bordado se vuelve a trabajar a mano, se aseguran los hilos sueltos y se a\u00f1aden los hilos faltantes. Los materiales b\u00e1sicos de las hojas de la bandera est\u00e1n completamente sobre tambores para mayor seguridad. Para este prop\u00f3sito, el material de base se coloca debajo si hay grietas y luego se borda completamente con una m\u00e1quina de bordar manual (m\u00e1quina de pandereta). Los cuadrados de las esquinas se bordaron en un nuevo material base basado en la plantilla original. <\/span><\/p>\n<p><span style=\"font-size: 18px;\">Despu\u00e9s de este trabajo muy elaborado, toda la bandera se vuelve a coser por completo con nuevos bordes, flecos y bucles. En el interior las banderas est\u00e1n provistas de nuevos separadores intermedios hechos de ortiga de algod\u00f3n.<\/span><\/p>\n\n\t\t<\/div>\n\t<\/div>\n<div class=\"vc_row wpb_row vc_inner vc_row-fluid\"><div class=\"wpb_column vc_column_container vc_col-sm-6\"><div class=\"vc_column-inner\"><div class=\"wpb_wrapper\">\n\t<div class=\"wpb_text_column wpb_content_element\" >\n\t\t<div class=\"wpb_wrapper\">\n\t\t\t<h2>Previamente<\/h2>\n\n\t\t<\/div>\n\t<\/div>\n\n<div class=\"vc_grid-container-wrapper vc_clearfix vc_grid-animation-fadeIn\">\n\t<div class=\"vc_grid-container vc_clearfix wpb_content_element vc_media_grid\" data-initial-loading-animation=\"fadeIn\" data-vc-grid-settings=\"{&quot;page_id&quot;:3290,&quot;style&quot;:&quot;all&quot;,&quot;action&quot;:&quot;vc_get_vc_grid_data&quot;,&quot;shortcode_id&quot;:&quot;1588584958387-1cbff45f626dff493cea14e1c70452f4-9&quot;,&quot;tag&quot;:&quot;vc_media_grid&quot;}\" data-vc-request=\"https:\/\/www.paramente.net\/wp-admin\/admin-ajax.php\" data-vc-post-id=\"3290\" data-vc-public-nonce=\"8ea44eb671\">\n\t\t\n\t<\/div>\n<\/div><\/div><\/div><\/div><div class=\"wpb_column vc_column_container vc_col-sm-6\"><div class=\"vc_column-inner\"><div class=\"wpb_wrapper\">\n\t<div class=\"wpb_text_column wpb_content_element\" >\n\t\t<div class=\"wpb_wrapper\">\n\t\t\t<h2>luego<\/h2>\n\n\t\t<\/div>\n\t<\/div>\n\n<div class=\"vc_grid-container-wrapper vc_clearfix vc_grid-animation-fadeIn\">\n\t<div class=\"vc_grid-container vc_clearfix wpb_content_element vc_media_grid\" data-initial-loading-animation=\"fadeIn\" data-vc-grid-settings=\"{&quot;page_id&quot;:3290,&quot;style&quot;:&quot;all&quot;,&quot;action&quot;:&quot;vc_get_vc_grid_data&quot;,&quot;shortcode_id&quot;:&quot;1588584958436-ce758247cace45a7d79a30c07e09b035-0&quot;,&quot;tag&quot;:&quot;vc_media_grid&quot;}\" data-vc-request=\"https:\/\/www.paramente.net\/wp-admin\/admin-ajax.php\" data-vc-post-id=\"3290\" data-vc-public-nonce=\"8ea44eb671\">\n\t\t\n\t<\/div>\n<\/div><\/div><\/div><\/div><\/div><\/div><\/div><\/div><\/div>\n<\/div>","protected":false},"excerpt":{"rendered":"Sch\u00fctzen-, Kirchen-, Karnevals- und Vereinsfahnen. Fahnen sind meist sehr hochwertig und wertvoll gestaltet. Auch sehr stark besch\u00e4digte Fahnen k\u00f6nnen restauriert werden, wie die hier dargestellte Restaurierung zeigt. Zustand der Fahne vor der Restaurierung: Die Grundstoffe sind stark verschlissen und weisen Risse und L\u00f6cher auf.\u00a0 Die Stickerei ist an vielen Stellen lose oder es gibt Fehlstellen.&hellip;","protected":false},"author":2,"featured_media":0,"parent":0,"menu_order":0,"comment_status":"closed","ping_status":"closed","template":"","meta":{"footnotes":""},"class_list":["post-3290","page","type-page","status-publish","hentry","entry","no-media"],"yoast_head":"<!-- This site is optimized with the Yoast SEO plugin v27.5 - https:\/\/yoast.com\/product\/yoast-seo-wordpress\/ -->\n<title>Restaurierung Fahnen - Clemens Jansen &amp; Co<\/title>\n<meta name=\"robots\" content=\"index, follow, max-snippet:-1, max-image-preview:large, max-video-preview:-1\" \/>\n<link rel=\"canonical\" href=\"https:\/\/www.paramente.net\/es\/restaurierung-fahnen\/\" \/>\n<meta property=\"og:locale\" content=\"es_ES\" \/>\n<meta property=\"og:type\" content=\"article\" \/>\n<meta property=\"og:title\" content=\"Restaurierung Fahnen - Clemens Jansen &amp; Co\" \/>\n<meta property=\"og:url\" content=\"https:\/\/www.paramente.net\/es\/restaurierung-fahnen\/\" \/>\n<meta property=\"og:site_name\" content=\"Clemens Jansen &amp; Co\" \/>\n<meta property=\"article:modified_time\" content=\"2020-05-04T13:06:44+00:00\" \/>\n<meta name=\"twitter:card\" content=\"summary_large_image\" \/>\n<meta name=\"twitter:label1\" content=\"Tiempo de lectura\" \/>\n\t<meta name=\"twitter:data1\" content=\"1 minuto\" \/>\n<script type=\"application\/ld+json\" class=\"yoast-schema-graph\">{\"@context\":\"https:\\\/\\\/schema.org\",\"@graph\":[{\"@type\":\"WebPage\",\"@id\":\"https:\\\/\\\/www.paramente.net\\\/restaurierung-fahnen\\\/\",\"url\":\"https:\\\/\\\/www.paramente.net\\\/restaurierung-fahnen\\\/\",\"name\":\"Restaurierung Fahnen - Clemens Jansen &amp; Co\",\"isPartOf\":{\"@id\":\"https:\\\/\\\/www.paramente.net\\\/#website\"},\"datePublished\":\"2020-05-02T13:06:22+00:00\",\"dateModified\":\"2020-05-04T13:06:44+00:00\",\"breadcrumb\":{\"@id\":\"https:\\\/\\\/www.paramente.net\\\/restaurierung-fahnen\\\/#breadcrumb\"},\"inLanguage\":\"es\",\"potentialAction\":[{\"@type\":\"ReadAction\",\"target\":[\"https:\\\/\\\/www.paramente.net\\\/restaurierung-fahnen\\\/\"]}]},{\"@type\":\"BreadcrumbList\",\"@id\":\"https:\\\/\\\/www.paramente.net\\\/restaurierung-fahnen\\\/#breadcrumb\",\"itemListElement\":[{\"@type\":\"ListItem\",\"position\":1,\"name\":\"Startseite\",\"item\":\"https:\\\/\\\/www.paramente.net\\\/\"},{\"@type\":\"ListItem\",\"position\":2,\"name\":\"Restaurierung Fahnen\"}]},{\"@type\":\"WebSite\",\"@id\":\"https:\\\/\\\/www.paramente.net\\\/#website\",\"url\":\"https:\\\/\\\/www.paramente.net\\\/\",\"name\":\"Clemens Jansen & Co\",\"description\":\"Hersteller und Lieferant f\u00fcr individuellen Kirchenbedarf\",\"publisher\":{\"@id\":\"https:\\\/\\\/www.paramente.net\\\/#organization\"},\"potentialAction\":[{\"@type\":\"SearchAction\",\"target\":{\"@type\":\"EntryPoint\",\"urlTemplate\":\"https:\\\/\\\/www.paramente.net\\\/?s={search_term_string}\"},\"query-input\":{\"@type\":\"PropertyValueSpecification\",\"valueRequired\":true,\"valueName\":\"search_term_string\"}}],\"inLanguage\":\"es\"},{\"@type\":\"Organization\",\"@id\":\"https:\\\/\\\/www.paramente.net\\\/#organization\",\"name\":\"Clemens Jansen & Co\",\"url\":\"https:\\\/\\\/www.paramente.net\\\/\",\"logo\":{\"@type\":\"ImageObject\",\"inLanguage\":\"es\",\"@id\":\"https:\\\/\\\/www.paramente.net\\\/#\\\/schema\\\/logo\\\/image\\\/\",\"url\":\"https:\\\/\\\/www.paramente.net\\\/wp-content\\\/uploads\\\/2016\\\/11\\\/paramente-logo.png\",\"contentUrl\":\"https:\\\/\\\/www.paramente.net\\\/wp-content\\\/uploads\\\/2016\\\/11\\\/paramente-logo.png\",\"width\":162,\"height\":162,\"caption\":\"Clemens Jansen & Co\"},\"image\":{\"@id\":\"https:\\\/\\\/www.paramente.net\\\/#\\\/schema\\\/logo\\\/image\\\/\"}}]}<\/script>\n<!-- \/ Yoast SEO plugin. -->","yoast_head_json":{"title":"Restauraci\u00f3n de banderas - Clemens Jansen &amp; Co","robots":{"index":"index","follow":"follow","max-snippet":"max-snippet:-1","max-image-preview":"max-image-preview:large","max-video-preview":"max-video-preview:-1"},"canonical":"https:\/\/www.paramente.net\/es\/restaurierung-fahnen\/","og_locale":"es_ES","og_type":"article","og_title":"Restaurierung Fahnen - Clemens Jansen &amp; Co","og_url":"https:\/\/www.paramente.net\/es\/restaurierung-fahnen\/","og_site_name":"Clemens Jansen &amp; Co","article_modified_time":"2020-05-04T13:06:44+00:00","twitter_card":"summary_large_image","twitter_misc":{"Tiempo de lectura":"1 minuto"},"schema":{"@context":"https:\/\/schema.org","@graph":[{"@type":"WebPage","@id":"https:\/\/www.paramente.net\/restaurierung-fahnen\/","url":"https:\/\/www.paramente.net\/restaurierung-fahnen\/","name":"Restauraci\u00f3n de banderas - Clemens Jansen &amp; Co","isPartOf":{"@id":"https:\/\/www.paramente.net\/#website"},"datePublished":"2020-05-02T13:06:22+00:00","dateModified":"2020-05-04T13:06:44+00:00","breadcrumb":{"@id":"https:\/\/www.paramente.net\/restaurierung-fahnen\/#breadcrumb"},"inLanguage":"es","potentialAction":[{"@type":"ReadAction","target":["https:\/\/www.paramente.net\/restaurierung-fahnen\/"]}]},{"@type":"BreadcrumbList","@id":"https:\/\/www.paramente.net\/restaurierung-fahnen\/#breadcrumb","itemListElement":[{"@type":"ListItem","position":1,"name":"Startseite","item":"https:\/\/www.paramente.net\/"},{"@type":"ListItem","position":2,"name":"Restaurierung Fahnen"}]},{"@type":"WebSite","@id":"https:\/\/www.paramente.net\/#website","url":"https:\/\/www.paramente.net\/","name":"Clemens Jansen &amp; Co","description":"Fabricante y proveedor para las necesidades individuales de la iglesia.","publisher":{"@id":"https:\/\/www.paramente.net\/#organization"},"potentialAction":[{"@type":"SearchAction","target":{"@type":"EntryPoint","urlTemplate":"https:\/\/www.paramente.net\/?s={search_term_string}"},"query-input":{"@type":"PropertyValueSpecification","valueRequired":true,"valueName":"search_term_string"}}],"inLanguage":"es"},{"@type":"Organization","@id":"https:\/\/www.paramente.net\/#organization","name":"Clemens Jansen &amp; Co","url":"https:\/\/www.paramente.net\/","logo":{"@type":"ImageObject","inLanguage":"es","@id":"https:\/\/www.paramente.net\/#\/schema\/logo\/image\/","url":"https:\/\/www.paramente.net\/wp-content\/uploads\/2016\/11\/paramente-logo.png","contentUrl":"https:\/\/www.paramente.net\/wp-content\/uploads\/2016\/11\/paramente-logo.png","width":162,"height":162,"caption":"Clemens Jansen & Co"},"image":{"@id":"https:\/\/www.paramente.net\/#\/schema\/logo\/image\/"}}]}},"_links":{"self":[{"href":"https:\/\/www.paramente.net\/es\/wp-json\/wp\/v2\/pages\/3290","targetHints":{"allow":["GET"]}}],"collection":[{"href":"https:\/\/www.paramente.net\/es\/wp-json\/wp\/v2\/pages"}],"about":[{"href":"https:\/\/www.paramente.net\/es\/wp-json\/wp\/v2\/types\/page"}],"author":[{"embeddable":true,"href":"https:\/\/www.paramente.net\/es\/wp-json\/wp\/v2\/users\/2"}],"replies":[{"embeddable":true,"href":"https:\/\/www.paramente.net\/es\/wp-json\/wp\/v2\/comments?post=3290"}],"version-history":[{"count":5,"href":"https:\/\/www.paramente.net\/es\/wp-json\/wp\/v2\/pages\/3290\/revisions"}],"predecessor-version":[{"id":3339,"href":"https:\/\/www.paramente.net\/es\/wp-json\/wp\/v2\/pages\/3290\/revisions\/3339"}],"wp:attachment":[{"href":"https:\/\/www.paramente.net\/es\/wp-json\/wp\/v2\/media?parent=3290"}],"curies":[{"name":"wp","href":"https:\/\/api.w.org\/{rel}","templated":true}]}}