{"id":1899,"date":"2016-11-27T03:10:25","date_gmt":"2016-11-27T01:10:25","guid":{"rendered":"http:\/\/neu.paramente.net\/?page_id=1899"},"modified":"2020-09-18T10:57:17","modified_gmt":"2020-09-18T08:57:17","slug":"reinigung","status":"publish","type":"page","link":"https:\/\/www.paramente.net\/es\/reinigung\/","title":{"rendered":"Limpieza y reparaci\u00f3n"},"content":{"rendered":"<div class=\"wpb-content-wrapper\"><div class=\"vc_row wpb_row vc_row-fluid\"><div class=\"wpb_column vc_column_container vc_col-sm-12\"><div class=\"vc_column-inner\"><div class=\"wpb_wrapper\">\n\t<div class=\"wpb_text_column wpb_content_element\" >\n\t\t<div class=\"wpb_wrapper\">\n\t\t\t<h2>Purificaci\u00f3n y reparaci\u00f3n de vestiduras lit\u00fargicas<\/h2>\n\n\t\t<\/div>\n\t<\/div>\n<\/div><\/div><\/div><\/div><div class=\"vc_row wpb_row vc_row-fluid\"><div class=\"wpb_column vc_column_container vc_col-sm-12\"><div class=\"vc_column-inner\"><div class=\"wpb_wrapper\">\n\t<div class=\"wpb_text_column wpb_content_element\" >\n\t\t<div class=\"wpb_wrapper\">\n\t\t\t<p><span style=\"font-size: 18px;\">Las vestimentas lit\u00fargicas est\u00e1n hechas en su mayor\u00eda de telas y materiales de alta calidad que requieren un cuidado especial.<\/span><\/p>\n<p><span style=\"font-size: 18px;\">La limpieza en seco se realiza para cada prenda individualmente, de modo que los tejidos y los bordados no se froten entre s\u00ed. Para mantener la carga mec\u00e1nica lo m\u00e1s baja posible, no se lanzan, solo se mueven ligeramente.<\/span><\/p>\n<p><span style=\"font-size: 18px;\">Algunas manchas no se pueden eliminar con el proceso de limpieza normal y requieren un tratamiento especial, que se realiza parcialmente. Es posible que algunas impurezas ya no se puedan eliminar. Por lo general, estos han estado en el tejido durante demasiado tiempo o ya se han tratado incorrectamente y, por lo tanto, se han solucionado (muy a menudo con manchas de cera planchadas).<\/span><\/p>\n\n\t\t<\/div>\n\t<\/div>\n\n\t<div class=\"wpb_text_column wpb_content_element\" >\n\t\t<div class=\"wpb_wrapper\">\n\t\t\t<h2 class=\"p1\"><span class=\"s1\">Proceso de limpieza<\/span><\/h2>\n\n\t\t<\/div>\n\t<\/div>\n\n<div class=\"vc_grid-container-wrapper vc_clearfix vc_grid-animation-none\">\n\t<div class=\"vc_grid-container vc_clearfix wpb_content_element vc_media_grid vc_custom_1489892522704\" data-initial-loading-animation=\"none\" data-vc-grid-settings=\"{&quot;page_id&quot;:1899,&quot;style&quot;:&quot;all&quot;,&quot;action&quot;:&quot;vc_get_vc_grid_data&quot;,&quot;shortcode_id&quot;:&quot;1600419411968-24d2571ca2e564665d042573163f14f4-9&quot;,&quot;tag&quot;:&quot;vc_media_grid&quot;}\" data-vc-request=\"https:\/\/www.paramente.net\/wp-admin\/admin-ajax.php\" data-vc-post-id=\"1899\" data-vc-public-nonce=\"dfbebac44a\">\n\t\t\n\t<\/div>\n<\/div>\n\t<div class=\"wpb_text_column wpb_content_element\" >\n\t\t<div class=\"wpb_wrapper\">\n\t\t\t<h2>reparar<\/h2>\n<p><span style=\"font-size: 18px;\">Despu\u00e9s de la limpieza, las prendas se revisan y revisan completamente en nuestro taller y se realizan las reparaciones necesarias.<\/span><\/p>\n<p><span style=\"font-size: 18px;\">Estos incluyen las siguientes tareas comunes:<\/span><\/p>\n<ul>\n<li><span style=\"font-size: 18px;\">Corregir, engrapar y decorar el forro<\/span><\/li>\n<li><span style=\"font-size: 18px;\">Trabajar en un deslizamiento del cuello desde el interior o reemplazar el anterior (para eliminar las \u00e1reas descoloridas o desgastadas en el escote y el forro)<\/span><\/li>\n<li><span style=\"font-size: 18px;\">Renovar el cuello o la cremallera<\/span><\/li>\n<li><span style=\"font-size: 18px;\">Retire el cuello y las cremalleras<\/span><\/li>\n<li><span style=\"font-size: 18px;\">Trabaje m\u00e1s estrecho alrededor para eliminar un borde desgastado<\/span><\/li>\n<li><span style=\"font-size: 18px;\">Adjuntar y agregar bordados y apliques<\/span><\/li>\n<li><span style=\"font-size: 18px;\">Rehacer y fortalecer las costuras<\/span><\/li>\n<li><span style=\"font-size: 18px;\">etc\u2026.<\/span><\/li>\n<\/ul>\n<p><span style=\"font-size: 18px;\">El trabajo necesario se cobrar\u00e1 seg\u00fan el esfuerzo. Es dif\u00edcil calcular esto antes de limpiar, ya que algunas reparaciones solo se hacen visibles despu\u00e9s de la limpieza.<\/span><\/p>\n<p><span style=\"font-size: 18px;\">La mayor\u00eda de los paramentos est\u00e1n hechos de tan alta calidad que el esfuerzo merece la pena. Si el esfuerzo no es proporcional a la calidad, lo se\u00f1alamos.<\/span><\/p>\n\n\t\t<\/div>\n\t<\/div>\n<\/div><\/div><\/div><\/div><div class=\"vc_row wpb_row vc_row-fluid\"><div class=\"wpb_column vc_column_container vc_col-sm-6\"><div class=\"vc_column-inner\"><div class=\"wpb_wrapper\">\n\t<div class=\"wpb_text_column wpb_content_element vc_custom_1519224798443\" >\n\t\t<div class=\"wpb_wrapper\">\n\t\t\t<h2>Previamente<\/h2>\n\n\t\t<\/div>\n\t<\/div>\n\n<div class=\"vc_grid-container-wrapper vc_clearfix vc_grid-animation-fadeIn\">\n\t<div class=\"vc_grid-container vc_clearfix wpb_content_element vc_media_grid\" data-initial-loading-animation=\"fadeIn\" data-vc-grid-settings=\"{&quot;page_id&quot;:1899,&quot;style&quot;:&quot;all&quot;,&quot;action&quot;:&quot;vc_get_vc_grid_data&quot;,&quot;shortcode_id&quot;:&quot;1600419412157-05b56e2ca7be92d45673c39c1c550bf4-9&quot;,&quot;tag&quot;:&quot;vc_media_grid&quot;}\" data-vc-request=\"https:\/\/www.paramente.net\/wp-admin\/admin-ajax.php\" data-vc-post-id=\"1899\" data-vc-public-nonce=\"dfbebac44a\">\n\t\t\n\t<\/div>\n<\/div><\/div><\/div><\/div><div class=\"wpb_column vc_column_container vc_col-sm-6\"><div class=\"vc_column-inner\"><div class=\"wpb_wrapper\">\n\t<div class=\"wpb_text_column wpb_content_element vc_custom_1519224831041\" >\n\t\t<div class=\"wpb_wrapper\">\n\t\t\t<h2>luego<\/h2>\n\n\t\t<\/div>\n\t<\/div>\n\n<div class=\"vc_grid-container-wrapper vc_clearfix vc_grid-animation-fadeIn\">\n\t<div class=\"vc_grid-container vc_clearfix wpb_content_element vc_media_grid\" data-initial-loading-animation=\"fadeIn\" data-vc-grid-settings=\"{&quot;page_id&quot;:1899,&quot;style&quot;:&quot;all&quot;,&quot;action&quot;:&quot;vc_get_vc_grid_data&quot;,&quot;shortcode_id&quot;:&quot;1600419412285-d5bd5a84f06d444ae41bfeb6bdbc9020-3&quot;,&quot;tag&quot;:&quot;vc_media_grid&quot;}\" data-vc-request=\"https:\/\/www.paramente.net\/wp-admin\/admin-ajax.php\" data-vc-post-id=\"1899\" data-vc-public-nonce=\"dfbebac44a\">\n\t\t\n\t<\/div>\n<\/div><\/div><\/div><\/div><\/div><div class=\"vc_row wpb_row vc_row-fluid\"><div class=\"wpb_column vc_column_container vc_col-sm-12\"><div class=\"vc_column-inner\"><div class=\"wpb_wrapper\">\n\t<div class=\"wpb_text_column wpb_content_element\" >\n\t\t<div class=\"wpb_wrapper\">\n\t\t\t<h2>Paramentos mal tratados<\/h2>\n<p><span style=\"font-size: 18px;\">Esta casulla blanca se lav\u00f3 y, como resultado, se da\u00f1\u00f3 gravemente. Las \u00e1reas de aplicaci\u00f3n se han ejecutado, el oro japon\u00e9s cosido a mano se ha destruido. El material b\u00e1sico de pura seda se ha encogido y ha perdido su acabado y tacto.<\/span><\/p>\n<p><span style=\"font-size: 18px;\">En un proceso de limpieza, el material base recibi\u00f3 nuevos acabados y un acabado de protecci\u00f3n de tela de loto. El oro japon\u00e9s roto se quit\u00f3 por completo y se volvi\u00f3 a coser a mano. Las \u00e1reas de aplicaci\u00f3n se suavizaron lo mejor posible. Finalmente, la t\u00fanica se volvi\u00f3 a forrar con seda pura y se cosi\u00f3 por completo. De esta forma la casulla m\u00e1s valiosa de la parroquia podr\u00eda ser restaurada casi por completo a su estado original.<\/span><\/p>\n\n\t\t<\/div>\n\t<\/div>\n<div class=\"vc_row wpb_row vc_inner vc_row-fluid\"><div class=\"wpb_column vc_column_container vc_col-sm-6\"><div class=\"vc_column-inner\"><div class=\"wpb_wrapper\">\n\t<div class=\"wpb_text_column wpb_content_element vc_custom_1519224798443\" >\n\t\t<div class=\"wpb_wrapper\">\n\t\t\t<h2>Previamente<\/h2>\n\n\t\t<\/div>\n\t<\/div>\n\n<div class=\"vc_grid-container-wrapper vc_clearfix vc_grid-animation-fadeIn\">\n\t<div class=\"vc_grid-container vc_clearfix wpb_content_element vc_media_grid\" data-initial-loading-animation=\"fadeIn\" data-vc-grid-settings=\"{&quot;page_id&quot;:1899,&quot;style&quot;:&quot;all&quot;,&quot;action&quot;:&quot;vc_get_vc_grid_data&quot;,&quot;shortcode_id&quot;:&quot;1600419412564-60d2ef967273605ce8e99fd8d272b497-10&quot;,&quot;tag&quot;:&quot;vc_media_grid&quot;}\" data-vc-request=\"https:\/\/www.paramente.net\/wp-admin\/admin-ajax.php\" data-vc-post-id=\"1899\" data-vc-public-nonce=\"dfbebac44a\">\n\t\t\n\t<\/div>\n<\/div><\/div><\/div><\/div><div class=\"wpb_column vc_column_container vc_col-sm-6\"><div class=\"vc_column-inner\"><div class=\"wpb_wrapper\">\n\t<div class=\"wpb_text_column wpb_content_element vc_custom_1519224831041\" >\n\t\t<div class=\"wpb_wrapper\">\n\t\t\t<h2>luego<\/h2>\n\n\t\t<\/div>\n\t<\/div>\n\n<div class=\"vc_grid-container-wrapper vc_clearfix vc_grid-animation-fadeIn\">\n\t<div class=\"vc_grid-container vc_clearfix wpb_content_element vc_media_grid\" data-initial-loading-animation=\"fadeIn\" data-vc-grid-settings=\"{&quot;page_id&quot;:1899,&quot;style&quot;:&quot;all&quot;,&quot;action&quot;:&quot;vc_get_vc_grid_data&quot;,&quot;shortcode_id&quot;:&quot;1600419412687-c189d54db80836b4172e7dd364b1323d-4&quot;,&quot;tag&quot;:&quot;vc_media_grid&quot;}\" data-vc-request=\"https:\/\/www.paramente.net\/wp-admin\/admin-ajax.php\" data-vc-post-id=\"1899\" data-vc-public-nonce=\"dfbebac44a\">\n\t\t\n\t<\/div>\n<\/div><\/div><\/div><\/div><\/div><\/div><\/div><\/div><\/div>\n<\/div>","protected":false},"excerpt":{"rendered":"Reinigung und Reparatur liturgischer Gew\u00e4nder Liturgische Gew\u00e4nder sind meist aus hochwertigen Stoffen und Materialien gefertigt, die einer besonderen Pflege bed\u00fcrfen. Die chemische Reinigung erfolgt f\u00fcr jedes Gewand einzeln, so dass sich Stoffe und Stickereien nicht gegenseitig aufreiben k\u00f6nnen. Um die mechanische Belastung so gering wie m\u00f6glich zu halten werden sie nicht geschleudert, sondern nur leicht&hellip;","protected":false},"author":1,"featured_media":0,"parent":0,"menu_order":0,"comment_status":"closed","ping_status":"closed","template":"","meta":{"footnotes":""},"class_list":["post-1899","page","type-page","status-publish","hentry","entry","no-media"],"yoast_head":"<!-- This site is optimized with the Yoast SEO plugin v27.5 - https:\/\/yoast.com\/product\/yoast-seo-wordpress\/ -->\n<title>Reinigung und Reparatur - Clemens Jansen &amp; Co<\/title>\n<meta name=\"robots\" content=\"index, follow, max-snippet:-1, max-image-preview:large, max-video-preview:-1\" \/>\n<link rel=\"canonical\" href=\"https:\/\/www.paramente.net\/es\/reinigung\/\" \/>\n<meta property=\"og:locale\" content=\"es_ES\" \/>\n<meta property=\"og:type\" content=\"article\" \/>\n<meta property=\"og:title\" content=\"Reinigung und Reparatur - Clemens Jansen &amp; Co\" \/>\n<meta property=\"og:url\" content=\"https:\/\/www.paramente.net\/es\/reinigung\/\" \/>\n<meta property=\"og:site_name\" content=\"Clemens Jansen &amp; Co\" \/>\n<meta property=\"article:modified_time\" content=\"2020-09-18T08:57:17+00:00\" \/>\n<meta name=\"twitter:card\" content=\"summary_large_image\" \/>\n<meta name=\"twitter:label1\" content=\"Tiempo de lectura\" \/>\n\t<meta name=\"twitter:data1\" content=\"3 minutos\" \/>\n<script type=\"application\/ld+json\" class=\"yoast-schema-graph\">{\"@context\":\"https:\\\/\\\/schema.org\",\"@graph\":[{\"@type\":\"WebPage\",\"@id\":\"https:\\\/\\\/www.paramente.net\\\/reinigung\\\/\",\"url\":\"https:\\\/\\\/www.paramente.net\\\/reinigung\\\/\",\"name\":\"Reinigung und Reparatur - Clemens Jansen &amp; Co\",\"isPartOf\":{\"@id\":\"https:\\\/\\\/www.paramente.net\\\/#website\"},\"datePublished\":\"2016-11-27T01:10:25+00:00\",\"dateModified\":\"2020-09-18T08:57:17+00:00\",\"breadcrumb\":{\"@id\":\"https:\\\/\\\/www.paramente.net\\\/reinigung\\\/#breadcrumb\"},\"inLanguage\":\"es\",\"potentialAction\":[{\"@type\":\"ReadAction\",\"target\":[\"https:\\\/\\\/www.paramente.net\\\/reinigung\\\/\"]}]},{\"@type\":\"BreadcrumbList\",\"@id\":\"https:\\\/\\\/www.paramente.net\\\/reinigung\\\/#breadcrumb\",\"itemListElement\":[{\"@type\":\"ListItem\",\"position\":1,\"name\":\"Startseite\",\"item\":\"https:\\\/\\\/www.paramente.net\\\/\"},{\"@type\":\"ListItem\",\"position\":2,\"name\":\"Reinigung und Reparatur\"}]},{\"@type\":\"WebSite\",\"@id\":\"https:\\\/\\\/www.paramente.net\\\/#website\",\"url\":\"https:\\\/\\\/www.paramente.net\\\/\",\"name\":\"Clemens Jansen & Co\",\"description\":\"Hersteller und Lieferant f\u00fcr individuellen Kirchenbedarf\",\"publisher\":{\"@id\":\"https:\\\/\\\/www.paramente.net\\\/#organization\"},\"potentialAction\":[{\"@type\":\"SearchAction\",\"target\":{\"@type\":\"EntryPoint\",\"urlTemplate\":\"https:\\\/\\\/www.paramente.net\\\/?s={search_term_string}\"},\"query-input\":{\"@type\":\"PropertyValueSpecification\",\"valueRequired\":true,\"valueName\":\"search_term_string\"}}],\"inLanguage\":\"es\"},{\"@type\":\"Organization\",\"@id\":\"https:\\\/\\\/www.paramente.net\\\/#organization\",\"name\":\"Clemens Jansen & Co\",\"url\":\"https:\\\/\\\/www.paramente.net\\\/\",\"logo\":{\"@type\":\"ImageObject\",\"inLanguage\":\"es\",\"@id\":\"https:\\\/\\\/www.paramente.net\\\/#\\\/schema\\\/logo\\\/image\\\/\",\"url\":\"https:\\\/\\\/www.paramente.net\\\/wp-content\\\/uploads\\\/2016\\\/11\\\/paramente-logo.png\",\"contentUrl\":\"https:\\\/\\\/www.paramente.net\\\/wp-content\\\/uploads\\\/2016\\\/11\\\/paramente-logo.png\",\"width\":162,\"height\":162,\"caption\":\"Clemens Jansen & Co\"},\"image\":{\"@id\":\"https:\\\/\\\/www.paramente.net\\\/#\\\/schema\\\/logo\\\/image\\\/\"}}]}<\/script>\n<!-- \/ Yoast SEO plugin. -->","yoast_head_json":{"title":"Limpieza y reparaci\u00f3n - Clemens Jansen &amp; Co","robots":{"index":"index","follow":"follow","max-snippet":"max-snippet:-1","max-image-preview":"max-image-preview:large","max-video-preview":"max-video-preview:-1"},"canonical":"https:\/\/www.paramente.net\/es\/reinigung\/","og_locale":"es_ES","og_type":"article","og_title":"Reinigung und Reparatur - Clemens Jansen &amp; Co","og_url":"https:\/\/www.paramente.net\/es\/reinigung\/","og_site_name":"Clemens Jansen &amp; Co","article_modified_time":"2020-09-18T08:57:17+00:00","twitter_card":"summary_large_image","twitter_misc":{"Tiempo de lectura":"3 minutos"},"schema":{"@context":"https:\/\/schema.org","@graph":[{"@type":"WebPage","@id":"https:\/\/www.paramente.net\/reinigung\/","url":"https:\/\/www.paramente.net\/reinigung\/","name":"Limpieza y reparaci\u00f3n - Clemens Jansen &amp; Co","isPartOf":{"@id":"https:\/\/www.paramente.net\/#website"},"datePublished":"2016-11-27T01:10:25+00:00","dateModified":"2020-09-18T08:57:17+00:00","breadcrumb":{"@id":"https:\/\/www.paramente.net\/reinigung\/#breadcrumb"},"inLanguage":"es","potentialAction":[{"@type":"ReadAction","target":["https:\/\/www.paramente.net\/reinigung\/"]}]},{"@type":"BreadcrumbList","@id":"https:\/\/www.paramente.net\/reinigung\/#breadcrumb","itemListElement":[{"@type":"ListItem","position":1,"name":"Startseite","item":"https:\/\/www.paramente.net\/"},{"@type":"ListItem","position":2,"name":"Reinigung und Reparatur"}]},{"@type":"WebSite","@id":"https:\/\/www.paramente.net\/#website","url":"https:\/\/www.paramente.net\/","name":"Clemens Jansen &amp; Co","description":"Fabricante y proveedor para las necesidades individuales de la iglesia.","publisher":{"@id":"https:\/\/www.paramente.net\/#organization"},"potentialAction":[{"@type":"SearchAction","target":{"@type":"EntryPoint","urlTemplate":"https:\/\/www.paramente.net\/?s={search_term_string}"},"query-input":{"@type":"PropertyValueSpecification","valueRequired":true,"valueName":"search_term_string"}}],"inLanguage":"es"},{"@type":"Organization","@id":"https:\/\/www.paramente.net\/#organization","name":"Clemens Jansen &amp; Co","url":"https:\/\/www.paramente.net\/","logo":{"@type":"ImageObject","inLanguage":"es","@id":"https:\/\/www.paramente.net\/#\/schema\/logo\/image\/","url":"https:\/\/www.paramente.net\/wp-content\/uploads\/2016\/11\/paramente-logo.png","contentUrl":"https:\/\/www.paramente.net\/wp-content\/uploads\/2016\/11\/paramente-logo.png","width":162,"height":162,"caption":"Clemens Jansen & Co"},"image":{"@id":"https:\/\/www.paramente.net\/#\/schema\/logo\/image\/"}}]}},"_links":{"self":[{"href":"https:\/\/www.paramente.net\/es\/wp-json\/wp\/v2\/pages\/1899","targetHints":{"allow":["GET"]}}],"collection":[{"href":"https:\/\/www.paramente.net\/es\/wp-json\/wp\/v2\/pages"}],"about":[{"href":"https:\/\/www.paramente.net\/es\/wp-json\/wp\/v2\/types\/page"}],"author":[{"embeddable":true,"href":"https:\/\/www.paramente.net\/es\/wp-json\/wp\/v2\/users\/1"}],"replies":[{"embeddable":true,"href":"https:\/\/www.paramente.net\/es\/wp-json\/wp\/v2\/comments?post=1899"}],"version-history":[{"count":5,"href":"https:\/\/www.paramente.net\/es\/wp-json\/wp\/v2\/pages\/1899\/revisions"}],"predecessor-version":[{"id":3394,"href":"https:\/\/www.paramente.net\/es\/wp-json\/wp\/v2\/pages\/1899\/revisions\/3394"}],"wp:attachment":[{"href":"https:\/\/www.paramente.net\/es\/wp-json\/wp\/v2\/media?parent=1899"}],"curies":[{"name":"wp","href":"https:\/\/api.w.org\/{rel}","templated":true}]}}