{"id":1786,"date":"2016-10-25T03:22:56","date_gmt":"2016-10-25T01:22:56","guid":{"rendered":"http:\/\/neu.paramente.net\/?page_id=1786"},"modified":"2016-11-07T08:42:20","modified_gmt":"2016-11-07T06:42:20","slug":"impressum","status":"publish","type":"page","link":"https:\/\/www.paramente.net\/es\/impressum\/","title":{"rendered":"imprimir"},"content":{"rendered":"<h2>Seg\u00fan \u00a7 5 TMG:<\/h2>\n<p>Sebasti\u00e1n Hermanns<br \/>\nClemens Jansen + Co.<br \/>\nSchmiedstrasse 10<br \/>\n52062 Aquisgr\u00e1n\n<\/p>\n<h2>Contacto:<\/h2>\n<table>\n<tr>\n<td>Tel\u00e9fono:<\/td>\n<td>0241\/32250<\/td>\n<\/tr>\n<tr>\n<td>Fax:<\/td>\n<td>0241\/403673<\/td>\n<\/tr>\n<tr>\n<td>Correo electr\u00f3nico:<\/td>\n<td>service@paramente.net<\/td>\n<\/tr>\n<\/table>\n<h2>Entrada de registro:<\/h2>\n<p>Inscripci\u00f3n en el registro mercantil. <br \/>Tribunal de registro: tribunal de distrito de Aquisgr\u00e1n <br \/>N\u00famero de registro: HRA312<\/p>\n<h2>Identificaci\u00f3n del impuesto:<\/h2>\n<p>N\u00famero de identificaci\u00f3n del impuesto sobre las ventas de acuerdo con \u00a727 una ley de impuestos sobre las ventas:<br \/>\nDE293404117<\/p>\n<\/p>\n<p>Fuente: <em><a href=\"https:\/\/www.e-recht24.de\/impressum-generator.html\">https:\/\/www.e-recht24.de<\/a><\/em><\/p>\n<h1>Descargo de responsabilidad<\/h1>\n<p><strong>Responsabilidad por el contenido<\/strong><\/p>\n<p>Como proveedor de servicios, somos responsables de nuestro propio contenido en estas p\u00e1ginas de acuerdo con la ley general de acuerdo con la Secci\u00f3n 7, P\u00e1rrafo 1 de la Ley de Telemedia alemana. De acuerdo con \u00a7\u00a7 8 a 10 TMG, como proveedor de servicios, no estamos obligados a monitorear la informaci\u00f3n de terceros transmitida o almacenada ni a investigar circunstancias que indiquen una actividad ilegal. Las obligaciones de eliminar o bloquear el uso de informaci\u00f3n de acuerdo con las leyes generales no se ven afectadas. La responsabilidad a este respecto solo es posible a partir del momento en que tengamos conocimiento de una infracci\u00f3n legal espec\u00edfica. Tan pronto como tengamos conocimiento de dichas infracciones legales, eliminaremos este contenido de inmediato.<\/p>\n<p><strong>Responsabilidad por enlaces<\/strong><\/p>\n<p>Nuestra oferta contiene enlaces a sitios web externos de terceros sobre cuyo contenido no tenemos influencia. Por lo tanto, no podemos aceptar ninguna responsabilidad por este contenido externo. El respectivo proveedor u operador de las p\u00e1ginas es siempre responsable del contenido de las p\u00e1ginas enlazadas. Las p\u00e1ginas vinculadas se revisaron para detectar posibles violaciones legales en el momento en que se vincularon. No se encontr\u00f3 contenido ilegal en el momento en que se cre\u00f3 el enlace. El monitoreo permanente del contenido de las p\u00e1ginas enlazadas no es razonable sin evidencia concreta de una violaci\u00f3n de la ley. Si nos damos cuenta de violaciones legales, eliminaremos dichos enlaces de inmediato.<\/p>\n<p><strong>derechos de autor<\/strong><\/p>\n<p>El contenido y las obras de estas p\u00e1ginas creadas por el operador del sitio web est\u00e1n sujetos a la ley de derechos de autor alemana. La reproducci\u00f3n, procesamiento, distribuci\u00f3n y cualquier tipo de explotaci\u00f3n fuera de los l\u00edmites de la ley de derechos de autor requieren el consentimiento por escrito del autor o creador respectivo. Las descargas y copias de este sitio web solo est\u00e1n permitidas para uso privado y no comercial. En la medida en que el contenido de este sitio no fue creado por el operador, se respetan los derechos de autor de terceros. En particular, los contenidos de terceros est\u00e1n marcados como tales. No obstante, si tiene conocimiento de una infracci\u00f3n de derechos de autor, le rogamos que nos lo notifique. Tan pronto como tengamos conocimiento de infracciones legales, eliminaremos dicho contenido de inmediato.<\/p><\/p>","protected":false},"excerpt":{"rendered":"<p>Angaben gem\u00e4\u00df \u00a7 5 TMG: Sebastian Hermanns Clemens Jansen + Co. Schmiedstra\u00dfe 10 52062 Aachen Kontakt: Telefon: 0241\/32250 Telefax: 0241\/403673 E-Mail: service@paramente.net Registereintrag: Eintragung im Handelsregister. Registergericht:Amtsgericht Aachen Registernummer: HRA312 Umsatzsteuer-ID: Umsatzsteuer-Identifikationsnummer gem\u00e4\u00df \u00a727 a Umsatzsteuergesetz: DE293404117 Quelle: https:\/\/www.e-recht24.de Haftungsausschluss (Disclaimer) Haftung f\u00fcr Inhalte Als Diensteanbieter sind wir gem\u00e4\u00df \u00a7 7 Abs.1 TMG f\u00fcr eigene&hellip;<\/p>","protected":false},"author":1,"featured_media":0,"parent":0,"menu_order":0,"comment_status":"closed","ping_status":"closed","template":"","meta":{"footnotes":""},"class_list":["post-1786","page","type-page","status-publish","hentry","entry","no-media"],"yoast_head":"<!-- This site is optimized with the Yoast SEO plugin v27.5 - https:\/\/yoast.com\/product\/yoast-seo-wordpress\/ -->\n<title>Impressum - Clemens Jansen &amp; Co<\/title>\n<meta name=\"robots\" content=\"index, follow, max-snippet:-1, max-image-preview:large, max-video-preview:-1\" \/>\n<link rel=\"canonical\" href=\"https:\/\/www.paramente.net\/es\/impressum\/\" \/>\n<meta property=\"og:locale\" content=\"es_ES\" \/>\n<meta property=\"og:type\" content=\"article\" \/>\n<meta property=\"og:title\" content=\"Impressum - Clemens Jansen &amp; Co\" \/>\n<meta property=\"og:description\" content=\"Angaben gem\u00e4\u00df \u00a7 5 TMG: Sebastian Hermanns Clemens Jansen + Co. Schmiedstra\u00dfe 10 52062 Aachen Kontakt: Telefon: 0241\/32250 Telefax: 0241\/403673 E-Mail: service@paramente.net Registereintrag: Eintragung im Handelsregister. Registergericht:Amtsgericht Aachen Registernummer: HRA312 Umsatzsteuer-ID: Umsatzsteuer-Identifikationsnummer gem\u00e4\u00df \u00a727 a Umsatzsteuergesetz: DE293404117 Quelle: https:\/\/www.e-recht24.de Haftungsausschluss (Disclaimer) Haftung f\u00fcr Inhalte Als Diensteanbieter sind wir gem\u00e4\u00df \u00a7 7 Abs.1 TMG f\u00fcr eigene&hellip;\" \/>\n<meta property=\"og:url\" content=\"https:\/\/www.paramente.net\/es\/impressum\/\" \/>\n<meta property=\"og:site_name\" content=\"Clemens Jansen &amp; Co\" \/>\n<meta property=\"article:modified_time\" content=\"2016-11-07T06:42:20+00:00\" \/>\n<meta name=\"twitter:card\" content=\"summary_large_image\" \/>\n<meta name=\"twitter:label1\" content=\"Tiempo de lectura\" \/>\n\t<meta name=\"twitter:data1\" content=\"2 minutos\" \/>\n<script type=\"application\/ld+json\" class=\"yoast-schema-graph\">{\"@context\":\"https:\\\/\\\/schema.org\",\"@graph\":[{\"@type\":\"WebPage\",\"@id\":\"https:\\\/\\\/www.paramente.net\\\/impressum\\\/\",\"url\":\"https:\\\/\\\/www.paramente.net\\\/impressum\\\/\",\"name\":\"Impressum - Clemens Jansen &amp; Co\",\"isPartOf\":{\"@id\":\"https:\\\/\\\/www.paramente.net\\\/#website\"},\"datePublished\":\"2016-10-25T01:22:56+00:00\",\"dateModified\":\"2016-11-07T06:42:20+00:00\",\"breadcrumb\":{\"@id\":\"https:\\\/\\\/www.paramente.net\\\/impressum\\\/#breadcrumb\"},\"inLanguage\":\"es\",\"potentialAction\":[{\"@type\":\"ReadAction\",\"target\":[\"https:\\\/\\\/www.paramente.net\\\/impressum\\\/\"]}]},{\"@type\":\"BreadcrumbList\",\"@id\":\"https:\\\/\\\/www.paramente.net\\\/impressum\\\/#breadcrumb\",\"itemListElement\":[{\"@type\":\"ListItem\",\"position\":1,\"name\":\"Startseite\",\"item\":\"https:\\\/\\\/www.paramente.net\\\/\"},{\"@type\":\"ListItem\",\"position\":2,\"name\":\"Impressum\"}]},{\"@type\":\"WebSite\",\"@id\":\"https:\\\/\\\/www.paramente.net\\\/#website\",\"url\":\"https:\\\/\\\/www.paramente.net\\\/\",\"name\":\"Clemens Jansen & Co\",\"description\":\"Hersteller und Lieferant f\u00fcr individuellen Kirchenbedarf\",\"publisher\":{\"@id\":\"https:\\\/\\\/www.paramente.net\\\/#organization\"},\"potentialAction\":[{\"@type\":\"SearchAction\",\"target\":{\"@type\":\"EntryPoint\",\"urlTemplate\":\"https:\\\/\\\/www.paramente.net\\\/?s={search_term_string}\"},\"query-input\":{\"@type\":\"PropertyValueSpecification\",\"valueRequired\":true,\"valueName\":\"search_term_string\"}}],\"inLanguage\":\"es\"},{\"@type\":\"Organization\",\"@id\":\"https:\\\/\\\/www.paramente.net\\\/#organization\",\"name\":\"Clemens Jansen & Co\",\"url\":\"https:\\\/\\\/www.paramente.net\\\/\",\"logo\":{\"@type\":\"ImageObject\",\"inLanguage\":\"es\",\"@id\":\"https:\\\/\\\/www.paramente.net\\\/#\\\/schema\\\/logo\\\/image\\\/\",\"url\":\"https:\\\/\\\/www.paramente.net\\\/wp-content\\\/uploads\\\/2016\\\/11\\\/paramente-logo.png\",\"contentUrl\":\"https:\\\/\\\/www.paramente.net\\\/wp-content\\\/uploads\\\/2016\\\/11\\\/paramente-logo.png\",\"width\":162,\"height\":162,\"caption\":\"Clemens Jansen & Co\"},\"image\":{\"@id\":\"https:\\\/\\\/www.paramente.net\\\/#\\\/schema\\\/logo\\\/image\\\/\"}}]}<\/script>\n<!-- \/ Yoast SEO plugin. -->","yoast_head_json":{"title":"Pie de imprenta - Clemens Jansen &amp; Co","robots":{"index":"index","follow":"follow","max-snippet":"max-snippet:-1","max-image-preview":"max-image-preview:large","max-video-preview":"max-video-preview:-1"},"canonical":"https:\/\/www.paramente.net\/es\/impressum\/","og_locale":"es_ES","og_type":"article","og_title":"Impressum - Clemens Jansen &amp; Co","og_description":"Angaben gem\u00e4\u00df \u00a7 5 TMG: Sebastian Hermanns Clemens Jansen + Co. Schmiedstra\u00dfe 10 52062 Aachen Kontakt: Telefon: 0241\/32250 Telefax: 0241\/403673 E-Mail: service@paramente.net Registereintrag: Eintragung im Handelsregister. Registergericht:Amtsgericht Aachen Registernummer: HRA312 Umsatzsteuer-ID: Umsatzsteuer-Identifikationsnummer gem\u00e4\u00df \u00a727 a Umsatzsteuergesetz: DE293404117 Quelle: https:\/\/www.e-recht24.de Haftungsausschluss (Disclaimer) Haftung f\u00fcr Inhalte Als Diensteanbieter sind wir gem\u00e4\u00df \u00a7 7 Abs.1 TMG f\u00fcr eigene&hellip;","og_url":"https:\/\/www.paramente.net\/es\/impressum\/","og_site_name":"Clemens Jansen &amp; Co","article_modified_time":"2016-11-07T06:42:20+00:00","twitter_card":"summary_large_image","twitter_misc":{"Tiempo de lectura":"2 minutos"},"schema":{"@context":"https:\/\/schema.org","@graph":[{"@type":"WebPage","@id":"https:\/\/www.paramente.net\/impressum\/","url":"https:\/\/www.paramente.net\/impressum\/","name":"Pie de imprenta - Clemens Jansen &amp; Co","isPartOf":{"@id":"https:\/\/www.paramente.net\/#website"},"datePublished":"2016-10-25T01:22:56+00:00","dateModified":"2016-11-07T06:42:20+00:00","breadcrumb":{"@id":"https:\/\/www.paramente.net\/impressum\/#breadcrumb"},"inLanguage":"es","potentialAction":[{"@type":"ReadAction","target":["https:\/\/www.paramente.net\/impressum\/"]}]},{"@type":"BreadcrumbList","@id":"https:\/\/www.paramente.net\/impressum\/#breadcrumb","itemListElement":[{"@type":"ListItem","position":1,"name":"Startseite","item":"https:\/\/www.paramente.net\/"},{"@type":"ListItem","position":2,"name":"Impressum"}]},{"@type":"WebSite","@id":"https:\/\/www.paramente.net\/#website","url":"https:\/\/www.paramente.net\/","name":"Clemens Jansen &amp; Co","description":"Fabricante y proveedor para las necesidades individuales de la iglesia.","publisher":{"@id":"https:\/\/www.paramente.net\/#organization"},"potentialAction":[{"@type":"SearchAction","target":{"@type":"EntryPoint","urlTemplate":"https:\/\/www.paramente.net\/?s={search_term_string}"},"query-input":{"@type":"PropertyValueSpecification","valueRequired":true,"valueName":"search_term_string"}}],"inLanguage":"es"},{"@type":"Organization","@id":"https:\/\/www.paramente.net\/#organization","name":"Clemens Jansen &amp; Co","url":"https:\/\/www.paramente.net\/","logo":{"@type":"ImageObject","inLanguage":"es","@id":"https:\/\/www.paramente.net\/#\/schema\/logo\/image\/","url":"https:\/\/www.paramente.net\/wp-content\/uploads\/2016\/11\/paramente-logo.png","contentUrl":"https:\/\/www.paramente.net\/wp-content\/uploads\/2016\/11\/paramente-logo.png","width":162,"height":162,"caption":"Clemens Jansen & Co"},"image":{"@id":"https:\/\/www.paramente.net\/#\/schema\/logo\/image\/"}}]}},"_links":{"self":[{"href":"https:\/\/www.paramente.net\/es\/wp-json\/wp\/v2\/pages\/1786","targetHints":{"allow":["GET"]}}],"collection":[{"href":"https:\/\/www.paramente.net\/es\/wp-json\/wp\/v2\/pages"}],"about":[{"href":"https:\/\/www.paramente.net\/es\/wp-json\/wp\/v2\/types\/page"}],"author":[{"embeddable":true,"href":"https:\/\/www.paramente.net\/es\/wp-json\/wp\/v2\/users\/1"}],"replies":[{"embeddable":true,"href":"https:\/\/www.paramente.net\/es\/wp-json\/wp\/v2\/comments?post=1786"}],"version-history":[{"count":5,"href":"https:\/\/www.paramente.net\/es\/wp-json\/wp\/v2\/pages\/1786\/revisions"}],"predecessor-version":[{"id":1792,"href":"https:\/\/www.paramente.net\/es\/wp-json\/wp\/v2\/pages\/1786\/revisions\/1792"}],"wp:attachment":[{"href":"https:\/\/www.paramente.net\/es\/wp-json\/wp\/v2\/media?parent=1786"}],"curies":[{"name":"wp","href":"https:\/\/api.w.org\/{rel}","templated":true}]}}