{"id":5078,"date":"2024-12-17T14:45:39","date_gmt":"2024-12-17T12:45:39","guid":{"rendered":"https:\/\/www.paramente.net\/?post_type=product&#038;p=5078"},"modified":"2026-04-14T10:51:19","modified_gmt":"2026-04-14T08:51:19","slug":"aehren-violett","status":"publish","type":"product","link":"https:\/\/www.paramente.net\/en\/product\/aehren-violett\/","title":{"rendered":"\u00c4hren"},"content":{"rendered":"","protected":false},"excerpt":{"rendered":"","protected":false},"featured_media":5079,"comment_status":"closed","ping_status":"closed","template":"","meta":[],"product_brand":[],"product_cat":[91],"product_tag":[1349,1348,1346,1347,829,605,606,621,101,612,609,608,95,697,99,100,610,675,98,1350,673,703,704,843],"class_list":{"0":"post-5078","1":"product","2":"type-product","3":"status-publish","4":"has-post-thumbnail","6":"product_cat-violett","7":"product_tag-advent","8":"product_tag-adventszeit","9":"product_tag-aehren","10":"product_tag-aehrenmotiv","11":"product_tag-applikation-in-reiner-seide","12":"product_tag-festgewand","13":"product_tag-gewand","14":"product_tag-gewebt","15":"product_tag-handgewebt","16":"product_tag-handstickerei","17":"product_tag-handwebstoff","18":"product_tag-hauptgewand","19":"product_tag-kasel","20":"product_tag-marcel-schultheiss","21":"product_tag-messgewand","22":"product_tag-priestergewand","23":"product_tag-reine-seide","24":"product_tag-reinseidenfutter","25":"product_tag-seide","26":"product_tag-treviraseide","27":"product_tag-twist","28":"product_tag-violett","29":"product_tag-violette-kasel","30":"product_tag-violettes-messgewand","31":"entry","32":"has-media","34":"first","35":"instock","36":"taxable","37":"shipping-taxable","38":"purchasable","39":"product-type-simple"},"yoast_head":"<!-- This site is optimized with the Yoast SEO plugin v27.4 - https:\/\/yoast.com\/product\/yoast-seo-wordpress\/ -->\n<title>\u00c4hren - Clemens Jansen &amp; Co<\/title>\n<meta name=\"robots\" content=\"index, follow, max-snippet:-1, max-image-preview:large, max-video-preview:-1\" \/>\n<link rel=\"canonical\" href=\"https:\/\/www.paramente.net\/en\/product\/aehren-violett\/\" \/>\n<meta property=\"og:locale\" content=\"en_GB\" \/>\n<meta property=\"og:type\" content=\"article\" \/>\n<meta property=\"og:title\" content=\"\u00c4hren - Clemens Jansen &amp; Co\" \/>\n<meta property=\"og:url\" content=\"https:\/\/www.paramente.net\/en\/product\/aehren-violett\/\" \/>\n<meta property=\"og:site_name\" content=\"Clemens Jansen &amp; Co\" \/>\n<meta property=\"article:modified_time\" content=\"2026-04-14T08:51:19+00:00\" \/>\n<meta property=\"og:image\" content=\"https:\/\/www.paramente.net\/wp-content\/uploads\/2024\/12\/Aehren-1.jpg\" \/>\n\t<meta property=\"og:image:width\" content=\"450\" \/>\n\t<meta property=\"og:image:height\" content=\"700\" \/>\n\t<meta property=\"og:image:type\" content=\"image\/jpeg\" \/>\n<meta name=\"twitter:card\" content=\"summary_large_image\" \/>\n<meta name=\"twitter:label1\" content=\"Estimated reading time\" \/>\n\t<meta name=\"twitter:data1\" content=\"1 minute\" \/>\n<script type=\"application\/ld+json\" class=\"yoast-schema-graph\">{\"@context\":\"https:\\\/\\\/schema.org\",\"@graph\":[{\"@type\":\"WebPage\",\"@id\":\"https:\\\/\\\/www.paramente.net\\\/produkt\\\/aehren-violett\\\/\",\"url\":\"https:\\\/\\\/www.paramente.net\\\/produkt\\\/aehren-violett\\\/\",\"name\":\"\u00c4hren - Clemens Jansen &amp; Co\",\"isPartOf\":{\"@id\":\"https:\\\/\\\/www.paramente.net\\\/#website\"},\"primaryImageOfPage\":{\"@id\":\"https:\\\/\\\/www.paramente.net\\\/produkt\\\/aehren-violett\\\/#primaryimage\"},\"image\":{\"@id\":\"https:\\\/\\\/www.paramente.net\\\/produkt\\\/aehren-violett\\\/#primaryimage\"},\"thumbnailUrl\":\"https:\\\/\\\/www.paramente.net\\\/wp-content\\\/uploads\\\/2024\\\/12\\\/Aehren-1.jpg\",\"datePublished\":\"2024-12-17T12:45:39+00:00\",\"dateModified\":\"2026-04-14T08:51:19+00:00\",\"breadcrumb\":{\"@id\":\"https:\\\/\\\/www.paramente.net\\\/produkt\\\/aehren-violett\\\/#breadcrumb\"},\"inLanguage\":\"en-GB\",\"potentialAction\":[{\"@type\":\"ReadAction\",\"target\":[\"https:\\\/\\\/www.paramente.net\\\/produkt\\\/aehren-violett\\\/\"]}]},{\"@type\":\"ImageObject\",\"inLanguage\":\"en-GB\",\"@id\":\"https:\\\/\\\/www.paramente.net\\\/produkt\\\/aehren-violett\\\/#primaryimage\",\"url\":\"https:\\\/\\\/www.paramente.net\\\/wp-content\\\/uploads\\\/2024\\\/12\\\/Aehren-1.jpg\",\"contentUrl\":\"https:\\\/\\\/www.paramente.net\\\/wp-content\\\/uploads\\\/2024\\\/12\\\/Aehren-1.jpg\",\"width\":450,\"height\":700,\"caption\":\"Festgewand Gewand gewebt handgewebt Handstickerei Handwebstoff Hauptgewand Kasel Marcel Schulthei\u00df Messgewand Priestergewand reine Seide Reinseidenfutter Seide twist violett violette Kasel violettes Messgewand \u00c4hren \u00c4hrenmotiv Applikation in reiner Seide adventszeit advent TreviraSeide\"},{\"@type\":\"BreadcrumbList\",\"@id\":\"https:\\\/\\\/www.paramente.net\\\/produkt\\\/aehren-violett\\\/#breadcrumb\",\"itemListElement\":[{\"@type\":\"ListItem\",\"position\":1,\"name\":\"Startseite\",\"item\":\"https:\\\/\\\/www.paramente.net\\\/\"},{\"@type\":\"ListItem\",\"position\":2,\"name\":\"Katalog\",\"item\":\"https:\\\/\\\/www.paramente.net\\\/katalog\\\/\"},{\"@type\":\"ListItem\",\"position\":3,\"name\":\"\u00c4hren\"}]},{\"@type\":\"WebSite\",\"@id\":\"https:\\\/\\\/www.paramente.net\\\/#website\",\"url\":\"https:\\\/\\\/www.paramente.net\\\/\",\"name\":\"Clemens Jansen & Co\",\"description\":\"Hersteller und Lieferant f\u00fcr individuellen Kirchenbedarf\",\"publisher\":{\"@id\":\"https:\\\/\\\/www.paramente.net\\\/#organization\"},\"potentialAction\":[{\"@type\":\"SearchAction\",\"target\":{\"@type\":\"EntryPoint\",\"urlTemplate\":\"https:\\\/\\\/www.paramente.net\\\/?s={search_term_string}\"},\"query-input\":{\"@type\":\"PropertyValueSpecification\",\"valueRequired\":true,\"valueName\":\"search_term_string\"}}],\"inLanguage\":\"en-GB\"},{\"@type\":\"Organization\",\"@id\":\"https:\\\/\\\/www.paramente.net\\\/#organization\",\"name\":\"Clemens Jansen & Co\",\"url\":\"https:\\\/\\\/www.paramente.net\\\/\",\"logo\":{\"@type\":\"ImageObject\",\"inLanguage\":\"en-GB\",\"@id\":\"https:\\\/\\\/www.paramente.net\\\/#\\\/schema\\\/logo\\\/image\\\/\",\"url\":\"https:\\\/\\\/www.paramente.net\\\/wp-content\\\/uploads\\\/2016\\\/11\\\/paramente-logo.png\",\"contentUrl\":\"https:\\\/\\\/www.paramente.net\\\/wp-content\\\/uploads\\\/2016\\\/11\\\/paramente-logo.png\",\"width\":162,\"height\":162,\"caption\":\"Clemens Jansen & Co\"},\"image\":{\"@id\":\"https:\\\/\\\/www.paramente.net\\\/#\\\/schema\\\/logo\\\/image\\\/\"}}]}<\/script>\n<!-- \/ Yoast SEO plugin. -->","yoast_head_json":{"title":"\u00c4hren - Clemens Jansen &amp; Co","robots":{"index":"index","follow":"follow","max-snippet":"max-snippet:-1","max-image-preview":"max-image-preview:large","max-video-preview":"max-video-preview:-1"},"canonical":"https:\/\/www.paramente.net\/en\/product\/aehren-violett\/","og_locale":"en_GB","og_type":"article","og_title":"\u00c4hren - Clemens Jansen &amp; Co","og_url":"https:\/\/www.paramente.net\/en\/product\/aehren-violett\/","og_site_name":"Clemens Jansen &amp; Co","article_modified_time":"2026-04-14T08:51:19+00:00","og_image":[{"width":450,"height":700,"url":"https:\/\/www.paramente.net\/wp-content\/uploads\/2024\/12\/Aehren-1.jpg","type":"image\/jpeg"}],"twitter_card":"summary_large_image","twitter_misc":{"Estimated reading time":"1 minute"},"schema":{"@context":"https:\/\/schema.org","@graph":[{"@type":"WebPage","@id":"https:\/\/www.paramente.net\/produkt\/aehren-violett\/","url":"https:\/\/www.paramente.net\/produkt\/aehren-violett\/","name":"\u00c4hren - Clemens Jansen &amp; Co","isPartOf":{"@id":"https:\/\/www.paramente.net\/#website"},"primaryImageOfPage":{"@id":"https:\/\/www.paramente.net\/produkt\/aehren-violett\/#primaryimage"},"image":{"@id":"https:\/\/www.paramente.net\/produkt\/aehren-violett\/#primaryimage"},"thumbnailUrl":"https:\/\/www.paramente.net\/wp-content\/uploads\/2024\/12\/Aehren-1.jpg","datePublished":"2024-12-17T12:45:39+00:00","dateModified":"2026-04-14T08:51:19+00:00","breadcrumb":{"@id":"https:\/\/www.paramente.net\/produkt\/aehren-violett\/#breadcrumb"},"inLanguage":"en-GB","potentialAction":[{"@type":"ReadAction","target":["https:\/\/www.paramente.net\/produkt\/aehren-violett\/"]}]},{"@type":"ImageObject","inLanguage":"en-GB","@id":"https:\/\/www.paramente.net\/produkt\/aehren-violett\/#primaryimage","url":"https:\/\/www.paramente.net\/wp-content\/uploads\/2024\/12\/Aehren-1.jpg","contentUrl":"https:\/\/www.paramente.net\/wp-content\/uploads\/2024\/12\/Aehren-1.jpg","width":450,"height":700,"caption":"Festgewand Gewand gewebt handgewebt Handstickerei Handwebstoff Hauptgewand Kasel Marcel Schulthei\u00df Messgewand Priestergewand reine Seide Reinseidenfutter Seide twist violett violette Kasel violettes Messgewand \u00c4hren \u00c4hrenmotiv Applikation in reiner Seide adventszeit advent TreviraSeide"},{"@type":"BreadcrumbList","@id":"https:\/\/www.paramente.net\/produkt\/aehren-violett\/#breadcrumb","itemListElement":[{"@type":"ListItem","position":1,"name":"Startseite","item":"https:\/\/www.paramente.net\/"},{"@type":"ListItem","position":2,"name":"Katalog","item":"https:\/\/www.paramente.net\/katalog\/"},{"@type":"ListItem","position":3,"name":"\u00c4hren"}]},{"@type":"WebSite","@id":"https:\/\/www.paramente.net\/#website","url":"https:\/\/www.paramente.net\/","name":"Clemens Jansen &amp; Co","description":"Manufacturer and supplier for individual church goods","publisher":{"@id":"https:\/\/www.paramente.net\/#organization"},"potentialAction":[{"@type":"SearchAction","target":{"@type":"EntryPoint","urlTemplate":"https:\/\/www.paramente.net\/?s={search_term_string}"},"query-input":{"@type":"PropertyValueSpecification","valueRequired":true,"valueName":"search_term_string"}}],"inLanguage":"en-GB"},{"@type":"Organization","@id":"https:\/\/www.paramente.net\/#organization","name":"Clemens Jansen &amp; Co","url":"https:\/\/www.paramente.net\/","logo":{"@type":"ImageObject","inLanguage":"en-GB","@id":"https:\/\/www.paramente.net\/#\/schema\/logo\/image\/","url":"https:\/\/www.paramente.net\/wp-content\/uploads\/2016\/11\/paramente-logo.png","contentUrl":"https:\/\/www.paramente.net\/wp-content\/uploads\/2016\/11\/paramente-logo.png","width":162,"height":162,"caption":"Clemens Jansen & Co"},"image":{"@id":"https:\/\/www.paramente.net\/#\/schema\/logo\/image\/"}}]}},"_links":{"self":[{"href":"https:\/\/www.paramente.net\/en\/wp-json\/wp\/v2\/product\/5078","targetHints":{"allow":["GET"]}}],"collection":[{"href":"https:\/\/www.paramente.net\/en\/wp-json\/wp\/v2\/product"}],"about":[{"href":"https:\/\/www.paramente.net\/en\/wp-json\/wp\/v2\/types\/product"}],"replies":[{"embeddable":true,"href":"https:\/\/www.paramente.net\/en\/wp-json\/wp\/v2\/comments?post=5078"}],"wp:featuredmedia":[{"embeddable":true,"href":"https:\/\/www.paramente.net\/en\/wp-json\/wp\/v2\/media\/5079"}],"wp:attachment":[{"href":"https:\/\/www.paramente.net\/en\/wp-json\/wp\/v2\/media?parent=5078"}],"wp:term":[{"taxonomy":"product_brand","embeddable":true,"href":"https:\/\/www.paramente.net\/en\/wp-json\/wp\/v2\/product_brand?post=5078"},{"taxonomy":"product_cat","embeddable":true,"href":"https:\/\/www.paramente.net\/en\/wp-json\/wp\/v2\/product_cat?post=5078"},{"taxonomy":"product_tag","embeddable":true,"href":"https:\/\/www.paramente.net\/en\/wp-json\/wp\/v2\/product_tag?post=5078"}],"curies":[{"name":"wp","href":"https:\/\/api.w.org\/{rel}","templated":true}]}}