{"id":3079,"date":"2020-04-14T10:04:20","date_gmt":"2020-04-14T08:04:20","guid":{"rendered":"https:\/\/www.paramente.net\/?post_type=product&#038;p=3079"},"modified":"2023-01-07T17:45:52","modified_gmt":"2023-01-07T15:45:52","slug":"krefeld-celebration","status":"publish","type":"product","link":"https:\/\/www.paramente.net\/en\/product\/krefeld-celebration\/","title":{"rendered":"Krefeld"},"content":{"rendered":"<p><span style=\"font-size: 18px;\">Our range of vestments for liturgical services includes a variety of different cuts, materials and design options. The different services result in different requirements for the garment. It is also important to take into account the liturgical demands and the needs of the bearers. We would be happy to discuss this with you in a personal consultation. A small overview of the possibilities can be found in this category. Please contact us for a non-binding consultation.<\/span><\/p>","protected":false},"excerpt":{"rendered":"<p><span style=\"font-size: 18px;\">Plain coat with zipper and V-shaped neckline. Inlaid pleats at the back.<\/span><\/p>","protected":false},"featured_media":3080,"comment_status":"closed","ping_status":"closed","template":"","meta":[],"product_brand":[],"product_cat":[968],"product_tag":[969,982,971,980,981,977,974,976,975,985,978,979,973,970,953,983,984,972],"class_list":{"0":"post-3079","1":"product","2":"type-product","3":"status-publish","4":"has-post-thumbnail","6":"product_cat-gewaender-fuer-liturgische-dienste","7":"product_tag-beerdigungsgewand","8":"product_tag-celebrationsgewand","9":"product_tag-celebrationsgewnd","10":"product_tag-kantoren","11":"product_tag-kantorengewand","12":"product_tag-kommunionhelfer","13":"product_tag-laiengewand","14":"product_tag-laienhelfer","15":"product_tag-laienhelfergewand","16":"product_tag-leiter-wortgottesfeier","17":"product_tag-lektoren","18":"product_tag-lektorengewand","19":"product_tag-mantelalbe","20":"product_tag-mantelgewand","21":"product_tag-tunika","22":"product_tag-wortgottesdienst","23":"product_tag-wortgottesfeier","24":"product_tag-zelerationsgewand","25":"entry","26":"has-media","28":"first","29":"instock","30":"sale","31":"taxable","32":"shipping-taxable","33":"purchasable","34":"product-type-simple"},"yoast_head":"<!-- This site is optimized with the Yoast SEO plugin v27.4 - https:\/\/yoast.com\/product\/yoast-seo-wordpress\/ -->\n<title>Krefeld - Clemens Jansen &amp; Co<\/title>\n<meta name=\"robots\" content=\"index, follow, max-snippet:-1, max-image-preview:large, max-video-preview:-1\" \/>\n<link rel=\"canonical\" href=\"https:\/\/www.paramente.net\/en\/product\/krefeld-celebration\/\" \/>\n<meta property=\"og:locale\" content=\"en_GB\" \/>\n<meta property=\"og:type\" content=\"article\" \/>\n<meta property=\"og:title\" content=\"Krefeld - Clemens Jansen &amp; Co\" \/>\n<meta property=\"og:description\" content=\"Schlichtes Mantelgewand mit Rei\u00dfverschlu\u00df und V-f\u00f6rmigem Ausschnitt. Hinten mit eingelegten Falten.\" \/>\n<meta property=\"og:url\" content=\"https:\/\/www.paramente.net\/en\/product\/krefeld-celebration\/\" \/>\n<meta property=\"og:site_name\" content=\"Clemens Jansen &amp; Co\" \/>\n<meta property=\"article:modified_time\" content=\"2023-01-07T15:45:52+00:00\" \/>\n<meta property=\"og:image\" content=\"https:\/\/www.paramente.net\/wp-content\/uploads\/2020\/04\/Krefeld-1.jpg\" \/>\n\t<meta property=\"og:image:width\" content=\"450\" \/>\n\t<meta property=\"og:image:height\" content=\"700\" \/>\n\t<meta property=\"og:image:type\" content=\"image\/jpeg\" \/>\n<meta name=\"twitter:card\" content=\"summary_large_image\" \/>\n<meta name=\"twitter:label1\" content=\"Estimated reading time\" \/>\n\t<meta name=\"twitter:data1\" content=\"1 minute\" \/>\n<script type=\"application\/ld+json\" class=\"yoast-schema-graph\">{\"@context\":\"https:\\\/\\\/schema.org\",\"@graph\":[{\"@type\":\"WebPage\",\"@id\":\"https:\\\/\\\/www.paramente.net\\\/produkt\\\/krefeld-celebration\\\/\",\"url\":\"https:\\\/\\\/www.paramente.net\\\/produkt\\\/krefeld-celebration\\\/\",\"name\":\"Krefeld - Clemens Jansen &amp; Co\",\"isPartOf\":{\"@id\":\"https:\\\/\\\/www.paramente.net\\\/#website\"},\"primaryImageOfPage\":{\"@id\":\"https:\\\/\\\/www.paramente.net\\\/produkt\\\/krefeld-celebration\\\/#primaryimage\"},\"image\":{\"@id\":\"https:\\\/\\\/www.paramente.net\\\/produkt\\\/krefeld-celebration\\\/#primaryimage\"},\"thumbnailUrl\":\"https:\\\/\\\/www.paramente.net\\\/wp-content\\\/uploads\\\/2020\\\/04\\\/Krefeld-1.jpg\",\"datePublished\":\"2020-04-14T08:04:20+00:00\",\"dateModified\":\"2023-01-07T15:45:52+00:00\",\"breadcrumb\":{\"@id\":\"https:\\\/\\\/www.paramente.net\\\/produkt\\\/krefeld-celebration\\\/#breadcrumb\"},\"inLanguage\":\"en-GB\",\"potentialAction\":[{\"@type\":\"ReadAction\",\"target\":[\"https:\\\/\\\/www.paramente.net\\\/produkt\\\/krefeld-celebration\\\/\"]}]},{\"@type\":\"ImageObject\",\"inLanguage\":\"en-GB\",\"@id\":\"https:\\\/\\\/www.paramente.net\\\/produkt\\\/krefeld-celebration\\\/#primaryimage\",\"url\":\"https:\\\/\\\/www.paramente.net\\\/wp-content\\\/uploads\\\/2020\\\/04\\\/Krefeld-1.jpg\",\"contentUrl\":\"https:\\\/\\\/www.paramente.net\\\/wp-content\\\/uploads\\\/2020\\\/04\\\/Krefeld-1.jpg\",\"width\":450,\"height\":700},{\"@type\":\"BreadcrumbList\",\"@id\":\"https:\\\/\\\/www.paramente.net\\\/produkt\\\/krefeld-celebration\\\/#breadcrumb\",\"itemListElement\":[{\"@type\":\"ListItem\",\"position\":1,\"name\":\"Startseite\",\"item\":\"https:\\\/\\\/www.paramente.net\\\/\"},{\"@type\":\"ListItem\",\"position\":2,\"name\":\"Katalog\",\"item\":\"https:\\\/\\\/www.paramente.net\\\/katalog\\\/\"},{\"@type\":\"ListItem\",\"position\":3,\"name\":\"Krefeld\"}]},{\"@type\":\"WebSite\",\"@id\":\"https:\\\/\\\/www.paramente.net\\\/#website\",\"url\":\"https:\\\/\\\/www.paramente.net\\\/\",\"name\":\"Clemens Jansen & Co\",\"description\":\"Hersteller und Lieferant f\u00fcr individuellen Kirchenbedarf\",\"publisher\":{\"@id\":\"https:\\\/\\\/www.paramente.net\\\/#organization\"},\"potentialAction\":[{\"@type\":\"SearchAction\",\"target\":{\"@type\":\"EntryPoint\",\"urlTemplate\":\"https:\\\/\\\/www.paramente.net\\\/?s={search_term_string}\"},\"query-input\":{\"@type\":\"PropertyValueSpecification\",\"valueRequired\":true,\"valueName\":\"search_term_string\"}}],\"inLanguage\":\"en-GB\"},{\"@type\":\"Organization\",\"@id\":\"https:\\\/\\\/www.paramente.net\\\/#organization\",\"name\":\"Clemens Jansen & Co\",\"url\":\"https:\\\/\\\/www.paramente.net\\\/\",\"logo\":{\"@type\":\"ImageObject\",\"inLanguage\":\"en-GB\",\"@id\":\"https:\\\/\\\/www.paramente.net\\\/#\\\/schema\\\/logo\\\/image\\\/\",\"url\":\"https:\\\/\\\/www.paramente.net\\\/wp-content\\\/uploads\\\/2016\\\/11\\\/paramente-logo.png\",\"contentUrl\":\"https:\\\/\\\/www.paramente.net\\\/wp-content\\\/uploads\\\/2016\\\/11\\\/paramente-logo.png\",\"width\":162,\"height\":162,\"caption\":\"Clemens Jansen & Co\"},\"image\":{\"@id\":\"https:\\\/\\\/www.paramente.net\\\/#\\\/schema\\\/logo\\\/image\\\/\"}}]}<\/script>\n<!-- \/ Yoast SEO plugin. -->","yoast_head_json":{"title":"Krefeld - Clemens Jansen &amp; Co","robots":{"index":"index","follow":"follow","max-snippet":"max-snippet:-1","max-image-preview":"max-image-preview:large","max-video-preview":"max-video-preview:-1"},"canonical":"https:\/\/www.paramente.net\/en\/product\/krefeld-celebration\/","og_locale":"en_GB","og_type":"article","og_title":"Krefeld - Clemens Jansen &amp; Co","og_description":"Schlichtes Mantelgewand mit Rei\u00dfverschlu\u00df und V-f\u00f6rmigem Ausschnitt. Hinten mit eingelegten Falten.","og_url":"https:\/\/www.paramente.net\/en\/product\/krefeld-celebration\/","og_site_name":"Clemens Jansen &amp; Co","article_modified_time":"2023-01-07T15:45:52+00:00","og_image":[{"width":450,"height":700,"url":"https:\/\/www.paramente.net\/wp-content\/uploads\/2020\/04\/Krefeld-1.jpg","type":"image\/jpeg"}],"twitter_card":"summary_large_image","twitter_misc":{"Estimated reading time":"1 minute"},"schema":{"@context":"https:\/\/schema.org","@graph":[{"@type":"WebPage","@id":"https:\/\/www.paramente.net\/produkt\/krefeld-celebration\/","url":"https:\/\/www.paramente.net\/produkt\/krefeld-celebration\/","name":"Krefeld - Clemens Jansen &amp; Co","isPartOf":{"@id":"https:\/\/www.paramente.net\/#website"},"primaryImageOfPage":{"@id":"https:\/\/www.paramente.net\/produkt\/krefeld-celebration\/#primaryimage"},"image":{"@id":"https:\/\/www.paramente.net\/produkt\/krefeld-celebration\/#primaryimage"},"thumbnailUrl":"https:\/\/www.paramente.net\/wp-content\/uploads\/2020\/04\/Krefeld-1.jpg","datePublished":"2020-04-14T08:04:20+00:00","dateModified":"2023-01-07T15:45:52+00:00","breadcrumb":{"@id":"https:\/\/www.paramente.net\/produkt\/krefeld-celebration\/#breadcrumb"},"inLanguage":"en-GB","potentialAction":[{"@type":"ReadAction","target":["https:\/\/www.paramente.net\/produkt\/krefeld-celebration\/"]}]},{"@type":"ImageObject","inLanguage":"en-GB","@id":"https:\/\/www.paramente.net\/produkt\/krefeld-celebration\/#primaryimage","url":"https:\/\/www.paramente.net\/wp-content\/uploads\/2020\/04\/Krefeld-1.jpg","contentUrl":"https:\/\/www.paramente.net\/wp-content\/uploads\/2020\/04\/Krefeld-1.jpg","width":450,"height":700},{"@type":"BreadcrumbList","@id":"https:\/\/www.paramente.net\/produkt\/krefeld-celebration\/#breadcrumb","itemListElement":[{"@type":"ListItem","position":1,"name":"Startseite","item":"https:\/\/www.paramente.net\/"},{"@type":"ListItem","position":2,"name":"Katalog","item":"https:\/\/www.paramente.net\/katalog\/"},{"@type":"ListItem","position":3,"name":"Krefeld"}]},{"@type":"WebSite","@id":"https:\/\/www.paramente.net\/#website","url":"https:\/\/www.paramente.net\/","name":"Clemens Jansen &amp; Co","description":"Manufacturer and supplier for individual church goods","publisher":{"@id":"https:\/\/www.paramente.net\/#organization"},"potentialAction":[{"@type":"SearchAction","target":{"@type":"EntryPoint","urlTemplate":"https:\/\/www.paramente.net\/?s={search_term_string}"},"query-input":{"@type":"PropertyValueSpecification","valueRequired":true,"valueName":"search_term_string"}}],"inLanguage":"en-GB"},{"@type":"Organization","@id":"https:\/\/www.paramente.net\/#organization","name":"Clemens Jansen &amp; Co","url":"https:\/\/www.paramente.net\/","logo":{"@type":"ImageObject","inLanguage":"en-GB","@id":"https:\/\/www.paramente.net\/#\/schema\/logo\/image\/","url":"https:\/\/www.paramente.net\/wp-content\/uploads\/2016\/11\/paramente-logo.png","contentUrl":"https:\/\/www.paramente.net\/wp-content\/uploads\/2016\/11\/paramente-logo.png","width":162,"height":162,"caption":"Clemens Jansen & Co"},"image":{"@id":"https:\/\/www.paramente.net\/#\/schema\/logo\/image\/"}}]}},"_links":{"self":[{"href":"https:\/\/www.paramente.net\/en\/wp-json\/wp\/v2\/product\/3079","targetHints":{"allow":["GET"]}}],"collection":[{"href":"https:\/\/www.paramente.net\/en\/wp-json\/wp\/v2\/product"}],"about":[{"href":"https:\/\/www.paramente.net\/en\/wp-json\/wp\/v2\/types\/product"}],"replies":[{"embeddable":true,"href":"https:\/\/www.paramente.net\/en\/wp-json\/wp\/v2\/comments?post=3079"}],"wp:featuredmedia":[{"embeddable":true,"href":"https:\/\/www.paramente.net\/en\/wp-json\/wp\/v2\/media\/3080"}],"wp:attachment":[{"href":"https:\/\/www.paramente.net\/en\/wp-json\/wp\/v2\/media?parent=3079"}],"wp:term":[{"taxonomy":"product_brand","embeddable":true,"href":"https:\/\/www.paramente.net\/en\/wp-json\/wp\/v2\/product_brand?post=3079"},{"taxonomy":"product_cat","embeddable":true,"href":"https:\/\/www.paramente.net\/en\/wp-json\/wp\/v2\/product_cat?post=3079"},{"taxonomy":"product_tag","embeddable":true,"href":"https:\/\/www.paramente.net\/en\/wp-json\/wp\/v2\/product_tag?post=3079"}],"curies":[{"name":"wp","href":"https:\/\/api.w.org\/{rel}","templated":true}]}}