{"id":2282,"date":"2018-02-22T18:45:47","date_gmt":"2018-02-22T16:45:47","guid":{"rendered":"http:\/\/www.paramente.net\/?page_id=2282"},"modified":"2020-09-29T14:14:54","modified_gmt":"2020-09-29T12:14:54","slug":"primizkaseln","status":"publish","type":"page","link":"https:\/\/www.paramente.net\/en\/primizkaseln\/","title":{"rendered":"Chasuble for the first mass"},"content":{"rendered":"<div class=\"wpb-content-wrapper\"><div class=\"vc_row wpb_row vc_row-fluid\"><div class=\"wpb_column vc_column_container vc_col-sm-4\"><div class=\"vc_column-inner\"><div class=\"wpb_wrapper\">\n\t<div  class=\"wpb_single_image wpb_content_element vc_align_ wpb_content_element\">\n\t\t\n\t\t<figure class=\"wpb_wrapper vc_figure\">\n\t\t\t<div class=\"vc_single_image-wrapper   vc_box_border_grey\"><img loading=\"lazy\" decoding=\"async\" width=\"1000\" height=\"1000\" src=\"https:\/\/www.paramente.net\/wp-content\/uploads\/2018\/02\/Primizgewand-Neubrandenburg-5.jpg\" class=\"vc_single_image-img attachment-full\" alt=\"\" title=\"Primizgewand-Neubrandenburg- (5)\" srcset=\"https:\/\/www.paramente.net\/wp-content\/uploads\/2018\/02\/Primizgewand-Neubrandenburg-5.jpg 1000w, https:\/\/www.paramente.net\/wp-content\/uploads\/2018\/02\/Primizgewand-Neubrandenburg-5-150x150.jpg 150w, https:\/\/www.paramente.net\/wp-content\/uploads\/2018\/02\/Primizgewand-Neubrandenburg-5-300x300.jpg 300w, https:\/\/www.paramente.net\/wp-content\/uploads\/2018\/02\/Primizgewand-Neubrandenburg-5-768x768.jpg 768w, https:\/\/www.paramente.net\/wp-content\/uploads\/2018\/02\/Primizgewand-Neubrandenburg-5-600x600.jpg 600w, https:\/\/www.paramente.net\/wp-content\/uploads\/2018\/02\/Primizgewand-Neubrandenburg-5-100x100.jpg 100w\" sizes=\"auto, (max-width: 1000px) 100vw, 1000px\" \/><\/div>\n\t\t<\/figure>\n\t<\/div>\n<\/div><\/div><\/div><div class=\"wpb_column vc_column_container vc_col-sm-4\"><div class=\"vc_column-inner\"><div class=\"wpb_wrapper\">\n\t<div class=\"wpb_text_column wpb_content_element\" >\n\t\t<div class=\"wpb_wrapper\">\n\t\t\t<p><span style=\"font-size: 18px;\">The making of a vestment for the first mass is a special process. The arrangement can be made after pattern, own design or designer concept. There are nearly unlimited options in individuality.\nThrough the years many chasubles have left our studio. In deference to our customers we do not publish them on our website.<\/span><\/p>\n\n\t\t<\/div>\n\t<\/div>\n<\/div><\/div><\/div><div class=\"wpb_column vc_column_container vc_col-sm-4\"><div class=\"vc_column-inner\"><div class=\"wpb_wrapper\">\n\t<div  class=\"wpb_single_image wpb_content_element vc_align_ wpb_content_element\">\n\t\t\n\t\t<figure class=\"wpb_wrapper vc_figure\">\n\t\t\t<div class=\"vc_single_image-wrapper   vc_box_border_grey\"><img loading=\"lazy\" decoding=\"async\" width=\"1000\" height=\"1000\" src=\"https:\/\/www.paramente.net\/wp-content\/uploads\/2018\/02\/Primizgewand-Neubrandenburg-6.jpg\" class=\"vc_single_image-img attachment-full\" alt=\"\" title=\"Primizgewand-Neubrandenburg- (6)\" srcset=\"https:\/\/www.paramente.net\/wp-content\/uploads\/2018\/02\/Primizgewand-Neubrandenburg-6.jpg 1000w, https:\/\/www.paramente.net\/wp-content\/uploads\/2018\/02\/Primizgewand-Neubrandenburg-6-150x150.jpg 150w, https:\/\/www.paramente.net\/wp-content\/uploads\/2018\/02\/Primizgewand-Neubrandenburg-6-300x300.jpg 300w, https:\/\/www.paramente.net\/wp-content\/uploads\/2018\/02\/Primizgewand-Neubrandenburg-6-768x768.jpg 768w, https:\/\/www.paramente.net\/wp-content\/uploads\/2018\/02\/Primizgewand-Neubrandenburg-6-600x600.jpg 600w, https:\/\/www.paramente.net\/wp-content\/uploads\/2018\/02\/Primizgewand-Neubrandenburg-6-100x100.jpg 100w\" sizes=\"auto, (max-width: 1000px) 100vw, 1000px\" \/><\/div>\n\t\t<\/figure>\n\t<\/div>\n<\/div><\/div><\/div><\/div><div class=\"vc_row wpb_row vc_row-fluid\"><div class=\"wpb_column vc_column_container vc_col-sm-8\"><div class=\"vc_column-inner\"><div class=\"wpb_wrapper\">\n\t<div class=\"wpb_text_column wpb_content_element\" >\n\t\t<div class=\"wpb_wrapper\">\n\t\t\t<h2><strong>Experience report<\/strong><\/h2>\n<p><span style=\"font-size: 18px;\">As such a little \"not-yet-deacon\" I came to Mr. Hermanns' shop to inquire about a primacy garment. While I was shown what a chasuble is in other shops (you can hardly believe it - I had already seen one or the other before), the question from Mr. Hermanns was: \u00abWhat did you imagine? Do you already have an idea? \" Oh yes, I did. I wanted to have a robe that goes with my first sentence. And I didn't just want to know for myself that it fits the saying or to have to explain it to others for a long time, but I wanted it to immediately catch the eye of those who saw this garment.<\/span><\/p>\n<p><span style=\"font-size: 18px;\">I&#039;m not a profi. I have never sewn on more than one button and am therefore unsuitable to tell a tailor and artist exactly what my ideas are. With Mr. Hermanns it was a constant approach to exactly what I had in mind, taking into account all the things that I hadn&#039;t considered beforehand. From the cut of the robe to the size, shape and fit of the motif to the choice of color and fabric, I was able to rely and rely on his professionalism and extensive, long-term experience.<\/span><\/p>\n<p><span style=\"font-size: 18px;\">After almost half a year of working on the motif, where there was a lively exchange between Mr. Hermanns, the artist, Mr. Schultheiss, and me, we came more and more to what I had in mind.<\/span><\/p>\n<p><span style=\"font-size: 18px;\">The result is not only impressive. It <em>is<\/em> exactly what I imagined and I like to wear this garment. A big thank you to Mr. Hermanns and his staff!<\/span><\/p>\n<p><span style=\"font-size: 18px;\">By the way: Do you have an idea which is the first sentence?<\/span><\/p>\n<p><span style=\"font-size: 18px;\"><em>As the stag longs for fresh water, so God longs for you. (Ps 42,2)<\/em><\/span><\/p>\n<p><span style=\"font-size: 18px;\"><em>Chaplain Georg Taubitz<\/em><\/span><\/p>\n\n\t\t<\/div>\n\t<\/div>\n<\/div><\/div><\/div><div class=\"wpb_column vc_column_container vc_col-sm-4\"><div class=\"vc_column-inner\"><div class=\"wpb_wrapper\">\n\t<div  class=\"wpb_single_image wpb_content_element vc_align_ wpb_content_element\">\n\t\t\n\t\t<figure class=\"wpb_wrapper vc_figure\">\n\t\t\t<div class=\"vc_single_image-wrapper   vc_box_border_grey\"><img loading=\"lazy\" decoding=\"async\" width=\"450\" height=\"700\" src=\"https:\/\/www.paramente.net\/wp-content\/uploads\/2018\/02\/Primizgewand-Neubrandenburg-1.jpg\" class=\"vc_single_image-img attachment-full\" alt=\"\" title=\"Primizgewand-Neubrandenburg- (1)\" srcset=\"https:\/\/www.paramente.net\/wp-content\/uploads\/2018\/02\/Primizgewand-Neubrandenburg-1.jpg 450w, https:\/\/www.paramente.net\/wp-content\/uploads\/2018\/02\/Primizgewand-Neubrandenburg-1-300x467.jpg 300w, https:\/\/www.paramente.net\/wp-content\/uploads\/2018\/02\/Primizgewand-Neubrandenburg-1-193x300.jpg 193w\" sizes=\"auto, (max-width: 450px) 100vw, 450px\" \/><\/div>\n\t\t<\/figure>\n\t<\/div>\n<\/div><\/div><\/div><\/div>\n<\/div>","protected":false},"excerpt":{"rendered":"Die Anfertigung eines Primizgewandes ist ein besonderer Prozess. Die Anfertigung kann nach Vorlagen, eigenen Entw\u00fcrfen bis hin zu K\u00fcnstlerentw\u00fcrfen umgesetzt werden. Der Individualit\u00e4t sind kaum Grenzen gesetzt. Im Laufe unserer Firmengeschichte haben etliche Primizgew\u00e4nder unser Haus verlassen. Aus Respekt vor diesen pers\u00f6nlichen Schmuckst\u00fccken unserer Kunden m\u00f6chten wir diese nicht auf unserer Website ver\u00f6ffentlichen. Erfahrungsbericht Als&hellip;","protected":false},"author":2,"featured_media":0,"parent":0,"menu_order":0,"comment_status":"closed","ping_status":"closed","template":"templates\/left-sidebar.php","meta":{"footnotes":""},"class_list":["post-2282","page","type-page","status-publish","hentry","entry","no-media"],"yoast_head":"<!-- This site is optimized with the Yoast SEO plugin v27.4 - https:\/\/yoast.com\/product\/yoast-seo-wordpress\/ -->\n<title>Primizkaseln - Clemens Jansen &amp; Co<\/title>\n<meta name=\"robots\" content=\"index, follow, max-snippet:-1, max-image-preview:large, max-video-preview:-1\" \/>\n<link rel=\"canonical\" href=\"https:\/\/www.paramente.net\/en\/primizkaseln\/\" \/>\n<meta property=\"og:locale\" content=\"en_GB\" \/>\n<meta property=\"og:type\" content=\"article\" \/>\n<meta property=\"og:title\" content=\"Primizkaseln - Clemens Jansen &amp; Co\" \/>\n<meta property=\"og:url\" content=\"https:\/\/www.paramente.net\/en\/primizkaseln\/\" \/>\n<meta property=\"og:site_name\" content=\"Clemens Jansen &amp; Co\" \/>\n<meta property=\"article:modified_time\" content=\"2020-09-29T12:14:54+00:00\" \/>\n<meta name=\"twitter:card\" content=\"summary_large_image\" \/>\n<meta name=\"twitter:label1\" content=\"Estimated reading time\" \/>\n\t<meta name=\"twitter:data1\" content=\"2 minutes\" \/>\n<script type=\"application\/ld+json\" class=\"yoast-schema-graph\">{\"@context\":\"https:\\\/\\\/schema.org\",\"@graph\":[{\"@type\":\"WebPage\",\"@id\":\"https:\\\/\\\/www.paramente.net\\\/primizkaseln\\\/\",\"url\":\"https:\\\/\\\/www.paramente.net\\\/primizkaseln\\\/\",\"name\":\"Primizkaseln - Clemens Jansen &amp; Co\",\"isPartOf\":{\"@id\":\"https:\\\/\\\/www.paramente.net\\\/#website\"},\"datePublished\":\"2018-02-22T16:45:47+00:00\",\"dateModified\":\"2020-09-29T12:14:54+00:00\",\"breadcrumb\":{\"@id\":\"https:\\\/\\\/www.paramente.net\\\/primizkaseln\\\/#breadcrumb\"},\"inLanguage\":\"en-GB\",\"potentialAction\":[{\"@type\":\"ReadAction\",\"target\":[\"https:\\\/\\\/www.paramente.net\\\/primizkaseln\\\/\"]}]},{\"@type\":\"BreadcrumbList\",\"@id\":\"https:\\\/\\\/www.paramente.net\\\/primizkaseln\\\/#breadcrumb\",\"itemListElement\":[{\"@type\":\"ListItem\",\"position\":1,\"name\":\"Startseite\",\"item\":\"https:\\\/\\\/www.paramente.net\\\/\"},{\"@type\":\"ListItem\",\"position\":2,\"name\":\"Primizkaseln\"}]},{\"@type\":\"WebSite\",\"@id\":\"https:\\\/\\\/www.paramente.net\\\/#website\",\"url\":\"https:\\\/\\\/www.paramente.net\\\/\",\"name\":\"Clemens Jansen & Co\",\"description\":\"Hersteller und Lieferant f\u00fcr individuellen Kirchenbedarf\",\"publisher\":{\"@id\":\"https:\\\/\\\/www.paramente.net\\\/#organization\"},\"potentialAction\":[{\"@type\":\"SearchAction\",\"target\":{\"@type\":\"EntryPoint\",\"urlTemplate\":\"https:\\\/\\\/www.paramente.net\\\/?s={search_term_string}\"},\"query-input\":{\"@type\":\"PropertyValueSpecification\",\"valueRequired\":true,\"valueName\":\"search_term_string\"}}],\"inLanguage\":\"en-GB\"},{\"@type\":\"Organization\",\"@id\":\"https:\\\/\\\/www.paramente.net\\\/#organization\",\"name\":\"Clemens Jansen & Co\",\"url\":\"https:\\\/\\\/www.paramente.net\\\/\",\"logo\":{\"@type\":\"ImageObject\",\"inLanguage\":\"en-GB\",\"@id\":\"https:\\\/\\\/www.paramente.net\\\/#\\\/schema\\\/logo\\\/image\\\/\",\"url\":\"https:\\\/\\\/www.paramente.net\\\/wp-content\\\/uploads\\\/2016\\\/11\\\/paramente-logo.png\",\"contentUrl\":\"https:\\\/\\\/www.paramente.net\\\/wp-content\\\/uploads\\\/2016\\\/11\\\/paramente-logo.png\",\"width\":162,\"height\":162,\"caption\":\"Clemens Jansen & Co\"},\"image\":{\"@id\":\"https:\\\/\\\/www.paramente.net\\\/#\\\/schema\\\/logo\\\/image\\\/\"}}]}<\/script>\n<!-- \/ Yoast SEO plugin. -->","yoast_head_json":{"title":"Primizkaseln - Clemens Jansen &amp; Co","robots":{"index":"index","follow":"follow","max-snippet":"max-snippet:-1","max-image-preview":"max-image-preview:large","max-video-preview":"max-video-preview:-1"},"canonical":"https:\/\/www.paramente.net\/en\/primizkaseln\/","og_locale":"en_GB","og_type":"article","og_title":"Primizkaseln - Clemens Jansen &amp; Co","og_url":"https:\/\/www.paramente.net\/en\/primizkaseln\/","og_site_name":"Clemens Jansen &amp; Co","article_modified_time":"2020-09-29T12:14:54+00:00","twitter_card":"summary_large_image","twitter_misc":{"Estimated reading time":"2 minutes"},"schema":{"@context":"https:\/\/schema.org","@graph":[{"@type":"WebPage","@id":"https:\/\/www.paramente.net\/primizkaseln\/","url":"https:\/\/www.paramente.net\/primizkaseln\/","name":"Primizkaseln - Clemens Jansen &amp; Co","isPartOf":{"@id":"https:\/\/www.paramente.net\/#website"},"datePublished":"2018-02-22T16:45:47+00:00","dateModified":"2020-09-29T12:14:54+00:00","breadcrumb":{"@id":"https:\/\/www.paramente.net\/primizkaseln\/#breadcrumb"},"inLanguage":"en-GB","potentialAction":[{"@type":"ReadAction","target":["https:\/\/www.paramente.net\/primizkaseln\/"]}]},{"@type":"BreadcrumbList","@id":"https:\/\/www.paramente.net\/primizkaseln\/#breadcrumb","itemListElement":[{"@type":"ListItem","position":1,"name":"Startseite","item":"https:\/\/www.paramente.net\/"},{"@type":"ListItem","position":2,"name":"Primizkaseln"}]},{"@type":"WebSite","@id":"https:\/\/www.paramente.net\/#website","url":"https:\/\/www.paramente.net\/","name":"Clemens Jansen &amp; Co","description":"Manufacturer and supplier for individual church goods","publisher":{"@id":"https:\/\/www.paramente.net\/#organization"},"potentialAction":[{"@type":"SearchAction","target":{"@type":"EntryPoint","urlTemplate":"https:\/\/www.paramente.net\/?s={search_term_string}"},"query-input":{"@type":"PropertyValueSpecification","valueRequired":true,"valueName":"search_term_string"}}],"inLanguage":"en-GB"},{"@type":"Organization","@id":"https:\/\/www.paramente.net\/#organization","name":"Clemens Jansen &amp; Co","url":"https:\/\/www.paramente.net\/","logo":{"@type":"ImageObject","inLanguage":"en-GB","@id":"https:\/\/www.paramente.net\/#\/schema\/logo\/image\/","url":"https:\/\/www.paramente.net\/wp-content\/uploads\/2016\/11\/paramente-logo.png","contentUrl":"https:\/\/www.paramente.net\/wp-content\/uploads\/2016\/11\/paramente-logo.png","width":162,"height":162,"caption":"Clemens Jansen & Co"},"image":{"@id":"https:\/\/www.paramente.net\/#\/schema\/logo\/image\/"}}]}},"_links":{"self":[{"href":"https:\/\/www.paramente.net\/en\/wp-json\/wp\/v2\/pages\/2282","targetHints":{"allow":["GET"]}}],"collection":[{"href":"https:\/\/www.paramente.net\/en\/wp-json\/wp\/v2\/pages"}],"about":[{"href":"https:\/\/www.paramente.net\/en\/wp-json\/wp\/v2\/types\/page"}],"author":[{"embeddable":true,"href":"https:\/\/www.paramente.net\/en\/wp-json\/wp\/v2\/users\/2"}],"replies":[{"embeddable":true,"href":"https:\/\/www.paramente.net\/en\/wp-json\/wp\/v2\/comments?post=2282"}],"version-history":[{"count":5,"href":"https:\/\/www.paramente.net\/en\/wp-json\/wp\/v2\/pages\/2282\/revisions"}],"predecessor-version":[{"id":3456,"href":"https:\/\/www.paramente.net\/en\/wp-json\/wp\/v2\/pages\/2282\/revisions\/3456"}],"wp:attachment":[{"href":"https:\/\/www.paramente.net\/en\/wp-json\/wp\/v2\/media?parent=2282"}],"curies":[{"name":"wp","href":"https:\/\/api.w.org\/{rel}","templated":true}]}}