{"id":1786,"date":"2016-10-25T03:22:56","date_gmt":"2016-10-25T01:22:56","guid":{"rendered":"http:\/\/neu.paramente.net\/?page_id=1786"},"modified":"2016-11-07T08:42:20","modified_gmt":"2016-11-07T06:42:20","slug":"impressum","status":"publish","type":"page","link":"https:\/\/www.paramente.net\/en\/impressum\/","title":{"rendered":"imprint"},"content":{"rendered":"<h2>According to \u00a7 5 TMG:<\/h2>\n<p>Sebastian Hermanns<br \/>\nClemens Jansen + Co.<br \/>\nSchmiedstrasse 10<br \/>\n52062 Aachen\n<\/p>\n<h2>CONTACT:<\/h2>\n<table>\n<tr>\n<td>Phone:<\/td>\n<td>0241\/32250<\/td>\n<\/tr>\n<tr>\n<td>Fax:<\/td>\n<td>0241\/403673<\/td>\n<\/tr>\n<tr>\n<td>E-mail:<\/td>\n<td>service@paramente.net<\/td>\n<\/tr>\n<\/table>\n<h2>Register entry:<\/h2>\n<p>Registration in the commercial register. <br \/>Register court: Aachen district court <br \/>Register number: HRA312<\/p>\n<h2>Tax ID:<\/h2>\n<p>Sales tax identification number according to \u00a727 a sales tax law:<br \/>\nDE293404117<\/p>\n<\/p>\n<p>Source: <em><a href=\"https:\/\/www.e-recht24.de\/impressum-generator.html\">https:\/\/www.e-recht24.de<\/a><\/em><\/p>\n<h1>Disclaimer of liability<\/h1>\n<p><strong>Liability for content<\/strong><\/p>\n<p>As a service provider, we are responsible for our own content on these pages in accordance with general law in accordance with Section 7, Paragraph 1 of the German Telemedia Act. According to Sections 8 to 10 of the TMG, as a service provider, we are not obliged to monitor third-party information that is transmitted or stored, or to research circumstances that indicate illegal activity. Obligations to remove or block the use of information under general law remain unaffected. Liability in this regard is only possible from the point in time at which we become aware of a specific legal violation. As soon as we become aware of such legal violations, we will remove this content immediately.<\/p>\n<p><strong>Liability for links<\/strong><\/p>\n<p>Our offer contains links to external third party websites, over whose content we have no influence. Therefore, we cannot accept any liability for this third-party content. The respective provider or operator of the pages is always responsible for the content of the linked pages. The linked pages were checked for possible legal violations at the time they were linked. No illegal content was found at the time the link was created. However, permanent monitoring of the content of the linked pages is not reasonable without concrete evidence of a violation of the law. If we become aware of legal violations, we will remove such links immediately.<\/p>\n<p><strong>copyright<\/strong><\/p>\n<p>The content and works on these pages created by the website operator are subject to German copyright law. The reproduction, processing, distribution and any kind of exploitation outside the limits of copyright law require the written consent of the respective author or creator. Downloads and copies of this website are only permitted for private, non-commercial use. Insofar as the content on this site was not created by the operator, the copyrights of third parties are observed. In particular contents of third parties are marked as such. Should you nevertheless become aware of a copyright infringement, we would ask you to notify us accordingly. As soon as we become aware of legal violations, we will remove such content immediately.<\/p><\/p>","protected":false},"excerpt":{"rendered":"<p>Angaben gem\u00e4\u00df \u00a7 5 TMG: Sebastian Hermanns Clemens Jansen + Co. Schmiedstra\u00dfe 10 52062 Aachen Kontakt: Telefon: 0241\/32250 Telefax: 0241\/403673 E-Mail: service@paramente.net Registereintrag: Eintragung im Handelsregister. Registergericht:Amtsgericht Aachen Registernummer: HRA312 Umsatzsteuer-ID: Umsatzsteuer-Identifikationsnummer gem\u00e4\u00df \u00a727 a Umsatzsteuergesetz: DE293404117 Quelle: https:\/\/www.e-recht24.de Haftungsausschluss (Disclaimer) Haftung f\u00fcr Inhalte Als Diensteanbieter sind wir gem\u00e4\u00df \u00a7 7 Abs.1 TMG f\u00fcr eigene&hellip;<\/p>","protected":false},"author":1,"featured_media":0,"parent":0,"menu_order":0,"comment_status":"closed","ping_status":"closed","template":"","meta":{"footnotes":""},"class_list":["post-1786","page","type-page","status-publish","hentry","entry","no-media"],"yoast_head":"<!-- This site is optimized with the Yoast SEO plugin v27.5 - https:\/\/yoast.com\/product\/yoast-seo-wordpress\/ -->\n<title>Impressum - Clemens Jansen &amp; Co<\/title>\n<meta name=\"robots\" content=\"index, follow, max-snippet:-1, max-image-preview:large, max-video-preview:-1\" \/>\n<link rel=\"canonical\" href=\"https:\/\/www.paramente.net\/en\/impressum\/\" \/>\n<meta property=\"og:locale\" content=\"en_GB\" \/>\n<meta property=\"og:type\" content=\"article\" \/>\n<meta property=\"og:title\" content=\"Impressum - Clemens Jansen &amp; Co\" \/>\n<meta property=\"og:description\" content=\"Angaben gem\u00e4\u00df \u00a7 5 TMG: Sebastian Hermanns Clemens Jansen + Co. Schmiedstra\u00dfe 10 52062 Aachen Kontakt: Telefon: 0241\/32250 Telefax: 0241\/403673 E-Mail: service@paramente.net Registereintrag: Eintragung im Handelsregister. Registergericht:Amtsgericht Aachen Registernummer: HRA312 Umsatzsteuer-ID: Umsatzsteuer-Identifikationsnummer gem\u00e4\u00df \u00a727 a Umsatzsteuergesetz: DE293404117 Quelle: https:\/\/www.e-recht24.de Haftungsausschluss (Disclaimer) Haftung f\u00fcr Inhalte Als Diensteanbieter sind wir gem\u00e4\u00df \u00a7 7 Abs.1 TMG f\u00fcr eigene&hellip;\" \/>\n<meta property=\"og:url\" content=\"https:\/\/www.paramente.net\/en\/impressum\/\" \/>\n<meta property=\"og:site_name\" content=\"Clemens Jansen &amp; Co\" \/>\n<meta property=\"article:modified_time\" content=\"2016-11-07T06:42:20+00:00\" \/>\n<meta name=\"twitter:card\" content=\"summary_large_image\" \/>\n<meta name=\"twitter:label1\" content=\"Estimated reading time\" \/>\n\t<meta name=\"twitter:data1\" content=\"2 minutes\" \/>\n<script type=\"application\/ld+json\" class=\"yoast-schema-graph\">{\"@context\":\"https:\\\/\\\/schema.org\",\"@graph\":[{\"@type\":\"WebPage\",\"@id\":\"https:\\\/\\\/www.paramente.net\\\/impressum\\\/\",\"url\":\"https:\\\/\\\/www.paramente.net\\\/impressum\\\/\",\"name\":\"Impressum - Clemens Jansen &amp; Co\",\"isPartOf\":{\"@id\":\"https:\\\/\\\/www.paramente.net\\\/#website\"},\"datePublished\":\"2016-10-25T01:22:56+00:00\",\"dateModified\":\"2016-11-07T06:42:20+00:00\",\"breadcrumb\":{\"@id\":\"https:\\\/\\\/www.paramente.net\\\/impressum\\\/#breadcrumb\"},\"inLanguage\":\"en-GB\",\"potentialAction\":[{\"@type\":\"ReadAction\",\"target\":[\"https:\\\/\\\/www.paramente.net\\\/impressum\\\/\"]}]},{\"@type\":\"BreadcrumbList\",\"@id\":\"https:\\\/\\\/www.paramente.net\\\/impressum\\\/#breadcrumb\",\"itemListElement\":[{\"@type\":\"ListItem\",\"position\":1,\"name\":\"Startseite\",\"item\":\"https:\\\/\\\/www.paramente.net\\\/\"},{\"@type\":\"ListItem\",\"position\":2,\"name\":\"Impressum\"}]},{\"@type\":\"WebSite\",\"@id\":\"https:\\\/\\\/www.paramente.net\\\/#website\",\"url\":\"https:\\\/\\\/www.paramente.net\\\/\",\"name\":\"Clemens Jansen & Co\",\"description\":\"Hersteller und Lieferant f\u00fcr individuellen Kirchenbedarf\",\"publisher\":{\"@id\":\"https:\\\/\\\/www.paramente.net\\\/#organization\"},\"potentialAction\":[{\"@type\":\"SearchAction\",\"target\":{\"@type\":\"EntryPoint\",\"urlTemplate\":\"https:\\\/\\\/www.paramente.net\\\/?s={search_term_string}\"},\"query-input\":{\"@type\":\"PropertyValueSpecification\",\"valueRequired\":true,\"valueName\":\"search_term_string\"}}],\"inLanguage\":\"en-GB\"},{\"@type\":\"Organization\",\"@id\":\"https:\\\/\\\/www.paramente.net\\\/#organization\",\"name\":\"Clemens Jansen & Co\",\"url\":\"https:\\\/\\\/www.paramente.net\\\/\",\"logo\":{\"@type\":\"ImageObject\",\"inLanguage\":\"en-GB\",\"@id\":\"https:\\\/\\\/www.paramente.net\\\/#\\\/schema\\\/logo\\\/image\\\/\",\"url\":\"https:\\\/\\\/www.paramente.net\\\/wp-content\\\/uploads\\\/2016\\\/11\\\/paramente-logo.png\",\"contentUrl\":\"https:\\\/\\\/www.paramente.net\\\/wp-content\\\/uploads\\\/2016\\\/11\\\/paramente-logo.png\",\"width\":162,\"height\":162,\"caption\":\"Clemens Jansen & Co\"},\"image\":{\"@id\":\"https:\\\/\\\/www.paramente.net\\\/#\\\/schema\\\/logo\\\/image\\\/\"}}]}<\/script>\n<!-- \/ Yoast SEO plugin. -->","yoast_head_json":{"title":"Imprint - Clemens Jansen &amp; Co","robots":{"index":"index","follow":"follow","max-snippet":"max-snippet:-1","max-image-preview":"max-image-preview:large","max-video-preview":"max-video-preview:-1"},"canonical":"https:\/\/www.paramente.net\/en\/impressum\/","og_locale":"en_GB","og_type":"article","og_title":"Impressum - Clemens Jansen &amp; Co","og_description":"Angaben gem\u00e4\u00df \u00a7 5 TMG: Sebastian Hermanns Clemens Jansen + Co. Schmiedstra\u00dfe 10 52062 Aachen Kontakt: Telefon: 0241\/32250 Telefax: 0241\/403673 E-Mail: service@paramente.net Registereintrag: Eintragung im Handelsregister. Registergericht:Amtsgericht Aachen Registernummer: HRA312 Umsatzsteuer-ID: Umsatzsteuer-Identifikationsnummer gem\u00e4\u00df \u00a727 a Umsatzsteuergesetz: DE293404117 Quelle: https:\/\/www.e-recht24.de Haftungsausschluss (Disclaimer) Haftung f\u00fcr Inhalte Als Diensteanbieter sind wir gem\u00e4\u00df \u00a7 7 Abs.1 TMG f\u00fcr eigene&hellip;","og_url":"https:\/\/www.paramente.net\/en\/impressum\/","og_site_name":"Clemens Jansen &amp; Co","article_modified_time":"2016-11-07T06:42:20+00:00","twitter_card":"summary_large_image","twitter_misc":{"Estimated reading time":"2 minutes"},"schema":{"@context":"https:\/\/schema.org","@graph":[{"@type":"WebPage","@id":"https:\/\/www.paramente.net\/impressum\/","url":"https:\/\/www.paramente.net\/impressum\/","name":"Imprint - Clemens Jansen &amp; Co","isPartOf":{"@id":"https:\/\/www.paramente.net\/#website"},"datePublished":"2016-10-25T01:22:56+00:00","dateModified":"2016-11-07T06:42:20+00:00","breadcrumb":{"@id":"https:\/\/www.paramente.net\/impressum\/#breadcrumb"},"inLanguage":"en-GB","potentialAction":[{"@type":"ReadAction","target":["https:\/\/www.paramente.net\/impressum\/"]}]},{"@type":"BreadcrumbList","@id":"https:\/\/www.paramente.net\/impressum\/#breadcrumb","itemListElement":[{"@type":"ListItem","position":1,"name":"Startseite","item":"https:\/\/www.paramente.net\/"},{"@type":"ListItem","position":2,"name":"Impressum"}]},{"@type":"WebSite","@id":"https:\/\/www.paramente.net\/#website","url":"https:\/\/www.paramente.net\/","name":"Clemens Jansen &amp; Co","description":"Manufacturer and supplier for individual church goods","publisher":{"@id":"https:\/\/www.paramente.net\/#organization"},"potentialAction":[{"@type":"SearchAction","target":{"@type":"EntryPoint","urlTemplate":"https:\/\/www.paramente.net\/?s={search_term_string}"},"query-input":{"@type":"PropertyValueSpecification","valueRequired":true,"valueName":"search_term_string"}}],"inLanguage":"en-GB"},{"@type":"Organization","@id":"https:\/\/www.paramente.net\/#organization","name":"Clemens Jansen &amp; Co","url":"https:\/\/www.paramente.net\/","logo":{"@type":"ImageObject","inLanguage":"en-GB","@id":"https:\/\/www.paramente.net\/#\/schema\/logo\/image\/","url":"https:\/\/www.paramente.net\/wp-content\/uploads\/2016\/11\/paramente-logo.png","contentUrl":"https:\/\/www.paramente.net\/wp-content\/uploads\/2016\/11\/paramente-logo.png","width":162,"height":162,"caption":"Clemens Jansen & Co"},"image":{"@id":"https:\/\/www.paramente.net\/#\/schema\/logo\/image\/"}}]}},"_links":{"self":[{"href":"https:\/\/www.paramente.net\/en\/wp-json\/wp\/v2\/pages\/1786","targetHints":{"allow":["GET"]}}],"collection":[{"href":"https:\/\/www.paramente.net\/en\/wp-json\/wp\/v2\/pages"}],"about":[{"href":"https:\/\/www.paramente.net\/en\/wp-json\/wp\/v2\/types\/page"}],"author":[{"embeddable":true,"href":"https:\/\/www.paramente.net\/en\/wp-json\/wp\/v2\/users\/1"}],"replies":[{"embeddable":true,"href":"https:\/\/www.paramente.net\/en\/wp-json\/wp\/v2\/comments?post=1786"}],"version-history":[{"count":5,"href":"https:\/\/www.paramente.net\/en\/wp-json\/wp\/v2\/pages\/1786\/revisions"}],"predecessor-version":[{"id":1792,"href":"https:\/\/www.paramente.net\/en\/wp-json\/wp\/v2\/pages\/1786\/revisions\/1792"}],"wp:attachment":[{"href":"https:\/\/www.paramente.net\/en\/wp-json\/wp\/v2\/media?parent=1786"}],"curies":[{"name":"wp","href":"https:\/\/api.w.org\/{rel}","templated":true}]}}